{"id":17,"date":"2025-08-14T01:20:59","date_gmt":"2025-08-14T01:20:59","guid":{"rendered":"https:\/\/green-penguin-944113.hostingersite.com\/?page_id=17"},"modified":"2025-10-24T09:25:54","modified_gmt":"2025-10-24T09:25:54","slug":"faqs","status":"publish","type":"page","link":"https:\/\/crossrim.com\/de\/faqs\/","title":{"rendered":"FAQs"},"content":{"rendered":"<div data-elementor-type=\"wp-page\" data-elementor-id=\"17\" class=\"elementor elementor-17\" data-elementor-post-type=\"page\">\n\t\t\t\t<div class=\"elementor-element elementor-element-0bb65df e-flex e-con-boxed e-con e-parent\" data-id=\"0bb65df\" data-element_type=\"container\" data-e-type=\"container\" data-settings=\"{&quot;background_background&quot;:&quot;classic&quot;}\">\n\t\t\t\t\t<div class=\"e-con-inner\">\n\t\t\t\t<div class=\"elementor-element elementor-element-504b60c elementor-widget elementor-widget-heading\" data-id=\"504b60c\" data-element_type=\"widget\" data-e-type=\"widget\" data-widget_type=\"heading.default\">\n\t\t\t\t\t<h2 class=\"elementor-heading-title elementor-size-default\">H\u00e4ufig gestellte Fragen<\/h2>\t\t\t\t<\/div>\n\t\t\t\t\t<\/div>\n\t\t\t\t<\/div>\n\t\t<div class=\"elementor-element elementor-element-761f580 e-flex e-con-boxed e-con e-parent\" data-id=\"761f580\" data-element_type=\"container\" data-e-type=\"container\">\n\t\t\t\t\t<div class=\"e-con-inner\">\n\t\t\t\t<div class=\"elementor-element elementor-element-0506831 minimog-accordion-style-02 elementor-widget elementor-widget-tm-accordion\" data-id=\"0506831\" data-element_type=\"widget\" data-e-type=\"widget\" data-settings=\"{&quot;active_first_item&quot;:&quot;1&quot;}\" data-widget_type=\"tm-accordion.default\">\n\t\t\t\t<div class=\"elementor-widget-container\">\n\t\t\t\t\t\t\t<div class=\"minimog-accordion minimog-accordion-icon-right\" data-multi-open=\"1\">\n\t\t\t\t\t\t\t<div class=\"accordion-section active\">\n\t\t\t\t\t<div class=\"accordion-header\">\n\t\t\t\t\t\t<div class=\"accordion-title-wrapper\">\n\t\t\t\t\t\t\t<h6 class=\"accordion-title\">Wie sieht der jeweilige Zeitrahmen f\u00fcr Anpassung, Produktion, Versand und Lieferung aus?<\/h6>\t\t\t\t\t\t<\/div>\n\t\t\t\t\t\t\t\t\t\t\t\t\t<div class=\"accordion-icons\">\n\t\t\t\t\t\t\t\t<span\n\t\t\t\t\t\t\t\t\tclass=\"accordion-icon opened-icon\"><i class=\"far fa-angle-down\"><\/i><\/span>\n\t\t\t\t\t\t\t\t<span\n\t\t\t\t\t\t\t\t\tclass=\"accordion-icon closed-icon\"><i class=\"far fa-angle-up\"><\/i><\/span>\n\t\t\t\t\t\t\t<\/div>\n\t\t\t\t\t\t\t\t\t\t\t<\/div>\n\t\t\t\t\t<div class=\"accordion-content\">\n\t\t\t\t\t\t<p>Sowohl unsere Rads\u00e4tze als auch unsere Felgen sind Sonderanfertigungen. Von der Best\u00e4tigung Ihrer Bestellung bis zum Abschluss der Produktion und dem Versand vergehen etwa 20 Tage. Wenn unsere vorr\u00e4tigen Produkte genau mit der Konfiguration Ihrer Bestellung \u00fcbereinstimmen, liefern wir sie innerhalb von 3 Arbeitstagen. Die Lieferzeit variiert je nach Ihrer Lieferadresse: UPS ben\u00f6tigt in der Regel 4-9 Arbeitstage, DPD (Duty-Paid Door-to-Door) in der Regel 15-25 Tage.<\/p>\t\t\t\t\t<\/div>\n\t\t\t\t<\/div>\n\t\t\t\t\t\t\t<div class=\"accordion-section\">\n\t\t\t\t\t<div class=\"accordion-header\">\n\t\t\t\t\t\t<div class=\"accordion-title-wrapper\">\n\t\t\t\t\t\t\t<h6 class=\"accordion-title\">Liefermethoden<\/h6>\t\t\t\t\t\t<\/div>\n\t\t\t\t\t\t\t\t\t\t\t\t\t<div class=\"accordion-icons\">\n\t\t\t\t\t\t\t\t<span\n\t\t\t\t\t\t\t\t\tclass=\"accordion-icon opened-icon\"><i class=\"far fa-angle-down\"><\/i><\/span>\n\t\t\t\t\t\t\t\t<span\n\t\t\t\t\t\t\t\t\tclass=\"accordion-icon closed-icon\"><i class=\"far fa-angle-up\"><\/i><\/span>\n\t\t\t\t\t\t\t<\/div>\n\t\t\t\t\t\t\t\t\t\t\t<\/div>\n\t\t\t\t\t<div class=\"accordion-content\">\n\t\t\t\t\t\t<div class=\"auto-hide-last-sibling-br paragraph-JOTKXA paragraph-element br-paragraph-space\">Wir bieten mindestens eine Versandart an:<\/div><ol class=\"auto-hide-last-sibling-br\"><li>Zustellung \u00fcber Kurierdienste, wie z. B. UPS. Diese Option bietet eine relativ hohe Geschwindigkeit, aber die Empf\u00e4nger m\u00fcssen bei der Zollabfertigung mitarbeiten und Steuern\/Z\u00f6lle zahlen.<\/li><li>F\u00fcr bestimmte Regionen ist eine Zustellung \u00fcber DPD mit vorausbezahlten Steuern\/Verzollung m\u00f6glich, was eine direkte Haus-zu-Haus-Zustellung erm\u00f6glicht.<\/li><\/ol>\t\t\t\t\t<\/div>\n\t\t\t\t<\/div>\n\t\t\t\t\t\t\t<div class=\"accordion-section\">\n\t\t\t\t\t<div class=\"accordion-header\">\n\t\t\t\t\t\t<div class=\"accordion-title-wrapper\">\n\t\t\t\t\t\t\t<h6 class=\"accordion-title\">Zu unserer After-Sales-Politik<\/h6>\t\t\t\t\t\t<\/div>\n\t\t\t\t\t\t\t\t\t\t\t\t\t<div class=\"accordion-icons\">\n\t\t\t\t\t\t\t\t<span\n\t\t\t\t\t\t\t\t\tclass=\"accordion-icon opened-icon\"><i class=\"far fa-angle-down\"><\/i><\/span>\n\t\t\t\t\t\t\t\t<span\n\t\t\t\t\t\t\t\t\tclass=\"accordion-icon closed-icon\"><i class=\"far fa-angle-up\"><\/i><\/span>\n\t\t\t\t\t\t\t<\/div>\n\t\t\t\t\t\t\t\t\t\t\t<\/div>\n\t\t\t\t\t<div class=\"accordion-content\">\n\t\t\t\t\t\t<p>Auf unsere Radsatzprodukte gew\u00e4hren wir eine 3-j\u00e4hrige Garantie. Bitte lesen Sie unser \u201c<a href=\"https:\/\/crossrim.com\/de\/service-policy\/\">Dienstpolitik<\/a>\u201dSeite ausf\u00fchrlich, bevor Sie einen Kauf t\u00e4tigen.<\/p>\t\t\t\t\t<\/div>\n\t\t\t\t<\/div>\n\t\t\t\t\t\t\t<div class=\"accordion-section\">\n\t\t\t\t\t<div class=\"accordion-header\">\n\t\t\t\t\t\t<div class=\"accordion-title-wrapper\">\n\t\t\t\t\t\t\t<h6 class=\"accordion-title\">Wie w\u00e4hle ich einen Radsatz aus, der zu mir passt?<\/h6>\t\t\t\t\t\t<\/div>\n\t\t\t\t\t\t\t\t\t\t\t\t\t<div class=\"accordion-icons\">\n\t\t\t\t\t\t\t\t<span\n\t\t\t\t\t\t\t\t\tclass=\"accordion-icon opened-icon\"><i class=\"far fa-angle-down\"><\/i><\/span>\n\t\t\t\t\t\t\t\t<span\n\t\t\t\t\t\t\t\t\tclass=\"accordion-icon closed-icon\"><i class=\"far fa-angle-up\"><\/i><\/span>\n\t\t\t\t\t\t\t<\/div>\n\t\t\t\t\t\t\t\t\t\t\t<\/div>\n\t\t\t\t\t<div class=\"accordion-content\">\n\t\t\t\t\t\t<p>Kl\u00e4ren Sie zun\u00e4chst Ihren tats\u00e4chlichen Bedarf und Ihr Budget - au\u00dferdem kommt es vor allem auf Ihre pers\u00f6nlichen Vorlieben an. Sie k\u00f6nnen uns \u00fcber verschiedene Kan\u00e4le kontaktieren, und unser Kundendienstteam wird sein Bestes tun, um Sie zu unterst\u00fctzen.<\/p>\t\t\t\t\t<\/div>\n\t\t\t\t<\/div>\n\t\t\t\t\t\t\t<div class=\"accordion-section\">\n\t\t\t\t\t<div class=\"accordion-header\">\n\t\t\t\t\t\t<div class=\"accordion-title-wrapper\">\n\t\t\t\t\t\t\t<h6 class=\"accordion-title\">Wie w\u00e4hlt man zwischen Kohlenstoffspeichen und Stahlspeichen?<\/h6>\t\t\t\t\t\t<\/div>\n\t\t\t\t\t\t\t\t\t\t\t\t\t<div class=\"accordion-icons\">\n\t\t\t\t\t\t\t\t<span\n\t\t\t\t\t\t\t\t\tclass=\"accordion-icon opened-icon\"><i class=\"far fa-angle-down\"><\/i><\/span>\n\t\t\t\t\t\t\t\t<span\n\t\t\t\t\t\t\t\t\tclass=\"accordion-icon closed-icon\"><i class=\"far fa-angle-up\"><\/i><\/span>\n\t\t\t\t\t\t\t<\/div>\n\t\t\t\t\t\t\t\t\t\t\t<\/div>\n\t\t\t\t\t<div class=\"accordion-content\">\n\t\t\t\t\t\t<p>wenn Sie Wert auf Kosteneffizienz und Komfort legen. Weitere Informationen finden Sie in unserem Blog unter \u300a<a href=\"https:\/\/crossrim.com\/de\/carbon-fiber-vs-steel-spokes-a-detailed-comparison-by-crossrim\/\">Kohlefaser vs. Stahlspeichen<\/a>\u300b.<\/p>\t\t\t\t\t<\/div>\n\t\t\t\t<\/div>\n\t\t\t\t\t\t\t<div class=\"accordion-section\">\n\t\t\t\t\t<div class=\"accordion-header\">\n\t\t\t\t\t\t<div class=\"accordion-title-wrapper\">\n\t\t\t\t\t\t\t<h6 class=\"accordion-title\">Wie w\u00e4hlt man die Felgentiefe?<\/h6>\t\t\t\t\t\t<\/div>\n\t\t\t\t\t\t\t\t\t\t\t\t\t<div class=\"accordion-icons\">\n\t\t\t\t\t\t\t\t<span\n\t\t\t\t\t\t\t\t\tclass=\"accordion-icon opened-icon\"><i class=\"far fa-angle-down\"><\/i><\/span>\n\t\t\t\t\t\t\t\t<span\n\t\t\t\t\t\t\t\t\tclass=\"accordion-icon closed-icon\"><i class=\"far fa-angle-up\"><\/i><\/span>\n\t\t\t\t\t\t\t<\/div>\n\t\t\t\t\t\t\t\t\t\t\t<\/div>\n\t\t\t\t\t<div class=\"accordion-content\">\n\t\t\t\t\t\t<p>Ganz allgemein gesprochen: F\u00fcr flache Stra\u00dfen oder wenn Sie auf Aerodynamik Wert legen, w\u00e4hlen Sie eine Felge mit hohem Profil (50 mm und mehr); zum Klettern oder wenn Sie Wert auf geringes Gewicht legen, w\u00e4hlen Sie eine Felge mit niedrigem Profil (unter 35 mm); f\u00fcr alle Stra\u00dfenverh\u00e4ltnisse w\u00e4hlen Sie eine Felge mit mittlerem Profil (40-50 mm).<\/p>\t\t\t\t\t<\/div>\n\t\t\t\t<\/div>\n\t\t\t\t\t\t\t<div class=\"accordion-section\">\n\t\t\t\t\t<div class=\"accordion-header\">\n\t\t\t\t\t\t<div class=\"accordion-title-wrapper\">\n\t\t\t\t\t\t\t<h6 class=\"accordion-title\">Welche Optionen gibt es f\u00fcr das Felgenfinish von CROSSRIM?<\/h6>\t\t\t\t\t\t<\/div>\n\t\t\t\t\t\t\t\t\t\t\t\t\t<div class=\"accordion-icons\">\n\t\t\t\t\t\t\t\t<span\n\t\t\t\t\t\t\t\t\tclass=\"accordion-icon opened-icon\"><i class=\"far fa-angle-down\"><\/i><\/span>\n\t\t\t\t\t\t\t\t<span\n\t\t\t\t\t\t\t\t\tclass=\"accordion-icon closed-icon\"><i class=\"far fa-angle-up\"><\/i><\/span>\n\t\t\t\t\t\t\t<\/div>\n\t\t\t\t\t\t\t\t\t\t\t<\/div>\n\t\t\t\t\t<div class=\"accordion-content\">\n\t\t\t\t\t\t<div class=\"auto-hide-last-sibling-br paragraph-JOTKXA paragraph-element br-paragraph-space\" data-cici-select-uid=\"7edb5c9d-c6c0-43ec-ae8e-059a6781a59d\">Wir empfehlen die UD-Beschichtung, die nicht nur die nat\u00fcrliche Textur der Karbonfaser zur Geltung bringt, sondern auch kein zus\u00e4tzliches Gewicht mit sich bringt und gut zu verschiedenen Stilen passt. Dar\u00fcber hinaus sind Optionen wie 3K, 12K und Marmorstruktur erh\u00e4ltlich, die allerdings einen Aufpreis erfordern.<\/div>\t\t\t\t\t<\/div>\n\t\t\t\t<\/div>\n\t\t\t\t\t<\/div>\n\t\t\t\t\t\t<\/div>\n\t\t\t\t<\/div>\n\t\t\t\t\t<\/div>\n\t\t\t\t<\/div>\n\t\t\t\t<\/div>","protected":false},"excerpt":{"rendered":"<p>Frequently Asked Questions What are the respective timeframes for customization, production, shipment, and delivery? Both our wheel sets and rims are custom-made products. It takes approximately 20 days from the time you confirm your order to the completion of production and shipment. If our in-stock products happen to match the configuration of your order exactly, we will ship them within 3 working days. The delivery time varies depending on your delivery address: UPS typically takes 4-9 working days, and DPD (Duty-Paid Door-to-Door) usually takes 15-25 days. Delivery Methods We provide at least one shipping method: Delivery via courier services, such as UPS. This option offers relatively fast speed, but recipients need to cooperate with customs clearance and pay taxes\/duties. For certain regions, delivery via DPD with prepaid taxes\/duties is available, which enables direct door-to-door delivery. Regarding Our After-Sales Policy Our wheel set products come with a 3-year warranty. Please read our &#8220;Service Policy&#8221; page in detail before making a purchase. How should I choose a wheel set that suits me? First, clarify your actual needs and budget\u2014additionally, personal preference matters most. You can contact us through various channels, and our customer service team will do their best to assist you. How to choose between carbon spokes and steel spokes? if you prioritize cost-effectiveness and comfort. For details, please check our blog titled \u300aCarbon Fiber vs. Steel Spokes\u300b. How to choose the wheel rim depth? Generally speaking: For flat roads or if you pursue aerodynamics, choose a high-profile rim (50mm+); for climbing or if lightweight is a priority, choose a low-profile rim (below 35mm); for all-around road conditions, choose a mid-profile rim (40-50mm). What are the available options for the rim finish of CROSSRIM? We recommend using the UD finish, which not only showcases the natural texture of carbon fiber but also adds no extra weight and matches well with various styles. Additionally, options such as 3K, 12K, and marble texture are available, though they require an additional fee.<\/p>","protected":false},"author":1,"featured_media":0,"parent":0,"menu_order":0,"comment_status":"closed","ping_status":"closed","template":"","meta":{"footnotes":""},"class_list":["post-17","page","type-page","status-publish","hentry","post-no-thumbnail"],"jetpack_sharing_enabled":true,"_links":{"self":[{"href":"https:\/\/crossrim.com\/de\/wp-json\/wp\/v2\/pages\/17","targetHints":{"allow":["GET"]}}],"collection":[{"href":"https:\/\/crossrim.com\/de\/wp-json\/wp\/v2\/pages"}],"about":[{"href":"https:\/\/crossrim.com\/de\/wp-json\/wp\/v2\/types\/page"}],"author":[{"embeddable":true,"href":"https:\/\/crossrim.com\/de\/wp-json\/wp\/v2\/users\/1"}],"replies":[{"embeddable":true,"href":"https:\/\/crossrim.com\/de\/wp-json\/wp\/v2\/comments?post=17"}],"version-history":[{"count":31,"href":"https:\/\/crossrim.com\/de\/wp-json\/wp\/v2\/pages\/17\/revisions"}],"predecessor-version":[{"id":1915,"href":"https:\/\/crossrim.com\/de\/wp-json\/wp\/v2\/pages\/17\/revisions\/1915"}],"wp:attachment":[{"href":"https:\/\/crossrim.com\/de\/wp-json\/wp\/v2\/media?parent=17"}],"curies":[{"name":"wp","href":"https:\/\/api.w.org\/{rel}","templated":true}]}}