{"id":255,"date":"2025-08-18T05:26:53","date_gmt":"2025-08-18T05:26:53","guid":{"rendered":"https:\/\/green-penguin-944113.hostingersite.com\/?page_id=255"},"modified":"2025-10-27T09:25:52","modified_gmt":"2025-10-27T09:25:52","slug":"about-us","status":"publish","type":"page","link":"https:\/\/crossrim.com\/de\/about-us\/","title":{"rendered":"\u00dcber uns"},"content":{"rendered":"<div data-elementor-type=\"wp-page\" data-elementor-id=\"255\" class=\"elementor elementor-255\" data-elementor-post-type=\"page\">\n\t\t\t\t<div class=\"elementor-element elementor-element-ca6a45a e-flex e-con-boxed e-con e-parent\" data-id=\"ca6a45a\" data-element_type=\"container\" data-e-type=\"container\" data-settings=\"{&quot;background_background&quot;:&quot;classic&quot;}\">\n\t\t\t\t\t<div class=\"e-con-inner\">\n\t\t\t\t<div class=\"elementor-element elementor-element-5e78497 elementor-widget elementor-widget-heading\" data-id=\"5e78497\" data-element_type=\"widget\" data-e-type=\"widget\" data-widget_type=\"heading.default\">\n\t\t\t\t\t<h2 class=\"elementor-heading-title elementor-size-default\">\u00dcber uns<\/h2>\t\t\t\t<\/div>\n\t\t\t\t\t<\/div>\n\t\t\t\t<\/div>\n\t\t<div class=\"elementor-element elementor-element-54f34da e-flex e-con-boxed e-con e-parent\" data-id=\"54f34da\" data-element_type=\"container\" data-e-type=\"container\">\n\t\t\t\t\t<div class=\"e-con-inner\">\n\t\t\t\t<div class=\"elementor-element elementor-element-90123e7 elementor-widget elementor-widget-text-editor\" data-id=\"90123e7\" data-element_type=\"widget\" data-e-type=\"widget\" data-widget_type=\"text-editor.default\">\n\t\t\t\t\t\t\t\t\t<div class=\"ace-line\" dir=\"auto\" data-node=\"true\"><span data-leaf=\"true\"><span class=\"lb\">Der Vorg\u00e4nger von CROSSRIM SPORTS war ein Hersteller von Carbonfaser-Felgen mit einem Jahrzehnt an Erfahrung in Design und Produktion. In diesen Jahren haben wir nicht nur technisches Fachwissen angesammelt - wir haben auch ein tiefes Verst\u00e4ndnis daf\u00fcr entwickelt, was Radfahrer wirklich von ihrer Ausr\u00fcstung brauchen, vom Gef\u00fchl einer Felge auf langen Fahrten bis hin zur Haltbarkeit, die f\u00fcr den t\u00e4glichen Gebrauch erforderlich ist.<\/span><\/span><\/div><div class=\"ace-line\" dir=\"auto\" data-node=\"true\"><span data-leaf=\"true\"><span class=\"lb\"><br><\/span><\/span><\/div>\n<p><\/p>\n<div class=\"ace-line\" dir=\"auto\" data-node=\"true\"><span data-leaf=\"true\"><span class=\"lb\">Unsere Gr\u00fcnder glaubten, dass die Beherrschung von Industriedesign und Fertigung allein nicht ausreicht, um gro\u00dfartige Fahrradprodukte zu entwickeln. So wurde das Radfahren zu einem unverzichtbaren Teil unserer w\u00f6chentlichen Routine: Gruppenfahrten am Wochenende in unterschiedlichem Gel\u00e4nde, t\u00e4gliche Pendelfahrten, um die Leistung in der Praxis zu testen, und sogar gelegentliche Fahrten, um zu verbessern, wie unsere R\u00e4der mit jeder kleinen Unebenheit umgehen. Dies war nicht nur \u201cForschung\u201d - es war die Art und Weise, wie wir unserem Herstellungsprozess Seele einhauchen und sicherstellen, dass sich jedes Produkt, das wir herstellen, so anf\u00fchlt, als w\u00e4re es gebaut worden. <\/span><\/span><span data-leaf=\"true\"><span class=\"lb\">f\u00fcr Radfahrer, von Radfahrern<\/span><\/span><span data-leaf=\"true\"><span class=\"lb\">.<\/span><\/span><\/div>\n<div class=\"ace-line\" dir=\"auto\" data-node=\"true\"><span data-leaf=\"true\"><span class=\"lb\">Seit Jahren vertreten wir eine einfache \u00dcberzeugung: Radfahren sollte kein Sport sein, der der Elite vorbehalten ist. Aber Hochleistungs-Laufrads\u00e4tze aus Kohlefaser waren lange Zeit f\u00fcr den durchschnittlichen Radfahrer unerreichbar - zur\u00fcckgehalten durch himmelhohe Preise f\u00fcr Premium-Carbon-Materialien, hohe Kosten f\u00fcr Forschung und Entwicklung und \u00fcberh\u00f6hte Markenaufschl\u00e4ge, die wenig zur tats\u00e4chlichen Leistung beitragen.<\/span><\/span><\/div>\n<div class=\"ace-line\" dir=\"auto\" data-node=\"true\"><span data-leaf=\"true\"><span class=\"lb\">&nbsp;<\/span><\/span><\/div>\n<div class=\"ace-line\" dir=\"auto\" data-node=\"true\">&nbsp;<\/div>\n<div class=\"ace-line\" dir=\"auto\" data-node=\"true\"><span data-leaf=\"true\"><span class=\"lb\">Als dann die Technologie f\u00fcr Kohlefasermaterialien fortschritt und die Branche reifer wurde, sahen wir eine M\u00f6glichkeit, dies zu \u00e4ndern. Das war die Geburtsstunde von CROSSRIM. Wir haben es uns zur Aufgabe gemacht, die neuesten technischen Trends zu nutzen - von optimierten Carbon-Layup-Techniken bis hin zu leichten und dennoch stabilen Komponentendesigns -, um leistungsstarke Carbonfaser-Laufrads\u00e4tze herzustellen, die sich jeder leisten kann. Denn am Ende des Tages wollen wir Ihnen helfen, das zu erreichen, was am wichtigsten ist: <\/span><\/span><span data-leaf=\"true\"><span class=\"lb\">Fahrradfreiheit<\/span><\/span><span data-leaf=\"true\"><span class=\"lb\">.<\/span><\/span><\/div>\t\t\t\t\t\t\t\t<\/div>\n\t\t\t\t\t<\/div>\n\t\t\t\t<\/div>\n\t\t<div class=\"elementor-element elementor-element-bc1d195 e-flex e-con-boxed e-con e-parent\" data-id=\"bc1d195\" data-element_type=\"container\" data-e-type=\"container\">\n\t\t\t\t\t<div class=\"e-con-inner\">\n\t\t<div class=\"elementor-element elementor-element-931712d e-con-full e-flex e-con e-child\" data-id=\"931712d\" data-element_type=\"container\" data-e-type=\"container\">\n\t\t\t\t<div class=\"elementor-element elementor-element-2ee1dc0 elementor-widget elementor-widget-heading\" data-id=\"2ee1dc0\" data-element_type=\"widget\" data-e-type=\"widget\" data-widget_type=\"heading.default\">\n\t\t\t\t\t<h4 class=\"elementor-heading-title elementor-size-default\">Hochwertige R\u00e4der entstehen aus hochwertiger Kohlefaser.<\/h4>\t\t\t\t<\/div>\n\t\t\t\t<div class=\"elementor-element elementor-element-08db956 elementor-widget elementor-widget-text-editor\" data-id=\"08db956\" data-element_type=\"widget\" data-e-type=\"widget\" data-widget_type=\"text-editor.default\">\n\t\t\t\t\t\t\t\t\t<div class=\"auto-hide-last-sibling-br paragraph-JOTKXA paragraph-element br-paragraph-space\">Alle Laufrads\u00e4tze von CROSSRIM sind aus Toray-Carbonfaser gefertigt.<\/div>\t\t\t\t\t\t\t\t<\/div>\n\t\t\t\t<\/div>\n\t\t<div class=\"elementor-element elementor-element-2ccef01 e-con-full e-flex e-con e-child\" data-id=\"2ccef01\" data-element_type=\"container\" data-e-type=\"container\">\n\t\t\t\t<div class=\"elementor-element elementor-element-83eb492 elementor-widget elementor-widget-image\" data-id=\"83eb492\" data-element_type=\"widget\" data-e-type=\"widget\" data-widget_type=\"image.default\">\n\t\t\t\t\t\t\t\t\t\t\t\t\t\t\t<img decoding=\"async\" src=\"https:\/\/green-penguin-944113.hostingersite.com\/wp-content\/uploads\/2025\/08\/b3c9d3e79c3a97ec7d5f584add489691.jpg\" title=\"Kohlenstofffaser-Filament\" alt=\"Carbon fiber filament\" loading=\"lazy\" \/>\t\t\t\t\t\t\t\t\t\t\t\t\t\t\t<\/div>\n\t\t\t\t<\/div>\n\t\t\t\t\t<\/div>\n\t\t\t\t<\/div>\n\t\t<div class=\"elementor-element elementor-element-695caf8 e-flex e-con-boxed e-con e-parent\" data-id=\"695caf8\" data-element_type=\"container\" data-e-type=\"container\">\n\t\t\t\t\t<div class=\"e-con-inner\">\n\t\t<div class=\"elementor-element elementor-element-4eda9fc e-con-full e-flex e-con e-child\" data-id=\"4eda9fc\" data-element_type=\"container\" data-e-type=\"container\">\n\t\t\t\t<div class=\"elementor-element elementor-element-6c20549 elementor-widget elementor-widget-heading\" data-id=\"6c20549\" data-element_type=\"widget\" data-e-type=\"widget\" data-widget_type=\"heading.default\">\n\t\t\t\t\t<h4 class=\"elementor-heading-title elementor-size-default\">Eine stabile Qualit\u00e4tskontrolle ergibt sich aus standardisierten Systemen und einem durchg\u00e4ngigen Kettenmanagement.\n<\/h4>\t\t\t\t<\/div>\n\t\t\t\t<div class=\"elementor-element elementor-element-47d882c elementor-widget elementor-widget-text-editor\" data-id=\"47d882c\" data-element_type=\"widget\" data-e-type=\"widget\" data-widget_type=\"text-editor.default\">\n\t\t\t\t\t\t\t\t\t<div class=\"auto-hide-last-sibling-br paragraph-JOTKXA paragraph-element br-paragraph-space\"><div class=\"auto-hide-last-sibling-br paragraph-JOTKXA paragraph-element br-paragraph-space\">Von der Qualifizierung der Kohlenstofffaser-Rohstoffe \u00fcber die Standardisierung der Produktionsprozesse bis hin zur Optimierung durch Kundenfeedback st\u00e4rken wir jedes Glied in der Kette. Wir integrieren die Qualit\u00e4tskontrolle in jedes Detail unserer Gesch\u00e4ftsabl\u00e4ufe, um eine gleichbleibende Qualit\u00e4t in der Massenproduktion und langfristige Leistungsstabilit\u00e4t zu maximieren.<\/div><div class=\"container-utlnW2 md-box-line-break wrapper-d0Cc1k undefined\">\u00a0<\/div><\/div>\t\t\t\t\t\t\t\t<\/div>\n\t\t\t\t<\/div>\n\t\t<div class=\"elementor-element elementor-element-3790d03 e-con-full e-flex e-con e-child\" data-id=\"3790d03\" data-element_type=\"container\" data-e-type=\"container\">\n\t\t\t\t<div class=\"elementor-element elementor-element-cec40d7 elementor-widget elementor-widget-image\" data-id=\"cec40d7\" data-element_type=\"widget\" data-e-type=\"widget\" data-widget_type=\"image.default\">\n\t\t\t\t\t\t\t\t\t\t\t\t\t\t\t<img decoding=\"async\" src=\"https:\/\/green-penguin-944113.hostingersite.com\/wp-content\/uploads\/2025\/08\/ASDASDASD-A1.jpg\" title=\"ASDASDASD A(1)\" alt=\"ASDASDASD A(1)\" loading=\"lazy\" \/>\t\t\t\t\t\t\t\t\t\t\t\t\t\t\t<\/div>\n\t\t\t\t<\/div>\n\t\t\t\t\t<\/div>\n\t\t\t\t<\/div>\n\t\t<div class=\"elementor-element elementor-element-e1d45ec e-flex e-con-boxed e-con e-parent\" data-id=\"e1d45ec\" data-element_type=\"container\" data-e-type=\"container\">\n\t\t\t\t\t<div class=\"e-con-inner\">\n\t\t<div class=\"elementor-element elementor-element-ae6b6a4 e-con-full e-flex e-con e-child\" data-id=\"ae6b6a4\" data-element_type=\"container\" data-e-type=\"container\">\n\t\t\t\t<div class=\"elementor-element elementor-element-a20e8bd elementor-widget elementor-widget-heading\" data-id=\"a20e8bd\" data-element_type=\"widget\" data-e-type=\"widget\" data-widget_type=\"heading.default\">\n\t\t\t\t\t<h4 class=\"elementor-heading-title elementor-size-default\">Die hohe Haltbarkeit ergibt sich aus Tests, die weit \u00fcber die Industriestandards hinausgehen.\n<\/h4>\t\t\t\t<\/div>\n\t\t\t\t<div class=\"elementor-element elementor-element-a5442d5 elementor-widget elementor-widget-text-editor\" data-id=\"a5442d5\" data-element_type=\"widget\" data-e-type=\"widget\" data-widget_type=\"text-editor.default\">\n\t\t\t\t\t\t\t\t\t<div class=\"auto-hide-last-sibling-br paragraph-JOTKXA paragraph-element br-paragraph-space\">Der Grund, warum CROSSRIM-Produkte eine langfristige, stabile und hohe Lebensdauer erreichen, ist, dass sie in der Forschungs- und Entwicklungsphase strengeren und umfassenderen Tests und Validierungen unterzogen werden, als es die allgemeinen Anforderungen der Industrie vorsehen, und dass sie mehrere Kontrollrunden durchlaufen, bevor sie das Werk verlassen.<\/div><div class=\"container-utlnW2 md-box-line-break wrapper-d0Cc1k undefined\">\u00a0<\/div>\t\t\t\t\t\t\t\t<\/div>\n\t\t\t\t<\/div>\n\t\t<div class=\"elementor-element elementor-element-c87eb39 e-con-full e-flex e-con e-child\" data-id=\"c87eb39\" data-element_type=\"container\" data-e-type=\"container\">\n\t\t\t\t<div class=\"elementor-element elementor-element-2f643a8 elementor-widget elementor-widget-image\" data-id=\"2f643a8\" data-element_type=\"widget\" data-e-type=\"widget\" data-widget_type=\"image.default\">\n\t\t\t\t\t\t\t\t\t\t\t\t\t\t\t<img decoding=\"async\" src=\"https:\/\/green-penguin-944113.hostingersite.com\/wp-content\/uploads\/2025\/08\/7fade07d0cc9f461e4147c1d42fb47121.jpg\" title=\"7fade07d0cc9f461e4147c1d42fb4712(1)\" alt=\"7fade07d0cc9f461e4147c1d42fb4712(1)\" loading=\"lazy\" \/>\t\t\t\t\t\t\t\t\t\t\t\t\t\t\t<\/div>\n\t\t\t\t<\/div>\n\t\t\t\t\t<\/div>\n\t\t\t\t<\/div>\n\t\t<div class=\"elementor-element elementor-element-2a40ff6 e-flex e-con-boxed e-con e-parent\" data-id=\"2a40ff6\" data-element_type=\"container\" data-e-type=\"container\">\n\t\t\t\t\t<div class=\"e-con-inner\">\n\t\t<div class=\"elementor-element elementor-element-0a138d5 e-con-full e-flex e-con e-child\" data-id=\"0a138d5\" data-element_type=\"container\" data-e-type=\"container\">\n\t\t\t\t<div class=\"elementor-element elementor-element-19e7ec7 elementor-widget elementor-widget-heading\" data-id=\"19e7ec7\" data-element_type=\"widget\" data-e-type=\"widget\" data-widget_type=\"heading.default\">\n\t\t\t\t\t<h4 class=\"elementor-heading-title elementor-size-default\">Qualitativ hochwertige, nutzerzentrierte Dienstleistungen.\n<\/h4>\t\t\t\t<\/div>\n\t\t\t\t<div class=\"elementor-element elementor-element-ae03cf7 elementor-widget elementor-widget-text-editor\" data-id=\"ae03cf7\" data-element_type=\"widget\" data-e-type=\"widget\" data-widget_type=\"text-editor.default\">\n\t\t\t\t\t\t\t\t\t<div class=\"auto-hide-last-sibling-br paragraph-JOTKXA paragraph-element br-paragraph-space\"><div class=\"auto-hide-last-sibling-br paragraph-JOTKXA paragraph-element br-paragraph-space\">Der beste Kundendienst besteht darin, Probleme nach dem Verkauf gar nicht erst entstehen zu lassen. Wir haben unser Herz daran geh\u00e4ngt, R\u00e4der zu entwickeln, die sicher, langlebig und sorgenfrei sind. Sollten doch einmal Probleme auftreten, sch\u00fctzt unsere 3-Jahres-Garantie Ihre Rechte und sorgt f\u00fcr Ihren Seelenfrieden. Wir sorgen daf\u00fcr, dass Sie mit Vertrauen kaufen und mit garantiertem Support fahren k\u00f6nnen.<\/div><div class=\"container-utlnW2 md-box-line-break wrapper-d0Cc1k undefined\">\u00a0<\/div><\/div>\t\t\t\t\t\t\t\t<\/div>\n\t\t\t\t<\/div>\n\t\t<div class=\"elementor-element elementor-element-ef839cb e-con-full e-flex e-con e-child\" data-id=\"ef839cb\" data-element_type=\"container\" data-e-type=\"container\">\n\t\t\t\t<div class=\"elementor-element elementor-element-e9f88f5 elementor-widget elementor-widget-image\" data-id=\"e9f88f5\" data-element_type=\"widget\" data-e-type=\"widget\" data-widget_type=\"image.default\">\n\t\t\t\t\t\t\t\t\t\t\t\t\t\t\t<img decoding=\"async\" src=\"https:\/\/green-penguin-944113.hostingersite.com\/wp-content\/uploads\/2025\/08\/b20630b851a769bbeb22b260095c8edf1.jpg\" title=\"b20630b851a769bbeb22b260095c8edf(1)\" alt=\"b20630b851a769bbeb22b260095c8edf(1)\" loading=\"lazy\" \/>\t\t\t\t\t\t\t\t\t\t\t\t\t\t\t<\/div>\n\t\t\t\t<\/div>\n\t\t\t\t\t<\/div>\n\t\t\t\t<\/div>\n\t\t<div class=\"elementor-element elementor-element-8ab05fc e-flex e-con-boxed e-con e-parent\" data-id=\"8ab05fc\" data-element_type=\"container\" data-e-type=\"container\">\n\t\t\t\t\t<div class=\"e-con-inner\">\n\t\t\t\t<div class=\"elementor-element elementor-element-3fbdb1b fluentform-widget-submit-button-custom elementor-widget elementor-widget-fluent-form-widget\" data-id=\"3fbdb1b\" data-element_type=\"widget\" data-e-type=\"widget\" data-widget_type=\"fluent-form-widget.default\">\n\t\t\t\t<div class=\"elementor-widget-container\">\n\t\t\t\t\t\n            <div class=\"fluentform-widget-wrapper fluentform-widget-align-default\">\n\n            \n            <div class='fluentform ff-default fluentform_wrapper_2 ffs_default_wrap'><form data-form_id=\"2\" id=\"fluentform_2\" class=\"frm-fluent-form fluent_form_2 ff-el-form-top ff_form_instance_2_1 ff-form-loading ffs_default\" data-form_instance=\"ff_form_instance_2_1\" method=\"POST\" action=\"\" ><fieldset  style=\"border: none!important;margin: 0!important;padding: 0!important;background-color: transparent!important;box-shadow: none!important;outline: none!important; min-inline-size: 100%;\">\n                    <legend class=\"ff_screen_reader_title\" style=\"display: block; margin: 0!important;padding: 0!important;height: 0!important;text-indent: -999999px;width: 0!important;overflow:hidden;\">Abonnement-Formular<\/legend><input type='hidden' name='__fluent_form_embded_post_id' value='255' \/><input type=\"hidden\" id=\"_fluentform_2_fluentformnonce\" name=\"_fluentform_2_fluentformnonce\" value=\"1320538012\" \/><input type=\"hidden\" name=\"_wp_http_referer\" value=\"\/de\/wp-json\/wp\/v2\/pages\/255\" \/><div data-name=\"ff_cn_id_1\"  class='ff-t-container ff-column-container ff_columns_total_2'><div class='ff-t-cell ff-t-column-1' style='flex-basis: 31.38%;'><div class='ff-el-group'><div class=\"ff-el-input--label ff-el-is-required asterisk-right\"><label for='ff_2_email' id='label_ff_2_email' aria-label=\"E-Mail Adresse\">E-Mail Adresse<\/label><\/div><div class='ff-el-input--content'><input type=\"email\" name=\"email\" id=\"ff_2_email\" class=\"ff-el-form-control\" placeholder=\"Ihre E-Mail Adresse\" data-name=\"email\"  aria-invalid=\"false\" aria-required=\"true\"><\/div><\/div><\/div><div class='ff-t-cell ff-t-column-2' style='flex-basis: 68.62%;'><div class='ff-el-group'><div class=\"ff-el-input--label ff-el-is-required asterisk-right\"><label for='ff_2_input_text' id='label_ff_2_input_text' aria-label=\"Massage\">Massage<\/label><\/div><div class='ff-el-input--content'><input type=\"text\" name=\"input_text\" class=\"ff-el-form-control\" placeholder=\"Massage\" data-name=\"input_text\" id=\"ff_2_input_text\"  aria-invalid=\"false\" aria-required=\"true\"><\/div><\/div><\/div><\/div><div class='ff-el-group ff-text-left ff_submit_btn_wrapper ff_submit_btn_wrapper_custom'><button class=\"ff-btn ff-btn-submit ff-btn-md ff_btn_style wpf_has_custom_css\" type=\"submit\" name=\"custom_submit_button-2_1\" data-name=\"custom_submit_button-2_1\"  aria-label=\"Abonnieren\">Abonnieren<\/button><style>form.fluent_form_2 .wpf_has_custom_css.ff-btn-submit { background-color:#1a7efb;border-color:#1a7efb;color:#ffffff;min-width:100%; }form.fluent_form_2 .wpf_has_custom_css.ff-btn-submit:hover { background-color:#ffffff;border-color:#1a7efb;color:#1a7efb;min-width:100%; } <\/style><\/div><\/fieldset><input type=\"hidden\" name=\"trp-form-language\" value=\"de\"\/><\/form><div id='fluentform_2_errors' class='ff-errors-in-stack ff_form_instance_2_1 ff-form-loading_errors ff_form_instance_2_1_errors'><\/div><\/div>            <script type=\"text\/javascript\">\n                window.fluent_form_ff_form_instance_2_1 = {\"id\":\"2\",\"ajaxUrl\":\"https:\\\/\\\/crossrim.com\\\/wp-admin\\\/admin-ajax.php\",\"settings\":{\"layout\":{\"labelPlacement\":\"top\",\"helpMessagePlacement\":\"with_label\",\"errorMessagePlacement\":\"inline\",\"asteriskPlacement\":\"asterisk-right\"},\"restrictions\":{\"denyEmptySubmission\":{\"enabled\":false}}},\"form_instance\":\"ff_form_instance_2_1\",\"form_id_selector\":\"fluentform_2\",\"rules\":{\"email\":{\"required\":{\"value\":true,\"message\":\"This field is required\",\"global\":false,\"global_message\":\"\\u8fd9\\u662f\\u5fc5\\u586b\\u680f\"},\"email\":{\"value\":true,\"message\":\"This field must contain a valid email\",\"global\":false,\"global_message\":\"\\u6b64\\u5b57\\u6bb5\\u5fc5\\u987b\\u5305\\u542b\\u6709\\u6548\\u7684\\u7535\\u5b50\\u90ae\\u7bb1\\u5730\\u5740\"}},\"input_text\":{\"required\":{\"value\":true,\"message\":\"Dieses Feld ist erforderlich\",\"global_message\":\"\\u8fd9\\u662f\\u5fc5\\u586b\\u680f\",\"global\":true}}},\"debounce_time\":300};\n                            <\/script>\n                        <\/div>\n\n            \t\t\t\t<\/div>\n\t\t\t\t<\/div>\n\t\t\t\t\t<\/div>\n\t\t\t\t<\/div>\n\t\t\t\t<\/div>","protected":false},"excerpt":{"rendered":"<p>About Us The predecessor of CROSSRIM SPORTS was a carbon fiber rim manufacturer with a decade of dedicated design and production experience. Over those years, we didn\u2019t just accumulate technical expertise\u2014we honed a deep understanding of what cyclists truly need from their gear, from the feel of a rim on long rides to the durability required for daily use. Our founders believed that mastery of industrial design and manufacturing alone wasn\u2019t enough to create great cycling products. So cycling became a non-negotiable part of our weekly routine: weekend group rides in varying terrain, daily commutes to test real-world performance, and even casual spins to refine how our wheels handle every little bump. This wasn\u2019t just \u201cresearch\u201d\u2014it was how we infuse soul into our manufacturing process, ensuring every product we make feels like it\u2019s built for cyclists, by cyclists. For years, we\u2019ve held a simple belief: cycling shouldn\u2019t be a sport reserved for the elite. But high-performance carbon fiber wheelsets have long been out of reach for the average cyclist\u2014held back by sky-high prices of premium carbon materials, heavy costs of R&amp;D, and inflated brand markups that add little to actual performance. &nbsp; &nbsp; Then, as carbon fiber material technology advanced and the industry matured, we saw an opportunity to change that. That\u2019s when CROSSRIM was born. We\u2019re dedicated to leveraging the latest technical trends\u2014from optimized carbon layup techniques to lightweight yet strong component designs\u2014to craft high-performance carbon fiber wheelsets that everyone can afford. Because at the end of the day, we want to help you achieve what matters most: cycling freedom. High-quality wheels originate from high-quality carbon fiber. All wheelsets of CROSSRIM are made from Toray carbon fiber. Stable quality control stems from standardized systems and end-to-end chain management. From the qualification of carbon fiber raw materials, to the standardization of production processes, and finally to the optimization driven by customer feedback, we strengthen every link in the chain. We integrate quality control into every detail of our business operations, aiming to maximize consistent mass-production quality and long-term performance stability.\u00a0 High durability comes from testing that far exceeds industry standards. The reason CROSSRIM products achieve long-term, stable, and high durability is that they undergo more rigorous and comprehensive testing and validation during the R&amp;D phase than the general industry requirements, and they go through multiple rounds of inspection before leaving the factory.\u00a0 High-quality service\u2014user-centered. The best after-sales service is to prevent after-sales issues from happening in the first place. We put our heart into creating wheels that are safe, durable, and worry-free. If any problems do arise, our 3-year warranty protects your rights and ensures your peace of mind. We make sure you can buy with confidence and ride with guaranteed support.\u00a0 Subscription Form Email AddressMassageSubscribe<\/p>","protected":false},"author":1,"featured_media":0,"parent":0,"menu_order":0,"comment_status":"closed","ping_status":"closed","template":"","meta":{"footnotes":""},"class_list":["post-255","page","type-page","status-publish","hentry","post-no-thumbnail"],"jetpack_sharing_enabled":true,"_links":{"self":[{"href":"https:\/\/crossrim.com\/de\/wp-json\/wp\/v2\/pages\/255","targetHints":{"allow":["GET"]}}],"collection":[{"href":"https:\/\/crossrim.com\/de\/wp-json\/wp\/v2\/pages"}],"about":[{"href":"https:\/\/crossrim.com\/de\/wp-json\/wp\/v2\/types\/page"}],"author":[{"embeddable":true,"href":"https:\/\/crossrim.com\/de\/wp-json\/wp\/v2\/users\/1"}],"replies":[{"embeddable":true,"href":"https:\/\/crossrim.com\/de\/wp-json\/wp\/v2\/comments?post=255"}],"version-history":[{"count":55,"href":"https:\/\/crossrim.com\/de\/wp-json\/wp\/v2\/pages\/255\/revisions"}],"predecessor-version":[{"id":1972,"href":"https:\/\/crossrim.com\/de\/wp-json\/wp\/v2\/pages\/255\/revisions\/1972"}],"wp:attachment":[{"href":"https:\/\/crossrim.com\/de\/wp-json\/wp\/v2\/media?parent=255"}],"curies":[{"name":"wp","href":"https:\/\/api.w.org\/{rel}","templated":true}]}}