{"id":1107,"date":"2025-08-24T03:28:50","date_gmt":"2025-08-24T03:28:50","guid":{"rendered":"https:\/\/crossrim.com\/?post_type=product&#038;p=1107"},"modified":"2025-11-09T00:04:58","modified_gmt":"2025-11-09T00:04:58","slug":"road-bike-rim-outer-width-30mm","status":"publish","type":"product","link":"https:\/\/crossrim.com\/de\/produkt\/road-bike-rim-outer-width-30mm\/","title":{"rendered":"Rennrad-Felgen Au\u00dfenbreite 30mm"},"content":{"rendered":"<h6>Rennrad-Felgen Au\u00dfenbreite 30mm<\/h6>\n<ul>\n<li><strong>Anpassbare Oberfl\u00e4chen<\/strong>: UD, 3K, 12K, Marmorierung oder andere Oberfl\u00e4chen, die Sie bevorzugen. Bitte vergessen Sie nicht, Ihre Anforderungen und Kontaktinformationen bei der Bestellung anzugeben.<\/li>\n<li><strong>Material der Felge<\/strong>: Hergestellt aus Toray T700 + T800 Hochmodul-Kohlefaser.<\/li>\n<li><strong>Optionale Felgentiefen<\/strong>: 30mm - 65mm (mehrere Optionen verf\u00fcgbar).<\/li>\n<li><strong>Kompatibilit\u00e4t der Reifen<\/strong>: Kompatibel mit Tubeless-Reifen und Drahtreifen.<\/li>\n<li><strong>Produktversionen<\/strong>: Im Shop wird nur die leichteste Version gezeigt; es gibt auch schwerere und preisg\u00fcnstigere Versionen. Kontaktieren Sie uns f\u00fcr den Kauf, wenn n\u00f6tig.<\/li>\n<li><strong>Massenanpassung und Verteilung<\/strong>: F\u00fcr kundenspezifische Massenanfertigungen oder Anfragen, ob Sie H\u00e4ndler werden m\u00f6chten, besuchen Sie bitte die OEM-Seite.<\/li>\n<\/ul>\n<p>&nbsp;<\/p>\n<h6>Rennrad-Felgen Tiefe 30mm- 65mm<\/h6>\n<table width=\"2145\">\n<tbody>\n<tr>\n<td width=\"222\">Modell<\/td>\n<td width=\"279\">CR3030<\/td>\n<td width=\"279\">CR3035<\/td>\n<td width=\"279\">CR3040<\/td>\n<td width=\"279\">CRB3040<\/td>\n<td width=\"279\">CR3045<\/td>\n<td width=\"279\">CR3050<\/td>\n<td width=\"249\">CR3065<\/td>\n<\/tr>\n<tr>\n<td width=\"222\">Reifentyp<\/td>\n<td>Tubeless\/Clincher<\/td>\n<td>Tubeless\/Clincher<\/td>\n<td>Tubeless\/Clincher<\/td>\n<td>Tubeless\/Clincher<\/td>\n<td>Tubeless\/Clincher<\/td>\n<td>Tubeless\/Clincher<\/td>\n<td>Tubeless\/Clincher<\/td>\n<\/tr>\n<tr>\n<td width=\"222\">Bremse Typ<\/td>\n<td>Scheibenbremse<\/td>\n<td>Scheibenbremse<\/td>\n<td>Scheibenbremse<\/td>\n<td>Scheibenbremse<\/td>\n<td>Scheibenbremse<\/td>\n<td>Scheibenbremse<\/td>\n<td>Scheibenbremse<\/td>\n<\/tr>\n<tr>\n<td width=\"222\">Eingehakt \/ Hakenlos<\/td>\n<td width=\"279\">Eingehakt \/ Hakenlos<\/td>\n<td width=\"279\">Eingehakt \/ Hakenlos<\/td>\n<td width=\"279\">Eingehakt \/ Hakenlos<\/td>\n<td width=\"279\">Eingehakt \/ Hakenlos<\/td>\n<td width=\"279\">Eingehakt \/ Hakenlos<\/td>\n<td width=\"279\">Eingehakt \/ Hakenlos<\/td>\n<td width=\"249\">Hakenlos<\/td>\n<\/tr>\n<tr>\n<td>Gewicht\/g<\/td>\n<td>330\/345<\/td>\n<td>350\/350<\/td>\n<td>365\/365<\/td>\n<td width=\"279\">365\/390<\/td>\n<td>385\/400<\/td>\n<td>400\/420<\/td>\n<td>500<\/td>\n<\/tr>\n<tr>\n<td>Gr\u00f6\u00dfe<\/td>\n<td>700C<\/td>\n<td>700C<\/td>\n<td>700C<\/td>\n<td>600B<\/td>\n<td>700C<\/td>\n<td>700C<\/td>\n<td>700C<\/td>\n<\/tr>\n<tr>\n<td>Breite<\/td>\n<td>30mm<\/td>\n<td>30mm<\/td>\n<td>30mm<\/td>\n<td>30mm<\/td>\n<td>30mm<\/td>\n<td>30mm<\/td>\n<td>30mm<\/td>\n<\/tr>\n<tr>\n<td>Tiefe<\/td>\n<td>30mm<\/td>\n<td>35mm<\/td>\n<td>40mm<\/td>\n<td>40mm<\/td>\n<td>45 mm<\/td>\n<td>50mm<\/td>\n<td>65mm<\/td>\n<\/tr>\n<\/tbody>\n<\/table>","protected":false},"excerpt":{"rendered":"<p>Road Bike Rims Outer Width 30mm Customizable Finishes: UD, 3K, 12K, marble finish, or other finishes you prefer. Please remember to leave your requirements and contact information when placing an order. Rim Material: Made of Toray T700 + T800 high-modulus carbon fiber. Optional Rim Depths: 30mm &#8211; 65mm (multiple options available). Tire Compatibility: Compatible with both tubeless tires and clincher tires. Product Versions: Only the lightest version is displayed in the store; there are also heavier and more budget-friendly versions. Contact us for purchase if needed. Bulk Customization &amp; Distribution: For bulk customization or inquiries about becoming a distributor, please refer to the OEM page. &nbsp; Road Bike Rims Depth 30mm- 65mm Model CR3030 CR3035 CR3040 CRB3040 CR3045 CR3050 CR3065 Tire Type Tubeless\/Clincher Tubeless\/Clincher Tubeless\/Clincher Tubeless\/Clincher Tubeless\/Clincher Tubeless\/Clincher Tubeless\/Clincher Brake Type Disc Brake Disc Brake Disc Brake Disc Brake Disc Brake Disc Brake Disc Brake Hooked \/ Hookless Hooked\u00a0\/\u00a0Hookless Hooked\u00a0\/\u00a0Hookless Hooked\u00a0\/\u00a0Hookless Hooked\u00a0\/\u00a0Hookless Hooked\u00a0\/\u00a0Hookless Hooked\u00a0\/\u00a0Hookless Hookless Weight\/g 330\/345 350\/350 365\/365 365\/390 385\/400 400\/420 500 Size 700C 700C 700C 600B 700C 700C 700C Width 30mm 30mm 30mm 30mm 30mm 30mm 30mm Depth 30mm 35mm 40mm 40mm 45mm 50mm 65mm<\/p>","protected":false},"featured_media":1757,"comment_status":"open","ping_status":"closed","template":"","meta":[],"product_brand":[],"product_cat":[53],"product_tag":[127],"class_list":{"0":"post-1107","1":"product","2":"type-product","3":"status-publish","4":"has-post-thumbnail","6":"product_cat-outer-width-26mm-road-rim","7":"product_tag-accessories","8":"product_shipping_class-rim","10":"first","11":"onbackorder","12":"shipping-taxable","13":"purchasable","14":"product-type-variable"},"jetpack_sharing_enabled":true,"_links":{"self":[{"href":"https:\/\/crossrim.com\/de\/wp-json\/wp\/v2\/product\/1107","targetHints":{"allow":["GET"]}}],"collection":[{"href":"https:\/\/crossrim.com\/de\/wp-json\/wp\/v2\/product"}],"about":[{"href":"https:\/\/crossrim.com\/de\/wp-json\/wp\/v2\/types\/product"}],"replies":[{"embeddable":true,"href":"https:\/\/crossrim.com\/de\/wp-json\/wp\/v2\/comments?post=1107"}],"wp:featuredmedia":[{"embeddable":true,"href":"https:\/\/crossrim.com\/de\/wp-json\/wp\/v2\/media\/1757"}],"wp:attachment":[{"href":"https:\/\/crossrim.com\/de\/wp-json\/wp\/v2\/media?parent=1107"}],"wp:term":[{"taxonomy":"product_brand","embeddable":true,"href":"https:\/\/crossrim.com\/de\/wp-json\/wp\/v2\/product_brand?post=1107"},{"taxonomy":"product_cat","embeddable":true,"href":"https:\/\/crossrim.com\/de\/wp-json\/wp\/v2\/product_cat?post=1107"},{"taxonomy":"product_tag","embeddable":true,"href":"https:\/\/crossrim.com\/de\/wp-json\/wp\/v2\/product_tag?post=1107"}],"curies":[{"name":"wp","href":"https:\/\/api.w.org\/{rel}","templated":true}]}}