{"id":1136,"date":"2025-08-24T09:37:48","date_gmt":"2025-08-24T09:37:48","guid":{"rendered":"https:\/\/crossrim.com\/?post_type=product&#038;p=1136"},"modified":"2025-11-09T00:04:58","modified_gmt":"2025-11-09T00:04:58","slug":"gravel-all-road-bike-rim-external-width-36mm","status":"publish","type":"product","link":"https:\/\/crossrim.com\/de\/produkt\/gravel-all-road-bike-rim-external-width-36mm\/","title":{"rendered":"Gravel \/ All Road Bike Felgen Au\u00dfenbreite 36mm"},"content":{"rendered":"<h6>Gravel \/ All Road Bike Felgen Au\u00dfenbreite 36mm<\/h6>\n<ul>\n<li><strong>Anpassbare Oberfl\u00e4chen<\/strong>: UD, 3K, 12K, Marmorierung oder andere Oberfl\u00e4chen, die Ihnen vorschweben. Bitte vergessen Sie nicht, Ihre Anforderungen und Kontaktinformationen bei der Bestellung anzugeben.<\/li>\n<li><strong>Material der Felge<\/strong>: Hergestellt aus Toray T700 + T800 Hochmodul-Kohlefaser.<\/li>\n<li><strong>Optionale Felgentiefen<\/strong>25mm - 88mm (mehrere Optionen verf\u00fcgbar).<\/li>\n<li><strong>Optionen f\u00fcr Reifenkompatibilit\u00e4t<\/strong>: Wir bieten Modelle an, die sowohl mit Tubeless- als auch mit Drahtreifen kompatibel sind, sowie Modelle, die f\u00fcr Schlauchreifen ausgelegt sind.<\/li>\n<li><strong>Produktversionen<\/strong>: Im Online-Shop wird nur die leichteste Version angezeigt; es sind auch schwerere und kosteng\u00fcnstigere Versionen erh\u00e4ltlich. Kontaktieren Sie uns f\u00fcr den Kauf, wenn Sie solche Bed\u00fcrfnisse haben.<\/li>\n<li><strong>Massenanpassung und Verteilung<\/strong>: F\u00fcr Anfragen zu kundenspezifischen Massenanfertigungen oder um H\u00e4ndler zu werden, besuchen Sie bitte die OEM-Seite.<\/li>\n<\/ul>\n<p>&nbsp;<\/p>\n<h6>Rennrad Felgen Tiefe 32mm- 52mm<\/h6>\n<table width=\"1089\">\n<tbody>\n<tr>\n<td width=\"252\">Modell<\/td>\n<td width=\"279\">CR3632<\/td>\n<td width=\"279\">CR3642<\/td>\n<td width=\"279\">CR3652<\/td>\n<\/tr>\n<tr>\n<td>Reifentyp<\/td>\n<td>Tubeless\/Clincher<\/td>\n<td>Tubeless\/Clincher<\/td>\n<td>Tubeless\/Clincher<\/td>\n<\/tr>\n<tr>\n<td>Bremse Typ<\/td>\n<td>Scheibenbremse<\/td>\n<td>Scheibenbremse<\/td>\n<td>Scheibenbremse<\/td>\n<\/tr>\n<tr>\n<td width=\"252\">Gewicht\/g<\/td>\n<td>370g<\/td>\n<td>405g<\/td>\n<td>445g<\/td>\n<\/tr>\n<tr>\n<td>Gr\u00f6\u00dfe<\/td>\n<td>700C<\/td>\n<td>700C<\/td>\n<td>700C<\/td>\n<\/tr>\n<tr>\n<td>Breite<\/td>\n<td>36mm<\/td>\n<td>36mm<\/td>\n<td>36mm<\/td>\n<\/tr>\n<tr>\n<td>Tiefe<\/td>\n<td>32mm<\/td>\n<td>42mm<\/td>\n<td>52mm<\/td>\n<\/tr>\n<\/tbody>\n<\/table>","protected":false},"excerpt":{"rendered":"<p>Gravel \/ All Road Bike Rims Outer Width 36mm Customizable Finishes: UD, 3K, 12K, marble finish, or other finishes you have in mind. Please remember to leave your requirements and contact information when placing an order. Rim Material: Constructed from Toray T700 + T800 high-modulus carbon fiber. Optional Rim Depths: 25mm &#8211; 88mm (multiple options available). Tire Compatibility Options: We offer models compatible with both tubeless and clincher tires, as well as models designed for tubular tires. Product Versions: Only the lightest version is displayed in the online store; there are also heavier and more cost-effective versions available. Contact us to purchase if you have such needs. Bulk Customization &amp; Distribution: For bulk customization requests or inquiries about becoming a distributor, please refer to the OEM page. &nbsp; Road Bike Rims Depth 32mm- 52mm Model CR3632 CR3642 CR3652 Tire Type Tubeless\/Clincher Tubeless\/Clincher Tubeless\/Clincher Brake Type Disc Brake Disc Brake Disc Brake Weight\/g 370g 405g 445g Size 700C 700C 700C Width 36mm 36mm 36mm Depth 32mm 42mm 52mm<\/p>","protected":false},"featured_media":1754,"comment_status":"open","ping_status":"closed","template":"","meta":[],"product_brand":[],"product_cat":[57],"product_tag":[127],"class_list":{"0":"post-1136","1":"product","2":"type-product","3":"status-publish","4":"has-post-thumbnail","6":"product_cat-outer-width-36mm-gravel-rim","7":"product_tag-accessories","8":"product_shipping_class-rim","10":"first","11":"onbackorder","12":"shipping-taxable","13":"purchasable","14":"product-type-variable"},"jetpack_sharing_enabled":true,"_links":{"self":[{"href":"https:\/\/crossrim.com\/de\/wp-json\/wp\/v2\/product\/1136","targetHints":{"allow":["GET"]}}],"collection":[{"href":"https:\/\/crossrim.com\/de\/wp-json\/wp\/v2\/product"}],"about":[{"href":"https:\/\/crossrim.com\/de\/wp-json\/wp\/v2\/types\/product"}],"replies":[{"embeddable":true,"href":"https:\/\/crossrim.com\/de\/wp-json\/wp\/v2\/comments?post=1136"}],"wp:featuredmedia":[{"embeddable":true,"href":"https:\/\/crossrim.com\/de\/wp-json\/wp\/v2\/media\/1754"}],"wp:attachment":[{"href":"https:\/\/crossrim.com\/de\/wp-json\/wp\/v2\/media?parent=1136"}],"wp:term":[{"taxonomy":"product_brand","embeddable":true,"href":"https:\/\/crossrim.com\/de\/wp-json\/wp\/v2\/product_brand?post=1136"},{"taxonomy":"product_cat","embeddable":true,"href":"https:\/\/crossrim.com\/de\/wp-json\/wp\/v2\/product_cat?post=1136"},{"taxonomy":"product_tag","embeddable":true,"href":"https:\/\/crossrim.com\/de\/wp-json\/wp\/v2\/product_tag?post=1136"}],"curies":[{"name":"wp","href":"https:\/\/api.w.org\/{rel}","templated":true}]}}