{"id":1158,"date":"2025-08-25T14:22:39","date_gmt":"2025-08-25T14:22:39","guid":{"rendered":"https:\/\/crossrim.com\/?post_type=product&#038;p=1158"},"modified":"2025-11-09T00:04:58","modified_gmt":"2025-11-09T00:04:58","slug":"all-mountain-bike-rim-27-5er-am","status":"publish","type":"product","link":"https:\/\/crossrim.com\/de\/produkt\/all-mountain-bike-rim-27-5er-am\/","title":{"rendered":"MTB (AM) Felgen 27.5ER"},"content":{"rendered":"<h6>All Mountain Bike Felgen 27.5ER<\/h6>\n<ul>\n<li><strong>Anpassung der Oberfl\u00e4chenbeschaffenheit<\/strong>: Zu den verf\u00fcgbaren Optionen geh\u00f6ren UD (unidirektional), 3K, 12K, Marmorierung oder andere von Ihnen gew\u00fcnschte Oberfl\u00e4chen. Bitte geben Sie bei der Bestellung unbedingt Ihre Anforderungen und Kontaktinformationen an.<\/li>\n<li><strong>Material der Felge<\/strong>: Hergestellt aus Toray T700 + T800 Hochmodul-Kohlefaser.<\/li>\n<li><strong>Optionale Felgentiefen<\/strong>: Mehrere Tiefen verf\u00fcgbar, von 25 mm bis 33 mm.<\/li>\n<li><strong>Kompatibilit\u00e4t der Reifen<\/strong>: Kompatibel mit Tubeless-Reifen und Drahtreifen.<\/li>\n<li><strong>Massenanpassung und Verteilung<\/strong>: Bei Bedarf an kundenspezifischen Massenanfertigungen oder bei Anfragen, ob Sie H\u00e4ndler werden m\u00f6chten, gehen Sie bitte auf die OEM-Seite.<\/li>\n<\/ul>\n<p>&nbsp;<\/p>\n<h6>Tiefe der Felgen 25mm- 33mm<\/h6>\n<table style=\"border-collapse: collapse; width: 313.90pt;\" border=\"0\" width=\"837\" cellspacing=\"0\" cellpadding=\"0\">\n<tbody>\n<tr style=\"height: 15.75pt;\">\n<td class=\"et3\" style=\"height: 15.75pt; width: 104.65pt;\" width=\"279\" height=\"42\">Modell<\/td>\n<td class=\"et4\" style=\"width: 104.65pt;\" width=\"279\">CM3325<\/td>\n<td class=\"et5\" style=\"width: 104.65pt;\" width=\"279\">CM4030<\/td>\n<\/tr>\n<tr style=\"height: 15.75pt;\">\n<td class=\"et6\" style=\"height: 15.75pt;\" height=\"42\">Gr\u00f6\u00dfe<\/td>\n<td class=\"et7\">27,5ER<\/td>\n<td class=\"et8\">27,5ER<\/td>\n<\/tr>\n<tr style=\"height: 15.75pt;\">\n<td class=\"et6\" style=\"height: 15.75pt;\" height=\"42\">Breite<\/td>\n<td class=\"et7\">33mm<\/td>\n<td class=\"et8\">40mm<\/td>\n<\/tr>\n<tr style=\"height: 16.50pt;\">\n<td class=\"et9\" style=\"height: 16.50pt;\" height=\"44\">Tiefe<\/td>\n<td class=\"et10\">25mm<\/td>\n<td class=\"et11\">30mm<\/td>\n<\/tr>\n<tr style=\"height: 14.00pt;\">\n<td class=\"et12\" style=\"height: 14.00pt; width: 104.65pt;\" width=\"279\" height=\"37\">Kompatibilit\u00e4t der Reifentypen<\/td>\n<td class=\"et13\">Tubeless\/Clincher<\/td>\n<td class=\"et14\">Tubeless\/Clincher<\/td>\n<\/tr>\n<tr style=\"height: 14.00pt;\">\n<td class=\"et6\" style=\"height: 14.00pt;\" height=\"37\">Bremse Typ<\/td>\n<td class=\"et7\">Scheibenbremse<\/td>\n<td class=\"et8\">Scheibenbremse<\/td>\n<\/tr>\n<tr style=\"height: 14.00pt;\">\n<td class=\"et15\" style=\"height: 14.00pt;\" height=\"37\">Verwendung<\/td>\n<td class=\"et7\">AM<\/td>\n<td class=\"et7\">AM<\/td>\n<\/tr>\n<tr style=\"height: 14.00pt;\">\n<td class=\"et6\" style=\"height: 14.00pt;\" height=\"37\">Gewicht\/g<\/td>\n<td class=\"et7\">360<\/td>\n<td class=\"et16\" style=\"width: 104.65pt;\" width=\"279\">420<\/td>\n<\/tr>\n<\/tbody>\n<\/table>","protected":false},"excerpt":{"rendered":"<p>All mountain Bike Rims 27.5ER Surface Finish Customization: Available options include UD (Unidirectional), 3K, 12K, marble finish, or other finishes you may specify. Please be sure to provide your requirements and contact information when placing an order. Rim Material: Constructed from Toray T700 + T800 high-modulus carbon fiber. Optional Rim Depths: Multiple depths available, ranging from 25mm to 33mm. Tire Compatibility: Compatible with both tubeless tires and clincher tires. Bulk Customization &amp; Distribution: For bulk customization needs or inquiries about becoming a distributor, please refer to the OEM page. &nbsp; Rims Depth 25mm- 33mm Model CM3325 CM4030 Size 27.5ER 27.5ER Width 33mm 40mm Depth 25mm 30mm Tire Type Compatibility Tubeless\/Clincher Tubeless\/Clincher Brake Type Disc Brake Disc Brake Usage AM AM Weight\/g 360 420<\/p>","protected":false},"featured_media":1748,"comment_status":"open","ping_status":"closed","template":"","meta":[],"product_brand":[],"product_cat":[58],"product_tag":[127],"class_list":{"0":"post-1158","1":"product","2":"type-product","3":"status-publish","4":"has-post-thumbnail","6":"product_cat-27-5er-mtb-rim","7":"product_tag-accessories","8":"product_shipping_class-rim","10":"first","11":"onbackorder","12":"shipping-taxable","13":"purchasable","14":"product-type-variable"},"jetpack_sharing_enabled":true,"_links":{"self":[{"href":"https:\/\/crossrim.com\/de\/wp-json\/wp\/v2\/product\/1158","targetHints":{"allow":["GET"]}}],"collection":[{"href":"https:\/\/crossrim.com\/de\/wp-json\/wp\/v2\/product"}],"about":[{"href":"https:\/\/crossrim.com\/de\/wp-json\/wp\/v2\/types\/product"}],"replies":[{"embeddable":true,"href":"https:\/\/crossrim.com\/de\/wp-json\/wp\/v2\/comments?post=1158"}],"wp:featuredmedia":[{"embeddable":true,"href":"https:\/\/crossrim.com\/de\/wp-json\/wp\/v2\/media\/1748"}],"wp:attachment":[{"href":"https:\/\/crossrim.com\/de\/wp-json\/wp\/v2\/media?parent=1158"}],"wp:term":[{"taxonomy":"product_brand","embeddable":true,"href":"https:\/\/crossrim.com\/de\/wp-json\/wp\/v2\/product_brand?post=1158"},{"taxonomy":"product_cat","embeddable":true,"href":"https:\/\/crossrim.com\/de\/wp-json\/wp\/v2\/product_cat?post=1158"},{"taxonomy":"product_tag","embeddable":true,"href":"https:\/\/crossrim.com\/de\/wp-json\/wp\/v2\/product_tag?post=1158"}],"curies":[{"name":"wp","href":"https:\/\/api.w.org\/{rel}","templated":true}]}}