{"id":1451,"date":"2025-09-04T12:44:06","date_gmt":"2025-09-04T12:44:06","guid":{"rendered":"https:\/\/crossrim.com\/?post_type=product&#038;p=1451"},"modified":"2025-11-09T18:24:09","modified_gmt":"2025-11-09T18:24:09","slug":"%e3%80%90rw-c35%e3%80%91road-bike-carbon-wheelset-1240g%c2%b125g","status":"publish","type":"product","link":"https:\/\/crossrim.com\/de\/produkt\/%e3%80%90rw-c35%e3%80%91road-bike-carbon-wheelset-1240g%c2%b125g\/","title":{"rendered":"\u3010RW-C35\u3011Rennrad Carbon Laufradsatz (1240g\u00b13%)"},"content":{"rendered":"<h6>Riding Wind C35 Serie Carbon Fiber Spoke Disc Brake Laufradsatz<\/h6>\n<ul>\n<li>Die 35-mm-Felgenh\u00f6he sorgt f\u00fcr ein ausgewogenes Verh\u00e4ltnis zwischen Leichtigkeit und Aerodynamik und gew\u00e4hrleistet, dass das Rad bei Anstiegen nicht tr\u00e4ge wird und auf flachen Stra\u00dfen effizient ist. Es ist unempfindlich gegen\u00fcber Seitenwind, was ein stabileres Fahrverhalten erm\u00f6glicht, und bietet eine abgerundete Gesamtleistung, die es f\u00fcr Benutzer geeignet macht, die ein Fahrerlebnis f\u00fcr alle Szenarien suchen.<\/li>\n<li>Die Felgen werden in Handarbeit aus hochwertiger Toray-Carbonfaser gefertigt und haben eine optionale Innenbreite von 21 mm und 24 mm. Sie sind mit verschiedenen Rahmen- und Reifenspezifikationen kompatibel, einschlie\u00dflich Drahtreifen und Tubeless-Reifen.<\/li>\n<\/ul>\n<p><img fetchpriority=\"high\" decoding=\"async\" class=\"alignnone wp-image-1595 size-medium\" src=\"https:\/\/crossrim.com\/wp-content\/uploads\/2025\/08\/29R35C28Z-Model_011-300x300.jpg\" alt=\"\" width=\"300\" height=\"300\" \/><img decoding=\"async\" class=\"alignnone wp-image-1641\" src=\"https:\/\/crossrim.com\/wp-content\/uploads\/2025\/09\/29R35C30Z-Model_011-300x300.jpg\" alt=\"\" width=\"320\" height=\"320\" \/><\/p>\n<ul>\n<li>Die flachen Carbonfaserspeichen mit einer Breite von 5 mm bieten eine bessere Aerodynamik und eine umfassende Optimierung des Gleichgewichts zwischen Leichtgewicht, Steifigkeit und Stabilit\u00e4t, w\u00e4hrend sie gleichzeitig \u00e4sthetisch ansprechend sind. Die Speichennippel sind aus speziellem Edelstahl gefertigt, und jede Speiche (einschlie\u00dflich Nippel) wiegt nur 3,05 g.<\/li>\n<li>Mit 21 Speichen vorne und 24 Speichen hinten und einem 2:1 Einspeichmuster f\u00fcr das Hinterrad verbessert es die Kraftverteilung, optimiert die Fahreffizienz und die Steifigkeit und eignet sich f\u00fcr Fahrten mit hoher Intensit\u00e4t.<\/li>\n<\/ul>\n<p><img decoding=\"async\" class=\"alignnone wp-image-1642 size-large\" src=\"https:\/\/crossrim.com\/wp-content\/uploads\/2025\/09\/carbon-spokes-for-bike-3-1024x484.png\" alt=\"\" width=\"640\" height=\"303\" \/><\/p>\n<ul>\n<li>Die H-WORKS-Nabe, die ausschlie\u00dflich f\u00fcr Carbon-Speichen mit einer Planetenratschenstruktur entwickelt wurde, zeichnet sich durch ein extrem gutes Ansprechverhalten, Langlebigkeit und Leichtg\u00e4ngigkeit aus und eignet sich daher f\u00fcr Fahrszenarien mit hohen Drehzahlen. Sie verf\u00fcgt \u00fcber eine Center-Lock-Scheibenbremsnabe und einen gr\u00f6\u00dferen Flansch, der die Speichenanordnung optimiert und den Laufradsatz steifer, stabiler und haltbarer macht.<\/li>\n<\/ul>\n<figure id=\"attachment_1943\" aria-describedby=\"caption-attachment-1943\" style=\"width: 640px\" class=\"wp-caption alignnone\"><img loading=\"lazy\" decoding=\"async\" class=\"wp-image-1943 size-large\" src=\"https:\/\/crossrim.com\/wp-content\/uploads\/2025\/10\/H-Works-SR360-795x1024.jpg\" alt=\"H-Works- SR360\" width=\"640\" height=\"824\" \/><figcaption id=\"caption-attachment-1943\" class=\"wp-caption-text\">H-Works- SR360<\/figcaption><\/figure>","protected":false},"excerpt":{"rendered":"<p>Riding Wind C35 Series Carbon Fiber Spoke Disc Brake Wheelset The 35mm rim height balances lightweight and aerodynamics, ensuring no sluggishness during climbs and efficiency on flat roads, with compatibility for various road conditions. It has low sensitivity to crosswinds, enabling more stable handling, and features well-rounded overall performance, making it suitable for users seeking an all-scenario riding experience. The rims are handcrafted from high-quality Toray carbon fiber, with optional inner widths of 21mm and 24mm. They are compatible with various frame and tire specifications, including clincher tires and tubeless tires. The 5mm-wide-wide flat carbon fiber spokes offer better aerodynamics, with comprehensive optimization balancing lightweight, rigidity, and stability, while being more aesthetically pleasing. The spoke nipples are made of special stainless steel, and each spoke (including the nipple) weighs only 3.05g. With 21 spokes at the front and 24 at the rear, and a 2:1 lacing pattern for the rear wheel, it enhances force balance, optimizes driving efficiency and rigidity, and is suitable for high-intensity riding. The H-WORKS hub, exclusively designed for carbon spokes with a planetary ratchet structure, boasts advantages of ultra-high responsiveness, durability, and smoothness, making it suitable for high-rotation riding scenarios. It features a center-lock disc brake hub and a larger flange, which optimizes the spoke layout, rendering the wheelset stiffer, more stable, and more durable.<\/p>","protected":false},"featured_media":1879,"comment_status":"open","ping_status":"closed","template":"","meta":[],"product_brand":[],"product_cat":[31],"product_tag":[128],"class_list":{"0":"post-1451","1":"product","2":"type-product","3":"status-publish","4":"has-post-thumbnail","6":"product_cat-31","7":"product_tag-wheels","8":"product_shipping_class-wheelset","10":"first","11":"onbackorder","12":"shipping-taxable","13":"purchasable","14":"product-type-variable"},"jetpack_sharing_enabled":true,"_links":{"self":[{"href":"https:\/\/crossrim.com\/de\/wp-json\/wp\/v2\/product\/1451","targetHints":{"allow":["GET"]}}],"collection":[{"href":"https:\/\/crossrim.com\/de\/wp-json\/wp\/v2\/product"}],"about":[{"href":"https:\/\/crossrim.com\/de\/wp-json\/wp\/v2\/types\/product"}],"replies":[{"embeddable":true,"href":"https:\/\/crossrim.com\/de\/wp-json\/wp\/v2\/comments?post=1451"}],"wp:featuredmedia":[{"embeddable":true,"href":"https:\/\/crossrim.com\/de\/wp-json\/wp\/v2\/media\/1879"}],"wp:attachment":[{"href":"https:\/\/crossrim.com\/de\/wp-json\/wp\/v2\/media?parent=1451"}],"wp:term":[{"taxonomy":"product_brand","embeddable":true,"href":"https:\/\/crossrim.com\/de\/wp-json\/wp\/v2\/product_brand?post=1451"},{"taxonomy":"product_cat","embeddable":true,"href":"https:\/\/crossrim.com\/de\/wp-json\/wp\/v2\/product_cat?post=1451"},{"taxonomy":"product_tag","embeddable":true,"href":"https:\/\/crossrim.com\/de\/wp-json\/wp\/v2\/product_tag?post=1451"}],"curies":[{"name":"wp","href":"https:\/\/api.w.org\/{rel}","templated":true}]}}