{"id":1513,"date":"2025-09-09T03:43:03","date_gmt":"2025-09-09T03:43:03","guid":{"rendered":"https:\/\/crossrim.com\/?post_type=product&#038;p=1513"},"modified":"2025-11-09T00:04:57","modified_gmt":"2025-11-09T00:04:57","slug":"%e3%80%90br-29c%e3%80%91mtb-xc-carbon-spokes-wheelset-29er-asymmetric","status":"publish","type":"product","link":"https:\/\/crossrim.com\/de\/produkt\/%e3%80%90br-29c%e3%80%91mtb-xc-carbon-spokes-wheelset-29er-asymmetric\/","title":{"rendered":"\u3010BR-29c\u3011MTB (XC) Carbon Speichen Laufradsatz 29ER Asymmetrisch (1180g\u00b13%)"},"content":{"rendered":"<h6>Breeze Rise 29c Serie Carbon Fiber Spoke Disc BrakeMountain Bike Cross Country Laufradsatz<\/h6>\n<ul>\n<li>Der 29c Serie Carbon CarbonCross Country Carbonfaser-Laufradsatz ist ein Karbonspeichen-Laufradsatz, der speziell f\u00fcr Berg-Cross-Country-Rennen entwickelt wurde. Sein zentrales Designkonzept konzentriert sich auf Leichtigkeit, Steifigkeit und Reaktionsf\u00e4higkeit, w\u00e4hrend auch ein gewisses Ma\u00df an Sto\u00dffestigkeit ber\u00fccksichtigt wird.<\/li>\n<li>Die Felgen sind aus hochwertiger Toray-Carbonfaser handgefertigt, mit einer Innenbreite von 26 mm und einer Au\u00dfenbreite von 33 mm, was eine hohe Reifenkompatibilit\u00e4t gew\u00e4hrleistet. Das asymmetrische Felgendesign gleicht die Spannung aus und optimiert die Kraftverteilung, was die Stabilit\u00e4t, Steifigkeit, Haltbarkeit und das Handling des Laufradsatzes deutlich verbessert. Dank der Verwendung von hochwertigen Rohstoffen und einer pr\u00e4zisen und wissenschaftlichen Laminierung des Karbongewebes wiegt jede Felge nur 340 g und ist sowohl mit Drahtreifen als auch mit Tubeless-Reifen kompatibel.<\/li>\n<\/ul>\n<p><img fetchpriority=\"high\" decoding=\"async\" class=\"alignnone wp-image-1653 size-medium\" src=\"https:\/\/crossrim.com\/wp-content\/uploads\/2025\/09\/29H25C33P_011-300x200.jpg\" alt=\"\" width=\"300\" height=\"200\" \/><\/p>\n<ul>\n<li>Bei den Speichen handelt es sich um selbst entwickelte 3,8 mm breite Karbonspeichen, die ein ausgewogenes Verh\u00e4ltnis zwischen Gewicht, Steifigkeit und aerodynamischer Leistung bieten. Das Hauptmaterial ist Hochmodul-Kohlefaser, mit speziellem Edelstahl an beiden Enden. Diese Straight-Pull-Speichen erm\u00f6glichen eine direktere Kraft\u00fcbertragung, und die Konfiguration von 24 Speichen f\u00fcr das Vorder- und Hinterrad sorgt f\u00fcr maximale Festigkeit.<\/li>\n<\/ul>\n<p><img decoding=\"async\" class=\"alignnone wp-image-1643 size-large\" src=\"https:\/\/crossrim.com\/wp-content\/uploads\/2025\/09\/carbon-spokes-for-bike-2-1024x473.png\" alt=\"\" width=\"640\" height=\"296\" \/><\/p>\n<ul>\n<li>Ein Hochleistungslaufradsatz erfordert eine robuste Nabe. Die H-WORKS-Nabe, die speziell f\u00fcr Mountainbikes mit Carbonspeichen entwickelt wurde, verf\u00fcgt \u00fcber eine Planetensperrklinkenstruktur. Sie zeichnet sich durch eine extrem hohe Reaktionsf\u00e4higkeit, Langlebigkeit und einen reibungslosen Betrieb aus und eignet sich daher f\u00fcr Fahrszenarien mit hohen Drehzahlen. Ausgestattet mit einer Center-Lock-Scheibenbremsenstruktur und mit ultrapr\u00e4ziser Bearbeitung, ist sie f\u00fcr leichtes Design und Leistung optimiert - sie wiegt nur 330 g pro Paar.<\/li>\n<\/ul>\n<p><img decoding=\"async\" class=\"wp-image-1937 size-large\" src=\"https:\/\/crossrim.com\/wp-content\/uploads\/2025\/10\/H-Works-CM300-770x1024.jpg\" alt=\"H-Works- CM300\" width=\"640\" height=\"851\" \/><\/p>","protected":false},"excerpt":{"rendered":"<p>Breeze Rise 29c Serie Carbon Fiber Spoke Disc BrakeMountain Bike Cross Country Laufradsatz Der 29c Serie Carbon CarbonCross Country Carbon Fiber Laufradsatz ist ein Carbon-Speichen-Laufradsatz, der speziell f\u00fcr Mountain Cross-Country Rennen entwickelt wurde. Sein Designkonzept konzentriert sich auf Leichtigkeit, Steifigkeit und Reaktionsf\u00e4higkeit, wobei auch ein gewisses Ma\u00df an Sto\u00dffestigkeit ber\u00fccksichtigt wird. Die Felgen sind aus hochwertiger Toray-Carbonfaser handgefertigt, mit einer Innenbreite von 26 mm und einer Au\u00dfenbreite von 33 mm, was eine hohe Reifenkompatibilit\u00e4t gew\u00e4hrleistet. Das asymmetrische Felgendesign gleicht die Spannungen aus und optimiert die Kraftverteilung, was die Stabilit\u00e4t, Steifigkeit, Haltbarkeit und das Handling des Laufradsatzes deutlich verbessert. Dank der Verwendung von hochwertigen Rohstoffen und einer pr\u00e4zisen und wissenschaftlichen Laminierung des Karbongewebes wiegt jede Felge nur 340 g und ist sowohl mit Drahtreifen als auch mit Tubeless-Reifen kompatibel. Bei den Speichen handelt es sich um selbst entwickelte 3,8 mm breite Karbonspeichen, die ein Gleichgewicht zwischen Gewicht, Steifigkeit und aerodynamischer Leistung herstellen. Das Hauptmaterial ist Hochmodul-Carbonfaser, mit speziellem Edelstahl an beiden Enden. Diese Straight-Pull-Speichen erm\u00f6glichen eine direktere Kraft\u00fcbertragung, und die Konfiguration von 24 Speichen f\u00fcr Vorder- und Hinterrad sorgt f\u00fcr maximale Festigkeit. Ein Hochleistungslaufradsatz erfordert eine robuste Nabe. Die H-WORKS-Nabe, die speziell f\u00fcr Mountainbikes mit Carbonspeichen entwickelt wurde, verf\u00fcgt \u00fcber eine Planetensperrklinkenstruktur. Sie zeichnet sich durch ein extrem gutes Ansprechverhalten, Langlebigkeit und einen reibungslosen Betrieb aus und eignet sich daher f\u00fcr Fahrten mit hoher Drehzahl. Ausgestattet mit einer Center-Lock-Scheibenbremsenstruktur und mit ultrapr\u00e4ziser Bearbeitung, ist sie f\u00fcr leichtes Design und Leistung optimiert - sie wiegt nur 330 g pro Paar.<\/p>","protected":false},"featured_media":1871,"comment_status":"open","ping_status":"closed","template":"","meta":[],"product_brand":[],"product_cat":[33],"product_tag":[128],"class_list":{"0":"post-1513","1":"product","2":"type-product","3":"status-publish","4":"has-post-thumbnail","6":"product_cat-mtb-wheelset","7":"product_tag-wheels","8":"product_shipping_class-wheelset","10":"first","11":"onbackorder","12":"featured","13":"shipping-taxable","14":"purchasable","15":"product-type-variable"},"jetpack_sharing_enabled":true,"_links":{"self":[{"href":"https:\/\/crossrim.com\/de\/wp-json\/wp\/v2\/product\/1513","targetHints":{"allow":["GET"]}}],"collection":[{"href":"https:\/\/crossrim.com\/de\/wp-json\/wp\/v2\/product"}],"about":[{"href":"https:\/\/crossrim.com\/de\/wp-json\/wp\/v2\/types\/product"}],"replies":[{"embeddable":true,"href":"https:\/\/crossrim.com\/de\/wp-json\/wp\/v2\/comments?post=1513"}],"wp:featuredmedia":[{"embeddable":true,"href":"https:\/\/crossrim.com\/de\/wp-json\/wp\/v2\/media\/1871"}],"wp:attachment":[{"href":"https:\/\/crossrim.com\/de\/wp-json\/wp\/v2\/media?parent=1513"}],"wp:term":[{"taxonomy":"product_brand","embeddable":true,"href":"https:\/\/crossrim.com\/de\/wp-json\/wp\/v2\/product_brand?post=1513"},{"taxonomy":"product_cat","embeddable":true,"href":"https:\/\/crossrim.com\/de\/wp-json\/wp\/v2\/product_cat?post=1513"},{"taxonomy":"product_tag","embeddable":true,"href":"https:\/\/crossrim.com\/de\/wp-json\/wp\/v2\/product_tag?post=1513"}],"curies":[{"name":"wp","href":"https:\/\/api.w.org\/{rel}","templated":true}]}}