{"id":1808,"date":"2025-09-21T17:11:42","date_gmt":"2025-09-21T17:11:42","guid":{"rendered":"https:\/\/crossrim.com\/?post_type=product&#038;p=1808"},"modified":"2026-01-27T08:59:52","modified_gmt":"2026-01-27T08:59:52","slug":"carbon-spoke-wheelset-1050g-road-bike-disc-brake-center-lock-ultra-light-wheelset%e3%80%90rw-aero-40%e3%80%91","status":"publish","type":"product","link":"https:\/\/crossrim.com\/de\/produkt\/carbon-spoke-wheelset-1050g-road-bike-disc-brake-center-lock-ultra-light-wheelset%e3%80%90rw-aero-40%e3%80%91\/","title":{"rendered":"Carbon-Speichen-Laufradsatz (1050g) Rennrad Scheibenbremse Center-lock Ultraleicht-Laufradsatz Felgentiefe: 40mm Innenbreite: 21mm\u3010RW-Aero 40\u3011"},"content":{"rendered":"<h6>Riding Wind Aero Series Ultra-Light Carbon Fiber Spoke Disc Brake Laufradsatz<\/h6>\n<ul>\n<li>Der Laufradsatz der Aero40-Serie ist ein ultraleichter Carbon-Speichen-Laufradsatz, der von CROSSRIM mit dem Fokus auf Leichtigkeit und Allround-Performance entwickelt wurde. Die 40 mm hohe Felge bietet eine au\u00dfergew\u00f6hnliche Allround-Performance, die ein ausgewogenes Verh\u00e4ltnis zwischen Gewicht, Aerodynamik, Steifigkeit und Seitenwindempfindlichkeit bietet. Der Laufradsatz mit 21 mm Innenbreite wiegt nur 1075 g \u00b1 3%, w\u00e4hrend die Version mit 24 mm Innenbreite nur 1125 g \u00b1 3% wiegt. Er bietet ein extrem schnelles Beschleunigungsverhalten und ein hochsensibles Handling, so dass Sie das Gef\u00fchl haben, mit dem Wind zu fahren.<\/li>\n<li>Die Felgen werden in Handarbeit aus hochwertiger Toray-Kohlefaser mit einer Innenbreite von 21 mm hergestellt. Dank hochwertiger Rohstoffe in Kombination mit einer pr\u00e4zisen und wissenschaftlichen Carbonfaser-Laminierung wiegt jede 21 mm breite Felge nur 340 g, w\u00e4hrend die Festigkeitsanforderungen \u00fcber den Industriestandards liegen, wodurch eine bessere Balance zwischen Gewicht, Leistung und Festigkeit erreicht wird. Sie ist mit verschiedenen Rahmen- und Reifenspezifikationen kompatibel, einschlie\u00dflich Drahtreifen und Tubeless-Reifen.<\/li>\n<\/ul>\n<p><img fetchpriority=\"high\" decoding=\"async\" class=\"alignnone size-medium wp-image-1596\" src=\"https:\/\/crossrim.com\/wp-content\/uploads\/2025\/08\/29R40C28Z-Model_011-300x300.jpg\" alt=\"\" width=\"300\" height=\"300\" \/><\/p>\n<ul>\n<li>Bei den Speichen handelt es sich um CROSSING T1 Carbon-Speichen, ultraleichte Carbon-Speichen, die speziell f\u00fcr geringes Gewicht, Steifigkeit und Leistung entwickelt wurden. Jede Speiche wiegt nur 2,15 g, wobei der Hauptk\u00f6rper aus hochmoduliger Kohlefaser und die beiden Enden aus einer Titanlegierung bestehen und eine perfekte Kombination aus modernen Hochleistungsmaterialien bilden.<\/li>\n<li>Mit 20 Speichen vorne und 20 Speichen hinten bietet es ausreichend Leistungsunterst\u00fctzung bei einem ausgewogenen Verh\u00e4ltnis von Gewicht und Steifigkeit.<\/li>\n<\/ul>\n<p><img decoding=\"async\" class=\"alignnone wp-image-1644 size-large\" src=\"https:\/\/crossrim.com\/wp-content\/uploads\/2025\/09\/crossing-carbon-spokes-T1-1024x566.jpg\" alt=\"crossing carbon spokes T1\" width=\"640\" height=\"354\" \/><\/p>\n<ul>\n<li>Die H-WORKS-Nabe wurde exklusiv f\u00fcr Carbon-Speichen entwickelt und verf\u00fcgt \u00fcber eine Planetengetriebe-Struktur. Sie zeichnet sich durch ein extrem gutes Ansprechverhalten, Langlebigkeit und Laufruhe aus und eignet sich daher f\u00fcr Fahrszenarien mit hoher Drehzahl. Sie verf\u00fcgt \u00fcber eine Center-Lock-Scheibenbremsstruktur, wird ultrapr\u00e4zise bearbeitet und ist auf Leichtgewicht und Leistung optimiert - ein Paar wiegt nur 283 g.<\/li>\n<\/ul>\n<figure id=\"attachment_1941\" aria-describedby=\"caption-attachment-1941\" style=\"width: 640px\" class=\"wp-caption alignnone\"><img decoding=\"async\" class=\"wp-image-1941 size-large\" src=\"https:\/\/crossrim.com\/wp-content\/uploads\/2025\/10\/H-Works-SR288A-802x1024.jpg\" alt=\"H-Works- SR288A\" width=\"640\" height=\"817\" \/><figcaption id=\"caption-attachment-1941\" class=\"wp-caption-text\">\u00a0<\/figcaption><\/figure>","protected":false},"excerpt":{"rendered":"<p>Riding Wind Aero Series Ultra-Light Carbon Fiber Spoke Disc Brake Wheelset The Aero40 series wheelset is an ultra-light carbon-spoke wheelset designed by CROSSRIM with a focus on lightweight and all-round performance. The 40mm-tall rim delivers exceptional all-round performance, achieving a fine balance in terms of weight, aerodynamics, rigidity, and crosswind sensitivity. Most notably, the wheelset with a 21mm inner width weighs as little as 1075g \u00b1 3%, while the 24mm inner width version is as light as 1125g \u00b1 3%. It offers extremely quick acceleration response and highly sensitive handling, making you feel like you&#8217;re riding on the wind. The rims are handcrafted from high-quality Toray carbon fiber, with an inner width of 21mm. Thanks to high-grade raw materials combined with precise and scientific carbon cloth lamination, each 21mm inner width rim weighs as little as 340g while maintaining strength requirements higher than industry standards, thus achieving a better balance of weight, performance and strength. It is compatible with various specifications of frames and tires, including clincher tires and tubeless tires. The spokes use CROSSING T1 carbon spokes, which are ultra-light carbon spokes specially designed for lightweight, rigidity and performance. Each spoke weighs only 2.15g, with the main body made of high-modulus carbon fiber and both ends made of titanium alloy, forming a perfect combination of modern high-performance materials. With 20 spokes at the front and 20 at the rear, it provides sufficient performance support while balancing weight and rigidity. The H-WORKS hub, exclusively designed for carbon spokes and featuring a planetary ratchet structure, boasts advantages of ultra-high responsiveness, durability, and smoothness, making it suitable for high-rotation riding scenarios. It adopts a center-lock disc brake structure, undergoes ultra-precision machining, and is optimized for lightweight and performance\u2014with a pair weighing only 283g.<\/p>","protected":false},"featured_media":1741,"comment_status":"open","ping_status":"closed","template":"","meta":[],"product_brand":[],"product_cat":[31,15],"product_tag":[128],"class_list":{"0":"post-1808","1":"product","2":"type-product","3":"status-publish","4":"has-post-thumbnail","6":"product_cat-31","7":"product_cat-sales","8":"product_tag-wheels","9":"product_shipping_class-wheelset","11":"first","12":"instock","13":"sale","14":"featured","15":"shipping-taxable","16":"purchasable","17":"product-type-variable"},"jetpack_sharing_enabled":true,"_links":{"self":[{"href":"https:\/\/crossrim.com\/de\/wp-json\/wp\/v2\/product\/1808","targetHints":{"allow":["GET"]}}],"collection":[{"href":"https:\/\/crossrim.com\/de\/wp-json\/wp\/v2\/product"}],"about":[{"href":"https:\/\/crossrim.com\/de\/wp-json\/wp\/v2\/types\/product"}],"replies":[{"embeddable":true,"href":"https:\/\/crossrim.com\/de\/wp-json\/wp\/v2\/comments?post=1808"}],"wp:featuredmedia":[{"embeddable":true,"href":"https:\/\/crossrim.com\/de\/wp-json\/wp\/v2\/media\/1741"}],"wp:attachment":[{"href":"https:\/\/crossrim.com\/de\/wp-json\/wp\/v2\/media?parent=1808"}],"wp:term":[{"taxonomy":"product_brand","embeddable":true,"href":"https:\/\/crossrim.com\/de\/wp-json\/wp\/v2\/product_brand?post=1808"},{"taxonomy":"product_cat","embeddable":true,"href":"https:\/\/crossrim.com\/de\/wp-json\/wp\/v2\/product_cat?post=1808"},{"taxonomy":"product_tag","embeddable":true,"href":"https:\/\/crossrim.com\/de\/wp-json\/wp\/v2\/product_tag?post=1808"}],"curies":[{"name":"wp","href":"https:\/\/api.w.org\/{rel}","templated":true}]}}