{"id":2074,"date":"2025-11-04T15:59:22","date_gmt":"2025-11-04T15:59:22","guid":{"rendered":"https:\/\/crossrim.com\/?post_type=product&#038;p=2074"},"modified":"2025-11-09T00:04:58","modified_gmt":"2025-11-09T00:04:58","slug":"%e3%80%90rw-pro-55%e3%80%91road-bike-ultra-light-carbon-wheelset%ef%bc%881233g%c2%b13%ef%bc%89","status":"publish","type":"product","link":"https:\/\/crossrim.com\/de\/produkt\/%e3%80%90rw-pro-55%e3%80%91road-bike-ultra-light-carbon-wheelset%ef%bc%881233g%c2%b13%ef%bc%89\/","title":{"rendered":"\u3010RW-Pro 55\u3011Rennrad Ultra-leichter Carbon-Laufradsatz\uff081233g\u00b13%\uff09"},"content":{"rendered":"<h6 class=\"header-vfC6AV auto-hide-last-sibling-br\">Riding Wind Pro Series Ultra-Light Carbon Fiber Spoke Disc Brake Laufradsatz<\/h6>\n<ul>\n<li>Der Laufradsatz der Pro 55-Serie ist ein ultraleichter Carbon-Speichen-Laufradsatz, der von CROSSRIM entwickelt wurde, wobei der Schwerpunkt auf wettbewerbsf\u00e4higer Leistung und leichten Eigenschaften liegt. Er zeichnet sich durch ein verbessertes Design aus, das auf die Antriebseigenschaften des Hinterrads abzielt. Das 2:1-Speichenmuster und das Nabendesign optimieren die Speichenspannung und verbessern die antriebsseitige Steifigkeit, die Pedaleffizienz und die Haltbarkeit.  Die 50 mm hohe Felge bietet eine \u00fcberragende aerodynamische Leistung und eine hohe Fahreffizienz bei gleichzeitig hoher Steifigkeit und Unterst\u00fctzung. Der Laufradsatz mit einer Innenbreite von 21 mm wiegt nur 1233 g \u00b1 3% und eignet sich damit f\u00fcr Stra\u00dfenrennsituationen mit hohen Anforderungen an Leistungseffizienz und Haltbarkeit.<\/li>\n<li>Die Felgen werden aus hochwertiger Toray-Carbonfaser mit einer Innenbreite von 21 mm handgefertigt. Dank der hochwertigen Rohstoffe und der pr\u00e4zisen und wissenschaftlichen Laminierung des Carbongewebes wiegt jede 21 mm breite Felge nur 450 g. Sie sind sowohl mit Drahtreifen als auch mit Tubeless-Reifen kompatibel.<\/li>\n<\/ul>\n<p><img fetchpriority=\"high\" decoding=\"async\" class=\"alignnone size-medium wp-image-1599\" src=\"https:\/\/crossrim.com\/wp-content\/uploads\/2025\/08\/29R55C28Z-Model_011-300x300.jpg\" alt=\"CR2855 road bike rim\" width=\"300\" height=\"300\" \/><\/p>\n<p>&nbsp;<\/p>\n<ul>\n<li>Bei den Speichen handelt es sich um CROSSING T1 Carbon-Speichen, ultraleichte Carbon-Speichen, die speziell f\u00fcr geringes Gewicht, Steifigkeit und Leistung entwickelt wurden. Jede Speiche wiegt nur 2,15 g, wobei der Hauptk\u00f6rper aus hochmoduliger Kohlefaser und die beiden Enden aus einer Titanlegierung bestehen und eine perfekte Kombination aus modernen Hochleistungsmaterialien bilden.<\/li>\n<li>Vorne sind es 20 Speichen, hinten 24. Das Hinterrad ist im Verh\u00e4ltnis 2:1 eingespeicht, was die Haltbarkeit der Antriebsseite erh\u00f6ht, die Steifigkeit des Laufradsatzes sicherstellt und gleichzeitig f\u00fcr Leichtigkeit sorgt.<\/li>\n<\/ul>\n<p><img decoding=\"async\" class=\"alignnone wp-image-1644 size-large\" src=\"https:\/\/crossrim.com\/wp-content\/uploads\/2025\/09\/crossing-carbon-spokes-T1-1024x566.jpg\" alt=\"crossing carbon spokes T1\" width=\"640\" height=\"354\" \/><\/p>\n<ul>\n<li>Die H-WORKS Nabe, die exklusiv f\u00fcr Carbon-Speichen mit einer Planetenratschenstruktur entwickelt wurde, zeichnet sich durch ein extrem gutes Ansprechverhalten, Langlebigkeit und Laufruhe aus und eignet sich daher f\u00fcr Fahrszenarien mit hoher Rotation. Es ist eine Center-Lock-Scheibenbremsnabe mit Ultrapr\u00e4zisionsbearbeitung, die speziell f\u00fcr geringes Gewicht optimiert und auf Leistung ausgelegt ist, wobei ein Paar nur 283 g wiegt.<\/li>\n<\/ul>\n<p><img decoding=\"async\" class=\"wp-image-1942 size-large\" src=\"https:\/\/crossrim.com\/wp-content\/uploads\/2025\/10\/H-Works-SR288C-758x1024.jpg\" alt=\"H-Works- SR288C\" width=\"640\" height=\"865\" \/><\/p>","protected":false},"excerpt":{"rendered":"<p>Riding Wind Pro Series Ultra-Light Carbon Fiber Spoke Disc Brake Wheelset The Pro 55 series wheelset is an ultra-light carbon-spoke wheelset designed by CROSSRIM with further emphasis on competitive performance and lightweight properties. It features enhanced design targeting the driving characteristics of the rear wheel, adopting a 2:1 spoke lacing pattern and hub design, which optimizes spoke tension and improves drive-side rigidity, pedaling efficiency, and durability. \u00a0The 50mm-tall rim offers superior aerodynamic performance and high cruising efficiency while maintaining high rigidity and support. The wheelset with a 21mm inner width weighs as little as 1233g \u00b1 3%, making it suitable for road racing scenarios with high requirements for output efficiency and durability. The rims are handcrafted from high-quality Toray carbon fiber, with an inner width of 21mm. Thanks to high-grade raw materials combined with precise and scientific carbon cloth lamination, each 21mm inner width rim weighs as little as 450g. They are compatible with both clincher tires and tubeless tires. &nbsp; The spokes use CROSSING T1 carbon spokes, which are ultra-light carbon spokes specially designed for lightweight, rigidity and performance. Each spoke weighs only 2.15g, with the main body made of high-modulus carbon fiber and both ends made of titanium alloy, forming a perfect combination of modern high-performance materials. There are 20 spokes at the front and 24 at the rear. The rear wheel adopts a 2:1 lacing pattern, which enhances the durability of the drive side, ensures the rigidity of the wheelset, and meanwhile balances lightweight performance. The H-WORKS hub, exclusively designed for carbon spokes with a planetary ratchet structure, boasts advantages of ultra-high responsiveness, durability, and smoothness, making it suitable for high-rotation riding scenarios. It is a center-lock disc brake discwheel hub; featuring ultraultra-precision machining, it is specially optimized for lightweight and designed for performance, with a pair weighing only 283g.<\/p>","protected":false},"featured_media":2050,"comment_status":"open","ping_status":"closed","template":"","meta":[],"product_brand":[],"product_cat":[31],"product_tag":[128],"class_list":{"0":"post-2074","1":"product","2":"type-product","3":"status-publish","4":"has-post-thumbnail","6":"product_cat-31","7":"product_tag-wheels","8":"product_shipping_class-wheelset","10":"first","11":"onbackorder","12":"shipping-taxable","13":"purchasable","14":"product-type-variable"},"jetpack_sharing_enabled":true,"_links":{"self":[{"href":"https:\/\/crossrim.com\/de\/wp-json\/wp\/v2\/product\/2074","targetHints":{"allow":["GET"]}}],"collection":[{"href":"https:\/\/crossrim.com\/de\/wp-json\/wp\/v2\/product"}],"about":[{"href":"https:\/\/crossrim.com\/de\/wp-json\/wp\/v2\/types\/product"}],"replies":[{"embeddable":true,"href":"https:\/\/crossrim.com\/de\/wp-json\/wp\/v2\/comments?post=2074"}],"wp:featuredmedia":[{"embeddable":true,"href":"https:\/\/crossrim.com\/de\/wp-json\/wp\/v2\/media\/2050"}],"wp:attachment":[{"href":"https:\/\/crossrim.com\/de\/wp-json\/wp\/v2\/media?parent=2074"}],"wp:term":[{"taxonomy":"product_brand","embeddable":true,"href":"https:\/\/crossrim.com\/de\/wp-json\/wp\/v2\/product_brand?post=2074"},{"taxonomy":"product_cat","embeddable":true,"href":"https:\/\/crossrim.com\/de\/wp-json\/wp\/v2\/product_cat?post=2074"},{"taxonomy":"product_tag","embeddable":true,"href":"https:\/\/crossrim.com\/de\/wp-json\/wp\/v2\/product_tag?post=2074"}],"curies":[{"name":"wp","href":"https:\/\/api.w.org\/{rel}","templated":true}]}}