{"id":285,"date":"2025-08-19T07:46:48","date_gmt":"2025-08-19T07:46:48","guid":{"rendered":"https:\/\/crossrim.com\/?post_type=product&#038;p=285"},"modified":"2025-11-09T00:04:58","modified_gmt":"2025-11-09T00:04:58","slug":"rw-gx","status":"publish","type":"product","link":"https:\/\/crossrim.com\/de\/produkt\/rw-gx\/","title":{"rendered":"\u3010RW-GX\u3011Gravel \/ All Road Ultra-light Carbon Laufradsatz"},"content":{"rendered":"<h6>Riding Wind GX Series Carbon Fiber Spoke Disc Brake Gravel Road Radsatz<\/h6>\n<ul>\n<li>Die Kohlefaser-Gravelroad-Laufrads\u00e4tze der GX-Serie bieten vielf\u00e4ltige M\u00f6glichkeiten und k\u00f6nnen je nach Bedarf angepasst werden. Die Felgen mit einer Innenbreite von 30 mm sind mit All-Terrain-Reifen kompatibel, und es gibt Felgenh\u00f6hen von 32 mm und 52 mm, um verschiedene Fahrszenarien abzudecken. Die Carbonspeichen\/Stahlspeichen erf\u00fcllen unterschiedliche Anforderungen an Effizienz und Haltbarkeit und bieten ein perfektes Gleichgewicht zwischen \u201cBefahrbarkeit, Effizienz und Komfort\u201d, das f\u00fcr das Fahren auf Schotter erforderlich ist. Sie eignen sich f\u00fcr verschiedene Gravel-Fahrer, vom Gelegenheitsradler bis hin zu denjenigen, die moderate Off-Road-Fahrten unternehmen.<\/li>\n<li>Version mit 32mm Karbonspeichen: 1142g\u00b13%, Version mit 42mm Karbonspeichen: 1213g\u00b13%, Version mit 52mm Karbonspeichen: 1293g\u00b13%<\/li>\n<li>Version mit 32mm Stahlspeichen: 1266g\u00b13%, Version mit 42mm Stahlspeichen: 1336g\u00b13%, Version mit 52mm Stahlspeichen: 1416g\u00b13%<\/li>\n<li>Die Felgen sind aus hochwertiger Toray-Carbonfaser handgefertigt und haben eine Innenbreite von 30 mm, die f\u00fcr breitere Reifen geeignet ist. Dank der hochwertigen Rohstoffe in Kombination mit einer pr\u00e4zisen und wissenschaftlichen Laminierung des Carbongewebes wiegt die 32-mm-Felge nur 370 g, die 42-mm-Version 405 g und die 52-mm-Version 445 g. Sie sind sowohl mit Drahtreifen als auch mit Tubeless-Reifen kompatibel.<\/li>\n<\/ul>\n<p><img fetchpriority=\"high\" decoding=\"async\" class=\"alignnone wp-image-1680 size-large\" src=\"https:\/\/crossrim.com\/wp-content\/uploads\/2025\/08\/Gravel-rims1-1024x231.png\" alt=\"Gravel rims\" width=\"640\" height=\"144\" \/><\/p>\n<ul>\n<li>Die CROSSING T1 Carbon-Speichen sind ultraleichte Carbon-Speichen, die speziell f\u00fcr geringes Gewicht, Steifigkeit und Leistung entwickelt wurden. Jede wiegt nur 2,15 g, mit dem Hauptk\u00f6rper aus High-Modulus-Carbon-Faser und die beiden Enden der Speichen aus Titan-Legierung, die eine perfekte Kombination von modernen Hochleistungsmaterialien darstellt.<\/li>\n<\/ul>\n<p><img decoding=\"async\" class=\"alignnone wp-image-1644 size-large\" src=\"https:\/\/crossrim.com\/wp-content\/uploads\/2025\/09\/crossing-carbon-spokes-T1-1024x566.jpg\" alt=\"crossing carbon spokes T1\" width=\"640\" height=\"354\" \/><\/p>\n<ul>\n<li>ULTRALITE AERO-Stahlspeichen sind auf Leistung ausgelegt, mit einer Zugfestigkeit von 1000 - 1200 N\/mm\u00b2 und bieten eine bessere Z\u00e4higkeit und Wartungsfreundlichkeit.<\/li>\n<\/ul>\n<p><img decoding=\"async\" class=\"alignnone wp-image-1679 size-large\" src=\"https:\/\/crossrim.com\/wp-content\/uploads\/2025\/08\/ULTRALITE-AERO-1024x184.png\" alt=\"ULTRALITE AERO\" width=\"640\" height=\"115\" srcset=\"https:\/\/crossrim.com\/wp-content\/uploads\/2025\/08\/ULTRALITE-AERO-1024x184.png 1024w, https:\/\/crossrim.com\/wp-content\/uploads\/2025\/08\/ULTRALITE-AERO-300x54.png 300w, https:\/\/crossrim.com\/wp-content\/uploads\/2025\/08\/ULTRALITE-AERO-768x138.png 768w, https:\/\/crossrim.com\/wp-content\/uploads\/2025\/08\/ULTRALITE-AERO-1536x276.png 1536w, https:\/\/crossrim.com\/wp-content\/uploads\/2025\/08\/ULTRALITE-AERO-600x108.png 600w, https:\/\/crossrim.com\/wp-content\/uploads\/2025\/08\/ULTRALITE-AERO-150x27.png 150w, https:\/\/crossrim.com\/wp-content\/uploads\/2025\/08\/ULTRALITE-AERO.png 1704w\" sizes=\"(max-width: 640px) 100vw, 640px\" \/><\/p>\n<ul>\n<li>Beide verwenden Straight-Pull-Speichen f\u00fcr eine direktere Kraft\u00fcbertragung. Die Version mit Karbonspeichen hat vorne 20 und hinten 24 Speichen, wobei das Hinterrad im Verh\u00e4ltnis 2:1 eingespeicht ist. Bei der Version mit Stahlspeichen sind es vorne und hinten jeweils 24 Speichen.<\/li>\n<li>Die H-WORKS Planetenradnabe, die ausschlie\u00dflich f\u00fcr Karbonspeichen entwickelt wurde, zeichnet sich durch eine extrem hohe Reaktionsgeschwindigkeit, Langlebigkeit und Leichtg\u00e4ngigkeit aus und eignet sich daher f\u00fcr Fahrszenarien mit hohen Drehzahlen.<\/li>\n<li>Die Struktur der Center-Lock-Scheibenbremse mit Ultrapr\u00e4zisionsbearbeitung ist speziell f\u00fcr geringes Gewicht optimiert und auf Leistung ausgelegt. Ein Paar Naben f\u00fcr Carbon-Speichen wiegt nur 283 g, w\u00e4hrend ein Paar Naben f\u00fcr Stahlspeichen nur 269 g wiegt.<\/li>\n<\/ul>\n<p><img loading=\"lazy\" decoding=\"async\" class=\"alignleft wp-image-1942\" src=\"https:\/\/crossrim.com\/wp-content\/uploads\/2025\/10\/H-Works-SR288C-758x1024.jpg\" alt=\"H-Works- SR288C\" width=\"444\" height=\"600\" \/><\/p>\n<p><img loading=\"lazy\" decoding=\"async\" class=\"alignleft wp-image-1940\" src=\"https:\/\/crossrim.com\/wp-content\/uploads\/2025\/10\/H-Works-SR261-771x1024.jpg\" alt=\"H-Works- SR261\" width=\"452\" height=\"600\" \/><\/p>","protected":false},"excerpt":{"rendered":"<p>Riding Wind GX Series Carbon Fiber Spoke Disc Brake Gravel Road Wheel Set The GX Series carbon fiber gravel road wheel sets offer diverse possibilities and can be customized as needed. The rims with a 30mm internal width are compatible with all-terrain tires, and there are rim heights of 32mm and 52mm to cover different riding scenarios. Carbon spokes\/steel spokes meet different needs for efficiency and durability, perfectly balancing the &#8220;passability, efficiency, and comfort&#8221; required for gravel riding. They are suitable for various gravel riders, from casual cycling enthusiasts to those engaging in moderate off-roading. 32mm carbon spoke version: 1142g\u00b13%, 42mm carbon spoke version: 1213g\u00b13%, 52mm carbon spoke version: 1293g\u00b13% 32mm steel spoke version: 1266g\u00b13%, 42mm steel spoke version: 1336g\u00b13%, 52mm steel spoke version: 1416g\u00b13% The rims are handcrafted from high-quality Toray carbon fiber, with a 30mm internal width that fits wider tires. Thanks to high-grade raw materials combined with precise and scientific carbon cloth lamination, the 32mm rim height weighs only 370g, the 42mm version 405g, and the 52mm version 445g. They are compatible with both clincher tires and tubeless tires. CROSSING T1 carbon spokes are ultra-light carbon spokes specially designed for lightweight, rigidity and performance. Each weighs only 2.15g, with the main body made of high-modulus carbon fiber and the two ends of the spokes made of titanium alloy, representing a perfect combination of modern high-performance materials. ULTRALITE AERO steel spokes are built for performance, with a tensile strength of 1000 &#8211; 1200 N\/mm\u00b2, offering better toughness and ease of maintenance. Both use straight-pull spokes for more direct force transmission. For the carbon spoke version, there are 20 spokes at the front and 24 at the rear, with the rear wheel using a 2:1 lacing pattern. For the steel spoke version, there are 24 spokes both at the front and rear. The H-WORKS planetary ratchet hub, exclusively designed for carbon spokes, boasts the advantages of ultra-high response speed, durability, and smoothness, making it suitable for high-revolution riding scenarios. Center-lock disc brake structure, featuring ultra-precision machining, is specifically optimized for lightweight and designed for performance. A pair of hubs for carbon spokes weighs only 283g, while a pair of hubs for steel spokes weighs only 269g.<\/p>","protected":false},"featured_media":1895,"comment_status":"open","ping_status":"closed","template":"","meta":[],"product_brand":[],"product_cat":[32],"product_tag":[128],"class_list":{"0":"post-285","1":"product","2":"type-product","3":"status-publish","4":"has-post-thumbnail","6":"product_cat-gravel-all-road-wheelset","7":"product_tag-wheels","8":"product_shipping_class-wheelset","10":"first","11":"onbackorder","12":"featured","13":"shipping-taxable","14":"purchasable","15":"product-type-variable"},"jetpack_sharing_enabled":true,"_links":{"self":[{"href":"https:\/\/crossrim.com\/de\/wp-json\/wp\/v2\/product\/285","targetHints":{"allow":["GET"]}}],"collection":[{"href":"https:\/\/crossrim.com\/de\/wp-json\/wp\/v2\/product"}],"about":[{"href":"https:\/\/crossrim.com\/de\/wp-json\/wp\/v2\/types\/product"}],"replies":[{"embeddable":true,"href":"https:\/\/crossrim.com\/de\/wp-json\/wp\/v2\/comments?post=285"}],"wp:featuredmedia":[{"embeddable":true,"href":"https:\/\/crossrim.com\/de\/wp-json\/wp\/v2\/media\/1895"}],"wp:attachment":[{"href":"https:\/\/crossrim.com\/de\/wp-json\/wp\/v2\/media?parent=285"}],"wp:term":[{"taxonomy":"product_brand","embeddable":true,"href":"https:\/\/crossrim.com\/de\/wp-json\/wp\/v2\/product_brand?post=285"},{"taxonomy":"product_cat","embeddable":true,"href":"https:\/\/crossrim.com\/de\/wp-json\/wp\/v2\/product_cat?post=285"},{"taxonomy":"product_tag","embeddable":true,"href":"https:\/\/crossrim.com\/de\/wp-json\/wp\/v2\/product_tag?post=285"}],"curies":[{"name":"wp","href":"https:\/\/api.w.org\/{rel}","templated":true}]}}