{"id":21,"date":"2025-08-14T01:21:38","date_gmt":"2025-08-14T01:21:38","guid":{"rendered":"https:\/\/green-penguin-944113.hostingersite.com\/?page_id=21"},"modified":"2025-10-27T09:18:58","modified_gmt":"2025-10-27T09:18:58","slug":"oem","status":"publish","type":"page","link":"https:\/\/crossrim.com\/es\/oem\/","title":{"rendered":"OEM"},"content":{"rendered":"<div data-elementor-type=\"wp-page\" data-elementor-id=\"21\" class=\"elementor elementor-21\" data-elementor-post-type=\"page\">\n\t\t\t\t<div class=\"elementor-element elementor-element-0b9abbb e-flex e-con-boxed e-con e-parent\" data-id=\"0b9abbb\" data-element_type=\"container\" data-e-type=\"container\" data-settings=\"{&quot;background_background&quot;:&quot;classic&quot;}\">\n\t\t\t\t\t<div class=\"e-con-inner\">\n\t\t\t\t\t<\/div>\n\t\t\t\t<\/div>\n\t\t<div class=\"elementor-element elementor-element-774e3b5 e-flex e-con-boxed e-con e-parent\" data-id=\"774e3b5\" data-element_type=\"container\" data-e-type=\"container\">\n\t\t\t\t\t<div class=\"e-con-inner\">\n\t\t<div class=\"elementor-element elementor-element-1e0b2ad e-con-full e-flex e-con e-child\" data-id=\"1e0b2ad\" data-element_type=\"container\" data-e-type=\"container\">\n\t\t\t\t<div class=\"elementor-element elementor-element-d81ea76 elementor-widget elementor-widget-heading\" data-id=\"d81ea76\" data-element_type=\"widget\" data-e-type=\"widget\" data-widget_type=\"heading.default\">\n\t\t\t\t\t<h4 class=\"elementor-heading-title elementor-size-default\">OEM\/ODM<\/h4>\t\t\t\t<\/div>\n\t\t\t\t<div class=\"elementor-element elementor-element-a08502c elementor-widget elementor-widget-text-editor\" data-id=\"a08502c\" data-element_type=\"widget\" data-e-type=\"widget\" data-widget_type=\"text-editor.default\">\n\t\t\t\t\t\t\t\t\t<p>Tanto si acude a nosotros con un plan de dise\u00f1o totalmente finalizado (con planos t\u00e9cnicos, especificaciones de materiales y referencias de rendimiento), como si s\u00f3lo tiene ideas iniciales (como funciones para ciclistas, posicionamiento en el mercado -de gama b\u00e1sica, media o alta- y un presupuesto claro), podemos adaptar una soluci\u00f3n integral para convertir sus conceptos en productos tangibles de alta calidad que satisfagan exactamente sus necesidades.<\/p><p><br>Con 11 a\u00f1os de experiencia dedicada a la producci\u00f3n e I+D de llantas de carbono, CROSSRIM ha construido una base s\u00f3lida en el dominio de las tecnolog\u00edas b\u00e1sicas, desde la optimizaci\u00f3n de los patrones de composici\u00f3n de la fibra de carbono hasta el perfeccionamiento de los procesos de moldeado y la realizaci\u00f3n de rigurosas pruebas de rendimiento (incluida la resistencia a los impactos, la rigidez lateral y el control del peso). No nos limitamos a seguir los est\u00e1ndares de la industria; nos adherimos estrictamente a una filosof\u00eda de producto que supera los puntos de referencia convencionales, garantizando que cada llanta y juego de ruedas que sale de nuestra f\u00e1brica satisface las demandas de durabilidad, ligereza y fiabilidad tanto de los ciclistas ocasionales como de los atletas profesionales.<\/p><p><br>Con un esp\u00edritu de colaboraci\u00f3n a largo plazo, aprendemos y evolucionamos continuamente: seguimos el ritmo de las \u00faltimas tendencias en tecnolog\u00eda ciclista (como el desarrollo de llantas internas m\u00e1s anchas para cubiertas sin c\u00e1mara), integramos los comentarios de los clientes en las iteraciones de los productos y damos prioridad a la comunicaci\u00f3n transparente en todo el proceso OEM\/ODM, desde la discusi\u00f3n del plan inicial y el muestreo de prototipos hasta la producci\u00f3n en serie y la asistencia posventa. Nuestro objetivo final es conseguir un beneficio mutuo, resultados beneficiosos para todos y un desarrollo sostenible con cada socio, creciendo juntos en la din\u00e1mica industria del ciclismo.<\/p>\t\t\t\t\t\t\t\t<\/div>\n\t\t\t\t<\/div>\n\t\t<div class=\"elementor-element elementor-element-fdebe50 e-con-full e-flex e-con e-child\" data-id=\"fdebe50\" data-element_type=\"container\" data-e-type=\"container\">\n\t\t\t\t<div class=\"elementor-element elementor-element-ff82d39 minimog-wpforms-newsletter--yes minimog-wpforms-style-00 minimog-wpforms-dark elementor-widget elementor-widget-wpforms\" data-id=\"ff82d39\" data-element_type=\"widget\" data-e-type=\"widget\" data-widget_type=\"wpforms.default\">\n\t\t\t\t<div class=\"elementor-widget-container\">\n\t\t\t\t\t<div class=\"wpforms-container wpforms-container-full wpforms-render-modern\" id=\"wpforms-1310\"><form id=\"wpforms-form-1310\" class=\"wpforms-validate wpforms-form wpforms-ajax-form\" data-formid=\"1310\" method=\"post\" enctype=\"multipart\/form-data\" action=\"\/es\/wp-json\/wp\/v2\/pages\/21\" data-token=\"535d1d5540c335c4ee45ad51d4901ed3\" data-token-time=\"1777468247\" data-trp-original-action=\"\/es\/wp-json\/wp\/v2\/pages\/21\"><noscript class=\"wpforms-error-noscript\">Por favor, activa JavaScript en tu navegador para completar este formulario.<\/noscript><div id=\"wpforms-error-noscript\" style=\"display: none;\">Por favor, activa JavaScript en tu navegador para completar este formulario.<\/div><div class=\"wpforms-field-container\">\t\t<div class=\"newsletter-icon\"><i class=\"far fa-envelope\"><\/i><\/div>\n\t\t<div id=\"wpforms-1310-field_3-container\" class=\"wpforms-field wpforms-field-text\" data-field-id=\"3\"><label class=\"wpforms-field-label\" for=\"wpforms-1310-field_3\">Su nombre <span class=\"wpforms-required-label\" aria-hidden=\"true\">*<\/span><\/label><input type=\"text\" id=\"wpforms-1310-field_3\" class=\"wpforms-field-medium wpforms-field-required\" name=\"wpforms[fields][3]\" aria-errormessage=\"wpforms-1310-field_3-error\" required><\/div><div id=\"wpforms-1310-field_2-container\" class=\"wpforms-field wpforms-field-text\" data-field-id=\"2\"><label class=\"wpforms-field-label\" for=\"wpforms-1310-field_2\">Su correo electr\u00f3nico <span class=\"wpforms-required-label\" aria-hidden=\"true\">*<\/span><\/label><input type=\"text\" id=\"wpforms-1310-field_2\" class=\"wpforms-field-medium wpforms-field-required\" name=\"wpforms[fields][2]\" aria-errormessage=\"wpforms-1310-field_2-error\" required><\/div><div id=\"wpforms-1310-field_1-container\" class=\"wpforms-field wpforms-field-checkbox\" data-field-id=\"1\"><fieldset><legend class=\"wpforms-field-label\">Su identidad <span class=\"wpforms-required-label\" aria-hidden=\"true\">*<\/span><\/legend><ul id=\"wpforms-1310-field_1\" class=\"wpforms-field-required\"><li class=\"choice-1 depth-1\"><input type=\"checkbox\" id=\"wpforms-1310-field_1_1\" name=\"wpforms[fields][1][]\" value=\"Wheels Brand\" aria-errormessage=\"wpforms-1310-field_1_1-error\" required><label class=\"wpforms-field-label-inline\" for=\"wpforms-1310-field_1_1\">Marca de ruedas<\/label><\/li><li class=\"choice-2 depth-1\"><input type=\"checkbox\" id=\"wpforms-1310-field_1_2\" name=\"wpforms[fields][1][]\" value=\"Bike Shop\" aria-errormessage=\"wpforms-1310-field_1_2-error\" required><label class=\"wpforms-field-label-inline\" for=\"wpforms-1310-field_1_2\">Tienda de bicicletas<\/label><\/li><li class=\"choice-3 depth-1\"><input type=\"checkbox\" id=\"wpforms-1310-field_1_3\" name=\"wpforms[fields][1][]\" value=\"Cycling Team\" aria-errormessage=\"wpforms-1310-field_1_3-error\" required><label class=\"wpforms-field-label-inline\" for=\"wpforms-1310-field_1_3\">Equipo ciclista<\/label><\/li><li class=\"choice-4 depth-1\"><input type=\"checkbox\" id=\"wpforms-1310-field_1_4\" name=\"wpforms[fields][1][]\" value=\"Wheel Builder\" aria-errormessage=\"wpforms-1310-field_1_4-error\" required><label class=\"wpforms-field-label-inline\" for=\"wpforms-1310-field_1_4\">Constructor de ruedas<\/label><\/li><li class=\"choice-5 depth-1\"><input type=\"checkbox\" id=\"wpforms-1310-field_1_5\" name=\"wpforms[fields][1][]\" value=\"Other\" aria-errormessage=\"wpforms-1310-field_1_5-error\" required><label class=\"wpforms-field-label-inline\" for=\"wpforms-1310-field_1_5\">Otros<\/label><\/li><\/ul><\/fieldset><\/div>\t\t<div id=\"wpforms-1310-field_5-container\"\n\t\t\tclass=\"wpforms-field wpforms-field-text\"\n\t\t\tdata-field-type=\"text\"\n\t\t\tdata-field-id=\"5\"\n\t\t\t>\n\t\t\t<label class=\"wpforms-field-label\" for=\"wpforms-1310-field_5\" >do have? What<\/label>\n\t\t\t<input type=\"text\" id=\"wpforms-1310-field_5\" class=\"wpforms-field-medium\" name=\"wpforms[fields][5]\" >\n\t\t<\/div>\n\t\t<div id=\"wpforms-1310-field_4-container\" class=\"wpforms-field wpforms-field-text\" data-field-id=\"4\"><label class=\"wpforms-field-label\" for=\"wpforms-1310-field_4\">\u00bfQu\u00e9 necesidades o ideas tiene? <span class=\"wpforms-required-label\" aria-hidden=\"true\">*<\/span><\/label><input type=\"text\" id=\"wpforms-1310-field_4\" class=\"wpforms-field-large wpforms-field-required\" name=\"wpforms[fields][4]\" aria-errormessage=\"wpforms-1310-field_4-error\" required><\/div><script>\n\t\t\t\t( function() {\n\t\t\t\t\tconst style = document.createElement( 'style' );\n\t\t\t\t\tstyle.appendChild( document.createTextNode( '#wpforms-1310-field_5-container { position: absolute !important; overflow: hidden !important; display: inline !important; height: 1px !important; width: 1px !important; z-index: -1000 !important; padding: 0 !important; } #wpforms-1310-field_5-container input { visibility: hidden; } #wpforms-conversational-form-page #wpforms-1310-field_5-container label { counter-increment: none; }' ) );\n\t\t\t\t\tdocument.head.appendChild( style );\n\t\t\t\t\tdocument.currentScript?.remove();\n\t\t\t\t} )();\n\t\t\t<\/script><\/div><!-- .wpforms-field-container --><div class=\"wpforms-recaptcha-container wpforms-is-recaptcha wpforms-is-recaptcha-type-v2\" ><div class=\"g-recaptcha\" data-sitekey=\"6LeN-MkrAAAAAPweqVc0nhnRLgMmRNicmmZ7SB8f\"><\/div><input type=\"text\" name=\"g-recaptcha-hidden\" class=\"wpforms-recaptcha-hidden\" style=\"position:absolute!important;clip:rect(0,0,0,0)!important;height:1px!important;width:1px!important;border:0!important;overflow:hidden!important;padding:0!important;margin:0!important;\" data-rule-recaptcha=\"1\"><\/div><div class=\"wpforms-submit-container\" ><input type=\"hidden\" name=\"wpforms[id]\" value=\"1310\"><input type=\"hidden\" name=\"page_title\" value=\"\"><input type=\"hidden\" name=\"page_url\" value=\"https:\/\/crossrim.com\/es\/wp-json\/wp\/v2\/pages\/21\"><input type=\"hidden\" name=\"url_referer\" value=\"\"><button type=\"submit\" name=\"wpforms[submit]\" id=\"wpforms-submit-1310\" class=\"wpforms-submit\" data-alt-text=\"Sending...\" data-submit-text=\"Submit\" aria-live=\"assertive\" value=\"wpforms-submit\">Enviar<\/button><img decoding=\"async\" src=\"https:\/\/crossrim.com\/wp-content\/plugins\/wpforms-lite\/assets\/images\/submit-spin.svg\" class=\"wpforms-submit-spinner\" style=\"display: none;\" width=\"26\" height=\"26\" alt=\"Cargando\"><\/div><input type=\"hidden\" name=\"trp-form-language\" value=\"es\"\/><\/form><\/div>  <!-- .wpforms-container -->\t\t\t\t<\/div>\n\t\t\t\t<\/div>\n\t\t\t\t<\/div>\n\t\t\t\t\t<\/div>\n\t\t\t\t<\/div>\n\t\t\t\t<\/div>","protected":false},"excerpt":{"rendered":"<p>OEM\/ODM Whether you come to us with a fully finalized design plan (complete with technical drawings, material specifications, and performance benchmarks), or only have initial ideas (such as target functions for cyclists, market positioning\u2014like entry-level, mid-range, or high-end racing\u2014and a clear budget range), we can tailor a comprehensive solution to turn your concepts into tangible, high-quality products that meet your exact satisfaction. With 11 years of dedicated experience in carbon rim production and R&amp;D, CROSSRIM has built a solid foundation in mastering core technologies\u2014from optimizing carbon fiber layup patterns to refining molding processes, and conducting rigorous performance testing (including impact resistance, lateral stiffness, and weight control). We don\u2019t just follow industry standards; we strictly adhere to a product philosophy that exceeds conventional benchmarks\u2014ensuring every rim and wheelset leaving our factory meets the durability, lightness, and reliability demands of both casual riders and professional athletes. In the spirit of long-term collaboration, we continuously learn and evolve: we keep pace with the latest trends in cycling technology (such as the development of wider internal rim widths for tubeless tires), integrate customer feedback into product iterations, and prioritize transparent communication throughout the OEM\/ODM process\u2014from initial plan discussion and prototype sampling to mass production and after-sales support. Our ultimate goal is to pursue mutual benefit, win-win results, and sustainable development with every partner, growing together in the dynamic cycling industry. \u8bf7\u5728\u6d4f\u89c8\u5668\u4e2d\u542f\u7528JavaScript\u6765\u5b8c\u6210\u6b64\u8868\u5355\u3002\u8bf7\u5728\u6d4f\u89c8\u5668\u4e2d\u542f\u7528JavaScript\u6765\u5b8c\u6210\u6b64\u8868\u5355\u3002 Your Name *Your E-mail * Your Identity * Wheels Brand Bike Shop Cycling Team Wheel Builder Other What needs or ideas do you have? * Submit<\/p>","protected":false},"author":1,"featured_media":0,"parent":0,"menu_order":0,"comment_status":"closed","ping_status":"closed","template":"","meta":{"footnotes":""},"class_list":["post-21","page","type-page","status-publish","hentry","post-no-thumbnail"],"jetpack_sharing_enabled":true,"_links":{"self":[{"href":"https:\/\/crossrim.com\/es\/wp-json\/wp\/v2\/pages\/21","targetHints":{"allow":["GET"]}}],"collection":[{"href":"https:\/\/crossrim.com\/es\/wp-json\/wp\/v2\/pages"}],"about":[{"href":"https:\/\/crossrim.com\/es\/wp-json\/wp\/v2\/types\/page"}],"author":[{"embeddable":true,"href":"https:\/\/crossrim.com\/es\/wp-json\/wp\/v2\/users\/1"}],"replies":[{"embeddable":true,"href":"https:\/\/crossrim.com\/es\/wp-json\/wp\/v2\/comments?post=21"}],"version-history":[{"count":34,"href":"https:\/\/crossrim.com\/es\/wp-json\/wp\/v2\/pages\/21\/revisions"}],"predecessor-version":[{"id":1963,"href":"https:\/\/crossrim.com\/es\/wp-json\/wp\/v2\/pages\/21\/revisions\/1963"}],"wp:attachment":[{"href":"https:\/\/crossrim.com\/es\/wp-json\/wp\/v2\/media?parent=21"}],"curies":[{"name":"wp","href":"https:\/\/api.w.org\/{rel}","templated":true}]}}