{"id":255,"date":"2025-08-18T05:26:53","date_gmt":"2025-08-18T05:26:53","guid":{"rendered":"https:\/\/green-penguin-944113.hostingersite.com\/?page_id=255"},"modified":"2025-10-27T09:25:52","modified_gmt":"2025-10-27T09:25:52","slug":"about-us","status":"publish","type":"page","link":"https:\/\/crossrim.com\/es\/about-us\/","title":{"rendered":"Qui\u00e9nes somos"},"content":{"rendered":"<div data-elementor-type=\"wp-page\" data-elementor-id=\"255\" class=\"elementor elementor-255\" data-elementor-post-type=\"page\">\n\t\t\t\t<div class=\"elementor-element elementor-element-ca6a45a e-flex e-con-boxed e-con e-parent\" data-id=\"ca6a45a\" data-element_type=\"container\" data-e-type=\"container\" data-settings=\"{&quot;background_background&quot;:&quot;classic&quot;}\">\n\t\t\t\t\t<div class=\"e-con-inner\">\n\t\t\t\t<div class=\"elementor-element elementor-element-5e78497 elementor-widget elementor-widget-heading\" data-id=\"5e78497\" data-element_type=\"widget\" data-e-type=\"widget\" data-widget_type=\"heading.default\">\n\t\t\t\t\t<h2 class=\"elementor-heading-title elementor-size-default\">Qui\u00e9nes somos<\/h2>\t\t\t\t<\/div>\n\t\t\t\t\t<\/div>\n\t\t\t\t<\/div>\n\t\t<div class=\"elementor-element elementor-element-54f34da e-flex e-con-boxed e-con e-parent\" data-id=\"54f34da\" data-element_type=\"container\" data-e-type=\"container\">\n\t\t\t\t\t<div class=\"e-con-inner\">\n\t\t\t\t<div class=\"elementor-element elementor-element-90123e7 elementor-widget elementor-widget-text-editor\" data-id=\"90123e7\" data-element_type=\"widget\" data-e-type=\"widget\" data-widget_type=\"text-editor.default\">\n\t\t\t\t\t\t\t\t\t<div class=\"ace-line\" dir=\"auto\" data-node=\"true\"><span data-leaf=\"true\"><span class=\"lb\">El predecesor de CROSSRIM SPORTS era un fabricante de llantas de fibra de carbono con una d\u00e9cada de experiencia dedicada al dise\u00f1o y la producci\u00f3n. A lo largo de esos a\u00f1os, no solo acumulamos conocimientos t\u00e9cnicos, sino que perfeccionamos un profundo conocimiento de lo que los ciclistas realmente necesitan de su equipamiento, desde la sensaci\u00f3n de una llanta en recorridos largos hasta la durabilidad necesaria para el uso diario.<\/span><\/span><\/div><div class=\"ace-line\" dir=\"auto\" data-node=\"true\"><span data-leaf=\"true\"><span class=\"lb\"><br><\/span><\/span><\/div>\n<p><\/p>\n<div class=\"ace-line\" dir=\"auto\" data-node=\"true\"><span data-leaf=\"true\"><span class=\"lb\">Nuestros fundadores cre\u00edan que el dominio del dise\u00f1o industrial y la fabricaci\u00f3n por s\u00ed solos no bastaban para crear grandes productos para el ciclismo. As\u00ed que el ciclismo se convirti\u00f3 en una parte no negociable de nuestra rutina semanal: paseos en grupo de fin de semana en terrenos variados, desplazamientos diarios para probar el rendimiento en el mundo real, e incluso giros casuales para perfeccionar c\u00f3mo nuestras ruedas manejan cada peque\u00f1o bache. Esto no era s\u00f3lo \u201cinvestigaci\u00f3n\u201d, era la forma en que infundimos alma a nuestro proceso de fabricaci\u00f3n, asegur\u00e1ndonos de que cada producto que hacemos se siente como si hubiera sido construido... <\/span><\/span><span data-leaf=\"true\"><span class=\"lb\">para ciclistas, por ciclistas<\/span><\/span><span data-leaf=\"true\"><span class=\"lb\">.<\/span><\/span><\/div>\n<div class=\"ace-line\" dir=\"auto\" data-node=\"true\"><span data-leaf=\"true\"><span class=\"lb\">Durante a\u00f1os, hemos mantenido una creencia simple: el ciclismo no deber\u00eda ser un deporte reservado para la \u00e9lite. Pero los juegos de ruedas de fibra de carbono de alto rendimiento han estado durante mucho tiempo fuera del alcance del ciclista medio, frenados por los elevad\u00edsimos precios de los materiales de carbono de primera calidad, los elevados costes de I+D y los sobreprecios de las marcas, que aportan poco al rendimiento real.<\/span><\/span><\/div>\n<div class=\"ace-line\" dir=\"auto\" data-node=\"true\"><span data-leaf=\"true\"><span class=\"lb\">&nbsp;<\/span><\/span><\/div>\n<div class=\"ace-line\" dir=\"auto\" data-node=\"true\">&nbsp;<\/div>\n<div class=\"ace-line\" dir=\"auto\" data-node=\"true\"><span data-leaf=\"true\"><span class=\"lb\">Entonces, a medida que la tecnolog\u00eda de los materiales de fibra de carbono avanzaba y el sector maduraba, vimos la oportunidad de cambiar esa situaci\u00f3n. Fue entonces cuando naci\u00f3 CROSSRIM. Nos dedicamos a aprovechar las \u00faltimas tendencias t\u00e9cnicas -desde t\u00e9cnicas optimizadas de laminado de carbono hasta dise\u00f1os de componentes ligeros pero resistentes- para crear juegos de ruedas de fibra de carbono de alto rendimiento al alcance de todos. Porque, al fin y al cabo, queremos ayudarle a conseguir lo que m\u00e1s le importa: <\/span><\/span><span data-leaf=\"true\"><span class=\"lb\">libertad ciclista<\/span><\/span><span data-leaf=\"true\"><span class=\"lb\">.<\/span><\/span><\/div>\t\t\t\t\t\t\t\t<\/div>\n\t\t\t\t\t<\/div>\n\t\t\t\t<\/div>\n\t\t<div class=\"elementor-element elementor-element-bc1d195 e-flex e-con-boxed e-con e-parent\" data-id=\"bc1d195\" data-element_type=\"container\" data-e-type=\"container\">\n\t\t\t\t\t<div class=\"e-con-inner\">\n\t\t<div class=\"elementor-element elementor-element-931712d e-con-full e-flex e-con e-child\" data-id=\"931712d\" data-element_type=\"container\" data-e-type=\"container\">\n\t\t\t\t<div class=\"elementor-element elementor-element-2ee1dc0 elementor-widget elementor-widget-heading\" data-id=\"2ee1dc0\" data-element_type=\"widget\" data-e-type=\"widget\" data-widget_type=\"heading.default\">\n\t\t\t\t\t<h4 class=\"elementor-heading-title elementor-size-default\">Las ruedas de alta calidad se fabrican con fibra de carbono de alta calidad.<\/h4>\t\t\t\t<\/div>\n\t\t\t\t<div class=\"elementor-element elementor-element-08db956 elementor-widget elementor-widget-text-editor\" data-id=\"08db956\" data-element_type=\"widget\" data-e-type=\"widget\" data-widget_type=\"text-editor.default\">\n\t\t\t\t\t\t\t\t\t<div class=\"auto-hide-last-sibling-br paragraph-JOTKXA paragraph-element br-paragraph-space\">Todos los juegos de ruedas de CROSSRIM est\u00e1n fabricados con fibra de carbono Toray.<\/div>\t\t\t\t\t\t\t\t<\/div>\n\t\t\t\t<\/div>\n\t\t<div class=\"elementor-element elementor-element-2ccef01 e-con-full e-flex e-con e-child\" data-id=\"2ccef01\" data-element_type=\"container\" data-e-type=\"container\">\n\t\t\t\t<div class=\"elementor-element elementor-element-83eb492 elementor-widget elementor-widget-image\" data-id=\"83eb492\" data-element_type=\"widget\" data-e-type=\"widget\" data-widget_type=\"image.default\">\n\t\t\t\t\t\t\t\t\t\t\t\t\t\t\t<img decoding=\"async\" src=\"https:\/\/crossrim.com\/wp-content\/uploads\/elementor\/thumbs\/b3c9d3e79c3a97ec7d5f584add489691-ramx3s20ps9y40y69zayjpw5tq99lgi4gijgedro20.jpg\" title=\"Filamento de fibra de carbono\" alt=\"Carbon fiber filament\" loading=\"lazy\" \/>\t\t\t\t\t\t\t\t\t\t\t\t\t\t\t<\/div>\n\t\t\t\t<\/div>\n\t\t\t\t\t<\/div>\n\t\t\t\t<\/div>\n\t\t<div class=\"elementor-element elementor-element-695caf8 e-flex e-con-boxed e-con e-parent\" data-id=\"695caf8\" data-element_type=\"container\" data-e-type=\"container\">\n\t\t\t\t\t<div class=\"e-con-inner\">\n\t\t<div class=\"elementor-element elementor-element-4eda9fc e-con-full e-flex e-con e-child\" data-id=\"4eda9fc\" data-element_type=\"container\" data-e-type=\"container\">\n\t\t\t\t<div class=\"elementor-element elementor-element-6c20549 elementor-widget elementor-widget-heading\" data-id=\"6c20549\" data-element_type=\"widget\" data-e-type=\"widget\" data-widget_type=\"heading.default\">\n\t\t\t\t\t<h4 class=\"elementor-heading-title elementor-size-default\">Un control de calidad estable es el resultado de sistemas estandarizados y de una gesti\u00f3n integral de la cadena.\n<\/h4>\t\t\t\t<\/div>\n\t\t\t\t<div class=\"elementor-element elementor-element-47d882c elementor-widget elementor-widget-text-editor\" data-id=\"47d882c\" data-element_type=\"widget\" data-e-type=\"widget\" data-widget_type=\"text-editor.default\">\n\t\t\t\t\t\t\t\t\t<div class=\"auto-hide-last-sibling-br paragraph-JOTKXA paragraph-element br-paragraph-space\"><div class=\"auto-hide-last-sibling-br paragraph-JOTKXA paragraph-element br-paragraph-space\">Desde la cualificaci\u00f3n de las materias primas de fibra de carbono, pasando por la estandarizaci\u00f3n de los procesos de producci\u00f3n, hasta la optimizaci\u00f3n impulsada por los comentarios de los clientes, reforzamos cada eslab\u00f3n de la cadena. Integramos el control de calidad en cada detalle de nuestras operaciones empresariales, con el objetivo de maximizar la calidad constante de la producci\u00f3n en serie y la estabilidad del rendimiento a largo plazo.<\/div><div class=\"container-utlnW2 md-box-line-break wrapper-d0Cc1k undefined\">\u00a0<\/div><\/div>\t\t\t\t\t\t\t\t<\/div>\n\t\t\t\t<\/div>\n\t\t<div class=\"elementor-element elementor-element-3790d03 e-con-full e-flex e-con e-child\" data-id=\"3790d03\" data-element_type=\"container\" data-e-type=\"container\">\n\t\t\t\t<div class=\"elementor-element elementor-element-cec40d7 elementor-widget elementor-widget-image\" data-id=\"cec40d7\" data-element_type=\"widget\" data-e-type=\"widget\" data-widget_type=\"image.default\">\n\t\t\t\t\t\t\t\t\t\t\t\t\t\t\t<img decoding=\"async\" src=\"https:\/\/crossrim.com\/wp-content\/uploads\/elementor\/thumbs\/ASDASDASD-A1-raxa4ul9lfnt2ih3xrq8hxue8s2tz6zcs8pzrmco7c.jpg\" title=\"ASDASDASD A(1)\" alt=\"ASDASDASD A(1)\" loading=\"lazy\" \/>\t\t\t\t\t\t\t\t\t\t\t\t\t\t\t<\/div>\n\t\t\t\t<\/div>\n\t\t\t\t\t<\/div>\n\t\t\t\t<\/div>\n\t\t<div class=\"elementor-element elementor-element-e1d45ec e-flex e-con-boxed e-con e-parent\" data-id=\"e1d45ec\" data-element_type=\"container\" data-e-type=\"container\">\n\t\t\t\t\t<div class=\"e-con-inner\">\n\t\t<div class=\"elementor-element elementor-element-ae6b6a4 e-con-full e-flex e-con e-child\" data-id=\"ae6b6a4\" data-element_type=\"container\" data-e-type=\"container\">\n\t\t\t\t<div class=\"elementor-element elementor-element-a20e8bd elementor-widget elementor-widget-heading\" data-id=\"a20e8bd\" data-element_type=\"widget\" data-e-type=\"widget\" data-widget_type=\"heading.default\">\n\t\t\t\t\t<h4 class=\"elementor-heading-title elementor-size-default\">La alta durabilidad es el resultado de pruebas que superan con creces las normas del sector.\n<\/h4>\t\t\t\t<\/div>\n\t\t\t\t<div class=\"elementor-element elementor-element-a5442d5 elementor-widget elementor-widget-text-editor\" data-id=\"a5442d5\" data-element_type=\"widget\" data-e-type=\"widget\" data-widget_type=\"text-editor.default\">\n\t\t\t\t\t\t\t\t\t<div class=\"auto-hide-last-sibling-br paragraph-JOTKXA paragraph-element br-paragraph-space\">La raz\u00f3n por la que los productos CROSSRIM consiguen una larga, estable y alta durabilidad es que se someten a pruebas y validaciones m\u00e1s rigurosas y exhaustivas durante la fase de I+D que los requisitos generales de la industria, y pasan por m\u00faltiples rondas de inspecci\u00f3n antes de salir de f\u00e1brica.<\/div><div class=\"container-utlnW2 md-box-line-break wrapper-d0Cc1k undefined\">\u00a0<\/div>\t\t\t\t\t\t\t\t<\/div>\n\t\t\t\t<\/div>\n\t\t<div class=\"elementor-element elementor-element-c87eb39 e-con-full e-flex e-con e-child\" data-id=\"c87eb39\" data-element_type=\"container\" data-e-type=\"container\">\n\t\t\t\t<div class=\"elementor-element elementor-element-2f643a8 elementor-widget elementor-widget-image\" data-id=\"2f643a8\" data-element_type=\"widget\" data-e-type=\"widget\" data-widget_type=\"image.default\">\n\t\t\t\t\t\t\t\t\t\t\t\t\t\t\t<img decoding=\"async\" src=\"https:\/\/crossrim.com\/wp-content\/uploads\/elementor\/thumbs\/7fade07d0cc9f461e4147c1d42fb47121-raxa4spl7rl8faju8qwzcybh20c3jsrw3zf0t2fgjs.jpg\" title=\"7fade07d0cc9f461e4147c1d42fb4712(1)\" alt=\"7fade07d0cc9f461e4147c1d42fb4712(1)\" loading=\"lazy\" \/>\t\t\t\t\t\t\t\t\t\t\t\t\t\t\t<\/div>\n\t\t\t\t<\/div>\n\t\t\t\t\t<\/div>\n\t\t\t\t<\/div>\n\t\t<div class=\"elementor-element elementor-element-2a40ff6 e-flex e-con-boxed e-con e-parent\" data-id=\"2a40ff6\" data-element_type=\"container\" data-e-type=\"container\">\n\t\t\t\t\t<div class=\"e-con-inner\">\n\t\t<div class=\"elementor-element elementor-element-0a138d5 e-con-full e-flex e-con e-child\" data-id=\"0a138d5\" data-element_type=\"container\" data-e-type=\"container\">\n\t\t\t\t<div class=\"elementor-element elementor-element-19e7ec7 elementor-widget elementor-widget-heading\" data-id=\"19e7ec7\" data-element_type=\"widget\" data-e-type=\"widget\" data-widget_type=\"heading.default\">\n\t\t\t\t\t<h4 class=\"elementor-heading-title elementor-size-default\">Servicio de alta calidad centrado en el usuario.\n<\/h4>\t\t\t\t<\/div>\n\t\t\t\t<div class=\"elementor-element elementor-element-ae03cf7 elementor-widget elementor-widget-text-editor\" data-id=\"ae03cf7\" data-element_type=\"widget\" data-e-type=\"widget\" data-widget_type=\"text-editor.default\">\n\t\t\t\t\t\t\t\t\t<div class=\"auto-hide-last-sibling-br paragraph-JOTKXA paragraph-element br-paragraph-space\"><div class=\"auto-hide-last-sibling-br paragraph-JOTKXA paragraph-element br-paragraph-space\">El mejor servicio posventa es evitar que surjan problemas posventa en primer lugar. Ponemos todo nuestro empe\u00f1o en crear ruedas seguras, duraderas y sin preocupaciones. Si surge alg\u00fan problema, nuestra garant\u00eda de 3 a\u00f1os protege sus derechos y garantiza su tranquilidad. Nos aseguramos de que pueda comprar con confianza y montar con un soporte garantizado.<\/div><div class=\"container-utlnW2 md-box-line-break wrapper-d0Cc1k undefined\">\u00a0<\/div><\/div>\t\t\t\t\t\t\t\t<\/div>\n\t\t\t\t<\/div>\n\t\t<div class=\"elementor-element elementor-element-ef839cb e-con-full e-flex e-con e-child\" data-id=\"ef839cb\" data-element_type=\"container\" data-e-type=\"container\">\n\t\t\t\t<div class=\"elementor-element elementor-element-e9f88f5 elementor-widget elementor-widget-image\" data-id=\"e9f88f5\" data-element_type=\"widget\" data-e-type=\"widget\" data-widget_type=\"image.default\">\n\t\t\t\t\t\t\t\t\t\t\t\t\t\t\t<img decoding=\"async\" src=\"https:\/\/crossrim.com\/wp-content\/uploads\/elementor\/thumbs\/b20630b851a769bbeb22b260095c8edf1-raxa4wgxz3qdpqedmsjhmxdbfjtkel6tgi0yq69vuw.jpg\" title=\"b20630b851a769bbeb22b260095c8edf(1)\" alt=\"b20630b851a769bbeb22b260095c8edf(1)\" loading=\"lazy\" \/>\t\t\t\t\t\t\t\t\t\t\t\t\t\t\t<\/div>\n\t\t\t\t<\/div>\n\t\t\t\t\t<\/div>\n\t\t\t\t<\/div>\n\t\t<div class=\"elementor-element elementor-element-8ab05fc e-flex e-con-boxed e-con e-parent\" data-id=\"8ab05fc\" data-element_type=\"container\" data-e-type=\"container\">\n\t\t\t\t\t<div class=\"e-con-inner\">\n\t\t\t\t<div class=\"elementor-element elementor-element-3fbdb1b fluentform-widget-submit-button-custom elementor-widget elementor-widget-fluent-form-widget\" data-id=\"3fbdb1b\" data-element_type=\"widget\" data-e-type=\"widget\" data-widget_type=\"fluent-form-widget.default\">\n\t\t\t\t<div class=\"elementor-widget-container\">\n\t\t\t\t\t\n            <div class=\"fluentform-widget-wrapper fluentform-widget-align-default\">\n\n            \n            <div class='fluentform ff-default fluentform_wrapper_2 ffs_default_wrap'><form data-form_id=\"2\" id=\"fluentform_2\" class=\"frm-fluent-form fluent_form_2 ff-el-form-top ff_form_instance_2_1 ff-form-loading ffs_default\" data-form_instance=\"ff_form_instance_2_1\" method=\"POST\" action=\"\" ><fieldset  style=\"border: none!important;margin: 0!important;padding: 0!important;background-color: transparent!important;box-shadow: none!important;outline: none!important; min-inline-size: 100%;\">\n                    <legend class=\"ff_screen_reader_title\" style=\"display: block; margin: 0!important;padding: 0!important;height: 0!important;text-indent: -999999px;width: 0!important;overflow:hidden;\">Formulario de suscripci\u00f3n<\/legend><input type='hidden' name='__fluent_form_embded_post_id' value='255' \/><input type=\"hidden\" id=\"_fluentform_2_fluentformnonce\" name=\"_fluentform_2_fluentformnonce\" value=\"3e4902a5d4\" \/><input type=\"hidden\" name=\"_wp_http_referer\" value=\"\/es\/wp-json\/wp\/v2\/pages\/255\" \/><div data-name=\"ff_cn_id_1\"  class='ff-t-container ff-column-container ff_columns_total_2'><div class='ff-t-cell ff-t-column-1' style='flex-basis: 31.38%;'><div class='ff-el-group'><div class=\"ff-el-input--label ff-el-is-required asterisk-right\"><label for='ff_2_email' id='label_ff_2_email' aria-label=\"Direcci\u00f3n de correo electr\u00f3nico\">Direcci\u00f3n de correo electr\u00f3nico<\/label><\/div><div class='ff-el-input--content'><input type=\"email\" name=\"email\" id=\"ff_2_email\" class=\"ff-el-form-control\" placeholder=\"Su direcci\u00f3n de correo electr\u00f3nico\" data-name=\"email\"  aria-invalid=\"false\" aria-required=\"true\"><\/div><\/div><\/div><div class='ff-t-cell ff-t-column-2' style='flex-basis: 68.62%;'><div class='ff-el-group'><div class=\"ff-el-input--label ff-el-is-required asterisk-right\"><label for='ff_2_input_text' id='label_ff_2_input_text' aria-label=\"Masaje\">Masaje<\/label><\/div><div class='ff-el-input--content'><input type=\"text\" name=\"input_text\" class=\"ff-el-form-control\" placeholder=\"Masaje\" data-name=\"input_text\" id=\"ff_2_input_text\"  aria-invalid=\"false\" aria-required=\"true\"><\/div><\/div><\/div><\/div><div class='ff-el-group ff-text-left ff_submit_btn_wrapper ff_submit_btn_wrapper_custom'><button class=\"ff-btn ff-btn-submit ff-btn-md ff_btn_style wpf_has_custom_css\" type=\"submit\" name=\"custom_submit_button-2_1\" data-name=\"custom_submit_button-2_1\"  aria-label=\"Suscr\u00edbase a\">Suscr\u00edbase a<\/button><style>form.fluent_form_2 .wpf_has_custom_css.ff-btn-submit { background-color:#1a7efb;border-color:#1a7efb;color:#ffffff;min-width:100%; }form.fluent_form_2 .wpf_has_custom_css.ff-btn-submit:hover { background-color:#ffffff;border-color:#1a7efb;color:#1a7efb;min-width:100%; } <\/style><\/div><\/fieldset><input type=\"hidden\" name=\"trp-form-language\" value=\"es\"\/><\/form><div id='fluentform_2_errors' class='ff-errors-in-stack ff_form_instance_2_1 ff-form-loading_errors ff_form_instance_2_1_errors'><\/div><\/div>            <script type=\"text\/javascript\">\n                window.fluent_form_ff_form_instance_2_1 = {\"id\":\"2\",\"ajaxUrl\":\"https:\\\/\\\/crossrim.com\\\/wp-admin\\\/admin-ajax.php\",\"settings\":{\"layout\":{\"labelPlacement\":\"top\",\"helpMessagePlacement\":\"with_label\",\"errorMessagePlacement\":\"inline\",\"asteriskPlacement\":\"asterisk-right\"},\"restrictions\":{\"denyEmptySubmission\":{\"enabled\":false}}},\"form_instance\":\"ff_form_instance_2_1\",\"form_id_selector\":\"fluentform_2\",\"rules\":{\"email\":{\"required\":{\"value\":true,\"message\":\"This field is required\",\"global\":false,\"global_message\":\"\\u8fd9\\u662f\\u5fc5\\u586b\\u680f\"},\"email\":{\"value\":true,\"message\":\"This field must contain a valid email\",\"global\":false,\"global_message\":\"\\u6b64\\u5b57\\u6bb5\\u5fc5\\u987b\\u5305\\u542b\\u6709\\u6548\\u7684\\u7535\\u5b50\\u90ae\\u7bb1\\u5730\\u5740\"}},\"input_text\":{\"required\":{\"value\":true,\"message\":\"Este campo es obligatorio\",\"global_message\":\"\\u8fd9\\u662f\\u5fc5\\u586b\\u680f\",\"global\":true}}},\"debounce_time\":300};\n                            <\/script>\n                        <\/div>\n\n            \t\t\t\t<\/div>\n\t\t\t\t<\/div>\n\t\t\t\t\t<\/div>\n\t\t\t\t<\/div>\n\t\t\t\t<\/div>","protected":false},"excerpt":{"rendered":"<p>About Us The predecessor of CROSSRIM SPORTS was a carbon fiber rim manufacturer with a decade of dedicated design and production experience. Over those years, we didn\u2019t just accumulate technical expertise\u2014we honed a deep understanding of what cyclists truly need from their gear, from the feel of a rim on long rides to the durability required for daily use. Our founders believed that mastery of industrial design and manufacturing alone wasn\u2019t enough to create great cycling products. So cycling became a non-negotiable part of our weekly routine: weekend group rides in varying terrain, daily commutes to test real-world performance, and even casual spins to refine how our wheels handle every little bump. This wasn\u2019t just \u201cresearch\u201d\u2014it was how we infuse soul into our manufacturing process, ensuring every product we make feels like it\u2019s built for cyclists, by cyclists. For years, we\u2019ve held a simple belief: cycling shouldn\u2019t be a sport reserved for the elite. But high-performance carbon fiber wheelsets have long been out of reach for the average cyclist\u2014held back by sky-high prices of premium carbon materials, heavy costs of R&amp;D, and inflated brand markups that add little to actual performance. &nbsp; &nbsp; Then, as carbon fiber material technology advanced and the industry matured, we saw an opportunity to change that. That\u2019s when CROSSRIM was born. We\u2019re dedicated to leveraging the latest technical trends\u2014from optimized carbon layup techniques to lightweight yet strong component designs\u2014to craft high-performance carbon fiber wheelsets that everyone can afford. Because at the end of the day, we want to help you achieve what matters most: cycling freedom. High-quality wheels originate from high-quality carbon fiber. All wheelsets of CROSSRIM are made from Toray carbon fiber. Stable quality control stems from standardized systems and end-to-end chain management. From the qualification of carbon fiber raw materials, to the standardization of production processes, and finally to the optimization driven by customer feedback, we strengthen every link in the chain. We integrate quality control into every detail of our business operations, aiming to maximize consistent mass-production quality and long-term performance stability.\u00a0 High durability comes from testing that far exceeds industry standards. The reason CROSSRIM products achieve long-term, stable, and high durability is that they undergo more rigorous and comprehensive testing and validation during the R&amp;D phase than the general industry requirements, and they go through multiple rounds of inspection before leaving the factory.\u00a0 High-quality service\u2014user-centered. The best after-sales service is to prevent after-sales issues from happening in the first place. We put our heart into creating wheels that are safe, durable, and worry-free. If any problems do arise, our 3-year warranty protects your rights and ensures your peace of mind. We make sure you can buy with confidence and ride with guaranteed support.\u00a0 Subscription Form Email AddressMassageSubscribe<\/p>","protected":false},"author":1,"featured_media":0,"parent":0,"menu_order":0,"comment_status":"closed","ping_status":"closed","template":"","meta":{"footnotes":""},"class_list":["post-255","page","type-page","status-publish","hentry","post-no-thumbnail"],"jetpack_sharing_enabled":true,"_links":{"self":[{"href":"https:\/\/crossrim.com\/es\/wp-json\/wp\/v2\/pages\/255","targetHints":{"allow":["GET"]}}],"collection":[{"href":"https:\/\/crossrim.com\/es\/wp-json\/wp\/v2\/pages"}],"about":[{"href":"https:\/\/crossrim.com\/es\/wp-json\/wp\/v2\/types\/page"}],"author":[{"embeddable":true,"href":"https:\/\/crossrim.com\/es\/wp-json\/wp\/v2\/users\/1"}],"replies":[{"embeddable":true,"href":"https:\/\/crossrim.com\/es\/wp-json\/wp\/v2\/comments?post=255"}],"version-history":[{"count":55,"href":"https:\/\/crossrim.com\/es\/wp-json\/wp\/v2\/pages\/255\/revisions"}],"predecessor-version":[{"id":1972,"href":"https:\/\/crossrim.com\/es\/wp-json\/wp\/v2\/pages\/255\/revisions\/1972"}],"wp:attachment":[{"href":"https:\/\/crossrim.com\/es\/wp-json\/wp\/v2\/media?parent=255"}],"curies":[{"name":"wp","href":"https:\/\/api.w.org\/{rel}","templated":true}]}}