{"id":1107,"date":"2025-08-24T03:28:50","date_gmt":"2025-08-24T03:28:50","guid":{"rendered":"https:\/\/crossrim.com\/?post_type=product&#038;p=1107"},"modified":"2025-11-09T00:04:58","modified_gmt":"2025-11-09T00:04:58","slug":"road-bike-rim-outer-width-30mm","status":"publish","type":"product","link":"https:\/\/crossrim.com\/es\/producto\/road-bike-rim-outer-width-30mm\/","title":{"rendered":"Llantas de bicicleta de carretera Anchura exterior 30mm"},"content":{"rendered":"<h6>Llantas de bicicleta de carretera Anchura exterior 30mm<\/h6>\n<ul>\n<li><strong>Acabados personalizables<\/strong>: UD, 3K, 12K, acabado m\u00e1rmol u otros acabados que prefiera. Recuerde dejar sus requisitos e informaci\u00f3n de contacto al realizar un pedido.<\/li>\n<li><strong>Material de la llanta<\/strong>: Fabricado en fibra de carbono Toray T700 + T800 de alto m\u00f3dulo.<\/li>\n<li><strong>Profundidades de llanta opcionales<\/strong>: 30mm - 65mm (m\u00faltiples opciones disponibles).<\/li>\n<li><strong>Compatibilidad de neum\u00e1ticos<\/strong>: Compatible tanto con neum\u00e1ticos sin c\u00e1mara como con cubiertas.<\/li>\n<li><strong>Versiones del producto<\/strong>: En la tienda s\u00f3lo se muestra la versi\u00f3n m\u00e1s ligera; tambi\u00e9n hay versiones m\u00e1s pesadas y econ\u00f3micas. P\u00f3ngase en contacto con nosotros para la compra si es necesario.<\/li>\n<li><strong>Personalizaci\u00f3n y distribuci\u00f3n a granel<\/strong>: Para personalizaciones a granel o consultas sobre c\u00f3mo convertirse en distribuidor, consulte la p\u00e1gina OEM.<\/li>\n<\/ul>\n<p>&nbsp;<\/p>\n<h6>Llantas Bicicleta Carretera Profundidad 30mm- 65mm<\/h6>\n<table width=\"2145\">\n<tbody>\n<tr>\n<td width=\"222\">Modelo<\/td>\n<td width=\"279\">CR3030<\/td>\n<td width=\"279\">CR3035<\/td>\n<td width=\"279\">CR3040<\/td>\n<td width=\"279\">CRB3040<\/td>\n<td width=\"279\">CR3045<\/td>\n<td width=\"279\">CR3050<\/td>\n<td width=\"249\">CR3065<\/td>\n<\/tr>\n<tr>\n<td width=\"222\">Tipo de neum\u00e1tico<\/td>\n<td>Tubeless\/Clincher<\/td>\n<td>Tubeless\/Clincher<\/td>\n<td>Tubeless\/Clincher<\/td>\n<td>Tubeless\/Clincher<\/td>\n<td>Tubeless\/Clincher<\/td>\n<td>Tubeless\/Clincher<\/td>\n<td>Tubeless\/Clincher<\/td>\n<\/tr>\n<tr>\n<td width=\"222\">Tipo de freno<\/td>\n<td>Freno de disco<\/td>\n<td>Freno de disco<\/td>\n<td>Freno de disco<\/td>\n<td>Freno de disco<\/td>\n<td>Freno de disco<\/td>\n<td>Freno de disco<\/td>\n<td>Freno de disco<\/td>\n<\/tr>\n<tr>\n<td width=\"222\">Enganchado \/ Sin gancho<\/td>\n<td width=\"279\">Enganchado \/ Sin gancho<\/td>\n<td width=\"279\">Enganchado \/ Sin gancho<\/td>\n<td width=\"279\">Enganchado \/ Sin gancho<\/td>\n<td width=\"279\">Enganchado \/ Sin gancho<\/td>\n<td width=\"279\">Enganchado \/ Sin gancho<\/td>\n<td width=\"279\">Enganchado \/ Sin gancho<\/td>\n<td width=\"249\">Sin gancho<\/td>\n<\/tr>\n<tr>\n<td>Peso\/g<\/td>\n<td>330\/345<\/td>\n<td>350\/350<\/td>\n<td>365\/365<\/td>\n<td width=\"279\">365\/390<\/td>\n<td>385\/400<\/td>\n<td>400\/420<\/td>\n<td>500<\/td>\n<\/tr>\n<tr>\n<td>Talla<\/td>\n<td>700C<\/td>\n<td>700C<\/td>\n<td>700C<\/td>\n<td>600B<\/td>\n<td>700C<\/td>\n<td>700C<\/td>\n<td>700C<\/td>\n<\/tr>\n<tr>\n<td>Anchura<\/td>\n<td>30 mm<\/td>\n<td>30 mm<\/td>\n<td>30 mm<\/td>\n<td>30 mm<\/td>\n<td>30 mm<\/td>\n<td>30 mm<\/td>\n<td>30 mm<\/td>\n<\/tr>\n<tr>\n<td>Profundidad<\/td>\n<td>30 mm<\/td>\n<td>35 mm<\/td>\n<td>40 mm<\/td>\n<td>40 mm<\/td>\n<td>45 mm<\/td>\n<td>50 mm<\/td>\n<td>65 mm<\/td>\n<\/tr>\n<\/tbody>\n<\/table>","protected":false},"excerpt":{"rendered":"<p>Road Bike Rims Outer Width 30mm Customizable Finishes: UD, 3K, 12K, marble finish, or other finishes you prefer. Please remember to leave your requirements and contact information when placing an order. Rim Material: Made of Toray T700 + T800 high-modulus carbon fiber. Optional Rim Depths: 30mm &#8211; 65mm (multiple options available). Tire Compatibility: Compatible with both tubeless tires and clincher tires. Product Versions: Only the lightest version is displayed in the store; there are also heavier and more budget-friendly versions. Contact us for purchase if needed. Bulk Customization &amp; Distribution: For bulk customization or inquiries about becoming a distributor, please refer to the OEM page. &nbsp; Road Bike Rims Depth 30mm- 65mm Model CR3030 CR3035 CR3040 CRB3040 CR3045 CR3050 CR3065 Tire Type Tubeless\/Clincher Tubeless\/Clincher Tubeless\/Clincher Tubeless\/Clincher Tubeless\/Clincher Tubeless\/Clincher Tubeless\/Clincher Brake Type Disc Brake Disc Brake Disc Brake Disc Brake Disc Brake Disc Brake Disc Brake Hooked \/ Hookless Hooked\u00a0\/\u00a0Hookless Hooked\u00a0\/\u00a0Hookless Hooked\u00a0\/\u00a0Hookless Hooked\u00a0\/\u00a0Hookless Hooked\u00a0\/\u00a0Hookless Hooked\u00a0\/\u00a0Hookless Hookless Weight\/g 330\/345 350\/350 365\/365 365\/390 385\/400 400\/420 500 Size 700C 700C 700C 600B 700C 700C 700C Width 30mm 30mm 30mm 30mm 30mm 30mm 30mm Depth 30mm 35mm 40mm 40mm 45mm 50mm 65mm<\/p>","protected":false},"featured_media":1757,"comment_status":"open","ping_status":"closed","template":"","meta":[],"product_brand":[],"product_cat":[53],"product_tag":[127],"class_list":{"0":"post-1107","1":"product","2":"type-product","3":"status-publish","4":"has-post-thumbnail","6":"product_cat-outer-width-26mm-road-rim","7":"product_tag-accessories","8":"product_shipping_class-rim","10":"first","11":"onbackorder","12":"shipping-taxable","13":"purchasable","14":"product-type-variable"},"jetpack_sharing_enabled":true,"_links":{"self":[{"href":"https:\/\/crossrim.com\/es\/wp-json\/wp\/v2\/product\/1107","targetHints":{"allow":["GET"]}}],"collection":[{"href":"https:\/\/crossrim.com\/es\/wp-json\/wp\/v2\/product"}],"about":[{"href":"https:\/\/crossrim.com\/es\/wp-json\/wp\/v2\/types\/product"}],"replies":[{"embeddable":true,"href":"https:\/\/crossrim.com\/es\/wp-json\/wp\/v2\/comments?post=1107"}],"wp:featuredmedia":[{"embeddable":true,"href":"https:\/\/crossrim.com\/es\/wp-json\/wp\/v2\/media\/1757"}],"wp:attachment":[{"href":"https:\/\/crossrim.com\/es\/wp-json\/wp\/v2\/media?parent=1107"}],"wp:term":[{"taxonomy":"product_brand","embeddable":true,"href":"https:\/\/crossrim.com\/es\/wp-json\/wp\/v2\/product_brand?post=1107"},{"taxonomy":"product_cat","embeddable":true,"href":"https:\/\/crossrim.com\/es\/wp-json\/wp\/v2\/product_cat?post=1107"},{"taxonomy":"product_tag","embeddable":true,"href":"https:\/\/crossrim.com\/es\/wp-json\/wp\/v2\/product_tag?post=1107"}],"curies":[{"name":"wp","href":"https:\/\/api.w.org\/{rel}","templated":true}]}}