{"id":1129,"date":"2025-08-24T08:55:21","date_gmt":"2025-08-24T08:55:21","guid":{"rendered":"https:\/\/crossrim.com\/?post_type=product&#038;p=1129"},"modified":"2025-11-18T06:09:55","modified_gmt":"2025-11-18T06:09:55","slug":"road-bike-wavy-rim-internal-width-21mm","status":"publish","type":"product","link":"https:\/\/crossrim.com\/es\/producto\/road-bike-wavy-rim-internal-width-21mm\/","title":{"rendered":"Llantas Road Bike Wavy Anchura exterior 28mm"},"content":{"rendered":"<h6>Llantas Road Bike Wavy Anchura exterior 28mm<\/h6>\n<ul>\n<li><strong>Acabados personalizables<\/strong>: UD, 3K, 12K, acabado m\u00e1rmol u otros acabados que conozca. Tenga en cuenta para dejar sus requisitos y la informaci\u00f3n de contacto al realizar un pedido.<\/li>\n<li><strong>Material de la llanta<\/strong>: Fabricado con fibra de carbono Toray T700 + T800 de alto m\u00f3dulo.<\/li>\n<li><strong>Profundidades de llanta opcionales<\/strong>: 25mm - 88mm (m\u00faltiples opciones disponibles).<\/li>\n<li><strong>Compatibilidad de neum\u00e1ticos<\/strong>: Funciona tanto con neum\u00e1ticos sin c\u00e1mara como con cubiertas.<\/li>\n<li><strong>Versiones del producto<\/strong>: En la tienda s\u00f3lo se muestra la versi\u00f3n m\u00e1s ligera; tambi\u00e9n hay disponibles versiones m\u00e1s pesadas y econ\u00f3micas. P\u00f3ngase en contacto con nosotros para la compra si es necesario.<\/li>\n<li><strong>Personalizaci\u00f3n y distribuci\u00f3n a granel<\/strong>: Para personalizaciones a granel o convertirse en distribuidor, consulte la p\u00e1gina OEM.<\/li>\n<\/ul>\n<p>&nbsp;<\/p>\n<h6>Llantas Bicicleta Carretera Profundidad 45mm- 60mm<\/h6>\n<table width=\"1107\">\n<tbody>\n<tr>\n<td width=\"189\">Modelo<\/td>\n<td width=\"459\">CRB2850<\/td>\n<td width=\"459\">CRB2860<\/td>\n<\/tr>\n<tr>\n<td width=\"189\">Tipo de neum\u00e1tico<\/td>\n<td>Tubeless\/Clincher<\/td>\n<td>Tubeless\/Clincher<\/td>\n<\/tr>\n<tr>\n<td width=\"189\">Tipo de freno<\/td>\n<td>Freno de disco<\/td>\n<td>Freno de disco<\/td>\n<\/tr>\n<tr>\n<td>Peso\/g<\/td>\n<td>430<\/td>\n<td>490<\/td>\n<\/tr>\n<tr>\n<td>Talla<\/td>\n<td>700C<\/td>\n<td>700C<\/td>\n<\/tr>\n<tr>\n<td>Anchura<\/td>\n<td>28 mm<\/td>\n<td>28 mm<\/td>\n<\/tr>\n<tr>\n<td>Profundidad<\/td>\n<td>45mm-50mm<\/td>\n<td>55mm-60mm<\/td>\n<\/tr>\n<\/tbody>\n<\/table>","protected":false},"excerpt":{"rendered":"<p>Road Bike Wavy Rims Outer Width 28mm Finish Customization Available: UD, 3K, 12K, marble finish, or other finishes you are familiar with. Please note to leave your requirements and contact information when placing an order. Rim Material: Constructed from Toray T700 + T800 high-modulus carbon fiber. Optional Rim Depths: 25mm &#8211; 88mm (multiple options available). Tire Compatibility: Works with both tubeless tires and clincher tires. Product Versions: Only the lightest version is displayed in the store; there are also heavier and more cost-effective versions available. Contact us for purchase if needed. Bulk Customization &amp; Distribution: For bulk customization or becoming a distributor, please refer to the OEM page. &nbsp; Road Bike Rims Depth 45mm- 60mm Model CRB2850 CRB2860 Tire Type Tubeless\/Clincher Tubeless\/Clincher Brake Type Disc Brake Disc Brake Weight\/g 430 490 Size 700C 700C Width 28mm 28mm Depth 45mm-50mm 55mm-60mm<\/p>","protected":false},"featured_media":1760,"comment_status":"open","ping_status":"closed","template":"","meta":[],"product_brand":[],"product_cat":[53],"product_tag":[127],"class_list":{"0":"post-1129","1":"product","2":"type-product","3":"status-publish","4":"has-post-thumbnail","6":"product_cat-outer-width-26mm-road-rim","7":"product_tag-accessories","8":"product_shipping_class-rim","10":"first","11":"onbackorder","12":"shipping-taxable","13":"purchasable","14":"product-type-variable"},"jetpack_sharing_enabled":true,"_links":{"self":[{"href":"https:\/\/crossrim.com\/es\/wp-json\/wp\/v2\/product\/1129","targetHints":{"allow":["GET"]}}],"collection":[{"href":"https:\/\/crossrim.com\/es\/wp-json\/wp\/v2\/product"}],"about":[{"href":"https:\/\/crossrim.com\/es\/wp-json\/wp\/v2\/types\/product"}],"replies":[{"embeddable":true,"href":"https:\/\/crossrim.com\/es\/wp-json\/wp\/v2\/comments?post=1129"}],"wp:featuredmedia":[{"embeddable":true,"href":"https:\/\/crossrim.com\/es\/wp-json\/wp\/v2\/media\/1760"}],"wp:attachment":[{"href":"https:\/\/crossrim.com\/es\/wp-json\/wp\/v2\/media?parent=1129"}],"wp:term":[{"taxonomy":"product_brand","embeddable":true,"href":"https:\/\/crossrim.com\/es\/wp-json\/wp\/v2\/product_brand?post=1129"},{"taxonomy":"product_cat","embeddable":true,"href":"https:\/\/crossrim.com\/es\/wp-json\/wp\/v2\/product_cat?post=1129"},{"taxonomy":"product_tag","embeddable":true,"href":"https:\/\/crossrim.com\/es\/wp-json\/wp\/v2\/product_tag?post=1129"}],"curies":[{"name":"wp","href":"https:\/\/api.w.org\/{rel}","templated":true}]}}