{"id":1136,"date":"2025-08-24T09:37:48","date_gmt":"2025-08-24T09:37:48","guid":{"rendered":"https:\/\/crossrim.com\/?post_type=product&#038;p=1136"},"modified":"2025-11-09T00:04:58","modified_gmt":"2025-11-09T00:04:58","slug":"gravel-all-road-bike-rim-external-width-36mm","status":"publish","type":"product","link":"https:\/\/crossrim.com\/es\/producto\/gravel-all-road-bike-rim-external-width-36mm\/","title":{"rendered":"Gravel \/ All Road Bike Rims Outer Width 36mm"},"content":{"rendered":"<h6>Gravel \/ All Road Bike Rims Outer Width 36mm<\/h6>\n<ul>\n<li><strong>Acabados personalizables<\/strong>: UD, 3K, 12K, acabado m\u00e1rmol u otros acabados que tenga en mente. Recuerde dejar sus requisitos e informaci\u00f3n de contacto al realizar un pedido.<\/li>\n<li><strong>Material de la llanta<\/strong>: Fabricado con fibra de carbono Toray T700 + T800 de alto m\u00f3dulo.<\/li>\n<li><strong>Profundidades de llanta opcionales<\/strong>: 25mm - 88mm (m\u00faltiples opciones disponibles).<\/li>\n<li><strong>Opciones de compatibilidad de neum\u00e1ticos<\/strong>: Ofrecemos modelos compatibles tanto con neum\u00e1ticos tubeless como con cubiertas, as\u00ed como modelos dise\u00f1ados para neum\u00e1ticos tubulares.<\/li>\n<li><strong>Versiones del producto<\/strong>: En la tienda en l\u00ednea s\u00f3lo se muestra la versi\u00f3n m\u00e1s ligera; tambi\u00e9n hay disponibles versiones m\u00e1s pesadas y econ\u00f3micas. P\u00f3ngase en contacto con nosotros para comprar si tiene esas necesidades.<\/li>\n<li><strong>Personalizaci\u00f3n y distribuci\u00f3n a granel<\/strong>: Para solicitudes de personalizaci\u00f3n a granel o consultas sobre c\u00f3mo convertirse en distribuidor, consulte la p\u00e1gina OEM.<\/li>\n<\/ul>\n<p>&nbsp;<\/p>\n<h6>Llantas Bicicleta Carretera Profundidad 32mm- 52mm<\/h6>\n<table width=\"1089\">\n<tbody>\n<tr>\n<td width=\"252\">Modelo<\/td>\n<td width=\"279\">CR3632<\/td>\n<td width=\"279\">CR3642<\/td>\n<td width=\"279\">CR3652<\/td>\n<\/tr>\n<tr>\n<td>Tipo de neum\u00e1tico<\/td>\n<td>Tubeless\/Clincher<\/td>\n<td>Tubeless\/Clincher<\/td>\n<td>Tubeless\/Clincher<\/td>\n<\/tr>\n<tr>\n<td>Tipo de freno<\/td>\n<td>Freno de disco<\/td>\n<td>Freno de disco<\/td>\n<td>Freno de disco<\/td>\n<\/tr>\n<tr>\n<td width=\"252\">Peso\/g<\/td>\n<td>370g<\/td>\n<td>405g<\/td>\n<td>445g<\/td>\n<\/tr>\n<tr>\n<td>Talla<\/td>\n<td>700C<\/td>\n<td>700C<\/td>\n<td>700C<\/td>\n<\/tr>\n<tr>\n<td>Anchura<\/td>\n<td>36 mm<\/td>\n<td>36 mm<\/td>\n<td>36 mm<\/td>\n<\/tr>\n<tr>\n<td>Profundidad<\/td>\n<td>32 mm<\/td>\n<td>42 mm<\/td>\n<td>52 mm<\/td>\n<\/tr>\n<\/tbody>\n<\/table>","protected":false},"excerpt":{"rendered":"<p>Gravel \/ All Road Bike Rims Outer Width 36mm Customizable Finishes: UD, 3K, 12K, marble finish, or other finishes you have in mind. Please remember to leave your requirements and contact information when placing an order. Rim Material: Constructed from Toray T700 + T800 high-modulus carbon fiber. Optional Rim Depths: 25mm &#8211; 88mm (multiple options available). Tire Compatibility Options: We offer models compatible with both tubeless and clincher tires, as well as models designed for tubular tires. Product Versions: Only the lightest version is displayed in the online store; there are also heavier and more cost-effective versions available. Contact us to purchase if you have such needs. Bulk Customization &amp; Distribution: For bulk customization requests or inquiries about becoming a distributor, please refer to the OEM page. &nbsp; Road Bike Rims Depth 32mm- 52mm Model CR3632 CR3642 CR3652 Tire Type Tubeless\/Clincher Tubeless\/Clincher Tubeless\/Clincher Brake Type Disc Brake Disc Brake Disc Brake Weight\/g 370g 405g 445g Size 700C 700C 700C Width 36mm 36mm 36mm Depth 32mm 42mm 52mm<\/p>","protected":false},"featured_media":1754,"comment_status":"open","ping_status":"closed","template":"","meta":[],"product_brand":[],"product_cat":[57],"product_tag":[127],"class_list":{"0":"post-1136","1":"product","2":"type-product","3":"status-publish","4":"has-post-thumbnail","6":"product_cat-outer-width-36mm-gravel-rim","7":"product_tag-accessories","8":"product_shipping_class-rim","10":"first","11":"onbackorder","12":"shipping-taxable","13":"purchasable","14":"product-type-variable"},"jetpack_sharing_enabled":true,"_links":{"self":[{"href":"https:\/\/crossrim.com\/es\/wp-json\/wp\/v2\/product\/1136","targetHints":{"allow":["GET"]}}],"collection":[{"href":"https:\/\/crossrim.com\/es\/wp-json\/wp\/v2\/product"}],"about":[{"href":"https:\/\/crossrim.com\/es\/wp-json\/wp\/v2\/types\/product"}],"replies":[{"embeddable":true,"href":"https:\/\/crossrim.com\/es\/wp-json\/wp\/v2\/comments?post=1136"}],"wp:featuredmedia":[{"embeddable":true,"href":"https:\/\/crossrim.com\/es\/wp-json\/wp\/v2\/media\/1754"}],"wp:attachment":[{"href":"https:\/\/crossrim.com\/es\/wp-json\/wp\/v2\/media?parent=1136"}],"wp:term":[{"taxonomy":"product_brand","embeddable":true,"href":"https:\/\/crossrim.com\/es\/wp-json\/wp\/v2\/product_brand?post=1136"},{"taxonomy":"product_cat","embeddable":true,"href":"https:\/\/crossrim.com\/es\/wp-json\/wp\/v2\/product_cat?post=1136"},{"taxonomy":"product_tag","embeddable":true,"href":"https:\/\/crossrim.com\/es\/wp-json\/wp\/v2\/product_tag?post=1136"}],"curies":[{"name":"wp","href":"https:\/\/api.w.org\/{rel}","templated":true}]}}