{"id":1158,"date":"2025-08-25T14:22:39","date_gmt":"2025-08-25T14:22:39","guid":{"rendered":"https:\/\/crossrim.com\/?post_type=product&#038;p=1158"},"modified":"2025-11-09T00:04:58","modified_gmt":"2025-11-09T00:04:58","slug":"all-mountain-bike-rim-27-5er-am","status":"publish","type":"product","link":"https:\/\/crossrim.com\/es\/producto\/all-mountain-bike-rim-27-5er-am\/","title":{"rendered":"MTB (AM) Llantas 27.5ER"},"content":{"rendered":"<h6>Llantas de bicicleta de monta\u00f1a 27.5ER<\/h6>\n<ul>\n<li><strong>Personalizaci\u00f3n del acabado superficial<\/strong>: Las opciones disponibles incluyen UD (Unidireccional), 3K, 12K, acabado m\u00e1rmol u otros acabados que pueda especificar. Aseg\u00farese de indicar sus requisitos e informaci\u00f3n de contacto al realizar el pedido.<\/li>\n<li><strong>Material de la llanta<\/strong>: Fabricado con fibra de carbono Toray T700 + T800 de alto m\u00f3dulo.<\/li>\n<li><strong>Profundidades de llanta opcionales<\/strong>: M\u00faltiples profundidades disponibles, de 25 mm a 33 mm.<\/li>\n<li><strong>Compatibilidad de neum\u00e1ticos<\/strong>: Compatible tanto con neum\u00e1ticos sin c\u00e1mara como con cubiertas.<\/li>\n<li><strong>Personalizaci\u00f3n y distribuci\u00f3n a granel<\/strong>: Para necesidades de personalizaci\u00f3n a granel o consultas sobre c\u00f3mo convertirse en distribuidor, consulte la p\u00e1gina OEM.<\/li>\n<\/ul>\n<p>&nbsp;<\/p>\n<h6>Profundidad de las llantas 25mm- 33mm<\/h6>\n<table style=\"border-collapse: collapse; width: 313.90pt;\" border=\"0\" width=\"837\" cellspacing=\"0\" cellpadding=\"0\">\n<tbody>\n<tr style=\"height: 15.75pt;\">\n<td class=\"et3\" style=\"height: 15.75pt; width: 104.65pt;\" width=\"279\" height=\"42\">Modelo<\/td>\n<td class=\"et4\" style=\"width: 104.65pt;\" width=\"279\">CM3325<\/td>\n<td class=\"et5\" style=\"width: 104.65pt;\" width=\"279\">CM4030<\/td>\n<\/tr>\n<tr style=\"height: 15.75pt;\">\n<td class=\"et6\" style=\"height: 15.75pt;\" height=\"42\">Talla<\/td>\n<td class=\"et7\">27,5ER<\/td>\n<td class=\"et8\">27,5ER<\/td>\n<\/tr>\n<tr style=\"height: 15.75pt;\">\n<td class=\"et6\" style=\"height: 15.75pt;\" height=\"42\">Anchura<\/td>\n<td class=\"et7\">33 mm<\/td>\n<td class=\"et8\">40 mm<\/td>\n<\/tr>\n<tr style=\"height: 16.50pt;\">\n<td class=\"et9\" style=\"height: 16.50pt;\" height=\"44\">Profundidad<\/td>\n<td class=\"et10\">25 mm<\/td>\n<td class=\"et11\">30 mm<\/td>\n<\/tr>\n<tr style=\"height: 14.00pt;\">\n<td class=\"et12\" style=\"height: 14.00pt; width: 104.65pt;\" width=\"279\" height=\"37\">Compatibilidad con el tipo de neum\u00e1tico<\/td>\n<td class=\"et13\">Tubeless\/Clincher<\/td>\n<td class=\"et14\">Tubeless\/Clincher<\/td>\n<\/tr>\n<tr style=\"height: 14.00pt;\">\n<td class=\"et6\" style=\"height: 14.00pt;\" height=\"37\">Tipo de freno<\/td>\n<td class=\"et7\">Freno de disco<\/td>\n<td class=\"et8\">Freno de disco<\/td>\n<\/tr>\n<tr style=\"height: 14.00pt;\">\n<td class=\"et15\" style=\"height: 14.00pt;\" height=\"37\">Utilizaci\u00f3n<\/td>\n<td class=\"et7\">AM<\/td>\n<td class=\"et7\">AM<\/td>\n<\/tr>\n<tr style=\"height: 14.00pt;\">\n<td class=\"et6\" style=\"height: 14.00pt;\" height=\"37\">Peso\/g<\/td>\n<td class=\"et7\">360<\/td>\n<td class=\"et16\" style=\"width: 104.65pt;\" width=\"279\">420<\/td>\n<\/tr>\n<\/tbody>\n<\/table>","protected":false},"excerpt":{"rendered":"<p>All mountain Bike Rims 27.5ER Surface Finish Customization: Available options include UD (Unidirectional), 3K, 12K, marble finish, or other finishes you may specify. Please be sure to provide your requirements and contact information when placing an order. Rim Material: Constructed from Toray T700 + T800 high-modulus carbon fiber. Optional Rim Depths: Multiple depths available, ranging from 25mm to 33mm. Tire Compatibility: Compatible with both tubeless tires and clincher tires. Bulk Customization &amp; Distribution: For bulk customization needs or inquiries about becoming a distributor, please refer to the OEM page. &nbsp; Rims Depth 25mm- 33mm Model CM3325 CM4030 Size 27.5ER 27.5ER Width 33mm 40mm Depth 25mm 30mm Tire Type Compatibility Tubeless\/Clincher Tubeless\/Clincher Brake Type Disc Brake Disc Brake Usage AM AM Weight\/g 360 420<\/p>","protected":false},"featured_media":1748,"comment_status":"open","ping_status":"closed","template":"","meta":[],"product_brand":[],"product_cat":[58],"product_tag":[127],"class_list":{"0":"post-1158","1":"product","2":"type-product","3":"status-publish","4":"has-post-thumbnail","6":"product_cat-27-5er-mtb-rim","7":"product_tag-accessories","8":"product_shipping_class-rim","10":"first","11":"onbackorder","12":"shipping-taxable","13":"purchasable","14":"product-type-variable"},"jetpack_sharing_enabled":true,"_links":{"self":[{"href":"https:\/\/crossrim.com\/es\/wp-json\/wp\/v2\/product\/1158","targetHints":{"allow":["GET"]}}],"collection":[{"href":"https:\/\/crossrim.com\/es\/wp-json\/wp\/v2\/product"}],"about":[{"href":"https:\/\/crossrim.com\/es\/wp-json\/wp\/v2\/types\/product"}],"replies":[{"embeddable":true,"href":"https:\/\/crossrim.com\/es\/wp-json\/wp\/v2\/comments?post=1158"}],"wp:featuredmedia":[{"embeddable":true,"href":"https:\/\/crossrim.com\/es\/wp-json\/wp\/v2\/media\/1748"}],"wp:attachment":[{"href":"https:\/\/crossrim.com\/es\/wp-json\/wp\/v2\/media?parent=1158"}],"wp:term":[{"taxonomy":"product_brand","embeddable":true,"href":"https:\/\/crossrim.com\/es\/wp-json\/wp\/v2\/product_brand?post=1158"},{"taxonomy":"product_cat","embeddable":true,"href":"https:\/\/crossrim.com\/es\/wp-json\/wp\/v2\/product_cat?post=1158"},{"taxonomy":"product_tag","embeddable":true,"href":"https:\/\/crossrim.com\/es\/wp-json\/wp\/v2\/product_tag?post=1158"}],"curies":[{"name":"wp","href":"https:\/\/api.w.org\/{rel}","templated":true}]}}