{"id":1438,"date":"2025-09-03T13:06:45","date_gmt":"2025-09-03T13:06:45","guid":{"rendered":"https:\/\/crossrim.com\/?post_type=product&#038;p=1438"},"modified":"2025-11-09T00:04:57","modified_gmt":"2025-11-09T00:04:57","slug":"rw-c45-road-bike-carbon-wheelset-1300g%c2%b13","status":"publish","type":"product","link":"https:\/\/crossrim.com\/es\/producto\/rw-c45-road-bike-carbon-wheelset-1300g%c2%b13\/","title":{"rendered":"\u3010RW-C45\u3011Ruedas de carbono para bicicletas de carretera (1300g\u00b13%)"},"content":{"rendered":"<h6 class=\"header-vfC6AV auto-hide-last-sibling-br\">Juego de ruedas con freno de disco y radios de fibra de carbono Riding Wind C45 Series<\/h6>\n<ul>\n<li>El juego de ruedas con llanta de 45 mm de altura es una opci\u00f3n \u201ctodoterreno\u201d, ya que satisface las necesidades de aerodin\u00e1mica y rigidez sin comprometer excesivamente las propiedades de ligereza y estabilidad frente al viento cruzado, por lo que resulta adecuado para los ciclistas que persiguen un rendimiento polivalente.<\/li>\n<li>Las llantas est\u00e1n fabricadas a mano con fibra de carbono Toray de alta calidad, con anchos interiores opcionales de 21 mm y 24 mm. Son compatibles con varias especificaciones de cuadros y cubiertas, incluidas las cubiertas para cubierta y las cubiertas sin c\u00e1mara.<\/li>\n<\/ul>\n<p><img fetchpriority=\"high\" decoding=\"async\" class=\"alignnone wp-image-1666\" src=\"https:\/\/crossrim.com\/wp-content\/uploads\/2025\/09\/29R45C28Z-Model_012-300x300.jpg\" alt=\"\" width=\"299\" height=\"299\" \/><img decoding=\"async\" class=\"alignnone size-medium wp-image-1664\" src=\"https:\/\/crossrim.com\/wp-content\/uploads\/2025\/09\/29R45C30Z-Model_0111-300x300.jpg\" alt=\"\" width=\"300\" height=\"300\" \/><\/p>\n<ul>\n<li class=\"auto-hide-last-sibling-br paragraph-JOTKXA paragraph-element br-paragraph-space\">Los radios planos de fibra de carbono de 5 mm de anchura ofrecen una mejor aerodin\u00e1mica, con una optimizaci\u00f3n integral que equilibra la ligereza, la rigidez y la estabilidad, al tiempo que resultan m\u00e1s agradables est\u00e9ticamente. Las cabecillas de los radios son de acero inoxidable especial, y cada radio (incluida la cabecilla) pesa s\u00f3lo 3,05 g.<\/li>\n<li class=\"auto-hide-last-sibling-br paragraph-JOTKXA paragraph-element br-paragraph-space\">Con 21 radios delante y 24 detr\u00e1s, y un patr\u00f3n de lazada 2:1 para la rueda trasera, mejora el equilibrio de fuerzas, optimiza la eficiencia de la conducci\u00f3n y la rigidez, y es adecuada para la conducci\u00f3n de alta intensidad.<\/li>\n<\/ul>\n<p><img decoding=\"async\" class=\"alignnone wp-image-1642 size-large\" src=\"https:\/\/crossrim.com\/wp-content\/uploads\/2025\/09\/carbon-spokes-for-bike-3-1024x484.png\" alt=\"\" width=\"640\" height=\"303\" \/><\/p>\n<ul>\n<li>El buje H-WORKS, dise\u00f1ado exclusivamente para radios de carbono con una estructura de trinquete planetario, ofrece las ventajas de una gran capacidad de respuesta, durabilidad y suavidad, lo que lo hace adecuado para situaciones de conducci\u00f3n de alta rotaci\u00f3n. Incorpora un buje con freno de disco de bloqueo central y una brida m\u00e1s grande, que optimiza la disposici\u00f3n de los radios, haciendo que el juego de ruedas sea m\u00e1s r\u00edgido, estable y duradero.<\/li>\n<\/ul>\n<p><img loading=\"lazy\" decoding=\"async\" class=\"alignnone wp-image-1943 size-large\" src=\"https:\/\/crossrim.com\/wp-content\/uploads\/2025\/10\/H-Works-SR360-795x1024.jpg\" alt=\"H-Works- SR360\" width=\"640\" height=\"824\" \/><\/p>","protected":false},"excerpt":{"rendered":"<p>Riding Wind C45 Series Carbon Fiber Spoke Disc Brake Wheelset The 45mm rim height wheelset is an &#8220;all-rounder&#8221; choice, as it meets the needs for aerodynamics and rigidity without excessively compromising lightweight properties and crosswind stability, making it suitable for riders pursuing all-round performance. The rims are handcrafted from high-quality Toray carbon fiber, with optional inner widths of 21mm and 24mm. They are compatible with various specifications of frames and tires, including clincher tires and tubeless tires. The 5mm-wide flat wide flat carbon fiber spokes offer better aerodynamics, with comprehensive optimization balancing lightweight, rigidity and stability, while being more aesthetically pleasing. The spoke nipples are made of special stainless steel, and each spoke (including the nipple) weighs only 3.05g. With 21 spokes at the front and 24 at the rear, and a 2:1 lacing pattern for the rear wheel, it improves force balance, optimizes driving efficiency and rigidity, and is suitable for high-intensity riding. The H-WORKS hub, exclusively designed for carbon spokes with a planetary ratchet structure, boasts the advantages of ultra-high responsiveness, durability, and smoothness, making it suitable for high-rotation riding scenarios. It features a center-lock disc brake hub and a larger flange, which optimizes the spoke layout, rendering the wheelset stiffer, more stable, and more durable.<\/p>","protected":false},"featured_media":1887,"comment_status":"open","ping_status":"closed","template":"","meta":[],"product_brand":[],"product_cat":[31],"product_tag":[128],"class_list":{"0":"post-1438","1":"product","2":"type-product","3":"status-publish","4":"has-post-thumbnail","6":"product_cat-31","7":"product_tag-wheels","8":"product_shipping_class-wheelset","10":"first","11":"onbackorder","12":"shipping-taxable","13":"purchasable","14":"product-type-variable"},"jetpack_sharing_enabled":true,"_links":{"self":[{"href":"https:\/\/crossrim.com\/es\/wp-json\/wp\/v2\/product\/1438","targetHints":{"allow":["GET"]}}],"collection":[{"href":"https:\/\/crossrim.com\/es\/wp-json\/wp\/v2\/product"}],"about":[{"href":"https:\/\/crossrim.com\/es\/wp-json\/wp\/v2\/types\/product"}],"replies":[{"embeddable":true,"href":"https:\/\/crossrim.com\/es\/wp-json\/wp\/v2\/comments?post=1438"}],"wp:featuredmedia":[{"embeddable":true,"href":"https:\/\/crossrim.com\/es\/wp-json\/wp\/v2\/media\/1887"}],"wp:attachment":[{"href":"https:\/\/crossrim.com\/es\/wp-json\/wp\/v2\/media?parent=1438"}],"wp:term":[{"taxonomy":"product_brand","embeddable":true,"href":"https:\/\/crossrim.com\/es\/wp-json\/wp\/v2\/product_brand?post=1438"},{"taxonomy":"product_cat","embeddable":true,"href":"https:\/\/crossrim.com\/es\/wp-json\/wp\/v2\/product_cat?post=1438"},{"taxonomy":"product_tag","embeddable":true,"href":"https:\/\/crossrim.com\/es\/wp-json\/wp\/v2\/product_tag?post=1438"}],"curies":[{"name":"wp","href":"https:\/\/api.w.org\/{rel}","templated":true}]}}