{"id":1451,"date":"2025-09-04T12:44:06","date_gmt":"2025-09-04T12:44:06","guid":{"rendered":"https:\/\/crossrim.com\/?post_type=product&#038;p=1451"},"modified":"2025-11-09T18:24:09","modified_gmt":"2025-11-09T18:24:09","slug":"%e3%80%90rw-c35%e3%80%91road-bike-carbon-wheelset-1240g%c2%b125g","status":"publish","type":"product","link":"https:\/\/crossrim.com\/es\/producto\/%e3%80%90rw-c35%e3%80%91road-bike-carbon-wheelset-1240g%c2%b125g\/","title":{"rendered":"\u3010RW-C35\u3011Ruedas de carbono para bicicletas de carretera (1240g\u00b13%)"},"content":{"rendered":"<h6>Juego de ruedas con freno de disco y radios de fibra de carbono Riding Wind C35 Series<\/h6>\n<ul>\n<li>La altura de la llanta de 35 mm equilibra la ligereza y la aerodin\u00e1mica, garantizando la ausencia de lentitud en las subidas y la eficiencia en las carreteras llanas, con compatibilidad para diversas condiciones de la carretera. Tiene una baja sensibilidad a los vientos cruzados, lo que permite un manejo m\u00e1s estable, y cuenta con un rendimiento general bien redondeado, por lo que es adecuado para los usuarios que buscan una experiencia de conducci\u00f3n en todos los escenarios.<\/li>\n<li>Las llantas est\u00e1n fabricadas a mano con fibra de carbono Toray de alta calidad, con anchos interiores opcionales de 21 mm y 24 mm. Son compatibles con varias especificaciones de cuadros y cubiertas, incluidas las cubiertas para cubierta y las cubiertas sin c\u00e1mara.<\/li>\n<\/ul>\n<p><img fetchpriority=\"high\" decoding=\"async\" class=\"alignnone wp-image-1595 size-medium\" src=\"https:\/\/crossrim.com\/wp-content\/uploads\/2025\/08\/29R35C28Z-Model_011-300x300.jpg\" alt=\"\" width=\"300\" height=\"300\" \/><img decoding=\"async\" class=\"alignnone wp-image-1641\" src=\"https:\/\/crossrim.com\/wp-content\/uploads\/2025\/09\/29R35C30Z-Model_011-300x300.jpg\" alt=\"\" width=\"320\" height=\"320\" \/><\/p>\n<ul>\n<li>Los radios planos de fibra de carbono de 5 mm de ancho ofrecen una mejor aerodin\u00e1mica, con una optimizaci\u00f3n integral que equilibra la ligereza, la rigidez y la estabilidad, al tiempo que resultan m\u00e1s agradables est\u00e9ticamente. Las cabecillas de los radios son de acero inoxidable especial, y cada radio (incluida la cabecilla) pesa solo 3,05 g.<\/li>\n<li>Con 21 radios en la parte delantera y 24 en la trasera, y un patr\u00f3n de lazada 2:1 para la rueda trasera, mejora el equilibrio de fuerzas, optimiza la eficiencia de la conducci\u00f3n y la rigidez, y es adecuada para la conducci\u00f3n de alta intensidad.<\/li>\n<\/ul>\n<p><img decoding=\"async\" class=\"alignnone wp-image-1642 size-large\" src=\"https:\/\/crossrim.com\/wp-content\/uploads\/2025\/09\/carbon-spokes-for-bike-3-1024x484.png\" alt=\"\" width=\"640\" height=\"303\" \/><\/p>\n<ul>\n<li>El buje H-WORKS, dise\u00f1ado exclusivamente para radios de carbono con una estructura de trinquete planetario, presenta ventajas como una capacidad de respuesta, durabilidad y suavidad ultra elevadas, lo que lo hace adecuado para situaciones de conducci\u00f3n de alta rotaci\u00f3n. Cuenta con un buje de freno de disco de bloqueo central y una brida m\u00e1s grande, que optimiza la disposici\u00f3n de los radios, haciendo que el juego de ruedas sea m\u00e1s r\u00edgido, estable y duradero.<\/li>\n<\/ul>\n<figure id=\"attachment_1943\" aria-describedby=\"caption-attachment-1943\" style=\"width: 640px\" class=\"wp-caption alignnone\"><img loading=\"lazy\" decoding=\"async\" class=\"wp-image-1943 size-large\" src=\"https:\/\/crossrim.com\/wp-content\/uploads\/2025\/10\/H-Works-SR360-795x1024.jpg\" alt=\"H-Works- SR360\" width=\"640\" height=\"824\" \/><figcaption id=\"caption-attachment-1943\" class=\"wp-caption-text\">H-Works- SR360<\/figcaption><\/figure>","protected":false},"excerpt":{"rendered":"<p>Riding Wind C35 Series Carbon Fiber Spoke Disc Brake Wheelset The 35mm rim height balances lightweight and aerodynamics, ensuring no sluggishness during climbs and efficiency on flat roads, with compatibility for various road conditions. It has low sensitivity to crosswinds, enabling more stable handling, and features well-rounded overall performance, making it suitable for users seeking an all-scenario riding experience. The rims are handcrafted from high-quality Toray carbon fiber, with optional inner widths of 21mm and 24mm. They are compatible with various frame and tire specifications, including clincher tires and tubeless tires. The 5mm-wide-wide flat carbon fiber spokes offer better aerodynamics, with comprehensive optimization balancing lightweight, rigidity, and stability, while being more aesthetically pleasing. The spoke nipples are made of special stainless steel, and each spoke (including the nipple) weighs only 3.05g. With 21 spokes at the front and 24 at the rear, and a 2:1 lacing pattern for the rear wheel, it enhances force balance, optimizes driving efficiency and rigidity, and is suitable for high-intensity riding. The H-WORKS hub, exclusively designed for carbon spokes with a planetary ratchet structure, boasts advantages of ultra-high responsiveness, durability, and smoothness, making it suitable for high-rotation riding scenarios. It features a center-lock disc brake hub and a larger flange, which optimizes the spoke layout, rendering the wheelset stiffer, more stable, and more durable.<\/p>","protected":false},"featured_media":1879,"comment_status":"open","ping_status":"closed","template":"","meta":[],"product_brand":[],"product_cat":[31],"product_tag":[128],"class_list":{"0":"post-1451","1":"product","2":"type-product","3":"status-publish","4":"has-post-thumbnail","6":"product_cat-31","7":"product_tag-wheels","8":"product_shipping_class-wheelset","10":"first","11":"onbackorder","12":"shipping-taxable","13":"purchasable","14":"product-type-variable"},"jetpack_sharing_enabled":true,"_links":{"self":[{"href":"https:\/\/crossrim.com\/es\/wp-json\/wp\/v2\/product\/1451","targetHints":{"allow":["GET"]}}],"collection":[{"href":"https:\/\/crossrim.com\/es\/wp-json\/wp\/v2\/product"}],"about":[{"href":"https:\/\/crossrim.com\/es\/wp-json\/wp\/v2\/types\/product"}],"replies":[{"embeddable":true,"href":"https:\/\/crossrim.com\/es\/wp-json\/wp\/v2\/comments?post=1451"}],"wp:featuredmedia":[{"embeddable":true,"href":"https:\/\/crossrim.com\/es\/wp-json\/wp\/v2\/media\/1879"}],"wp:attachment":[{"href":"https:\/\/crossrim.com\/es\/wp-json\/wp\/v2\/media?parent=1451"}],"wp:term":[{"taxonomy":"product_brand","embeddable":true,"href":"https:\/\/crossrim.com\/es\/wp-json\/wp\/v2\/product_brand?post=1451"},{"taxonomy":"product_cat","embeddable":true,"href":"https:\/\/crossrim.com\/es\/wp-json\/wp\/v2\/product_cat?post=1451"},{"taxonomy":"product_tag","embeddable":true,"href":"https:\/\/crossrim.com\/es\/wp-json\/wp\/v2\/product_tag?post=1451"}],"curies":[{"name":"wp","href":"https:\/\/api.w.org\/{rel}","templated":true}]}}