{"id":1513,"date":"2025-09-09T03:43:03","date_gmt":"2025-09-09T03:43:03","guid":{"rendered":"https:\/\/crossrim.com\/?post_type=product&#038;p=1513"},"modified":"2025-11-09T00:04:57","modified_gmt":"2025-11-09T00:04:57","slug":"%e3%80%90br-29c%e3%80%91mtb-xc-carbon-spokes-wheelset-29er-asymmetric","status":"publish","type":"product","link":"https:\/\/crossrim.com\/es\/producto\/%e3%80%90br-29c%e3%80%91mtb-xc-carbon-spokes-wheelset-29er-asymmetric\/","title":{"rendered":"\u3010BR-29c\u3011MTB (XC) Carbon spokes Wheelset 29ER Asymmetric (1180g\u00b13%)"},"content":{"rendered":"<h6>Breeze Rise 29c Series Carbon Fiber Spoke Disc BrakeMountain Bike Cross Country Wheelset<\/h6>\n<ul>\n<li>El juego de ruedas de fibra de carbono 29c series carbonCross Country es un juego de ruedas de radios de carbono especialmente dise\u00f1ado para carreras de cross country de monta\u00f1a. Su concepto de dise\u00f1o central se centra en la ligereza, la rigidez y la capacidad de respuesta, al tiempo que tiene en cuenta un cierto nivel de resistencia a los impactos.<\/li>\n<li>Las llantas est\u00e1n fabricadas a mano con fibra de carbono Toray de alta calidad, con una anchura interior de 26 mm y una anchura exterior de 33 mm, lo que garantiza una gran compatibilidad con los neum\u00e1ticos. El dise\u00f1o asim\u00e9trico de la llanta equilibra la tensi\u00f3n y optimiza la distribuci\u00f3n de la fuerza, mejorando significativamente la estabilidad, rigidez, durabilidad y manejo del juego de ruedas. Gracias a las materias primas de alta especificaci\u00f3n combinadas con un laminado de tejido de carbono preciso y cient\u00edfico, cada llanta pesa s\u00f3lo 340 g y es compatible tanto con cubiertas como con neum\u00e1ticos sin c\u00e1mara.<\/li>\n<\/ul>\n<p><img fetchpriority=\"high\" decoding=\"async\" class=\"alignnone wp-image-1653 size-medium\" src=\"https:\/\/crossrim.com\/wp-content\/uploads\/2025\/09\/29H25C33P_011-300x200.jpg\" alt=\"\" width=\"300\" height=\"200\" \/><\/p>\n<ul>\n<li>Los radios son radios de carbono de 3,8 mm de ancho de desarrollo propio, que equilibran ligereza, rigidez y rendimiento aerodin\u00e1mico. El material principal es fibra de carbono de alto m\u00f3dulo, con acero inoxidable especial en ambos extremos. Estos radios de tracci\u00f3n recta permiten una transmisi\u00f3n m\u00e1s directa de la fuerza, y la configuraci\u00f3n de 24 radios para las ruedas delantera y trasera garantiza la m\u00e1xima resistencia.<\/li>\n<\/ul>\n<p><img decoding=\"async\" class=\"alignnone wp-image-1643 size-large\" src=\"https:\/\/crossrim.com\/wp-content\/uploads\/2025\/09\/carbon-spokes-for-bike-2-1024x473.png\" alt=\"\" width=\"640\" height=\"296\" \/><\/p>\n<ul>\n<li>Un juego de ruedas de alto rendimiento requiere un buje robusto. El buje H-WORKS, dise\u00f1ado espec\u00edficamente para bicicletas de monta\u00f1a con radios de carbono, cuenta con una estructura de trinquete planetario. Ofrece una gran capacidad de respuesta, durabilidad y un funcionamiento suave, lo que lo hace adecuado para situaciones de conducci\u00f3n de alta rotaci\u00f3n. Equipado con una estructura de freno de disco de bloqueo central y fabricado con un mecanizado de ultraprecisi\u00f3n, est\u00e1 optimizado para un dise\u00f1o y rendimiento ligeros, con un peso de s\u00f3lo 330 g por par.<\/li>\n<\/ul>\n<p><img decoding=\"async\" class=\"wp-image-1937 size-large\" src=\"https:\/\/crossrim.com\/wp-content\/uploads\/2025\/10\/H-Works-CM300-770x1024.jpg\" alt=\"H-Works- CM300\" width=\"640\" height=\"851\" \/><\/p>","protected":false},"excerpt":{"rendered":"<p>Breeze Rise 29c Series Carbon Fiber Spoke Disc BrakeMountain Bike Cross Country Wheelset The 29c series carbon carbonCross Country carbon fiber wheelset is a carbon spoke wheelset specially designed for mountain cross-country racing. Its core design concept focuses on lightweight, rigidity and responsiveness, while also taking into account a certain level of impact resistance. The rims are handcrafted from high-quality Toray carbon fiber, with an inner width of 26mm and an outer width of 33mm, ensuring strong tire compatibility. The asymmetric rim design balances tension and optimizes force distribution, significantly enhancing the stability, rigidity, durability and handling of the wheelset. Thanks to high-spec raw materials combined with precise and scientific carbon cloth lamination, each rim weighs only 340g and is compatible with both clincher tires and tubeless tires. The spokes are self-developed 3.8mm-wide carbon spokes, which balance lightweight, rigidity, and aerodynamic performance. The main material is high-modulus carbon fiber, with special stainless steel at both ends. These straight-pull spokes enable more direct force transmission, and the configuration of 24 spokes for both the front and rear wheels ensures maximum strength. A high-performance wheelset requires a robust hub. The H-WORKS hub, specifically designed for carbon-spoke mountain bikes, features a planetary ratchet structure. It boasts ultra-high responsiveness, durability, and smooth operation, making it suitable for high-rotation riding scenarios. Equipped with a center-lock disc brake structure and crafted with ultra-precision machining, it is optimized for lightweight design and performance\u2014weighing only 330g per pair.<\/p>","protected":false},"featured_media":1871,"comment_status":"open","ping_status":"closed","template":"","meta":[],"product_brand":[],"product_cat":[33],"product_tag":[128],"class_list":{"0":"post-1513","1":"product","2":"type-product","3":"status-publish","4":"has-post-thumbnail","6":"product_cat-mtb-wheelset","7":"product_tag-wheels","8":"product_shipping_class-wheelset","10":"first","11":"onbackorder","12":"featured","13":"shipping-taxable","14":"purchasable","15":"product-type-variable"},"jetpack_sharing_enabled":true,"_links":{"self":[{"href":"https:\/\/crossrim.com\/es\/wp-json\/wp\/v2\/product\/1513","targetHints":{"allow":["GET"]}}],"collection":[{"href":"https:\/\/crossrim.com\/es\/wp-json\/wp\/v2\/product"}],"about":[{"href":"https:\/\/crossrim.com\/es\/wp-json\/wp\/v2\/types\/product"}],"replies":[{"embeddable":true,"href":"https:\/\/crossrim.com\/es\/wp-json\/wp\/v2\/comments?post=1513"}],"wp:featuredmedia":[{"embeddable":true,"href":"https:\/\/crossrim.com\/es\/wp-json\/wp\/v2\/media\/1871"}],"wp:attachment":[{"href":"https:\/\/crossrim.com\/es\/wp-json\/wp\/v2\/media?parent=1513"}],"wp:term":[{"taxonomy":"product_brand","embeddable":true,"href":"https:\/\/crossrim.com\/es\/wp-json\/wp\/v2\/product_brand?post=1513"},{"taxonomy":"product_cat","embeddable":true,"href":"https:\/\/crossrim.com\/es\/wp-json\/wp\/v2\/product_cat?post=1513"},{"taxonomy":"product_tag","embeddable":true,"href":"https:\/\/crossrim.com\/es\/wp-json\/wp\/v2\/product_tag?post=1513"}],"curies":[{"name":"wp","href":"https:\/\/api.w.org\/{rel}","templated":true}]}}