{"id":1813,"date":"2025-09-21T17:30:36","date_gmt":"2025-09-21T17:30:36","guid":{"rendered":"https:\/\/crossrim.com\/?post_type=product&#038;p=1813"},"modified":"2025-11-09T15:43:39","modified_gmt":"2025-11-09T15:43:39","slug":"carbon-spoke-wheelset-1150g-road-bike-disc-brake-center-lock-ultra-light-wheelset-rim-depth-50mm-internal-width-21mm%e3%80%90rw-pro-50%e3%80%91","status":"publish","type":"product","link":"https:\/\/crossrim.com\/es\/producto\/carbon-spoke-wheelset-1150g-road-bike-disc-brake-center-lock-ultra-light-wheelset-rim-depth-50mm-internal-width-21mm%e3%80%90rw-pro-50%e3%80%91\/","title":{"rendered":"Carbon Spoke wheelset (1150g) Road Bike Disc Brake Center-lock Ultra-light Wheelset Rim Depth: 50mm Internal Width: 21mm\u3010RW-Pro 50\u3011."},"content":{"rendered":"<h6 class=\"header-vfC6AV auto-hide-last-sibling-br\">Ruedas de freno de disco de radios de fibra de carbono ultraligeras Riding Wind Pro Seriesse<\/h6>\n<ul>\n<li>El juego de ruedas de la serie Pro 50 es un juego de ruedas ultraligero con radios de carbono dise\u00f1ado por CROSSRIM teniendo en cuenta el rendimiento en competici\u00f3n y las propiedades de ligereza. Bas\u00e1ndose en la serie Aeor, presenta dise\u00f1os mejorados adaptados a las caracter\u00edsticas de conducci\u00f3n de la rueda trasera. Adoptando un patr\u00f3n de lazado de radios 2:1 y un dise\u00f1o de buje, optimiza la tensi\u00f3n de los radios, mejorando la rigidez del lado de accionamiento, la eficiencia del pedaleo y la durabilidad. La llanta de 50 mm de altura ofrece un rendimiento aerodin\u00e1mico superior y una gran eficiencia de crucero, al tiempo que mantiene una gran rigidez y soporte. Con una anchura interior de 21mm, el juego de ruedas pesa tan s\u00f3lo 1173g \u00b1 3%, lo que lo hace adecuado para escenarios de competici\u00f3n en carretera que exigen una alta eficiencia de salida y durabilidad.<\/li>\n<li>Las llantas est\u00e1n fabricadas a mano con fibra de carbono Toray de alta calidad con una anchura interior de 21 mm. Gracias a las materias primas de alta calidad combinadas con un laminado de tejido de carbono preciso y cient\u00edfico, cada llanta de 21 mm de anchura interior pesa tan solo 385 g, al tiempo que mantiene unos requisitos de resistencia superiores a los est\u00e1ndares del sector, logrando un mejor equilibrio entre peso, rendimiento y resistencia. Es compatible con varias especificaciones de cuadros y neum\u00e1ticos, incluyendo cubiertas y neum\u00e1ticos sin c\u00e1mara.<\/li>\n<\/ul>\n<p><img fetchpriority=\"high\" decoding=\"async\" class=\"alignnone size-medium wp-image-1598\" src=\"https:\/\/crossrim.com\/wp-content\/uploads\/2025\/08\/29R50C28Z-Model_011-300x300.jpg\" alt=\"\" width=\"300\" height=\"300\" \/><\/p>\n<ul>\n<li>Los radios adoptan radios de carbono CROSSING T1, que son radios de carbono ultraligeros especialmente dise\u00f1ados para ofrecer ligereza, rigidez y rendimiento. Cada radio pesa solo 2,15 g, con el cuerpo principal de fibra de carbono de alto m\u00f3dulo y ambos extremos de los radios de aleaci\u00f3n de titanio, lo que representa una combinaci\u00f3n perfecta de materiales modernos de alto rendimiento.<\/li>\n<li>Con 20 radios en la parte delantera y 24 en la trasera, y un patr\u00f3n de lazado 2:1 para la rueda trasera, mejora la durabilidad de la parte motriz, garantiza la rigidez del juego de ruedas, al tiempo que equilibra las propiedades de ligereza.<\/li>\n<\/ul>\n<p><img decoding=\"async\" class=\"alignnone wp-image-1644 size-large\" src=\"https:\/\/crossrim.com\/wp-content\/uploads\/2025\/09\/crossing-carbon-spokes-T1-1024x566.jpg\" alt=\"crossing carbon spokes T1\" width=\"640\" height=\"354\" \/><\/p>\n<ul>\n<li>El buje H-WORKS, dise\u00f1ado exclusivamente para radios de carbono con una estructura de trinquete planetario, ofrece una gran capacidad de respuesta, durabilidad y suavidad, lo que lo hace adecuado para situaciones de conducci\u00f3n de alta rotaci\u00f3n. Cuenta con una estructura de freno de disco de bloqueo central y est\u00e1 fabricado con un mecanizado de ultraprecisi\u00f3n. Optimizado para un dise\u00f1o y rendimiento ligeros, un par pesa s\u00f3lo 283 g.<\/li>\n<\/ul>\n<figure id=\"attachment_1942\" aria-describedby=\"caption-attachment-1942\" style=\"width: 640px\" class=\"wp-caption alignnone\"><img decoding=\"async\" class=\"wp-image-1942 size-large\" src=\"https:\/\/crossrim.com\/wp-content\/uploads\/2025\/10\/H-Works-SR288C-758x1024.jpg\" alt=\"H-Works- SR288C\" width=\"640\" height=\"865\" \/><figcaption id=\"caption-attachment-1942\" class=\"wp-caption-text\">\u00a0<\/figcaption><\/figure>","protected":false},"excerpt":{"rendered":"<p>Riding Wind Pro Series Ultra-Light Carbon Fiber Spoke Disc Brake Wheelse The Pro 50 series wheelset is an ultra-light carbon-spoke wheelset designed by CROSSRIM with further consideration for competitive performance and lightweight properties. Building on the Aeor series, it features enhanced designs tailored to the driving characteristics of the rear wheel. Adopting a 2:1 spoke lacing pattern and hub design, it optimizes spoke tension, improving drive-side rigidity, pedaling efficiency, and durability. The 50mm-tall rim offers superior aerodynamic performance and high cruising efficiency while maintaining high rigidity and support. With a 21mm inner width, the wheelset weighs as little as 1173g \u00b1 3%, making it suitable for road racing scenarios that demand high output efficiency and durability. The rims are handcrafted from high-quality Toray carbon fiber with an inner width of 21mm. Thanks to high-grade raw materials combined with precise and scientific carbon cloth lamination, each 21mm inner width rim weighs as little as 385g while maintaining strength requirements higher than industry standards, achieving a better balance of weight, performance, and strength. It is compatible with various frame and tire specifications, including clincher tires and tubeless tires. The spokes adopt CROSSING T1 carbon spokes, which are ultra-light carbon spokes specially designed for lightweight, rigidity and performance. Each spoke weighs only 2.15g, with the main body made of high-modulus carbon fiber and both ends of the spokes made of titanium alloy, representing a perfect combination of modern high-performance materials. With 20 spokes at the front and 24 at the rear, and a 2:1 lacing pattern for the rear wheel, it enhances the durability of the drive side, ensures the rigidity of the wheelset, while also balancing lightweight properties. The H-WORKS hub, exclusively designed for carbon spokes with a planetary ratchet structure, boasts ultra-high responsiveness, durability, and smoothness, making it suitable for high-rotation riding scenarios. It features a center-lock disc brake structure and is crafted with ultra-precision machining. Optimized for lightweight design and performance, a pair weighs only 283g.<\/p>","protected":false},"featured_media":1726,"comment_status":"open","ping_status":"closed","template":"","meta":[],"product_brand":[],"product_cat":[31,15],"product_tag":[128],"class_list":{"0":"post-1813","1":"product","2":"type-product","3":"status-publish","4":"has-post-thumbnail","6":"product_cat-31","7":"product_cat-sales","8":"product_tag-wheels","9":"product_shipping_class-wheelset","11":"first","12":"instock","13":"sale","14":"featured","15":"shipping-taxable","16":"purchasable","17":"product-type-variable"},"jetpack_sharing_enabled":true,"_links":{"self":[{"href":"https:\/\/crossrim.com\/es\/wp-json\/wp\/v2\/product\/1813","targetHints":{"allow":["GET"]}}],"collection":[{"href":"https:\/\/crossrim.com\/es\/wp-json\/wp\/v2\/product"}],"about":[{"href":"https:\/\/crossrim.com\/es\/wp-json\/wp\/v2\/types\/product"}],"replies":[{"embeddable":true,"href":"https:\/\/crossrim.com\/es\/wp-json\/wp\/v2\/comments?post=1813"}],"wp:featuredmedia":[{"embeddable":true,"href":"https:\/\/crossrim.com\/es\/wp-json\/wp\/v2\/media\/1726"}],"wp:attachment":[{"href":"https:\/\/crossrim.com\/es\/wp-json\/wp\/v2\/media?parent=1813"}],"wp:term":[{"taxonomy":"product_brand","embeddable":true,"href":"https:\/\/crossrim.com\/es\/wp-json\/wp\/v2\/product_brand?post=1813"},{"taxonomy":"product_cat","embeddable":true,"href":"https:\/\/crossrim.com\/es\/wp-json\/wp\/v2\/product_cat?post=1813"},{"taxonomy":"product_tag","embeddable":true,"href":"https:\/\/crossrim.com\/es\/wp-json\/wp\/v2\/product_tag?post=1813"}],"curies":[{"name":"wp","href":"https:\/\/api.w.org\/{rel}","templated":true}]}}