{"id":285,"date":"2025-08-19T07:46:48","date_gmt":"2025-08-19T07:46:48","guid":{"rendered":"https:\/\/crossrim.com\/?post_type=product&#038;p=285"},"modified":"2025-11-09T00:04:58","modified_gmt":"2025-11-09T00:04:58","slug":"rw-gx","status":"publish","type":"product","link":"https:\/\/crossrim.com\/es\/producto\/rw-gx\/","title":{"rendered":"\u3010RW-GX\u3011Gravel \/ All Road Juego de ruedas de carbono ultraligero."},"content":{"rendered":"<h6>Riding Wind GX Series Juego de Ruedas de Fibra de Carbono con Radios y Freno de Disco para Gravel Road<\/h6>\n<ul>\n<li>Los juegos de ruedas de fibra de carbono para grava de la serie GX ofrecen diversas posibilidades y pueden personalizarse seg\u00fan las necesidades. Las llantas con un ancho interno de 30mm son compatibles con neum\u00e1ticos todo terreno, y hay alturas de llanta de 32mm y 52mm para cubrir diferentes escenarios de conducci\u00f3n. Los radios de carbono\/radios de acero satisfacen diferentes necesidades de eficiencia y durabilidad, equilibrando perfectamente la \u201ctransitabilidad, eficiencia y comodidad\u201d requeridas para la conducci\u00f3n gravel. Son adecuadas para diversos ciclistas de gravel, desde los entusiastas del ciclismo ocasional hasta los que se dedican al off-road moderado.<\/li>\n<li>Versi\u00f3n de radios de carbono de 32 mm: 1142 g\u00b13%, versi\u00f3n de radios de carbono de 42 mm: 1213 g\u00b13%, versi\u00f3n de radios de carbono de 52 mm: 1293 g\u00b13%<\/li>\n<li>Versi\u00f3n con radios de acero de 32 mm: 1266 g\u00b13%, versi\u00f3n con radios de acero de 42 mm: 1336 g\u00b13%, versi\u00f3n con radios de acero de 52 mm: 1416 g\u00b13%<\/li>\n<li>Las llantas est\u00e1n fabricadas a mano con fibra de carbono Toray de alta calidad, con una anchura interna de 30 mm que se adapta a neum\u00e1ticos m\u00e1s anchos. Gracias a las materias primas de alta calidad combinadas con un laminado preciso y cient\u00edfico de la tela de carbono, la llanta de 32mm de altura pesa s\u00f3lo 370g, la versi\u00f3n de 42mm 405g, y la versi\u00f3n de 52mm 445g. Son compatibles tanto con cubiertas como con neum\u00e1ticos sin c\u00e1mara.<\/li>\n<\/ul>\n<p><img fetchpriority=\"high\" decoding=\"async\" class=\"alignnone wp-image-1680 size-large\" src=\"https:\/\/crossrim.com\/wp-content\/uploads\/2025\/08\/Gravel-rims1-1024x231.png\" alt=\"Gravel rims\" width=\"640\" height=\"144\" \/><\/p>\n<ul>\n<li>Los radios de carbono CROSSING T1 son radios de carbono ultraligeros especialmente dise\u00f1ados para ofrecer ligereza, rigidez y rendimiento. Cada uno pesa solo 2,15 g, con el cuerpo principal de fibra de carbono de alto m\u00f3dulo y los dos extremos de los radios de aleaci\u00f3n de titanio, lo que representa una combinaci\u00f3n perfecta de materiales modernos de alto rendimiento.<\/li>\n<\/ul>\n<p><img decoding=\"async\" class=\"alignnone wp-image-1644 size-large\" src=\"https:\/\/crossrim.com\/wp-content\/uploads\/2025\/09\/crossing-carbon-spokes-T1-1024x566.jpg\" alt=\"crossing carbon spokes T1\" width=\"640\" height=\"354\" \/><\/p>\n<ul>\n<li>Los radios de acero ULTRALITE AERO est\u00e1n fabricados para ofrecer un alto rendimiento, con una resistencia a la tracci\u00f3n de 1000 - 1200 N\/mm\u00b2, ofreciendo una mayor dureza y facilidad de mantenimiento.<\/li>\n<\/ul>\n<p><img decoding=\"async\" class=\"alignnone wp-image-1679 size-large\" src=\"https:\/\/crossrim.com\/wp-content\/uploads\/2025\/08\/ULTRALITE-AERO-1024x184.png\" alt=\"ULTRALITE AERO\" width=\"640\" height=\"115\" srcset=\"https:\/\/crossrim.com\/wp-content\/uploads\/2025\/08\/ULTRALITE-AERO-1024x184.png 1024w, https:\/\/crossrim.com\/wp-content\/uploads\/2025\/08\/ULTRALITE-AERO-300x54.png 300w, https:\/\/crossrim.com\/wp-content\/uploads\/2025\/08\/ULTRALITE-AERO-768x138.png 768w, https:\/\/crossrim.com\/wp-content\/uploads\/2025\/08\/ULTRALITE-AERO-1536x276.png 1536w, https:\/\/crossrim.com\/wp-content\/uploads\/2025\/08\/ULTRALITE-AERO-600x108.png 600w, https:\/\/crossrim.com\/wp-content\/uploads\/2025\/08\/ULTRALITE-AERO-150x27.png 150w, https:\/\/crossrim.com\/wp-content\/uploads\/2025\/08\/ULTRALITE-AERO.png 1704w\" sizes=\"(max-width: 640px) 100vw, 640px\" \/><\/p>\n<ul>\n<li>Ambas utilizan radios de tracci\u00f3n recta para una transmisi\u00f3n m\u00e1s directa de la fuerza. La versi\u00f3n de radios de carbono tiene 20 radios delante y 24 detr\u00e1s, con un patr\u00f3n de lazado 2:1 en la rueda trasera. La versi\u00f3n de radios de acero tiene 24 radios tanto delante como detr\u00e1s.<\/li>\n<li>El buje de trinquete planetario H-WORKS, dise\u00f1ado exclusivamente para radios de carbono, cuenta con las ventajas de una velocidad de respuesta ultra alta, durabilidad y suavidad, lo que lo hace adecuado para escenarios de conducci\u00f3n de altas revoluciones.<\/li>\n<li>La estructura de los frenos de disco de bloqueo central, con mecanizado de ultraprecisi\u00f3n, est\u00e1 optimizada espec\u00edficamente para ofrecer ligereza y dise\u00f1ada para ofrecer rendimiento. Un par de bujes para radios de carbono pesa solo 283 g, mientras que un par de bujes para radios de acero pesa solo 269 g.<\/li>\n<\/ul>\n<p><img loading=\"lazy\" decoding=\"async\" class=\"alignleft wp-image-1942\" src=\"https:\/\/crossrim.com\/wp-content\/uploads\/2025\/10\/H-Works-SR288C-758x1024.jpg\" alt=\"H-Works- SR288C\" width=\"444\" height=\"600\" \/><\/p>\n<p><img loading=\"lazy\" decoding=\"async\" class=\"alignleft wp-image-1940\" src=\"https:\/\/crossrim.com\/wp-content\/uploads\/2025\/10\/H-Works-SR261-771x1024.jpg\" alt=\"H-Works- SR261\" width=\"452\" height=\"600\" \/><\/p>","protected":false},"excerpt":{"rendered":"<p>Riding Wind GX Series Carbon Fiber Spoke Disc Brake Gravel Road Wheel Set The GX Series carbon fiber gravel road wheel sets offer diverse possibilities and can be customized as needed. The rims with a 30mm internal width are compatible with all-terrain tires, and there are rim heights of 32mm and 52mm to cover different riding scenarios. Carbon spokes\/steel spokes meet different needs for efficiency and durability, perfectly balancing the &#8220;passability, efficiency, and comfort&#8221; required for gravel riding. They are suitable for various gravel riders, from casual cycling enthusiasts to those engaging in moderate off-roading. 32mm carbon spoke version: 1142g\u00b13%, 42mm carbon spoke version: 1213g\u00b13%, 52mm carbon spoke version: 1293g\u00b13% 32mm steel spoke version: 1266g\u00b13%, 42mm steel spoke version: 1336g\u00b13%, 52mm steel spoke version: 1416g\u00b13% The rims are handcrafted from high-quality Toray carbon fiber, with a 30mm internal width that fits wider tires. Thanks to high-grade raw materials combined with precise and scientific carbon cloth lamination, the 32mm rim height weighs only 370g, the 42mm version 405g, and the 52mm version 445g. They are compatible with both clincher tires and tubeless tires. CROSSING T1 carbon spokes are ultra-light carbon spokes specially designed for lightweight, rigidity and performance. Each weighs only 2.15g, with the main body made of high-modulus carbon fiber and the two ends of the spokes made of titanium alloy, representing a perfect combination of modern high-performance materials. ULTRALITE AERO steel spokes are built for performance, with a tensile strength of 1000 &#8211; 1200 N\/mm\u00b2, offering better toughness and ease of maintenance. Both use straight-pull spokes for more direct force transmission. For the carbon spoke version, there are 20 spokes at the front and 24 at the rear, with the rear wheel using a 2:1 lacing pattern. For the steel spoke version, there are 24 spokes both at the front and rear. The H-WORKS planetary ratchet hub, exclusively designed for carbon spokes, boasts the advantages of ultra-high response speed, durability, and smoothness, making it suitable for high-revolution riding scenarios. Center-lock disc brake structure, featuring ultra-precision machining, is specifically optimized for lightweight and designed for performance. A pair of hubs for carbon spokes weighs only 283g, while a pair of hubs for steel spokes weighs only 269g.<\/p>","protected":false},"featured_media":1895,"comment_status":"open","ping_status":"closed","template":"","meta":[],"product_brand":[],"product_cat":[32],"product_tag":[128],"class_list":{"0":"post-285","1":"product","2":"type-product","3":"status-publish","4":"has-post-thumbnail","6":"product_cat-gravel-all-road-wheelset","7":"product_tag-wheels","8":"product_shipping_class-wheelset","10":"first","11":"onbackorder","12":"featured","13":"shipping-taxable","14":"purchasable","15":"product-type-variable"},"jetpack_sharing_enabled":true,"_links":{"self":[{"href":"https:\/\/crossrim.com\/es\/wp-json\/wp\/v2\/product\/285","targetHints":{"allow":["GET"]}}],"collection":[{"href":"https:\/\/crossrim.com\/es\/wp-json\/wp\/v2\/product"}],"about":[{"href":"https:\/\/crossrim.com\/es\/wp-json\/wp\/v2\/types\/product"}],"replies":[{"embeddable":true,"href":"https:\/\/crossrim.com\/es\/wp-json\/wp\/v2\/comments?post=285"}],"wp:featuredmedia":[{"embeddable":true,"href":"https:\/\/crossrim.com\/es\/wp-json\/wp\/v2\/media\/1895"}],"wp:attachment":[{"href":"https:\/\/crossrim.com\/es\/wp-json\/wp\/v2\/media?parent=285"}],"wp:term":[{"taxonomy":"product_brand","embeddable":true,"href":"https:\/\/crossrim.com\/es\/wp-json\/wp\/v2\/product_brand?post=285"},{"taxonomy":"product_cat","embeddable":true,"href":"https:\/\/crossrim.com\/es\/wp-json\/wp\/v2\/product_cat?post=285"},{"taxonomy":"product_tag","embeddable":true,"href":"https:\/\/crossrim.com\/es\/wp-json\/wp\/v2\/product_tag?post=285"}],"curies":[{"name":"wp","href":"https:\/\/api.w.org\/{rel}","templated":true}]}}