{"id":680,"date":"2025-08-20T10:45:59","date_gmt":"2025-08-20T10:45:59","guid":{"rendered":"https:\/\/crossrim.com\/?post_type=product&#038;p=680"},"modified":"2025-11-09T00:04:58","modified_gmt":"2025-11-09T00:04:58","slug":"%e3%80%90rw-aero-50%e3%80%91road-bike-ultra-light-carbon-wheelset","status":"publish","type":"product","link":"https:\/\/crossrim.com\/es\/producto\/%e3%80%90rw-aero-50%e3%80%91road-bike-ultra-light-carbon-wheelset\/","title":{"rendered":"\u3010RW-Aero 50\u3011Ruedas de carbono ultraligeras para bicicletas de carretera (1164g\/ 1194g \u00b13%)"},"content":{"rendered":"<h6 class=\"header-vfC6AV auto-hide-last-sibling-br\">Juego de ruedas Riding Wind Aero Series ultraligeras de fibra de carbono con radios y freno de disco<\/h6>\n<ul>\n<li>El juego de ruedas de la serie Aero50 es un juego de ruedas de radios de carbono ultraligero dise\u00f1ado por CROSSRIM con un enfoque en el rendimiento ligero y aerodin\u00e1mico. La llanta de 50 mm de altura ofrece una aerodin\u00e1mica superior y una gran eficiencia de crucero, al tiempo que mantiene una gran rigidez y sujeci\u00f3n. Tambi\u00e9n consigue una ligereza extrema y conserva la flexibilidad de manejo. El juego de ruedas con una anchura interior de 21 mm pesa tan s\u00f3lo 1164 g \u00b1 3%, y la versi\u00f3n de 24 mm de anchura interior es tan ligera como 1194 g \u00b1 3%.<\/li>\n<li>Las llantas est\u00e1n fabricadas a mano con fibra de carbono Toray de alta calidad, con anchuras interiores opcionales de 21 mm y 24 mm. Gracias a las materias primas de alta calidad combinadas con una laminaci\u00f3n precisa y cient\u00edfica del tejido de carbono, cada llanta de 21 mm de anchura interior pesa tan s\u00f3lo 385 g, y cada llanta de 24 mm de anchura interior tan s\u00f3lo 400 g. Mientras tanto, cumplen requisitos de resistencia superiores a los est\u00e1ndares de la industria, logrando un mejor equilibrio entre peso, rendimiento y resistencia. Con dos opciones de anchura disponibles, son compatibles con varias especificaciones de cuadros y cubiertas, incluidas las cubiertas para cubierta y las cubiertas sin c\u00e1mara.<\/li>\n<\/ul>\n<p><img fetchpriority=\"high\" decoding=\"async\" class=\"alignnone size-medium wp-image-1598\" src=\"https:\/\/crossrim.com\/wp-content\/uploads\/2025\/08\/29R50C28Z-Model_011-300x300.jpg\" alt=\"\" width=\"300\" height=\"300\" \/><img decoding=\"async\" class=\"alignnone size-medium wp-image-1673\" src=\"https:\/\/crossrim.com\/wp-content\/uploads\/2025\/08\/29R50C30Z-Model_011-300x300.jpg\" alt=\"\" width=\"300\" height=\"300\" \/><\/p>\n<ul>\n<li>Los radios utilizan radios de carbono CROSSING T1, que son radios de carbono ultraligeros especialmente dise\u00f1ados para ofrecer ligereza, rigidez y rendimiento. Cada radio pesa solo 2,15 g, con el cuerpo principal de fibra de carbono de alto m\u00f3dulo y ambos extremos de los radios de aleaci\u00f3n de titanio, lo que representa una combinaci\u00f3n perfecta de materiales modernos de alto rendimiento.<\/li>\n<li>Con 20 radios en la parte delantera y 20 en la trasera, proporciona suficiente apoyo al rendimiento al tiempo que equilibra el peso y la rigidez.<\/li>\n<\/ul>\n<p><img decoding=\"async\" class=\"alignnone wp-image-1644 size-large\" src=\"https:\/\/crossrim.com\/wp-content\/uploads\/2025\/09\/crossing-carbon-spokes-T1-1024x566.jpg\" alt=\"crossing carbon spokes T1\" width=\"640\" height=\"354\" \/><\/p>\n<ul>\n<li>El buje H-WORKS, dise\u00f1ado exclusivamente para radios de carbono con una estructura de trinquete planetario, cuenta con las ventajas de una capacidad de respuesta, durabilidad y suavidad ultra elevadas, lo que lo hace id\u00f3neo para escenarios de conducci\u00f3n de alta rotaci\u00f3n. Cuenta con un buje de freno de disco de bloqueo central, se somete a un mecanizado de ultraprecisi\u00f3n y est\u00e1 especialmente optimizado para un dise\u00f1o ligero, con un par que pesa s\u00f3lo 283 g.<\/li>\n<\/ul>\n<p><img loading=\"lazy\" decoding=\"async\" class=\"wp-image-1941 size-large\" src=\"https:\/\/crossrim.com\/wp-content\/uploads\/2025\/10\/H-Works-SR288A-802x1024.jpg\" alt=\"H-Works- SR288A\" width=\"640\" height=\"817\" \/><\/p>","protected":false},"excerpt":{"rendered":"<p>Riding Wind Aero Series Ultra-Light Carbon Fiber Spoke Disc Brake Wheelset The Aero50 series wheelset is an ultra-light carbon-spoke wheelset designed by CROSSRIM with a focus on lightweight and aerodynamic performance. The 50mm-tall rim offers superior aerodynamics and high cruising efficiency, while maintaining high rigidity and support. It also achieves extreme lightness and retains handling flexibility. The wheelset with a 21mm inner width weighs as little as 1164g \u00b1 3%, and the 24mm inner width version is as light as 1194g \u00b1 3%. The rims are handcrafted from high-quality Toray carbon fiber, with optional inner widths of 21mm and 24mm. Thanks to high-grade raw materials combined with precise and scientific carbon cloth lamination, each 21mm inner width rim weighs as little as 385g, and each 24mm inner width rim as little as 400g. Meanwhile, they meet strength requirements higher than industry standards, achieving a better balance of weight, performance and strength. With two width options available, they are compatible with various specifications of frames and tires, including clincher tires and tubeless tires. The spokes use CROSSING T1 carbon spokes, which are ultra-light carbon spokes specially designed for lightweight, rigidity and performance. Each spoke weighs only 2.15g, with the main body made of high-modulus carbon fiber and both ends of the spokes made of titanium alloy, representing a perfect combination of modern high-performance materials. With 20 spokes at the front and 20 at the rear, it provides sufficient performance support while balancing weight and rigidity. The H-WORKS hub, exclusively designed for carbon spokes with a planetary ratchet structure, boasts the advantages of ultra-high responsiveness, durability and smoothness, making it suitable for high-rotation riding scenarios. It features a center-lock disc brake hub, undergoes ultra-precision machining, and is specially optimized for lightweight design, with a pair weighing only 283g.<\/p>","protected":false},"featured_media":2079,"comment_status":"open","ping_status":"closed","template":"","meta":[],"product_brand":[],"product_cat":[31],"product_tag":[128],"class_list":{"0":"post-680","1":"product","2":"type-product","3":"status-publish","4":"has-post-thumbnail","6":"product_cat-31","7":"product_tag-wheels","8":"product_shipping_class-wheelset","10":"first","11":"onbackorder","12":"shipping-taxable","13":"purchasable","14":"product-type-variable"},"jetpack_sharing_enabled":true,"_links":{"self":[{"href":"https:\/\/crossrim.com\/es\/wp-json\/wp\/v2\/product\/680","targetHints":{"allow":["GET"]}}],"collection":[{"href":"https:\/\/crossrim.com\/es\/wp-json\/wp\/v2\/product"}],"about":[{"href":"https:\/\/crossrim.com\/es\/wp-json\/wp\/v2\/types\/product"}],"replies":[{"embeddable":true,"href":"https:\/\/crossrim.com\/es\/wp-json\/wp\/v2\/comments?post=680"}],"wp:featuredmedia":[{"embeddable":true,"href":"https:\/\/crossrim.com\/es\/wp-json\/wp\/v2\/media\/2079"}],"wp:attachment":[{"href":"https:\/\/crossrim.com\/es\/wp-json\/wp\/v2\/media?parent=680"}],"wp:term":[{"taxonomy":"product_brand","embeddable":true,"href":"https:\/\/crossrim.com\/es\/wp-json\/wp\/v2\/product_brand?post=680"},{"taxonomy":"product_cat","embeddable":true,"href":"https:\/\/crossrim.com\/es\/wp-json\/wp\/v2\/product_cat?post=680"},{"taxonomy":"product_tag","embeddable":true,"href":"https:\/\/crossrim.com\/es\/wp-json\/wp\/v2\/product_tag?post=680"}],"curies":[{"name":"wp","href":"https:\/\/api.w.org\/{rel}","templated":true}]}}