{"id":813,"date":"2025-08-20T14:16:25","date_gmt":"2025-08-20T14:16:25","guid":{"rendered":"https:\/\/crossrim.com\/?post_type=product&#038;p=813"},"modified":"2025-11-09T00:04:58","modified_gmt":"2025-11-09T00:04:58","slug":"%e3%80%90br-29w%e3%80%91cross-country-27-5er-carbon-wheelset-xc","status":"publish","type":"product","link":"https:\/\/crossrim.com\/es\/producto\/%e3%80%90br-29w%e3%80%91cross-country-27-5er-carbon-wheelset-xc\/","title":{"rendered":"\u3010BR-29w\u3011MTB (XC) Juego de ruedas 29ER Asim\u00e9trico"},"content":{"rendered":"<div class=\"flex flex-row w-full\" data-testid=\"message_content\" data-message-id=\"17122490265402882\">\n<div class=\"w-full\" data-plugin-identifier=\"Symbol(infra:receive-message-box:text)\">\n<div class=\"container-ZYIsnH flow-markdown-body theme-samantha-Nbr9UN\" dir=\"ltr\" data-testid=\"message_text_content\" data-show-indicator=\"false\">\n<div class=\"auto-hide-last-sibling-br paragraph-JOTKXA paragraph-element br-paragraph-space\">\n<h6 class=\"header-vfC6AV auto-hide-last-sibling-br\">Breeze Rise 29w Series Carbon Fiber Spoke Disc Brake Mountain Bike Wheelset<\/h6>\n<ul>\n<li>El juego de ruedas de fibra de carbono de la serie 29w equilibra ligereza, rigidez y durabilidad. Utiliza radios de acero para mejorar la rigidez lateral, ofreciendo una mayor gama de aplicaciones y siendo adecuada para XC (Cross-Country). Mientras tanto, proporciona dos opciones: llantas redondas y llantas XC, lo que le permite crear su juego de ruedas XC personalizado.<\/li>\n<li>Las llantas est\u00e1n fabricadas a mano con fibra de carbono Toray de alta calidad, con una anchura interior de 30 mm, una anchura exterior de 35 mm y una altura de 25 mm (22 mm-25 mm para llantas onduladas), lo que garantiza una gran compatibilidad con los neum\u00e1ticos. El dise\u00f1o asim\u00e9trico de la llanta equilibra la tensi\u00f3n y optimiza la distribuci\u00f3n de la fuerza, mejorando significativamente la estabilidad, rigidez, durabilidad y manejabilidad del juego de ruedas. Gracias a las materias primas de alta especificaci\u00f3n combinadas con un laminado de tejido de carbono preciso y cient\u00edfico, cada llanta pesa s\u00f3lo 340 g y es compatible tanto con cubiertas como con neum\u00e1ticos sin c\u00e1mara.<\/li>\n<li>Las llantas onduladas ofrecen una mayor rigidez y un cierto efecto aerodin\u00e1mico, y su aspecto es m\u00e1s est\u00e9tico y personalizado.<\/li>\n<\/ul>\n<p>1.Circular<\/p>\n<p><img fetchpriority=\"high\" decoding=\"async\" class=\"alignnone size-medium wp-image-1668\" src=\"https:\/\/crossrim.com\/wp-content\/uploads\/2025\/08\/29-B25-C35-28H-21-300x239.jpg\" alt=\"\" width=\"300\" height=\"239\" \/><\/p>\n<p>2. Onda<\/p>\n<p><img decoding=\"async\" class=\"alignnone wp-image-1669 size-large\" src=\"https:\/\/crossrim.com\/wp-content\/uploads\/2025\/08\/29-B25-C35-28H_011-1024x516.jpg\" alt=\"\" width=\"640\" height=\"323\" \/><\/p>\n<p>&nbsp;<\/p>\n<ul>\n<li>Los radios adoptan radios Alpina Utralite de tiro recto, que permiten una transmisi\u00f3n m\u00e1s directa de la fuerza y tienen una amplia compatibilidad. La configuraci\u00f3n de 28 radios para las ruedas delantera y trasera garantiza la m\u00e1xima resistencia.<\/li>\n<\/ul>\n<p><img decoding=\"async\" class=\"alignnone wp-image-1670 size-large\" src=\"https:\/\/crossrim.com\/wp-content\/uploads\/2025\/08\/ULTRALITE-1024x135.png\" alt=\"ULTRALITE\" width=\"640\" height=\"84\" srcset=\"https:\/\/crossrim.com\/wp-content\/uploads\/2025\/08\/ULTRALITE-1024x135.png 1024w, https:\/\/crossrim.com\/wp-content\/uploads\/2025\/08\/ULTRALITE-300x39.png 300w, https:\/\/crossrim.com\/wp-content\/uploads\/2025\/08\/ULTRALITE-768x101.png 768w, https:\/\/crossrim.com\/wp-content\/uploads\/2025\/08\/ULTRALITE-1536x202.png 1536w, https:\/\/crossrim.com\/wp-content\/uploads\/2025\/08\/ULTRALITE-600x79.png 600w, https:\/\/crossrim.com\/wp-content\/uploads\/2025\/08\/ULTRALITE-150x20.png 150w, https:\/\/crossrim.com\/wp-content\/uploads\/2025\/08\/ULTRALITE.png 1702w\" sizes=\"(max-width: 640px) 100vw, 640px\" \/><\/p>\n<ul>\n<li>El buje H-WORKS con estructura de trinquete planetario ofrece una capacidad de respuesta, durabilidad y suavidad extraordinarias. Es adecuado para situaciones de conducci\u00f3n de alta rotaci\u00f3n y viene con estructura de freno de disco de 6 pernos opcional y estructura de freno de disco de bloqueo central.<\/li>\n<\/ul>\n<p><img loading=\"lazy\" decoding=\"async\" class=\"wp-image-1938 size-large\" src=\"https:\/\/crossrim.com\/wp-content\/uploads\/2025\/10\/H-Works-M330-761x1024.jpg\" alt=\"H-Works- M330\" width=\"640\" height=\"861\" \/><\/p>\n<\/div>\n<\/div>\n<\/div>\n<\/div>","protected":false},"excerpt":{"rendered":"<p>Breeze Rise 29w Series Carbon Fiber Spoke Disc Brake Mountain Bike Wheelset The 29w series carbon fiber wheelset balances lightweight, rigidity, and durability. It uses steel spokes for better lateral stiffness, offering a wider range of applications and being suitable for XC (Cross-Country). Meanwhile, it provides two options: round rims and\u6ce2\u6d6a rims, allowing you to create your personalized XC wheelset. The rims are handcrafted from high-quality Toray carbon fiber, with an inner width of 30mm, an outer width of 35mm, and a height of 25mm (22mm-25mm for wavy rims), ensuring strong tire compatibility. The asymmetric rim design balances tension and optimizes force distribution, significantly enhancing the wheelset&#8217;s stability, rigidity, durability, and handling. Thanks to high-spec raw materials combined with precise and scientific carbon cloth lamination, each rim weighs only 340g and is compatible with both clincher tires and tubeless tires. Wavy rims offer better rigidity and a certain aerodynamic effect, and are more aesthetically pleasing and personalized in appearance. 1.Circular 2. Wave &nbsp; The spokes adopt Alpina Utralite straight-pull spokes, which enable more direct force transmission and have wide compatibility. The configuration of 28 spokes for both the front and rear wheels ensures maximum strength. The H-WORKS hub with a planetary ratchet structure boasts ultra-high responsiveness, durability, and smoothness. It is suitable for high-rotation riding scenarios and comes with optional 6-bolt disc brake structure and center-lock disc brake structure.<\/p>","protected":false},"featured_media":2087,"comment_status":"open","ping_status":"closed","template":"","meta":[],"product_brand":[],"product_cat":[33],"product_tag":[128],"class_list":{"0":"post-813","1":"product","2":"type-product","3":"status-publish","4":"has-post-thumbnail","6":"product_cat-mtb-wheelset","7":"product_tag-wheels","8":"product_shipping_class-wheelset","10":"first","11":"onbackorder","12":"shipping-taxable","13":"purchasable","14":"product-type-variable"},"jetpack_sharing_enabled":true,"_links":{"self":[{"href":"https:\/\/crossrim.com\/es\/wp-json\/wp\/v2\/product\/813","targetHints":{"allow":["GET"]}}],"collection":[{"href":"https:\/\/crossrim.com\/es\/wp-json\/wp\/v2\/product"}],"about":[{"href":"https:\/\/crossrim.com\/es\/wp-json\/wp\/v2\/types\/product"}],"replies":[{"embeddable":true,"href":"https:\/\/crossrim.com\/es\/wp-json\/wp\/v2\/comments?post=813"}],"wp:featuredmedia":[{"embeddable":true,"href":"https:\/\/crossrim.com\/es\/wp-json\/wp\/v2\/media\/2087"}],"wp:attachment":[{"href":"https:\/\/crossrim.com\/es\/wp-json\/wp\/v2\/media?parent=813"}],"wp:term":[{"taxonomy":"product_brand","embeddable":true,"href":"https:\/\/crossrim.com\/es\/wp-json\/wp\/v2\/product_brand?post=813"},{"taxonomy":"product_cat","embeddable":true,"href":"https:\/\/crossrim.com\/es\/wp-json\/wp\/v2\/product_cat?post=813"},{"taxonomy":"product_tag","embeddable":true,"href":"https:\/\/crossrim.com\/es\/wp-json\/wp\/v2\/product_tag?post=813"}],"curies":[{"name":"wp","href":"https:\/\/api.w.org\/{rel}","templated":true}]}}