{"id":815,"date":"2025-08-20T14:26:20","date_gmt":"2025-08-20T14:26:20","guid":{"rendered":"https:\/\/crossrim.com\/?post_type=product&#038;p=815"},"modified":"2025-11-09T00:04:58","modified_gmt":"2025-11-09T00:04:58","slug":"%e3%80%90br-29d%e3%80%91internal-width-28mm-29er-carbon-wheelset-xc-am","status":"publish","type":"product","link":"https:\/\/crossrim.com\/es\/producto\/%e3%80%90br-29d%e3%80%91internal-width-28mm-29er-carbon-wheelset-xc-am\/","title":{"rendered":"\u3010BR-29d\u3011MTB (XC\/AM) Juego de ruedas Ancho interno 28mm 29ER"},"content":{"rendered":"<div class=\"flex flex-row w-full\" data-testid=\"message_content\" data-message-id=\"17122490265402882\">\n<div class=\"w-full\" data-plugin-identifier=\"Symbol(infra:receive-message-box:text)\">\n<div class=\"container-ZYIsnH flow-markdown-body theme-samantha-Nbr9UN\" dir=\"ltr\" data-testid=\"message_text_content\" data-show-indicator=\"false\">\n<div class=\"auto-hide-last-sibling-br paragraph-JOTKXA paragraph-element br-paragraph-space\">\n<h6 class=\"header-vfC6AV auto-hide-last-sibling-br\">Breeze Rise 29d Series Carbon Fiber Spoke Disc Brake Mountain Bike Wheelset<\/h6>\n<ul>\n<li>El juego de ruedas de fibra de carbono de la serie 29d equilibra ligereza, rigidez y durabilidad. Utiliza radios de acero para mejorar la rigidez lateral, ofreciendo una gama de aplicaciones m\u00e1s amplia, apta para AM (All-Mountain) y XC (Cross-Country).<\/li>\n<li>Las llantas est\u00e1n fabricadas a mano con fibra de carbono Toray de alta calidad, con una anchura interior de 28 mm y una anchura exterior de 35 mm, lo que garantiza una gran compatibilidad con los neum\u00e1ticos. La estructura de la llanta, de dise\u00f1o sim\u00e9trico, es m\u00e1s sencilla y se caracteriza por su gran compatibilidad, f\u00e1cil mantenimiento y gran versatilidad. Gracias a las materias primas de alta especificaci\u00f3n combinadas con la laminaci\u00f3n precisa y cient\u00edfica del tejido de carbono, cada llanta pesa s\u00f3lo 385 g y es compatible tanto con cubiertas como con neum\u00e1ticos sin c\u00e1mara.<\/li>\n<\/ul>\n<p><img decoding=\"async\" class=\"alignnone wp-image-1682 size-medium\" src=\"https:\/\/crossrim.com\/wp-content\/uploads\/2025\/08\/29H25C35Z-\u8f6e\u5708\u4fe1\u606f_011-300x152.jpg\" alt=\"3525\" width=\"300\" height=\"152\" \/><\/p>\n<ul>\n<li>\n<div class=\"inter-jQQQ8P\">\n<div class=\"container-PrUkKo\">\n<div class=\"item-hGGxLi\">\n<div class=\"container-arOxqB chrome70-container\">\n<div class=\"inner-FyM8gE inner-item-f8P6nx\" data-target-id=\"message-box-target-id\" data-testid=\"union_message\">\n<div class=\"message-block-container-aFugD6\" data-testid=\"message-block-container\" data-ui-version=\"samantha\">\n<div class=\"flex flex-row w-full w-full max-w-full s-font-base text-s-color-text-secondary p-0 rounded-s-radius-s bg-transparent group data-[attr=select-mode]:-mt-10 data-[attr=select-mode]:py-10 data-[attr=select-mode]:px-16 data-[attr=select-mode]:sm:p-10 data-[attr=select-mode]:hover:bg-s-color-bg-base data-[attr=select-mode]:hover:rounded-s-radius-xs data-[attr=select-mode]:has-[:checked]:bg-s-color-bg-trans data-[attr=select-mode]:has-[:checked]:rounded-s-radius-xs data-[attr=select-mode]:pointer-events-none\" data-testid=\"receive_message\">\n<div class=\"flex flex-col flex-grow max-w-full min-w-0\">\n<div class=\"flex-row flex w-full\" data-testid=\"message_content\" data-message-id=\"27630588083672322\">\n<div class=\"w-full\" data-plugin-identifier=\"Symbol(infra:receive-message-box:text)\">\n<div class=\"container-ZYIsnH flow-markdown-body mdbox-theme-next theme-samantha-Nbr9UN\" dir=\"ltr\" data-testid=\"message_text_content\" data-show-indicator=\"false\">\n<div class=\"auto-hide-last-sibling-br paragraph-JOTKXA paragraph-element br-paragraph-space\">La versi\u00f3n AM utiliza radios Alpina Ultralite en forma de J<span style=\"letter-spacing: 0px;\">, que se caracterizan por un excelente rendimiento y una amplia compatibilidad, junto con un cierto nivel de comodidad. Los 32 radios delanteros y los 32 traseros proporcionan la m\u00e1xima resistencia.<\/span><\/div>\n<\/div>\n<\/div>\n<\/div>\n<\/div>\n<\/div>\n<\/div>\n<\/div>\n<\/div>\n<\/div>\n<\/div>\n<\/div>\n<\/li>\n<\/ul>\n<p><img fetchpriority=\"high\" decoding=\"async\" class=\"alignnone wp-image-1667 size-large\" src=\"https:\/\/crossrim.com\/wp-content\/uploads\/2025\/08\/ULTRALITE-J-1024x145.png\" alt=\"ULTRALITE J\" width=\"640\" height=\"91\" srcset=\"https:\/\/crossrim.com\/wp-content\/uploads\/2025\/08\/ULTRALITE-J-1024x145.png 1024w, https:\/\/crossrim.com\/wp-content\/uploads\/2025\/08\/ULTRALITE-J-300x42.png 300w, https:\/\/crossrim.com\/wp-content\/uploads\/2025\/08\/ULTRALITE-J-768x109.png 768w, https:\/\/crossrim.com\/wp-content\/uploads\/2025\/08\/ULTRALITE-J-1536x217.png 1536w, https:\/\/crossrim.com\/wp-content\/uploads\/2025\/08\/ULTRALITE-J-600x85.png 600w, https:\/\/crossrim.com\/wp-content\/uploads\/2025\/08\/ULTRALITE-J-150x21.png 150w, https:\/\/crossrim.com\/wp-content\/uploads\/2025\/08\/ULTRALITE-J.png 1726w\" sizes=\"(max-width: 640px) 100vw, 640px\" \/><\/p>\n<ul>\n<li>La versi\u00f3n XC adopta radios Alpina Ultralite de tiro recto, que permiten una transmisi\u00f3n m\u00e1s directa de la fuerza y ofrecen una amplia compatibilidad. Tanto la rueda delantera como la trasera est\u00e1n configuradas con 28 radios, lo que garantiza la m\u00e1xima resistencia.<\/li>\n<\/ul>\n<\/div>\n<p><img decoding=\"async\" class=\"wp-image-1670 size-large\" src=\"https:\/\/crossrim.com\/wp-content\/uploads\/2025\/08\/ULTRALITE-1024x135.png\" alt=\"ULTRALITE\" width=\"640\" height=\"84\" srcset=\"https:\/\/crossrim.com\/wp-content\/uploads\/2025\/08\/ULTRALITE-1024x135.png 1024w, https:\/\/crossrim.com\/wp-content\/uploads\/2025\/08\/ULTRALITE-300x39.png 300w, https:\/\/crossrim.com\/wp-content\/uploads\/2025\/08\/ULTRALITE-768x101.png 768w, https:\/\/crossrim.com\/wp-content\/uploads\/2025\/08\/ULTRALITE-1536x202.png 1536w, https:\/\/crossrim.com\/wp-content\/uploads\/2025\/08\/ULTRALITE-600x79.png 600w, https:\/\/crossrim.com\/wp-content\/uploads\/2025\/08\/ULTRALITE-150x20.png 150w, https:\/\/crossrim.com\/wp-content\/uploads\/2025\/08\/ULTRALITE.png 1702w\" sizes=\"(max-width: 640px) 100vw, 640px\" \/><\/p>\n<div class=\"auto-hide-last-sibling-br paragraph-JOTKXA paragraph-element br-paragraph-space\">\n<ul>\n<li>El buje H-WORKS con estructura de trinquete planetario cuenta con una capacidad de respuesta, durabilidad y suavidad ultrarr\u00e1pidas. Es adecuado para situaciones de conducci\u00f3n de alta rotaci\u00f3n y ofrece opciones de estructura de freno de disco de 6 pernos y estructura de freno de disco de bloqueo central.<\/li>\n<\/ul>\n<figure id=\"attachment_1939\" aria-describedby=\"caption-attachment-1939\" style=\"width: 450px\" class=\"wp-caption alignnone\"><img loading=\"lazy\" decoding=\"async\" class=\"wp-image-1939\" src=\"https:\/\/crossrim.com\/wp-content\/uploads\/2025\/10\/H-Works-M340-6B-768x1024.jpg\" alt=\"H-Works- M340-6B\" width=\"450\" height=\"600\" \/><figcaption id=\"caption-attachment-1939\" class=\"wp-caption-text\">(AM)<\/figcaption><\/figure>\n<\/div>\n<div>\n<figure id=\"attachment_1938\" aria-describedby=\"caption-attachment-1938\" style=\"width: 446px\" class=\"wp-caption alignnone\"><img loading=\"lazy\" decoding=\"async\" class=\"wp-image-1938\" src=\"https:\/\/crossrim.com\/wp-content\/uploads\/2025\/10\/H-Works-M330-761x1024.jpg\" alt=\"H-Works- M330\" width=\"446\" height=\"600\" \/><figcaption id=\"caption-attachment-1938\" class=\"wp-caption-text\">(XC)<\/figcaption><\/figure>\n<\/div>\n<\/div>\n<\/div>\n<\/div>","protected":false},"excerpt":{"rendered":"<p>Breeze Rise 29d Series Carbon Fiber Spoke Disc Brake Mountain Bike Wheelset The 29d series carbon fiber wheelset balances lightweight, rigidity, and durability. It uses steel spokes for better lateral stiffness, offering a wider range of applications, suitable for AM (All-Mountain) and XC (Cross-Country) riding. The rims are handcrafted from high-quality Toray carbon fiber, with an inner width of 28mm and an outer width of 35mm, ensuring strong tire compatibility. The symmetrically designed rim structure is simpler, featuring high compatibility, easy maintenance, and great versatility. Thanks to high-spec raw materials combined with precise and scientific carbon cloth lamination, each rim weighs only 385g and is compatible with both clincher tires and tubeless tires. The AM version uses Alpina Ultralite J-shaped spokes, which feature excellent performance and wide compatibility, along with a certain level of comfort. The 32 spokes at the front and 32 at the rear provide maximum strength. The XC version adopts Alpina Ultralite straight-pull spokes, which enable more direct force transmission and offer wide compatibility. Both the front and rear wheels are configured with 28 spokes, ensuring maximum strength. The H-WORKS hub with a planetary ratchet planetary ratchet structure boasts ultra-high responsiveness, durability, and smoothness. It is suitable for high-rotation riding scenarios and offers options of 6-bolt disc brake structure and center-lock disc brake structure.<\/p>","protected":false},"featured_media":2094,"comment_status":"open","ping_status":"closed","template":"","meta":[],"product_brand":[],"product_cat":[33],"product_tag":[128],"class_list":{"0":"post-815","1":"product","2":"type-product","3":"status-publish","4":"has-post-thumbnail","6":"product_cat-mtb-wheelset","7":"product_tag-wheels","8":"product_shipping_class-wheelset","10":"first","11":"onbackorder","12":"shipping-taxable","13":"purchasable","14":"product-type-variable"},"jetpack_sharing_enabled":true,"_links":{"self":[{"href":"https:\/\/crossrim.com\/es\/wp-json\/wp\/v2\/product\/815","targetHints":{"allow":["GET"]}}],"collection":[{"href":"https:\/\/crossrim.com\/es\/wp-json\/wp\/v2\/product"}],"about":[{"href":"https:\/\/crossrim.com\/es\/wp-json\/wp\/v2\/types\/product"}],"replies":[{"embeddable":true,"href":"https:\/\/crossrim.com\/es\/wp-json\/wp\/v2\/comments?post=815"}],"wp:featuredmedia":[{"embeddable":true,"href":"https:\/\/crossrim.com\/es\/wp-json\/wp\/v2\/media\/2094"}],"wp:attachment":[{"href":"https:\/\/crossrim.com\/es\/wp-json\/wp\/v2\/media?parent=815"}],"wp:term":[{"taxonomy":"product_brand","embeddable":true,"href":"https:\/\/crossrim.com\/es\/wp-json\/wp\/v2\/product_brand?post=815"},{"taxonomy":"product_cat","embeddable":true,"href":"https:\/\/crossrim.com\/es\/wp-json\/wp\/v2\/product_cat?post=815"},{"taxonomy":"product_tag","embeddable":true,"href":"https:\/\/crossrim.com\/es\/wp-json\/wp\/v2\/product_tag?post=815"}],"curies":[{"name":"wp","href":"https:\/\/api.w.org\/{rel}","templated":true}]}}