{"id":17,"date":"2025-08-14T01:20:59","date_gmt":"2025-08-14T01:20:59","guid":{"rendered":"https:\/\/green-penguin-944113.hostingersite.com\/?page_id=17"},"modified":"2025-10-24T09:25:54","modified_gmt":"2025-10-24T09:25:54","slug":"faqs","status":"publish","type":"page","link":"https:\/\/crossrim.com\/fr\/faqs\/","title":{"rendered":"FAQ"},"content":{"rendered":"<div data-elementor-type=\"wp-page\" data-elementor-id=\"17\" class=\"elementor elementor-17\" data-elementor-post-type=\"page\">\n\t\t\t\t<div class=\"elementor-element elementor-element-0bb65df e-flex e-con-boxed e-con e-parent\" data-id=\"0bb65df\" data-element_type=\"container\" data-e-type=\"container\" data-settings=\"{&quot;background_background&quot;:&quot;classic&quot;}\">\n\t\t\t\t\t<div class=\"e-con-inner\">\n\t\t\t\t<div class=\"elementor-element elementor-element-504b60c elementor-widget elementor-widget-heading\" data-id=\"504b60c\" data-element_type=\"widget\" data-e-type=\"widget\" data-widget_type=\"heading.default\">\n\t\t\t\t\t<h2 class=\"elementor-heading-title elementor-size-default\">Questions fr\u00e9quemment pos\u00e9es<\/h2>\t\t\t\t<\/div>\n\t\t\t\t\t<\/div>\n\t\t\t\t<\/div>\n\t\t<div class=\"elementor-element elementor-element-761f580 e-flex e-con-boxed e-con e-parent\" data-id=\"761f580\" data-element_type=\"container\" data-e-type=\"container\">\n\t\t\t\t\t<div class=\"e-con-inner\">\n\t\t\t\t<div class=\"elementor-element elementor-element-0506831 minimog-accordion-style-02 elementor-widget elementor-widget-tm-accordion\" data-id=\"0506831\" data-element_type=\"widget\" data-e-type=\"widget\" data-settings=\"{&quot;active_first_item&quot;:&quot;1&quot;}\" data-widget_type=\"tm-accordion.default\">\n\t\t\t\t<div class=\"elementor-widget-container\">\n\t\t\t\t\t\t\t<div class=\"minimog-accordion minimog-accordion-icon-right\" data-multi-open=\"1\">\n\t\t\t\t\t\t\t<div class=\"accordion-section active\">\n\t\t\t\t\t<div class=\"accordion-header\">\n\t\t\t\t\t\t<div class=\"accordion-title-wrapper\">\n\t\t\t\t\t\t\t<h6 class=\"accordion-title\">Quels sont les d\u00e9lais respectifs de personnalisation, de production, d'exp\u00e9dition et de livraison ?<\/h6>\t\t\t\t\t\t<\/div>\n\t\t\t\t\t\t\t\t\t\t\t\t\t<div class=\"accordion-icons\">\n\t\t\t\t\t\t\t\t<span\n\t\t\t\t\t\t\t\t\tclass=\"accordion-icon opened-icon\"><i class=\"far fa-angle-down\"><\/i><\/span>\n\t\t\t\t\t\t\t\t<span\n\t\t\t\t\t\t\t\t\tclass=\"accordion-icon closed-icon\"><i class=\"far fa-angle-up\"><\/i><\/span>\n\t\t\t\t\t\t\t<\/div>\n\t\t\t\t\t\t\t\t\t\t\t<\/div>\n\t\t\t\t\t<div class=\"accordion-content\">\n\t\t\t\t\t\t<p>Nos jeux de roues et nos jantes sont des produits sur mesure. Il faut compter environ 20 jours entre le moment o\u00f9 vous confirmez votre commande et l'ach\u00e8vement de la production et de l'exp\u00e9dition. Si nos produits en stock correspondent exactement \u00e0 la configuration de votre commande, nous les exp\u00e9dions dans les 3 jours ouvrables. Le d\u00e9lai de livraison varie en fonction de l'adresse de livraison : UPS prend g\u00e9n\u00e9ralement de 4 \u00e0 9 jours ouvrables, et DPD (Duty-Paid Door-to-Door) de 15 \u00e0 25 jours.<\/p>\t\t\t\t\t<\/div>\n\t\t\t\t<\/div>\n\t\t\t\t\t\t\t<div class=\"accordion-section\">\n\t\t\t\t\t<div class=\"accordion-header\">\n\t\t\t\t\t\t<div class=\"accordion-title-wrapper\">\n\t\t\t\t\t\t\t<h6 class=\"accordion-title\">M\u00e9thodes de livraison<\/h6>\t\t\t\t\t\t<\/div>\n\t\t\t\t\t\t\t\t\t\t\t\t\t<div class=\"accordion-icons\">\n\t\t\t\t\t\t\t\t<span\n\t\t\t\t\t\t\t\t\tclass=\"accordion-icon opened-icon\"><i class=\"far fa-angle-down\"><\/i><\/span>\n\t\t\t\t\t\t\t\t<span\n\t\t\t\t\t\t\t\t\tclass=\"accordion-icon closed-icon\"><i class=\"far fa-angle-up\"><\/i><\/span>\n\t\t\t\t\t\t\t<\/div>\n\t\t\t\t\t\t\t\t\t\t\t<\/div>\n\t\t\t\t\t<div class=\"accordion-content\">\n\t\t\t\t\t\t<div class=\"auto-hide-last-sibling-br paragraph-JOTKXA paragraph-element br-paragraph-space\">Nous proposons au moins une m\u00e9thode d'exp\u00e9dition :<\/div><ol class=\"auto-hide-last-sibling-br\"><li>Livraison par des services de messagerie, tels que UPS. Cette option offre une vitesse relativement rapide, mais les destinataires doivent coop\u00e9rer avec les services de d\u00e9douanement et payer les taxes\/droits de douane.<\/li><li>Pour certaines r\u00e9gions, il est possible de se faire livrer par DPD avec des taxes\/droits pr\u00e9pay\u00e9s, ce qui permet une livraison directe de porte \u00e0 porte.<\/li><\/ol>\t\t\t\t\t<\/div>\n\t\t\t\t<\/div>\n\t\t\t\t\t\t\t<div class=\"accordion-section\">\n\t\t\t\t\t<div class=\"accordion-header\">\n\t\t\t\t\t\t<div class=\"accordion-title-wrapper\">\n\t\t\t\t\t\t\t<h6 class=\"accordion-title\">Concernant notre politique de service apr\u00e8s-vente<\/h6>\t\t\t\t\t\t<\/div>\n\t\t\t\t\t\t\t\t\t\t\t\t\t<div class=\"accordion-icons\">\n\t\t\t\t\t\t\t\t<span\n\t\t\t\t\t\t\t\t\tclass=\"accordion-icon opened-icon\"><i class=\"far fa-angle-down\"><\/i><\/span>\n\t\t\t\t\t\t\t\t<span\n\t\t\t\t\t\t\t\t\tclass=\"accordion-icon closed-icon\"><i class=\"far fa-angle-up\"><\/i><\/span>\n\t\t\t\t\t\t\t<\/div>\n\t\t\t\t\t\t\t\t\t\t\t<\/div>\n\t\t\t\t\t<div class=\"accordion-content\">\n\t\t\t\t\t\t<p>Nos jeux de roues b\u00e9n\u00e9ficient d'une garantie de 3 ans. Veuillez lire notre \u201c<a href=\"https:\/\/crossrim.com\/fr\/service-policy\/\">Politique de service<\/a>\u201davant d'effectuer un achat.<\/p>\t\t\t\t\t<\/div>\n\t\t\t\t<\/div>\n\t\t\t\t\t\t\t<div class=\"accordion-section\">\n\t\t\t\t\t<div class=\"accordion-header\">\n\t\t\t\t\t\t<div class=\"accordion-title-wrapper\">\n\t\t\t\t\t\t\t<h6 class=\"accordion-title\">Comment choisir un jeu de roues qui me convienne ?<\/h6>\t\t\t\t\t\t<\/div>\n\t\t\t\t\t\t\t\t\t\t\t\t\t<div class=\"accordion-icons\">\n\t\t\t\t\t\t\t\t<span\n\t\t\t\t\t\t\t\t\tclass=\"accordion-icon opened-icon\"><i class=\"far fa-angle-down\"><\/i><\/span>\n\t\t\t\t\t\t\t\t<span\n\t\t\t\t\t\t\t\t\tclass=\"accordion-icon closed-icon\"><i class=\"far fa-angle-up\"><\/i><\/span>\n\t\t\t\t\t\t\t<\/div>\n\t\t\t\t\t\t\t\t\t\t\t<\/div>\n\t\t\t\t\t<div class=\"accordion-content\">\n\t\t\t\t\t\t<p>Tout d'abord, clarifiez vos besoins r\u00e9els et votre budget - en outre, les pr\u00e9f\u00e9rences personnelles sont les plus importantes. Vous pouvez nous contacter par diff\u00e9rents moyens et notre \u00e9quipe de service client\u00e8le fera de son mieux pour vous aider.<\/p>\t\t\t\t\t<\/div>\n\t\t\t\t<\/div>\n\t\t\t\t\t\t\t<div class=\"accordion-section\">\n\t\t\t\t\t<div class=\"accordion-header\">\n\t\t\t\t\t\t<div class=\"accordion-title-wrapper\">\n\t\t\t\t\t\t\t<h6 class=\"accordion-title\">Comment choisir entre des rayons en carbone et des rayons en acier ?<\/h6>\t\t\t\t\t\t<\/div>\n\t\t\t\t\t\t\t\t\t\t\t\t\t<div class=\"accordion-icons\">\n\t\t\t\t\t\t\t\t<span\n\t\t\t\t\t\t\t\t\tclass=\"accordion-icon opened-icon\"><i class=\"far fa-angle-down\"><\/i><\/span>\n\t\t\t\t\t\t\t\t<span\n\t\t\t\t\t\t\t\t\tclass=\"accordion-icon closed-icon\"><i class=\"far fa-angle-up\"><\/i><\/span>\n\t\t\t\t\t\t\t<\/div>\n\t\t\t\t\t\t\t\t\t\t\t<\/div>\n\t\t\t\t\t<div class=\"accordion-content\">\n\t\t\t\t\t\t<p>si vous privil\u00e9giez la rentabilit\u00e9 et le confort. Pour plus de d\u00e9tails, veuillez consulter notre blog intitul\u00e9 \u300a<a href=\"https:\/\/crossrim.com\/fr\/carbon-fiber-vs-steel-spokes-a-detailed-comparison-by-crossrim\/\">Rayons en fibre de carbone ou en acier<\/a>\u300b.<\/p>\t\t\t\t\t<\/div>\n\t\t\t\t<\/div>\n\t\t\t\t\t\t\t<div class=\"accordion-section\">\n\t\t\t\t\t<div class=\"accordion-header\">\n\t\t\t\t\t\t<div class=\"accordion-title-wrapper\">\n\t\t\t\t\t\t\t<h6 class=\"accordion-title\">Comment choisir la profondeur de la jante ?<\/h6>\t\t\t\t\t\t<\/div>\n\t\t\t\t\t\t\t\t\t\t\t\t\t<div class=\"accordion-icons\">\n\t\t\t\t\t\t\t\t<span\n\t\t\t\t\t\t\t\t\tclass=\"accordion-icon opened-icon\"><i class=\"far fa-angle-down\"><\/i><\/span>\n\t\t\t\t\t\t\t\t<span\n\t\t\t\t\t\t\t\t\tclass=\"accordion-icon closed-icon\"><i class=\"far fa-angle-up\"><\/i><\/span>\n\t\t\t\t\t\t\t<\/div>\n\t\t\t\t\t\t\t\t\t\t\t<\/div>\n\t\t\t\t\t<div class=\"accordion-content\">\n\t\t\t\t\t\t<p>D'une mani\u00e8re g\u00e9n\u00e9rale : Pour les routes plates ou si vous recherchez l'a\u00e9rodynamisme, choisissez une jante \u00e0 profil haut (50 mm ou plus) ; pour grimper ou si la l\u00e9g\u00e8ret\u00e9 est une priorit\u00e9, choisissez une jante \u00e0 profil bas (moins de 35 mm) ; pour toutes les conditions de route, choisissez une jante \u00e0 profil moyen (40-50 mm).<\/p>\t\t\t\t\t<\/div>\n\t\t\t\t<\/div>\n\t\t\t\t\t\t\t<div class=\"accordion-section\">\n\t\t\t\t\t<div class=\"accordion-header\">\n\t\t\t\t\t\t<div class=\"accordion-title-wrapper\">\n\t\t\t\t\t\t\t<h6 class=\"accordion-title\">Quelles sont les options disponibles pour la finition de la jante de CROSSRIM ?<\/h6>\t\t\t\t\t\t<\/div>\n\t\t\t\t\t\t\t\t\t\t\t\t\t<div class=\"accordion-icons\">\n\t\t\t\t\t\t\t\t<span\n\t\t\t\t\t\t\t\t\tclass=\"accordion-icon opened-icon\"><i class=\"far fa-angle-down\"><\/i><\/span>\n\t\t\t\t\t\t\t\t<span\n\t\t\t\t\t\t\t\t\tclass=\"accordion-icon closed-icon\"><i class=\"far fa-angle-up\"><\/i><\/span>\n\t\t\t\t\t\t\t<\/div>\n\t\t\t\t\t\t\t\t\t\t\t<\/div>\n\t\t\t\t\t<div class=\"accordion-content\">\n\t\t\t\t\t\t<div class=\"auto-hide-last-sibling-br paragraph-JOTKXA paragraph-element br-paragraph-space\" data-cici-select-uid=\"7edb5c9d-c6c0-43ec-ae8e-059a6781a59d\">Nous recommandons d'utiliser la finition UD, qui non seulement met en valeur la texture naturelle de la fibre de carbone, mais n'ajoute pas de poids suppl\u00e9mentaire et s'accorde bien avec diff\u00e9rents styles. En outre, des options telles que 3K, 12K et la texture marbr\u00e9e sont disponibles, moyennant un suppl\u00e9ment de prix.<\/div>\t\t\t\t\t<\/div>\n\t\t\t\t<\/div>\n\t\t\t\t\t<\/div>\n\t\t\t\t\t\t<\/div>\n\t\t\t\t<\/div>\n\t\t\t\t\t<\/div>\n\t\t\t\t<\/div>\n\t\t\t\t<\/div>","protected":false},"excerpt":{"rendered":"<p>Frequently Asked Questions What are the respective timeframes for customization, production, shipment, and delivery? Both our wheel sets and rims are custom-made products. It takes approximately 20 days from the time you confirm your order to the completion of production and shipment. If our in-stock products happen to match the configuration of your order exactly, we will ship them within 3 working days. The delivery time varies depending on your delivery address: UPS typically takes 4-9 working days, and DPD (Duty-Paid Door-to-Door) usually takes 15-25 days. Delivery Methods We provide at least one shipping method: Delivery via courier services, such as UPS. This option offers relatively fast speed, but recipients need to cooperate with customs clearance and pay taxes\/duties. For certain regions, delivery via DPD with prepaid taxes\/duties is available, which enables direct door-to-door delivery. Regarding Our After-Sales Policy Our wheel set products come with a 3-year warranty. Please read our &#8220;Service Policy&#8221; page in detail before making a purchase. How should I choose a wheel set that suits me? First, clarify your actual needs and budget\u2014additionally, personal preference matters most. You can contact us through various channels, and our customer service team will do their best to assist you. How to choose between carbon spokes and steel spokes? if you prioritize cost-effectiveness and comfort. For details, please check our blog titled \u300aCarbon Fiber vs. Steel Spokes\u300b. How to choose the wheel rim depth? Generally speaking: For flat roads or if you pursue aerodynamics, choose a high-profile rim (50mm+); for climbing or if lightweight is a priority, choose a low-profile rim (below 35mm); for all-around road conditions, choose a mid-profile rim (40-50mm). What are the available options for the rim finish of CROSSRIM? We recommend using the UD finish, which not only showcases the natural texture of carbon fiber but also adds no extra weight and matches well with various styles. Additionally, options such as 3K, 12K, and marble texture are available, though they require an additional fee.<\/p>","protected":false},"author":1,"featured_media":0,"parent":0,"menu_order":0,"comment_status":"closed","ping_status":"closed","template":"","meta":{"footnotes":""},"class_list":["post-17","page","type-page","status-publish","hentry","post-no-thumbnail"],"jetpack_sharing_enabled":true,"_links":{"self":[{"href":"https:\/\/crossrim.com\/fr\/wp-json\/wp\/v2\/pages\/17","targetHints":{"allow":["GET"]}}],"collection":[{"href":"https:\/\/crossrim.com\/fr\/wp-json\/wp\/v2\/pages"}],"about":[{"href":"https:\/\/crossrim.com\/fr\/wp-json\/wp\/v2\/types\/page"}],"author":[{"embeddable":true,"href":"https:\/\/crossrim.com\/fr\/wp-json\/wp\/v2\/users\/1"}],"replies":[{"embeddable":true,"href":"https:\/\/crossrim.com\/fr\/wp-json\/wp\/v2\/comments?post=17"}],"version-history":[{"count":31,"href":"https:\/\/crossrim.com\/fr\/wp-json\/wp\/v2\/pages\/17\/revisions"}],"predecessor-version":[{"id":1915,"href":"https:\/\/crossrim.com\/fr\/wp-json\/wp\/v2\/pages\/17\/revisions\/1915"}],"wp:attachment":[{"href":"https:\/\/crossrim.com\/fr\/wp-json\/wp\/v2\/media?parent=17"}],"curies":[{"name":"wp","href":"https:\/\/api.w.org\/{rel}","templated":true}]}}