{"id":1129,"date":"2025-08-24T08:55:21","date_gmt":"2025-08-24T08:55:21","guid":{"rendered":"https:\/\/crossrim.com\/?post_type=product&#038;p=1129"},"modified":"2025-11-18T06:09:55","modified_gmt":"2025-11-18T06:09:55","slug":"road-bike-wavy-rim-internal-width-21mm","status":"publish","type":"product","link":"https:\/\/crossrim.com\/fr\/produit\/road-bike-wavy-rim-internal-width-21mm\/","title":{"rendered":"Jantes ondul\u00e9es pour v\u00e9lo de route Largeur ext\u00e9rieure 28mm"},"content":{"rendered":"<h6>Jantes ondul\u00e9es pour v\u00e9lo de route Largeur ext\u00e9rieure 28mm<\/h6>\n<ul>\n<li><strong>Possibilit\u00e9 de personnaliser les finitions<\/strong>: UD, 3K, 12K, finition marbre, ou autres finitions qui vous sont famili\u00e8res. N'oubliez pas de laisser vos exigences et vos coordonn\u00e9es lorsque vous passez une commande.<\/li>\n<li><strong>Mat\u00e9riau de la jante<\/strong>: Fabriqu\u00e9 en fibre de carbone Toray T700 + T800 \u00e0 haut module.<\/li>\n<li><strong>Profondeurs de jantes optionnelles<\/strong>Les dimensions sont les suivantes : 25mm - 88mm (plusieurs options disponibles).<\/li>\n<li><strong>Compatibilit\u00e9 des pneus<\/strong>: Fonctionne aussi bien avec les pneus tubeless qu'avec les pneus \u00e0 chambre \u00e0 air.<\/li>\n<li><strong>Versions du produit<\/strong>: Seule la version la plus l\u00e9g\u00e8re est pr\u00e9sent\u00e9e dans le magasin ; il existe \u00e9galement des versions plus lourdes et plus \u00e9conomiques. Contactez-nous pour l'achat si n\u00e9cessaire.<\/li>\n<li><strong>Personnalisation et distribution en vrac<\/strong>: Pour une personnalisation en masse ou pour devenir distributeur, veuillez vous r\u00e9f\u00e9rer \u00e0 la page OEM.<\/li>\n<\/ul>\n<p>&nbsp;<\/p>\n<h6>Jantes de v\u00e9lo de route Profondeur 45mm- 60mm<\/h6>\n<table width=\"1107\">\n<tbody>\n<tr>\n<td width=\"189\">Mod\u00e8le<\/td>\n<td width=\"459\">CRB2850<\/td>\n<td width=\"459\">CRB2860<\/td>\n<\/tr>\n<tr>\n<td width=\"189\">Type de pneu<\/td>\n<td>Tubeless\/Clincher<\/td>\n<td>Tubeless\/Clincher<\/td>\n<\/tr>\n<tr>\n<td width=\"189\">Type de frein<\/td>\n<td>Frein \u00e0 disque<\/td>\n<td>Frein \u00e0 disque<\/td>\n<\/tr>\n<tr>\n<td>Poids\/g<\/td>\n<td>430<\/td>\n<td>490<\/td>\n<\/tr>\n<tr>\n<td>Taille<\/td>\n<td>700C<\/td>\n<td>700C<\/td>\n<\/tr>\n<tr>\n<td>Largeur<\/td>\n<td>28 mm<\/td>\n<td>28 mm<\/td>\n<\/tr>\n<tr>\n<td>Profondeur<\/td>\n<td>45mm-50mm<\/td>\n<td>55mm-60mm<\/td>\n<\/tr>\n<\/tbody>\n<\/table>","protected":false},"excerpt":{"rendered":"<p>Road Bike Wavy Rims Outer Width 28mm Finish Customization Available: UD, 3K, 12K, marble finish, or other finishes you are familiar with. Please note to leave your requirements and contact information when placing an order. Rim Material: Constructed from Toray T700 + T800 high-modulus carbon fiber. Optional Rim Depths: 25mm &#8211; 88mm (multiple options available). Tire Compatibility: Works with both tubeless tires and clincher tires. Product Versions: Only the lightest version is displayed in the store; there are also heavier and more cost-effective versions available. Contact us for purchase if needed. Bulk Customization &amp; Distribution: For bulk customization or becoming a distributor, please refer to the OEM page. &nbsp; Road Bike Rims Depth 45mm- 60mm Model CRB2850 CRB2860 Tire Type Tubeless\/Clincher Tubeless\/Clincher Brake Type Disc Brake Disc Brake Weight\/g 430 490 Size 700C 700C Width 28mm 28mm Depth 45mm-50mm 55mm-60mm<\/p>","protected":false},"featured_media":1760,"comment_status":"open","ping_status":"closed","template":"","meta":[],"product_brand":[],"product_cat":[53],"product_tag":[127],"class_list":{"0":"post-1129","1":"product","2":"type-product","3":"status-publish","4":"has-post-thumbnail","6":"product_cat-outer-width-26mm-road-rim","7":"product_tag-accessories","8":"product_shipping_class-rim","10":"first","11":"onbackorder","12":"shipping-taxable","13":"purchasable","14":"product-type-variable"},"jetpack_sharing_enabled":true,"_links":{"self":[{"href":"https:\/\/crossrim.com\/fr\/wp-json\/wp\/v2\/product\/1129","targetHints":{"allow":["GET"]}}],"collection":[{"href":"https:\/\/crossrim.com\/fr\/wp-json\/wp\/v2\/product"}],"about":[{"href":"https:\/\/crossrim.com\/fr\/wp-json\/wp\/v2\/types\/product"}],"replies":[{"embeddable":true,"href":"https:\/\/crossrim.com\/fr\/wp-json\/wp\/v2\/comments?post=1129"}],"wp:featuredmedia":[{"embeddable":true,"href":"https:\/\/crossrim.com\/fr\/wp-json\/wp\/v2\/media\/1760"}],"wp:attachment":[{"href":"https:\/\/crossrim.com\/fr\/wp-json\/wp\/v2\/media?parent=1129"}],"wp:term":[{"taxonomy":"product_brand","embeddable":true,"href":"https:\/\/crossrim.com\/fr\/wp-json\/wp\/v2\/product_brand?post=1129"},{"taxonomy":"product_cat","embeddable":true,"href":"https:\/\/crossrim.com\/fr\/wp-json\/wp\/v2\/product_cat?post=1129"},{"taxonomy":"product_tag","embeddable":true,"href":"https:\/\/crossrim.com\/fr\/wp-json\/wp\/v2\/product_tag?post=1129"}],"curies":[{"name":"wp","href":"https:\/\/api.w.org\/{rel}","templated":true}]}}