{"id":1136,"date":"2025-08-24T09:37:48","date_gmt":"2025-08-24T09:37:48","guid":{"rendered":"https:\/\/crossrim.com\/?post_type=product&#038;p=1136"},"modified":"2025-11-09T00:04:58","modified_gmt":"2025-11-09T00:04:58","slug":"gravel-all-road-bike-rim-external-width-36mm","status":"publish","type":"product","link":"https:\/\/crossrim.com\/fr\/produit\/gravel-all-road-bike-rim-external-width-36mm\/","title":{"rendered":"Jantes pour v\u00e9los Gravel \/ All Road Largeur ext\u00e9rieure 36mm"},"content":{"rendered":"<h6>Jantes pour v\u00e9los Gravel \/ All Road Largeur ext\u00e9rieure 36mm<\/h6>\n<ul>\n<li><strong>Finitions personnalisables<\/strong>: UD, 3K, 12K, finition marbre, ou autres finitions que vous avez en t\u00eate. N'oubliez pas de nous communiquer vos besoins et vos coordonn\u00e9es lors de votre commande.<\/li>\n<li><strong>Mat\u00e9riau de la jante<\/strong>: Fabriqu\u00e9 en fibre de carbone Toray T700 + T800 \u00e0 haut module.<\/li>\n<li><strong>Profondeurs de jantes optionnelles<\/strong>Les dimensions sont les suivantes : 25mm - 88mm (plusieurs options disponibles).<\/li>\n<li><strong>Options de compatibilit\u00e9 des pneus<\/strong>: Nous proposons des mod\u00e8les compatibles avec les pneus tubeless et clincher, ainsi que des mod\u00e8les con\u00e7us pour les pneus tubulaires.<\/li>\n<li><strong>Versions du produit<\/strong>: Seule la version la plus l\u00e9g\u00e8re est pr\u00e9sent\u00e9e dans la boutique en ligne ; il existe \u00e9galement des versions plus lourdes et plus \u00e9conomiques. Contactez-nous pour acheter si vous avez de tels besoins.<\/li>\n<li><strong>Personnalisation et distribution en vrac<\/strong>: Pour les demandes de personnalisation en vrac ou les demandes de renseignements pour devenir distributeur, veuillez vous r\u00e9f\u00e9rer \u00e0 la page OEM.<\/li>\n<\/ul>\n<p>&nbsp;<\/p>\n<h6>Jantes de v\u00e9lo de route Profondeur 32mm- 52mm<\/h6>\n<table width=\"1089\">\n<tbody>\n<tr>\n<td width=\"252\">Mod\u00e8le<\/td>\n<td width=\"279\">CR3632<\/td>\n<td width=\"279\">CR3642<\/td>\n<td width=\"279\">CR3652<\/td>\n<\/tr>\n<tr>\n<td>Type de pneu<\/td>\n<td>Tubeless\/Clincher<\/td>\n<td>Tubeless\/Clincher<\/td>\n<td>Tubeless\/Clincher<\/td>\n<\/tr>\n<tr>\n<td>Type de frein<\/td>\n<td>Frein \u00e0 disque<\/td>\n<td>Frein \u00e0 disque<\/td>\n<td>Frein \u00e0 disque<\/td>\n<\/tr>\n<tr>\n<td width=\"252\">Poids\/g<\/td>\n<td>370g<\/td>\n<td>405g<\/td>\n<td>445g<\/td>\n<\/tr>\n<tr>\n<td>Taille<\/td>\n<td>700C<\/td>\n<td>700C<\/td>\n<td>700C<\/td>\n<\/tr>\n<tr>\n<td>Largeur<\/td>\n<td>36 mm<\/td>\n<td>36 mm<\/td>\n<td>36 mm<\/td>\n<\/tr>\n<tr>\n<td>Profondeur<\/td>\n<td>32 mm<\/td>\n<td>42mm<\/td>\n<td>52mm<\/td>\n<\/tr>\n<\/tbody>\n<\/table>","protected":false},"excerpt":{"rendered":"<p>Gravel \/ All Road Bike Rims Outer Width 36mm Customizable Finishes: UD, 3K, 12K, marble finish, or other finishes you have in mind. Please remember to leave your requirements and contact information when placing an order. Rim Material: Constructed from Toray T700 + T800 high-modulus carbon fiber. Optional Rim Depths: 25mm &#8211; 88mm (multiple options available). Tire Compatibility Options: We offer models compatible with both tubeless and clincher tires, as well as models designed for tubular tires. Product Versions: Only the lightest version is displayed in the online store; there are also heavier and more cost-effective versions available. Contact us to purchase if you have such needs. Bulk Customization &amp; Distribution: For bulk customization requests or inquiries about becoming a distributor, please refer to the OEM page. &nbsp; Road Bike Rims Depth 32mm- 52mm Model CR3632 CR3642 CR3652 Tire Type Tubeless\/Clincher Tubeless\/Clincher Tubeless\/Clincher Brake Type Disc Brake Disc Brake Disc Brake Weight\/g 370g 405g 445g Size 700C 700C 700C Width 36mm 36mm 36mm Depth 32mm 42mm 52mm<\/p>","protected":false},"featured_media":1754,"comment_status":"open","ping_status":"closed","template":"","meta":[],"product_brand":[],"product_cat":[57],"product_tag":[127],"class_list":{"0":"post-1136","1":"product","2":"type-product","3":"status-publish","4":"has-post-thumbnail","6":"product_cat-outer-width-36mm-gravel-rim","7":"product_tag-accessories","8":"product_shipping_class-rim","10":"first","11":"onbackorder","12":"shipping-taxable","13":"purchasable","14":"product-type-variable"},"jetpack_sharing_enabled":true,"_links":{"self":[{"href":"https:\/\/crossrim.com\/fr\/wp-json\/wp\/v2\/product\/1136","targetHints":{"allow":["GET"]}}],"collection":[{"href":"https:\/\/crossrim.com\/fr\/wp-json\/wp\/v2\/product"}],"about":[{"href":"https:\/\/crossrim.com\/fr\/wp-json\/wp\/v2\/types\/product"}],"replies":[{"embeddable":true,"href":"https:\/\/crossrim.com\/fr\/wp-json\/wp\/v2\/comments?post=1136"}],"wp:featuredmedia":[{"embeddable":true,"href":"https:\/\/crossrim.com\/fr\/wp-json\/wp\/v2\/media\/1754"}],"wp:attachment":[{"href":"https:\/\/crossrim.com\/fr\/wp-json\/wp\/v2\/media?parent=1136"}],"wp:term":[{"taxonomy":"product_brand","embeddable":true,"href":"https:\/\/crossrim.com\/fr\/wp-json\/wp\/v2\/product_brand?post=1136"},{"taxonomy":"product_cat","embeddable":true,"href":"https:\/\/crossrim.com\/fr\/wp-json\/wp\/v2\/product_cat?post=1136"},{"taxonomy":"product_tag","embeddable":true,"href":"https:\/\/crossrim.com\/fr\/wp-json\/wp\/v2\/product_tag?post=1136"}],"curies":[{"name":"wp","href":"https:\/\/api.w.org\/{rel}","templated":true}]}}