{"id":1147,"date":"2025-08-25T14:05:16","date_gmt":"2025-08-25T14:05:16","guid":{"rendered":"https:\/\/crossrim.com\/?post_type=product&#038;p=1147"},"modified":"2025-11-09T00:04:58","modified_gmt":"2025-11-09T00:04:58","slug":"cross-country-ultra-light-rim-27-5er-xc","status":"publish","type":"product","link":"https:\/\/crossrim.com\/fr\/produit\/cross-country-ultra-light-rim-27-5er-xc\/","title":{"rendered":"MTB (XC) Jantes Ultra L\u00e9g\u00e8res 27.5ER"},"content":{"rendered":"<h6>Jantes v\u00e9lo cross-country 27.5ER<\/h6>\n<ul>\n<li><strong>Finitions personnalisables<\/strong>: UD, 3K, 12K, finition marbre, ou autres finitions que vous avez en t\u00eate. N'oubliez pas de nous communiquer vos besoins et vos coordonn\u00e9es lors de votre commande.<\/li>\n<li><strong>Mat\u00e9riau de la jante<\/strong>: Fabriqu\u00e9 en fibre de carbone Toray T700 + T800 \u00e0 haut module.<\/li>\n<li><strong>Profondeurs de jantes optionnelles<\/strong>: Plusieurs options disponibles, allant de 22 mm \u00e0 25 mm.<\/li>\n<li><strong>Compatibilit\u00e9 des pneus<\/strong>: Compatible avec les pneus tubeless et les pneus \u00e0 chambre \u00e0 air.<\/li>\n<li><strong>Versions du produit<\/strong>: Seule la version la plus l\u00e9g\u00e8re est pr\u00e9sent\u00e9e dans la boutique en ligne ; il existe \u00e9galement des versions plus lourdes et plus \u00e9conomiques. Contactez-nous pour acheter si n\u00e9cessaire.<\/li>\n<li><strong>Personnalisation et distribution en vrac<\/strong>: Pour les personnalisations en vrac ou les demandes de renseignements pour devenir distributeur, veuillez vous reporter \u00e0 la page OEM.<\/li>\n<\/ul>\n<p>&nbsp;<\/p>\n<h6>Profondeur des jantes 22mm- 25mm<\/h6>\n<table style=\"border-collapse: collapse; width: 418.52pt;\" border=\"0\" width=\"1116\" cellspacing=\"0\" cellpadding=\"0\">\n<tbody>\n<tr style=\"height: 15.75pt;\">\n<td class=\"et3\" style=\"height: 15.75pt; width: 104.65pt;\" width=\"279\" height=\"42\">Mod\u00e8le<\/td>\n<td class=\"et4\" style=\"width: 104.65pt;\" width=\"279\">CMP3022<\/td>\n<td class=\"et4\" style=\"width: 104.65pt;\" width=\"279\">CM2725<\/td>\n<td class=\"et4\" style=\"width: 104.65pt;\" width=\"279\">CM3325<\/td>\n<\/tr>\n<tr style=\"height: 15.75pt;\">\n<td class=\"et5\" style=\"height: 15.75pt;\" height=\"42\">Taille<\/td>\n<td class=\"et6\">27.5ER<\/td>\n<td class=\"et6\">27.5ER<\/td>\n<td class=\"et6\">27.5ER<\/td>\n<\/tr>\n<tr style=\"height: 15.75pt;\">\n<td class=\"et5\" style=\"height: 15.75pt;\" height=\"42\">Largeur<\/td>\n<td class=\"et6\">30 mm<\/td>\n<td class=\"et6\">27 mm<\/td>\n<td class=\"et6\">33 mm<\/td>\n<\/tr>\n<tr style=\"height: 16.50pt;\">\n<td class=\"et7\" style=\"height: 16.50pt;\" height=\"44\">Profondeur<\/td>\n<td class=\"et8\">22 mm<\/td>\n<td class=\"et8\">25 mm<\/td>\n<td class=\"et8\">25 mm<\/td>\n<\/tr>\n<tr style=\"height: 14.00pt;\">\n<td class=\"et9\" style=\"height: 14.00pt; width: 104.65pt;\" width=\"279\" height=\"37\">Compatibilit\u00e9 des types de pneus<\/td>\n<td class=\"et10\">Tubeless\/Clincher<\/td>\n<td class=\"et10\">Tubeless\/Clincher<\/td>\n<td class=\"et10\">Tubeless\/Clincher<\/td>\n<\/tr>\n<tr style=\"height: 14.00pt;\">\n<td class=\"et5\" style=\"height: 14.00pt;\" height=\"37\">Type de frein<\/td>\n<td class=\"et6\">Frein \u00e0 disque<\/td>\n<td class=\"et6\">Frein \u00e0 disque<\/td>\n<td class=\"et6\">Frein \u00e0 disque<\/td>\n<\/tr>\n<tr style=\"height: 14.00pt;\">\n<td class=\"et11\" style=\"height: 14.00pt;\" height=\"37\">Utilisation<\/td>\n<td class=\"et6\">XC<\/td>\n<td class=\"et6\">XC<\/td>\n<td class=\"et6\">XC<\/td>\n<\/tr>\n<tr style=\"height: 14.00pt;\">\n<td class=\"et5\" style=\"height: 14.00pt;\" height=\"37\">Poids\/g<\/td>\n<td class=\"et6\">295<\/td>\n<td class=\"et6\">265<\/td>\n<td class=\"et6\">320<\/td>\n<\/tr>\n<\/tbody>\n<\/table>","protected":false},"excerpt":{"rendered":"<p>Cross Country Bike Rims 27.5ER Customizable Finishes: UD, 3K, 12K, marble finish, or other finishes you have in mind. Please remember to leave your requirements and contact information when placing an order. Rim Material: Made of Toray T700 + T800 high-modulus carbon fiber. Optional Rim Depths: Multiple options available, ranging from 22mm to 25mm. Tire Compatibility: Compatible with both tubeless tires and clincher tires. Product Versions: Only the lightest version is displayed in the online store; there are also heavier and more cost-effective versions available. Contact us to purchase if needed. Bulk Customization &amp; Distribution: For bulk customization or inquiries about becoming a distributor, please refer to the OEM page. &nbsp; Rims Depth 22mm- 25mm Model CMP3022 CM2725 CM3325 Size 27.5ER 27.5ER 27.5ER Width 30mm 27mm 33mm Depth 22mm 25mm 25mm Tire Type Compatibility Tubeless\/Clincher Tubeless\/Clincher Tubeless\/Clincher Brake Type Disc Brake Disc Brake Disc Brake Usage XC XC XC Weight\/g 295 265 320<\/p>","protected":false},"featured_media":1748,"comment_status":"open","ping_status":"closed","template":"","meta":[],"product_brand":[],"product_cat":[58],"product_tag":[127],"class_list":{"0":"post-1147","1":"product","2":"type-product","3":"status-publish","4":"has-post-thumbnail","6":"product_cat-27-5er-mtb-rim","7":"product_tag-accessories","8":"product_shipping_class-rim","10":"first","11":"onbackorder","12":"shipping-taxable","13":"purchasable","14":"product-type-variable"},"jetpack_sharing_enabled":true,"_links":{"self":[{"href":"https:\/\/crossrim.com\/fr\/wp-json\/wp\/v2\/product\/1147","targetHints":{"allow":["GET"]}}],"collection":[{"href":"https:\/\/crossrim.com\/fr\/wp-json\/wp\/v2\/product"}],"about":[{"href":"https:\/\/crossrim.com\/fr\/wp-json\/wp\/v2\/types\/product"}],"replies":[{"embeddable":true,"href":"https:\/\/crossrim.com\/fr\/wp-json\/wp\/v2\/comments?post=1147"}],"wp:featuredmedia":[{"embeddable":true,"href":"https:\/\/crossrim.com\/fr\/wp-json\/wp\/v2\/media\/1748"}],"wp:attachment":[{"href":"https:\/\/crossrim.com\/fr\/wp-json\/wp\/v2\/media?parent=1147"}],"wp:term":[{"taxonomy":"product_brand","embeddable":true,"href":"https:\/\/crossrim.com\/fr\/wp-json\/wp\/v2\/product_brand?post=1147"},{"taxonomy":"product_cat","embeddable":true,"href":"https:\/\/crossrim.com\/fr\/wp-json\/wp\/v2\/product_cat?post=1147"},{"taxonomy":"product_tag","embeddable":true,"href":"https:\/\/crossrim.com\/fr\/wp-json\/wp\/v2\/product_tag?post=1147"}],"curies":[{"name":"wp","href":"https:\/\/api.w.org\/{rel}","templated":true}]}}