{"id":1170,"date":"2025-08-25T15:59:32","date_gmt":"2025-08-25T15:59:32","guid":{"rendered":"https:\/\/crossrim.com\/?post_type=product&#038;p=1170"},"modified":"2025-12-09T14:37:35","modified_gmt":"2025-12-09T14:37:35","slug":"cross-country-ultra-light-rim-29er-xc","status":"publish","type":"product","link":"https:\/\/crossrim.com\/fr\/produit\/cross-country-ultra-light-rim-29er-xc\/","title":{"rendered":"MTB (XC) Jantes Ultra L\u00e9g\u00e8res 29ER"},"content":{"rendered":"<h6>Jantes v\u00e9lo cross-country 29ER<\/h6>\n<ul>\n<li class=\"auto-hide-last-sibling-br paragraph-JOTKXA paragraph-element br-paragraph-space\">Des finitions de jantes personnalis\u00e9es sont disponibles, y compris UD, 3K, 12K, finition marbre, ou d'autres finitions que vous pourriez avoir \u00e0 l'esprit. Veuillez pr\u00e9ciser vos exigences et vos coordonn\u00e9es lorsque vous passez votre commande.<\/li>\n<li class=\"auto-hide-last-sibling-br paragraph-JOTKXA paragraph-element br-paragraph-space\">Les jantes sont fabriqu\u00e9es en fibre de carbone Toray T700 + T800 \u00e0 haut module.<\/li>\n<li class=\"auto-hide-last-sibling-br paragraph-JOTKXA paragraph-element br-paragraph-space\">Plusieurs profondeurs de bord sont disponibles en option : 22 mm - 30 mm.<\/li>\n<li class=\"auto-hide-last-sibling-br paragraph-JOTKXA paragraph-element br-paragraph-space\">Compatible avec les pneus tubeless et les pneus \u00e0 chambre \u00e0 air.<\/li>\n<li class=\"auto-hide-last-sibling-br paragraph-JOTKXA paragraph-element br-paragraph-space\">Seule la version la plus l\u00e9g\u00e8re est pr\u00e9sent\u00e9e dans le centre commercial ; il existe \u00e9galement des versions plus lourdes et plus abordables. N'h\u00e9sitez pas \u00e0 nous contacter si vous souhaitez acheter ces versions alternatives.<\/li>\n<li class=\"auto-hide-last-sibling-br paragraph-JOTKXA paragraph-element br-paragraph-space\">Pour les personnalisations en vrac ou les demandes de renseignements sur la fa\u00e7on de devenir distributeur, veuillez consulter la page OEM.<\/li>\n<\/ul>\n<p>&nbsp;<\/p>\n<h6>Profondeur des jantes 22mm- 30mm<\/h6>\n<table width=\"2202\">\n<tbody>\n<tr>\n<td width=\"249\">Mod\u00e8le<\/td>\n<td width=\"279\">CM2822<\/td>\n<td width=\"279\">CM3022<\/td>\n<td width=\"279\">CMP3022<\/td>\n<td width=\"279\">CM2725<\/td>\n<td width=\"279\">CM3025<\/td>\n<td width=\"279\">CMP3325<\/td>\n<td width=\"279\">CM3525<\/td>\n<\/tr>\n<tr>\n<td width=\"249\">Type de pneu<\/td>\n<td>Tubeless\/Clincher<\/td>\n<td>Tubeless\/Clincher<\/td>\n<td>Tubeless\/Clincher<\/td>\n<td>Tubeless\/Clincher<\/td>\n<td>Tubeless\/Clincher<\/td>\n<td>Tubeless\/Clincher<\/td>\n<td>Tubeless\/Clincher<\/td>\n<\/tr>\n<tr>\n<td>Type de frein<\/td>\n<td>Frein \u00e0 disque<\/td>\n<td>Frein \u00e0 disque<\/td>\n<td>Frein \u00e0 disque<\/td>\n<td>Frein \u00e0 disque<\/td>\n<td>Frein \u00e0 disque<\/td>\n<td>Frein \u00e0 disque<\/td>\n<td>Frein \u00e0 disque<\/td>\n<\/tr>\n<tr>\n<td>Utilisation<\/td>\n<td>XC<\/td>\n<td>XC<\/td>\n<td>XC<\/td>\n<td>XC<\/td>\n<td>XC<\/td>\n<td>XC<\/td>\n<td>XC<\/td>\n<\/tr>\n<tr>\n<td width=\"249\">Poids\/g<\/td>\n<td>300<\/td>\n<td>255<\/td>\n<td>255<\/td>\n<td>285<\/td>\n<td>310<\/td>\n<td>340<\/td>\n<td>385<\/td>\n<\/tr>\n<tr>\n<td>Taille<\/td>\n<td>29ER<\/td>\n<td>29ER<\/td>\n<td>29ER<\/td>\n<td>29ER<\/td>\n<td>29ER<\/td>\n<td>29ER<\/td>\n<td>29ER<\/td>\n<\/tr>\n<tr>\n<td>Largeur<\/td>\n<td>28 mm<\/td>\n<td>30 mm<\/td>\n<td>30 mm<\/td>\n<td>27 mm<\/td>\n<td>30 mm<\/td>\n<td>33 mm<\/td>\n<td>35 mm<\/td>\n<\/tr>\n<tr>\n<td>Profondeur<\/td>\n<td>22 mm<\/td>\n<td>22 mm<\/td>\n<td>22 mm<\/td>\n<td>25 mm<\/td>\n<td>25 mm<\/td>\n<td>25 mm<\/td>\n<td>25 mm<\/td>\n<\/tr>\n<\/tbody>\n<\/table>\n<p>&nbsp;<\/p>\n<table width=\"1923\">\n<tbody>\n<tr>\n<td width=\"249\">Mod\u00e8le<\/td>\n<td width=\"279\">CMP3525<\/td>\n<td width=\"279\">CM3228<\/td>\n<td width=\"279\">CM3628<\/td>\n<td width=\"279\">CM3030<\/td>\n<td width=\"279\">CM3430<\/td>\n<td width=\"279\">CMB3525<\/td>\n<\/tr>\n<tr>\n<td width=\"249\">Type de pneu<\/td>\n<td>Tubeless\/Clincher<\/td>\n<td>Tubeless\/Clincher<\/td>\n<td>Tubeless\/Clincher<\/td>\n<td>Tubeless\/Clincher<\/td>\n<td>Tubeless\/Clincher<\/td>\n<td>Tubeless\/Clincher<\/td>\n<\/tr>\n<tr>\n<td>Type de frein<\/td>\n<td>Frein \u00e0 disque<\/td>\n<td>Frein \u00e0 disque<\/td>\n<td>Frein \u00e0 disque<\/td>\n<td>Frein \u00e0 disque<\/td>\n<td>Frein \u00e0 disque<\/td>\n<td>Frein \u00e0 disque<\/td>\n<\/tr>\n<tr>\n<td>Utilisation<\/td>\n<td>XC<\/td>\n<td>XC<\/td>\n<td>XC<\/td>\n<td>XC<\/td>\n<td>XC<\/td>\n<td>XC<\/td>\n<\/tr>\n<tr>\n<td width=\"249\">Poids\/g<\/td>\n<td>280<\/td>\n<td>330<\/td>\n<td>360<\/td>\n<td>345<\/td>\n<td>350<\/td>\n<td>320<\/td>\n<\/tr>\n<tr>\n<td>Taille<\/td>\n<td>29ER<\/td>\n<td>29ER<\/td>\n<td>29ER<\/td>\n<td>29ER<\/td>\n<td>29ER<\/td>\n<td>29ER<\/td>\n<\/tr>\n<tr>\n<td>Largeur<\/td>\n<td>35 mm<\/td>\n<td>32 mm<\/td>\n<td>36 mm<\/td>\n<td>30 mm<\/td>\n<td>34 mm<\/td>\n<td>35 mm<\/td>\n<\/tr>\n<tr>\n<td>Profondeur<\/td>\n<td>25 mm<\/td>\n<td>28 mm<\/td>\n<td>28 mm<\/td>\n<td>30 mm<\/td>\n<td>30 mm<\/td>\n<td>22mm-25mm<\/td>\n<\/tr>\n<\/tbody>\n<\/table>","protected":false},"excerpt":{"rendered":"<p>232332<\/p>\n<style id=\"wpforms-css-vars-1340\">\n\t\t\t\t#wpforms-1340 {\n\t\t\t\t--wpforms-container-padding: 0px;\n--wpforms-container-border-width: 1px;\n--wpforms-container-border-radius: 3px;\n--wpforms-background-color: rgba(0, 0, 0, 0);\n--wpforms-field-size-input-height: 43px;\n--wpforms-field-size-input-spacing: 15px;\n--wpforms-field-size-font-size: 16px;\n--wpforms-field-size-line-height: 19px;\n--wpforms-field-size-padding-h: 14px;\n--wpforms-field-size-checkbox-size: 16px;\n--wpforms-field-size-sublabel-spacing: 5px;\n--wpforms-field-size-icon-size: 1;\n--wpforms-label-size-font-size: 16px;\n--wpforms-label-size-line-height: 19px;\n--wpforms-label-size-sublabel-font-size: 14px;\n--wpforms-label-size-sublabel-line-height: 17px;\n--wpforms-button-size-font-size: 17px;\n--wpforms-button-size-height: 41px;\n--wpforms-button-size-padding-h: 15px;\n--wpforms-button-size-margin-top: 10px;\n--wpforms-container-shadow-size-box-shadow: none;\n\t\t\t}\n\t\t\t<\/style>","protected":false},"featured_media":1751,"comment_status":"open","ping_status":"closed","template":"","meta":[],"product_brand":[],"product_cat":[59],"product_tag":[127],"class_list":{"0":"post-1170","1":"product","2":"type-product","3":"status-publish","4":"has-post-thumbnail","6":"product_cat-29er-mtb-rim","7":"product_tag-accessories","8":"product_shipping_class-rim","10":"first","11":"onbackorder","12":"shipping-taxable","13":"purchasable","14":"product-type-variable"},"jetpack_sharing_enabled":true,"_links":{"self":[{"href":"https:\/\/crossrim.com\/fr\/wp-json\/wp\/v2\/product\/1170","targetHints":{"allow":["GET"]}}],"collection":[{"href":"https:\/\/crossrim.com\/fr\/wp-json\/wp\/v2\/product"}],"about":[{"href":"https:\/\/crossrim.com\/fr\/wp-json\/wp\/v2\/types\/product"}],"replies":[{"embeddable":true,"href":"https:\/\/crossrim.com\/fr\/wp-json\/wp\/v2\/comments?post=1170"}],"wp:featuredmedia":[{"embeddable":true,"href":"https:\/\/crossrim.com\/fr\/wp-json\/wp\/v2\/media\/1751"}],"wp:attachment":[{"href":"https:\/\/crossrim.com\/fr\/wp-json\/wp\/v2\/media?parent=1170"}],"wp:term":[{"taxonomy":"product_brand","embeddable":true,"href":"https:\/\/crossrim.com\/fr\/wp-json\/wp\/v2\/product_brand?post=1170"},{"taxonomy":"product_cat","embeddable":true,"href":"https:\/\/crossrim.com\/fr\/wp-json\/wp\/v2\/product_cat?post=1170"},{"taxonomy":"product_tag","embeddable":true,"href":"https:\/\/crossrim.com\/fr\/wp-json\/wp\/v2\/product_tag?post=1170"}],"curies":[{"name":"wp","href":"https:\/\/api.w.org\/{rel}","templated":true}]}}