{"id":1229,"date":"2025-08-25T16:23:23","date_gmt":"2025-08-25T16:23:23","guid":{"rendered":"https:\/\/crossrim.com\/?post_type=product&#038;p=1229"},"modified":"2025-11-09T00:04:57","modified_gmt":"2025-11-09T00:04:57","slug":"enduro-bike-rim-29er-en","status":"publish","type":"product","link":"https:\/\/crossrim.com\/fr\/produit\/enduro-bike-rim-29er-en\/","title":{"rendered":"Jantes MTB (EN) 29ER"},"content":{"rendered":"<h6>Jantes v\u00e9lo enduro 29ER<\/h6>\n<ul>\n<li>Des finitions personnalis\u00e9es sont disponibles : UD, 3K, 12K, finition marbre, ou autres finitions que vous connaissez. Veuillez pr\u00e9ciser vos exigences et vos coordonn\u00e9es lors de la commande.<\/li>\n<li>Les jantes sont fabriqu\u00e9es en fibre de carbone Toray T700 + T800 \u00e0 haut module.<\/li>\n<li>Profondeurs de jantes multiples en option : 28mm - 30mm.<\/li>\n<li>Compatible avec les pneus tubeless et les pneus \u00e0 chambre \u00e0 air.<\/li>\n<li>Pour la personnalisation en vrac ou pour devenir distributeur, veuillez vous r\u00e9f\u00e9rer \u00e0 la page OEM.<\/li>\n<\/ul>\n<p>&nbsp;<\/p>\n<h6>Jantes de v\u00e9lo de route Profondeur 28mm- 30mm<\/h6>\n<table width=\"1086\">\n<tbody>\n<tr>\n<td width=\"249\">Mod\u00e8le<\/td>\n<td width=\"279\">CMP3828<\/td>\n<td width=\"279\">CMP4028<\/td>\n<td width=\"279\">CM4030<\/td>\n<\/tr>\n<tr>\n<td width=\"249\">Type de pneu<\/td>\n<td>Tubeless\/Clincher<\/td>\n<td>Tubeless\/Clincher<\/td>\n<td>Tubeless\/Clincher<\/td>\n<\/tr>\n<tr>\n<td>Type de frein<\/td>\n<td>Frein \u00e0 disque<\/td>\n<td>Frein \u00e0 disque<\/td>\n<td>Frein \u00e0 disque<\/td>\n<\/tr>\n<tr>\n<td>Utilisation<\/td>\n<td>FR<\/td>\n<td>FR<\/td>\n<td>FR<\/td>\n<\/tr>\n<tr>\n<td width=\"249\">Poids\/g<\/td>\n<td>490<\/td>\n<td>490<\/td>\n<td>480<\/td>\n<\/tr>\n<tr>\n<td>Taille<\/td>\n<td>29ER<\/td>\n<td>29ER<\/td>\n<td>29ER<\/td>\n<\/tr>\n<tr>\n<td>Largeur<\/td>\n<td>38mm<\/td>\n<td>40 mm<\/td>\n<td>40 mm<\/td>\n<\/tr>\n<tr>\n<td>Profondeur<\/td>\n<td>28 mm<\/td>\n<td>28 mm<\/td>\n<td>30 mm<\/td>\n<\/tr>\n<\/tbody>\n<\/table>","protected":false},"excerpt":{"rendered":"<p>Enduro Bike Rims 29ER Custom finishes are available: UD, 3K, 12K, marble finish, or other finishes you may know. Please specify your requirements and contact information when placing the order. Rims are made of Toray T700 + T800 high-modulus carbon fiber. Multiple rim depths optional: 28mm &#8211; 30mm. Compatible with tubeless tires and clincher tires. For bulk customization or becoming a distributor, please refer to the OEM page. &nbsp; Road Bike Rims Depth 28mm- 30mm Model CMP3828 CMP4028 CM4030 Tire Type Tubeless\/Clincher Tubeless\/Clincher Tubeless\/Clincher Brake Type Disc Brake Disc Brake Disc Brake Usage EN EN EN Weight\/g 490 490 480 Size 29ER 29ER 29ER Width 38mm 40mm 40mm Depth 28mm 28mm 30mm<\/p>","protected":false},"featured_media":1751,"comment_status":"open","ping_status":"closed","template":"","meta":[],"product_brand":[],"product_cat":[59],"product_tag":[127],"class_list":{"0":"post-1229","1":"product","2":"type-product","3":"status-publish","4":"has-post-thumbnail","6":"product_cat-29er-mtb-rim","7":"product_tag-accessories","8":"product_shipping_class-rim","10":"first","11":"onbackorder","12":"shipping-taxable","13":"purchasable","14":"product-type-variable"},"jetpack_sharing_enabled":true,"_links":{"self":[{"href":"https:\/\/crossrim.com\/fr\/wp-json\/wp\/v2\/product\/1229","targetHints":{"allow":["GET"]}}],"collection":[{"href":"https:\/\/crossrim.com\/fr\/wp-json\/wp\/v2\/product"}],"about":[{"href":"https:\/\/crossrim.com\/fr\/wp-json\/wp\/v2\/types\/product"}],"replies":[{"embeddable":true,"href":"https:\/\/crossrim.com\/fr\/wp-json\/wp\/v2\/comments?post=1229"}],"wp:featuredmedia":[{"embeddable":true,"href":"https:\/\/crossrim.com\/fr\/wp-json\/wp\/v2\/media\/1751"}],"wp:attachment":[{"href":"https:\/\/crossrim.com\/fr\/wp-json\/wp\/v2\/media?parent=1229"}],"wp:term":[{"taxonomy":"product_brand","embeddable":true,"href":"https:\/\/crossrim.com\/fr\/wp-json\/wp\/v2\/product_brand?post=1229"},{"taxonomy":"product_cat","embeddable":true,"href":"https:\/\/crossrim.com\/fr\/wp-json\/wp\/v2\/product_cat?post=1229"},{"taxonomy":"product_tag","embeddable":true,"href":"https:\/\/crossrim.com\/fr\/wp-json\/wp\/v2\/product_tag?post=1229"}],"curies":[{"name":"wp","href":"https:\/\/api.w.org\/{rel}","templated":true}]}}