{"id":1438,"date":"2025-09-03T13:06:45","date_gmt":"2025-09-03T13:06:45","guid":{"rendered":"https:\/\/crossrim.com\/?post_type=product&#038;p=1438"},"modified":"2025-11-09T00:04:57","modified_gmt":"2025-11-09T00:04:57","slug":"rw-c45-road-bike-carbon-wheelset-1300g%c2%b13","status":"publish","type":"product","link":"https:\/\/crossrim.com\/fr\/produit\/rw-c45-road-bike-carbon-wheelset-1300g%c2%b13\/","title":{"rendered":"\u3010RW-C45\u3011V\u00e9lo de route Roues en carbone (1300g\u00b13%)"},"content":{"rendered":"<h6 class=\"header-vfC6AV auto-hide-last-sibling-br\">Riding Wind Roues \u00e0 disque \u00e0 rayons en fibre de carbone s\u00e9rie C45<\/h6>\n<ul>\n<li>La paire de roues avec une hauteur de jante de 45 mm est un choix \u201cpolyvalent\u201d, car elle r\u00e9pond aux besoins d'a\u00e9rodynamisme et de rigidit\u00e9 sans compromettre excessivement les propri\u00e9t\u00e9s de l\u00e9g\u00e8ret\u00e9 et la stabilit\u00e9 au vent de travers, ce qui la rend adapt\u00e9e aux coureurs qui recherchent une performance polyvalente.<\/li>\n<li>Les jantes sont fabriqu\u00e9es \u00e0 la main en fibre de carbone Toray de haute qualit\u00e9, avec des largeurs int\u00e9rieures optionnelles de 21 mm et 24 mm. Elles sont compatibles avec diff\u00e9rentes sp\u00e9cifications de cadres et de pneus, y compris les pneus \u00e0 chambre \u00e0 air et les pneus sans chambre \u00e0 air.<\/li>\n<\/ul>\n<p><img fetchpriority=\"high\" decoding=\"async\" class=\"alignnone wp-image-1666\" src=\"https:\/\/crossrim.com\/wp-content\/uploads\/2025\/09\/29R45C28Z-Model_012-300x300.jpg\" alt=\"\" width=\"299\" height=\"299\" \/><img decoding=\"async\" class=\"alignnone size-medium wp-image-1664\" src=\"https:\/\/crossrim.com\/wp-content\/uploads\/2025\/09\/29R45C30Z-Model_0111-300x300.jpg\" alt=\"\" width=\"300\" height=\"300\" \/><\/p>\n<ul>\n<li class=\"auto-hide-last-sibling-br paragraph-JOTKXA paragraph-element br-paragraph-space\">Les rayons en fibre de carbone plats de 5 mm de large offrent un meilleur a\u00e9rodynamisme, avec une optimisation compl\u00e8te \u00e9quilibrant la l\u00e9g\u00e8ret\u00e9, la rigidit\u00e9 et la stabilit\u00e9, tout en \u00e9tant plus esth\u00e9tiques. Les \u00e9crous des rayons sont en acier inoxydable sp\u00e9cial, et chaque rayon (y compris l'\u00e9crous) ne p\u00e8se que 3,05 g.<\/li>\n<li class=\"auto-hide-last-sibling-br paragraph-JOTKXA paragraph-element br-paragraph-space\">Avec 21 rayons \u00e0 l'avant et 24 \u00e0 l'arri\u00e8re, et un sch\u00e9ma de la\u00e7age 2:1 pour la roue arri\u00e8re, elle am\u00e9liore l'\u00e9quilibre des forces, optimise l'efficacit\u00e9 de la conduite et la rigidit\u00e9, et convient \u00e0 la conduite \u00e0 haute intensit\u00e9.<\/li>\n<\/ul>\n<p><img decoding=\"async\" class=\"alignnone wp-image-1642 size-large\" src=\"https:\/\/crossrim.com\/wp-content\/uploads\/2025\/09\/carbon-spokes-for-bike-3-1024x484.png\" alt=\"\" width=\"640\" height=\"303\" \/><\/p>\n<ul>\n<li>Le moyeu H-WORKS, exclusivement con\u00e7u pour les rayons en carbone avec une structure \u00e0 cliquet plan\u00e9taire, pr\u00e9sente les avantages d'une r\u00e9activit\u00e9, d'une durabilit\u00e9 et d'une douceur tr\u00e8s \u00e9lev\u00e9es, ce qui le rend adapt\u00e9 aux sc\u00e9narios de conduite \u00e0 forte rotation. Il est dot\u00e9 d'un moyeu de frein \u00e0 disque \u00e0 verrouillage central et d'un flasque plus large qui optimise la disposition des rayons, rendant la paire de roues plus rigide, plus stable et plus durable.<\/li>\n<\/ul>\n<p><img loading=\"lazy\" decoding=\"async\" class=\"alignnone wp-image-1943 size-large\" src=\"https:\/\/crossrim.com\/wp-content\/uploads\/2025\/10\/H-Works-SR360-795x1024.jpg\" alt=\"H-Works- SR360\" width=\"640\" height=\"824\" \/><\/p>","protected":false},"excerpt":{"rendered":"<p>Riding Wind C45 Series Carbon Fiber Spoke Disc Brake Wheelset The 45mm rim height wheelset is an &#8220;all-rounder&#8221; choice, as it meets the needs for aerodynamics and rigidity without excessively compromising lightweight properties and crosswind stability, making it suitable for riders pursuing all-round performance. The rims are handcrafted from high-quality Toray carbon fiber, with optional inner widths of 21mm and 24mm. They are compatible with various specifications of frames and tires, including clincher tires and tubeless tires. The 5mm-wide flat wide flat carbon fiber spokes offer better aerodynamics, with comprehensive optimization balancing lightweight, rigidity and stability, while being more aesthetically pleasing. The spoke nipples are made of special stainless steel, and each spoke (including the nipple) weighs only 3.05g. With 21 spokes at the front and 24 at the rear, and a 2:1 lacing pattern for the rear wheel, it improves force balance, optimizes driving efficiency and rigidity, and is suitable for high-intensity riding. The H-WORKS hub, exclusively designed for carbon spokes with a planetary ratchet structure, boasts the advantages of ultra-high responsiveness, durability, and smoothness, making it suitable for high-rotation riding scenarios. It features a center-lock disc brake hub and a larger flange, which optimizes the spoke layout, rendering the wheelset stiffer, more stable, and more durable.<\/p>","protected":false},"featured_media":1887,"comment_status":"open","ping_status":"closed","template":"","meta":[],"product_brand":[],"product_cat":[31],"product_tag":[128],"class_list":{"0":"post-1438","1":"product","2":"type-product","3":"status-publish","4":"has-post-thumbnail","6":"product_cat-31","7":"product_tag-wheels","8":"product_shipping_class-wheelset","10":"first","11":"onbackorder","12":"shipping-taxable","13":"purchasable","14":"product-type-variable"},"jetpack_sharing_enabled":true,"_links":{"self":[{"href":"https:\/\/crossrim.com\/fr\/wp-json\/wp\/v2\/product\/1438","targetHints":{"allow":["GET"]}}],"collection":[{"href":"https:\/\/crossrim.com\/fr\/wp-json\/wp\/v2\/product"}],"about":[{"href":"https:\/\/crossrim.com\/fr\/wp-json\/wp\/v2\/types\/product"}],"replies":[{"embeddable":true,"href":"https:\/\/crossrim.com\/fr\/wp-json\/wp\/v2\/comments?post=1438"}],"wp:featuredmedia":[{"embeddable":true,"href":"https:\/\/crossrim.com\/fr\/wp-json\/wp\/v2\/media\/1887"}],"wp:attachment":[{"href":"https:\/\/crossrim.com\/fr\/wp-json\/wp\/v2\/media?parent=1438"}],"wp:term":[{"taxonomy":"product_brand","embeddable":true,"href":"https:\/\/crossrim.com\/fr\/wp-json\/wp\/v2\/product_brand?post=1438"},{"taxonomy":"product_cat","embeddable":true,"href":"https:\/\/crossrim.com\/fr\/wp-json\/wp\/v2\/product_cat?post=1438"},{"taxonomy":"product_tag","embeddable":true,"href":"https:\/\/crossrim.com\/fr\/wp-json\/wp\/v2\/product_tag?post=1438"}],"curies":[{"name":"wp","href":"https:\/\/api.w.org\/{rel}","templated":true}]}}