{"id":713,"date":"2025-08-20T10:48:56","date_gmt":"2025-08-20T10:48:56","guid":{"rendered":"https:\/\/crossrim.com\/?post_type=product&#038;p=713"},"modified":"2025-11-09T00:04:58","modified_gmt":"2025-11-09T00:04:58","slug":"%e3%80%90rw-pro-50%e3%80%91road-bike-ultra-light-carbon-wheelset","status":"publish","type":"product","link":"https:\/\/crossrim.com\/fr\/produit\/%e3%80%90rw-pro-50%e3%80%91road-bike-ultra-light-carbon-wheelset\/","title":{"rendered":"\u3010RW-Pro 50\u3011V\u00e9lo de route Roues carbone ultra-l\u00e9g\u00e8res (1173g\/ 1203g\u00b13%)"},"content":{"rendered":"<h6>Riding Wind Pro Series Roues \u00e0 disque ultra-l\u00e9g\u00e8res en fibre de carbone \u00e0 rayons<\/h6>\n<ul>\n<li>La paire de roues de la s\u00e9rie Pro 50 est une paire de roues ultra-l\u00e9g\u00e8re \u00e0 rayons en fibre de carbone con\u00e7ue par CROSSRIM en tenant compte des performances de comp\u00e9tition et de la l\u00e9g\u00e8ret\u00e9. Bas\u00e9e sur la s\u00e9rie Aero, elle pr\u00e9sente une conception am\u00e9lior\u00e9e visant les caract\u00e9ristiques de conduite de la roue arri\u00e8re. Elle adopte un mod\u00e8le de la\u00e7age des rayons 2:1 et une conception de moyeu qui optimise la tension des rayons et am\u00e9liore la rigidit\u00e9 du c\u00f4t\u00e9 de l'entra\u00eenement, l'efficacit\u00e9 du p\u00e9dalage et la durabilit\u00e9. La jante de 50 mm de haut offre des performances a\u00e9rodynamiques sup\u00e9rieures et une efficacit\u00e9 de croisi\u00e8re \u00e9lev\u00e9e tout en conservant une rigidit\u00e9 et un soutien importants. La paire de roues avec une largeur int\u00e9rieure de 21 mm p\u00e8se seulement 1173 g \u00b1 3%, et la version avec une largeur int\u00e9rieure de 24 mm est aussi l\u00e9g\u00e8re que 1203 g \u00b1 3%, ce qui la rend adapt\u00e9e aux sc\u00e9narios de course sur route avec des exigences \u00e9lev\u00e9es en mati\u00e8re d'efficacit\u00e9 de sortie et de durabilit\u00e9.<\/li>\n<li>Les jantes sont fabriqu\u00e9es \u00e0 la main \u00e0 partir de fibres de carbone Toray de haute qualit\u00e9, avec des largeurs int\u00e9rieures optionnelles de 21 mm et 24 mm. Des mati\u00e8res premi\u00e8res de haute qualit\u00e9 combin\u00e9es \u00e0 une stratification pr\u00e9cise et scientifique du tissu de carbone permettent \u00e0 chaque jante de 21 mm de largeur int\u00e9rieure de peser \u00e0 peine 385 g et \u00e0 chaque jante de 24 mm de largeur int\u00e9rieure de peser \u00e0 peine 400 g. En outre, elles r\u00e9pondent \u00e0 des exigences de r\u00e9sistance sup\u00e9rieures aux normes industrielles, ce qui permet d'obtenir un meilleur \u00e9quilibre entre le poids, les performances et la r\u00e9sistance. Disponibles en deux largeurs, elles sont compatibles avec diff\u00e9rentes sp\u00e9cifications de cadres et de pneus, y compris les pneus \u00e0 chambre \u00e0 air et les pneus sans chambre \u00e0 air.<\/li>\n<\/ul>\n<p><img fetchpriority=\"high\" decoding=\"async\" class=\"alignnone size-medium wp-image-1598\" src=\"https:\/\/crossrim.com\/wp-content\/uploads\/2025\/08\/29R50C28Z-Model_011-300x300.jpg\" alt=\"\" width=\"300\" height=\"300\" \/><img decoding=\"async\" class=\"alignnone size-medium wp-image-1673\" src=\"https:\/\/crossrim.com\/wp-content\/uploads\/2025\/08\/29R50C30Z-Model_011-300x300.jpg\" alt=\"\" width=\"300\" height=\"300\" \/><\/p>\n<ul>\n<li class=\"auto-hide-last-sibling-br paragraph-JOTKXA paragraph-element br-paragraph-space\">Les rayons carbone CROSSING T1 sont des rayons carbone ultra-l\u00e9gers sp\u00e9cialement con\u00e7us pour la l\u00e9g\u00e8ret\u00e9, la rigidit\u00e9 et la performance. Chaque rayon ne p\u00e8se que 2,15 g. Le corps principal est en fibre de carbone haut module et les deux extr\u00e9mit\u00e9s en alliage de titane, ce qui repr\u00e9sente une combinaison parfaite de mat\u00e9riaux modernes de haute performance.<\/li>\n<li class=\"auto-hide-last-sibling-br paragraph-JOTKXA paragraph-element br-paragraph-space\">Avec 20 rayons \u00e0 l'avant et 24 \u00e0 l'arri\u00e8re, la roue arri\u00e8re adopte un sch\u00e9ma de la\u00e7age 2:1. Cette conception am\u00e9liore la durabilit\u00e9 du c\u00f4t\u00e9 entra\u00eenement, assure la rigidit\u00e9 de la paire de roues, tout en \u00e9quilibrant les performances en termes de l\u00e9g\u00e8ret\u00e9.<\/li>\n<\/ul>\n<p><img decoding=\"async\" class=\"alignnone wp-image-1644 size-large\" src=\"https:\/\/crossrim.com\/wp-content\/uploads\/2025\/09\/crossing-carbon-spokes-T1-1024x566.jpg\" alt=\"crossing carbon spokes T1\" width=\"640\" height=\"354\" \/><\/p>\n<ul>\n<li>Le moyeu H-WORKS, exclusivement con\u00e7u pour les rayons en carbone et dot\u00e9 d'une structure \u00e0 cliquet plan\u00e9taire, pr\u00e9sente les avantages d'une r\u00e9activit\u00e9, d'une durabilit\u00e9 et d'une douceur tr\u00e8s \u00e9lev\u00e9es, ce qui le rend adapt\u00e9 aux sc\u00e9narios de conduite \u00e0 forte rotation. Il s'agit d'un moyeu de frein \u00e0 disque \u00e0 blocage central, fabriqu\u00e9 avec un usinage ultra-pr\u00e9cis, sp\u00e9cialement optimis\u00e9 pour des performances l\u00e9g\u00e8res et con\u00e7u pour une fonctionnalit\u00e9 sup\u00e9rieure - avec une paire pesant seulement 283 g.<\/li>\n<\/ul>\n<p><img loading=\"lazy\" decoding=\"async\" class=\"wp-image-1942 size-large\" src=\"https:\/\/crossrim.com\/wp-content\/uploads\/2025\/10\/H-Works-SR288C-758x1024.jpg\" alt=\"H-Works- SR288C\" width=\"640\" height=\"865\" \/><\/p>","protected":false},"excerpt":{"rendered":"<p>Riding Wind Pro Series Ultra-light Carbon Fiber Spoke Disc Brake Wheelset The Pro 50 series wheelset is an ultra-light carbon fiber spoke wheelset designed by CROSSRIM with further consideration for competitive performance and lightweight. Based on the Aero series, it features enhanced design targeting the driving characteristics of the rear wheel. It adopts a 2:1 spoke lacing pattern and hub design, which optimizes spoke tension and improves drive-side rigidity, pedaling efficiency, and durability. The 50mm-tall rim offers superior aerodynamic performance and high cruising efficiency while maintaining high rigidity and support. The wheelset with a 21mm inner width weighs as little as 1173g \u00b1 3%, and the 24mm inner width version is as light as 1203g \u00b1 3%, making it suitable for road racing scenarios with high requirements for output efficiency and durability. The rims are handcrafted from high-quality Toray carbon fiber, with optional inner widths of 21mm and 24mm. High-grade raw materials combined with precise and scientific carbon cloth lamination result in each 21mm inner-width rim weighing as little as 385g and each 24mm inner-width rim as little as 400g. Meanwhile, they meet strength requirements higher than industry standards, achieving a better balance of weight, performance, and strength. Available in two width options, they are compatible with various specifications of frames and tires, including clincher tires and tubeless tires. CROSSING T1 carbon spokes are ultra-light carbon spokes specially designed for lightweight, rigidity and performance. Each spoke weighs only 2.15g, with the main body made of high-modulus carbon fiber and the two ends made of titanium alloy\u2014representing a perfect combination of modern high-performance materials. With 20 spokes at the front and 24 at the rear, the rear wheel adopts a 2:1 lacing pattern. This design enhances the durability of the drive side, ensures the rigidity of the wheelset, while also balancing lightweight performance. The H-WORKS hub, exclusively engineered for carbon spokes and featuring a planetary ratchet structure, boasts advantages of ultra-high responsiveness, durability, and smoothness, making it suitable for high-rotation riding scenarios. It is a center-lock disc brake hub, manufactured with ultra-precision machining, and specially optimized for lightweight performance and designed for superior functionality\u2014with a pair weighing merely 283g.<\/p>","protected":false},"featured_media":1726,"comment_status":"open","ping_status":"closed","template":"","meta":[],"product_brand":[],"product_cat":[31],"product_tag":[128],"class_list":{"0":"post-713","1":"product","2":"type-product","3":"status-publish","4":"has-post-thumbnail","6":"product_cat-31","7":"product_tag-wheels","8":"product_shipping_class-wheelset","10":"first","11":"onbackorder","12":"featured","13":"shipping-taxable","14":"purchasable","15":"product-type-variable"},"jetpack_sharing_enabled":true,"_links":{"self":[{"href":"https:\/\/crossrim.com\/fr\/wp-json\/wp\/v2\/product\/713","targetHints":{"allow":["GET"]}}],"collection":[{"href":"https:\/\/crossrim.com\/fr\/wp-json\/wp\/v2\/product"}],"about":[{"href":"https:\/\/crossrim.com\/fr\/wp-json\/wp\/v2\/types\/product"}],"replies":[{"embeddable":true,"href":"https:\/\/crossrim.com\/fr\/wp-json\/wp\/v2\/comments?post=713"}],"wp:featuredmedia":[{"embeddable":true,"href":"https:\/\/crossrim.com\/fr\/wp-json\/wp\/v2\/media\/1726"}],"wp:attachment":[{"href":"https:\/\/crossrim.com\/fr\/wp-json\/wp\/v2\/media?parent=713"}],"wp:term":[{"taxonomy":"product_brand","embeddable":true,"href":"https:\/\/crossrim.com\/fr\/wp-json\/wp\/v2\/product_brand?post=713"},{"taxonomy":"product_cat","embeddable":true,"href":"https:\/\/crossrim.com\/fr\/wp-json\/wp\/v2\/product_cat?post=713"},{"taxonomy":"product_tag","embeddable":true,"href":"https:\/\/crossrim.com\/fr\/wp-json\/wp\/v2\/product_tag?post=713"}],"curies":[{"name":"wp","href":"https:\/\/api.w.org\/{rel}","templated":true}]}}