{"id":1030,"date":"2025-08-23T16:06:49","date_gmt":"2025-08-23T16:06:49","guid":{"rendered":"https:\/\/crossrim.com\/?post_type=product&#038;p=1030"},"modified":"2025-11-09T00:04:58","modified_gmt":"2025-11-09T00:04:58","slug":"outer-width-26mm-road-rim","status":"publish","type":"product","link":"https:\/\/crossrim.com\/it\/prodotto\/outer-width-26mm-road-rim\/","title":{"rendered":"Cerchi per bici da corsa Larghezza esterna 26 mm"},"content":{"rendered":"<h6>Cerchi per bici da corsa Larghezza esterna 26 mm<\/h6>\n<ul>\n<li><strong>Finiture personalizzabili<\/strong>: UD, 3K, 12K, finitura marmo o altre finiture che avete in mente. Al momento dell'ordine, ricordatevi di indicare le vostre esigenze e le informazioni di contatto.<\/li>\n<li><strong>Materiale del cerchio<\/strong>: Realizzato in fibra di carbonio ad alto modulo Toray T700 + T800.<\/li>\n<li><strong>Profondit\u00e0 del cerchio opzionale<\/strong>25 mm - 88 mm (sono disponibili pi\u00f9 opzioni).<\/li>\n<li><strong>Opzioni di compatibilit\u00e0 degli pneumatici<\/strong>: Sono disponibili modelli compatibili con pneumatici tubeless e copertoncini, nonch\u00e9 modelli compatibili con pneumatici tubolari.<\/li>\n<li><strong>Versioni dei prodotti<\/strong>: Nel negozio \u00e8 esposta solo la versione pi\u00f9 leggera; esistono anche versioni pi\u00f9 pesanti ed economiche. Contattateci per l'acquisto, se necessario.<\/li>\n<li><strong>Personalizzazione e distribuzione di grandi quantit\u00e0<\/strong>: Per la personalizzazione di grandi quantit\u00e0 o per richieste di informazioni su come diventare un distributore, consultare la pagina OEM.<\/li>\n<\/ul>\n<p>&nbsp;<\/p>\n<h6>Cerchi per bici da corsa Profondit\u00e0 25 mm - 45 mm<\/h6>\n<table width=\"1356\">\n<tbody>\n<tr>\n<td width=\"186\">Modello<\/td>\n<td width=\"234\">CR2625<\/td>\n<td width=\"234\">CR2636<\/td>\n<td width=\"234\">CR2640<\/td>\n<td width=\"234\">CRP2640<\/td>\n<td width=\"234\">CR2645<\/td>\n<\/tr>\n<tr>\n<td>Dimensione<\/td>\n<td>700C<\/td>\n<td>700C<\/td>\n<td>700C<\/td>\n<td>700C<\/td>\n<td>700C<\/td>\n<\/tr>\n<tr>\n<td>Larghezza<\/td>\n<td>26 mm<\/td>\n<td>26 mm<\/td>\n<td>26 mm<\/td>\n<td>26 mm<\/td>\n<td>26 mm<\/td>\n<\/tr>\n<tr>\n<td>Profondit\u00e0<\/td>\n<td>25 mm<\/td>\n<td>36 mm<\/td>\n<td>40 mm<\/td>\n<td>40 mm<\/td>\n<td>45 mm<\/td>\n<\/tr>\n<tr>\n<td width=\"186\">Tipo di pneumatico<\/td>\n<td>Tubeless\/Clincher<\/td>\n<td>Tubeless\/Clincher<\/td>\n<td>Tubeless\/Clincher<\/td>\n<td>Tubeless\/Clincher<\/td>\n<td>Tubeless\/Clincher<\/td>\n<\/tr>\n<tr>\n<td width=\"186\">Tipo di freno<\/td>\n<td>Freno a cerchione\/freno a disco<\/td>\n<td>Freno a cerchione\/freno a disco<\/td>\n<td>Freno a cerchione\/freno a disco<\/td>\n<td>Freno a cerchione\/freno a disco<\/td>\n<td>Freno a cerchione\/freno a disco<\/td>\n<\/tr>\n<tr>\n<td>Peso\/g<\/td>\n<td>365\/330<\/td>\n<td>410\/335<\/td>\n<td>435\/360<\/td>\n<td>435\/360<\/td>\n<td>455\/375<\/td>\n<\/tr>\n<tr>\n<td width=\"186\">Tipo di pneumatico<\/td>\n<td>Pneumatico tubolare<\/td>\n<td>Pneumatico tubolare<\/td>\n<td>Pneumatico tubolare<\/td>\n<td>Pneumatico tubolare<\/td>\n<td>Pneumatico tubolare<\/td>\n<\/tr>\n<tr>\n<td width=\"186\">Tipo di freno<\/td>\n<td>Freno a cerchione\/freno a disco<\/td>\n<td>Freno a cerchione\/freno a disco<\/td>\n<td>Freno a cerchione\/freno a disco<\/td>\n<td>Freno a cerchione\/freno a disco<\/td>\n<td>Freno a cerchione\/freno a disco<\/td>\n<\/tr>\n<tr>\n<td>Peso\/g<\/td>\n<td>230\/220<\/td>\n<td>280\/270<\/td>\n<td>310\/300<\/td>\n<td>310\/300<\/td>\n<td>330\/320<\/td>\n<\/tr>\n<\/tbody>\n<\/table>\n<h6>Cerchi per bici da corsa Profondit\u00e0 50 mm - 88 mm<\/h6>\n<table width=\"1122\">\n<tbody>\n<tr>\n<td width=\"186\">Modello<\/td>\n<td width=\"234\">CR2650<\/td>\n<td width=\"234\">CRP2650<\/td>\n<td width=\"234\">CR2655<\/td>\n<td width=\"234\">CR2688<\/td>\n<\/tr>\n<tr>\n<td>Dimensione<\/td>\n<td>700C<\/td>\n<td>700C<\/td>\n<td>700C<\/td>\n<td>700C<\/td>\n<\/tr>\n<tr>\n<td>Larghezza<\/td>\n<td>26 mm<\/td>\n<td>26 mm<\/td>\n<td>26 mm<\/td>\n<td>26 mm<\/td>\n<\/tr>\n<tr>\n<td>Profondit\u00e0<\/td>\n<td>50 mm<\/td>\n<td>50 mm<\/td>\n<td>55 mm<\/td>\n<td>88 mm<\/td>\n<\/tr>\n<tr>\n<td width=\"186\">Tipo di pneumatico<\/td>\n<td>Tubeless\/Clincher<\/td>\n<td>Tubeless\/Clincher<\/td>\n<td>Tubeless\/Clincher<\/td>\n<td>Tubeless\/Clincher<\/td>\n<\/tr>\n<tr>\n<td width=\"186\">Tipo di freno<\/td>\n<td>Freno a cerchione\/freno a disco<\/td>\n<td>Freno a cerchione\/freno a disco<\/td>\n<td>Freno a cerchione\/freno a disco<\/td>\n<td>Freno a cerchione\/freno a disco<\/td>\n<\/tr>\n<tr>\n<td>Peso\/g<\/td>\n<td>475\/400<\/td>\n<td>475\/400<\/td>\n<td>505\/420<\/td>\n<td>640\/620<\/td>\n<\/tr>\n<tr>\n<td width=\"186\">Tipo di pneumatico<\/td>\n<td>Pneumatico tubolare<\/td>\n<td>Pneumatico tubolare<\/td>\n<td>Pneumatico tubolare<\/td>\n<td>Pneumatico tubolare<\/td>\n<\/tr>\n<tr>\n<td width=\"186\">Tipo di freno<\/td>\n<td>Freno a cerchione\/freno a disco<\/td>\n<td>Freno a cerchione\/freno a disco<\/td>\n<td>Freno a cerchione\/freno a disco<\/td>\n<td>Freno a cerchione\/freno a disco<\/td>\n<\/tr>\n<tr>\n<td>Peso\/g<\/td>\n<td>375\/375<\/td>\n<td>375\/375<\/td>\n<td>395\/395<\/td>\n<td>550\/560<\/td>\n<\/tr>\n<\/tbody>\n<\/table>\n<p>&nbsp;<\/p>","protected":false},"excerpt":{"rendered":"<p>Road Bike Rims Outer Width 26mm Customizable Finishes: UD, 3K, 12K, marble finish, or other finishes you have in mind. Please remember to leave your requirements and contact information when placing an order. Rim Material: Made of Toray T700 + T800 high-modulus carbon fiber. Optional Rim Depths: 25mm &#8211; 88mm (multiple options available). Tire Compatibility Options: Models compatible with tubeless tires &amp; clincher tires, as well as tubular tire-compatible models are available. Product Versions: Only the lightest version is displayed in the store; there are also heavier and more cost-effective versions. Contact us for purchase if needed. Bulk Customization &amp; Distribution: For bulk customization or inquiries about becoming a distributor, please refer to the OEM page. &nbsp; Road Bike Rims Depth 25mm- 45mm Model CR2625 CR2636 CR2640 CRP2640 CR2645 Size 700C 700C 700C 700C 700C Width 26mm 26mm 26mm 26mm 26mm Depth 25mm 36mm 40mm 40mm 45mm Tire Type Tubeless\/Clincher Tubeless\/Clincher Tubeless\/Clincher Tubeless\/Clincher Tubeless\/Clincher Brake Type Rim Brake\/Disc Brake Rim Brake\/Disc Brake Rim Brake\/Disc Brake Rim Brake\/Disc Brake Rim Brake\/Disc Brake Weight\/g 365\/330 410\/335 435\/360 435\/360 455\/375 Tire Type Tubular Tire Tubular Tire Tubular Tire Tubular Tire Tubular Tire Brake Type Rim Brake\/Disc Brake Rim Brake\/Disc Brake Rim Brake\/Disc Brake Rim Brake\/Disc Brake Rim Brake\/Disc Brake Weight\/g 230\/220 280\/270 310\/300 310\/300 330\/320 Road Bike Rims Depth 50mm- 88mm Model CR2650 CRP2650 CR2655 CR2688 Size 700C 700C 700C 700C Width 26mm 26mm 26mm 26mm Depth 50mm 50mm 55mm 88mm Tire Type Tubeless\/Clincher Tubeless\/Clincher Tubeless\/Clincher Tubeless\/Clincher Brake Type Rim Brake\/Disc Brake Rim Brake\/Disc Brake Rim Brake\/Disc Brake Rim Brake\/Disc Brake Weight\/g 475\/400 475\/400 505\/420 640\/620 Tire Type Tubular Tire Tubular Tire Tubular Tire Tubular Tire Brake Type Rim Brake\/Disc Brake Rim Brake\/Disc Brake Rim Brake\/Disc Brake Rim Brake\/Disc Brake Weight\/g 375\/375 375\/375 395\/395 550\/560 &nbsp;<\/p>","protected":false},"featured_media":1757,"comment_status":"open","ping_status":"closed","template":"","meta":[],"product_brand":[],"product_cat":[53],"product_tag":[127],"class_list":{"0":"post-1030","1":"product","2":"type-product","3":"status-publish","4":"has-post-thumbnail","6":"product_cat-outer-width-26mm-road-rim","7":"product_tag-accessories","8":"product_shipping_class-rim","10":"first","11":"onbackorder","12":"shipping-taxable","13":"purchasable","14":"product-type-variable"},"jetpack_sharing_enabled":true,"_links":{"self":[{"href":"https:\/\/crossrim.com\/it\/wp-json\/wp\/v2\/product\/1030","targetHints":{"allow":["GET"]}}],"collection":[{"href":"https:\/\/crossrim.com\/it\/wp-json\/wp\/v2\/product"}],"about":[{"href":"https:\/\/crossrim.com\/it\/wp-json\/wp\/v2\/types\/product"}],"replies":[{"embeddable":true,"href":"https:\/\/crossrim.com\/it\/wp-json\/wp\/v2\/comments?post=1030"}],"wp:featuredmedia":[{"embeddable":true,"href":"https:\/\/crossrim.com\/it\/wp-json\/wp\/v2\/media\/1757"}],"wp:attachment":[{"href":"https:\/\/crossrim.com\/it\/wp-json\/wp\/v2\/media?parent=1030"}],"wp:term":[{"taxonomy":"product_brand","embeddable":true,"href":"https:\/\/crossrim.com\/it\/wp-json\/wp\/v2\/product_brand?post=1030"},{"taxonomy":"product_cat","embeddable":true,"href":"https:\/\/crossrim.com\/it\/wp-json\/wp\/v2\/product_cat?post=1030"},{"taxonomy":"product_tag","embeddable":true,"href":"https:\/\/crossrim.com\/it\/wp-json\/wp\/v2\/product_tag?post=1030"}],"curies":[{"name":"wp","href":"https:\/\/api.w.org\/{rel}","templated":true}]}}