{"id":1085,"date":"2025-08-24T03:07:44","date_gmt":"2025-08-24T03:07:44","guid":{"rendered":"https:\/\/crossrim.com\/?post_type=product&#038;p=1085"},"modified":"2025-11-09T00:04:58","modified_gmt":"2025-11-09T00:04:58","slug":"outer-width-28mm-road-rim","status":"publish","type":"product","link":"https:\/\/crossrim.com\/it\/prodotto\/outer-width-28mm-road-rim\/","title":{"rendered":"Cerchi per bici da corsa Larghezza esterna 28 mm"},"content":{"rendered":"<h6>Cerchi per bici da corsa Larghezza esterna 28 mm<\/h6>\n<ul>\n<li><strong>Finiture personalizzabili<\/strong>: UD, 3K, 12K, finitura marmo o altre finiture che avete in mente. Al momento dell'ordine, ricordatevi di indicare le vostre esigenze e le informazioni di contatto.<\/li>\n<li><strong>Materiale del cerchio<\/strong>: Realizzato in fibra di carbonio ad alto modulo Toray T700 + T800.<\/li>\n<li><strong>Profondit\u00e0 del cerchio opzionale<\/strong>: 30 mm - 62 mm (sono disponibili pi\u00f9 opzioni).<\/li>\n<li><strong>Compatibilit\u00e0 dei pneumatici<\/strong>: Compatibile con pneumatici tubeless e copertoncini.<\/li>\n<li><strong>Versioni dei prodotti<\/strong>: Nel negozio \u00e8 esposta solo la versione pi\u00f9 leggera; sono disponibili anche versioni pi\u00f9 pesanti ed economiche. Contattateci per l'acquisto, se necessario.<\/li>\n<li><strong>Personalizzazione e distribuzione di grandi quantit\u00e0<\/strong>: Per la personalizzazione di grandi quantit\u00e0 o per richieste di informazioni su come diventare un distributore, consultare la pagina OEM.<\/li>\n<\/ul>\n<p>&nbsp;<\/p>\n<h6>Cerchi per bici da corsa Profondit\u00e0 30 mm - 62 mm<\/h6>\n<table style=\"height: 356px;\" width=\"1053\">\n<tbody>\n<tr>\n<td width=\"189\">Modello<\/td>\n<td width=\"249\">CR2830<\/td>\n<td width=\"249\">CR2835<\/td>\n<td width=\"249\">CR2840<\/td>\n<td width=\"249\">CR2845<\/td>\n<td width=\"249\">CR2850<\/td>\n<td width=\"249\">CR2855<\/td>\n<td width=\"249\">CR2862<\/td>\n<\/tr>\n<tr>\n<td width=\"189\">Tipo di pneumatico<\/td>\n<td>Tubeless\/Clincher<\/td>\n<td>Tubeless\/Clincher<\/td>\n<td>Tubeless\/Clincher<\/td>\n<td>Tubeless\/Clincher<\/td>\n<td>Tubeless\/Clincher<\/td>\n<td>Tubeless\/Clincher<\/td>\n<td>Tubeless\/Clincher<\/td>\n<\/tr>\n<tr>\n<td width=\"189\">Tipo di freno<\/td>\n<td>Freno a cerchione\/freno a disco<\/td>\n<td>Freno a cerchione\/freno a disco<\/td>\n<td>Freno a disco<\/td>\n<td>Freno a cerchione\/freno a disco<\/td>\n<td>Freno a cerchione\/freno a disco<\/td>\n<td>Freno a disco<\/td>\n<td>Freno a cerchione\/freno a disco<\/td>\n<\/tr>\n<tr>\n<td>Peso\/g<\/td>\n<td>400\/340<\/td>\n<td>420\/320<\/td>\n<td>340<\/td>\n<td>465\/360<\/td>\n<td width=\"249\">485\/385<\/td>\n<td>415<\/td>\n<td>530\/450<\/td>\n<\/tr>\n<tr>\n<td>Dimensione<\/td>\n<td>700C<\/td>\n<td>700C<\/td>\n<td>700C<\/td>\n<td>700C<\/td>\n<td>700C<\/td>\n<td>700C<\/td>\n<td>700C<\/td>\n<\/tr>\n<tr>\n<td>Larghezza<\/td>\n<td>28 mm<\/td>\n<td>28 mm<\/td>\n<td>28 mm<\/td>\n<td>28 mm<\/td>\n<td>28 mm<\/td>\n<td>28 mm<\/td>\n<td>28 mm<\/td>\n<\/tr>\n<tr>\n<td>Profondit\u00e0<\/td>\n<td>30 mm<\/td>\n<td>35 mm<\/td>\n<td>35 mm<\/td>\n<td>45 mm<\/td>\n<td>50 mm<\/td>\n<td>55 mm<\/td>\n<td>62 mm<\/td>\n<\/tr>\n<\/tbody>\n<\/table>","protected":false},"excerpt":{"rendered":"<p>Road Bike Rims Outer Width 28mm Customizable Finishes: UD, 3K, 12K, marble finish, or other finishes you have in mind. Please remember to leave your requirements and contact information when placing an order. Rim Material: Crafted from Toray T700 + T800 high-modulus carbon fiber. Optional Rim Depths: 30mm &#8211; 62mm (multiple options available). Tire Compatibility: Compatible with both tubeless tires and clincher tires. Product Versions: Only the lightest version is displayed in the store; there are also heavier and more cost-effective versions available. Contact us to purchase if needed. Bulk Customization &amp; Distribution: For bulk customization or inquiries about becoming a distributor, please refer to the OEM page. &nbsp; Road Bike Rims Depth 30mm- 62mm Model CR2830 CR2835 CR2840 CR2845 CR2850 CR2855 CR2862 Tire Type Tubeless\/Clincher Tubeless\/Clincher Tubeless\/Clincher Tubeless\/Clincher Tubeless\/Clincher Tubeless\/Clincher Tubeless\/Clincher Brake Type Rim Brake\/Disc Brake Rim Brake\/Disc Brake Disc Brake Rim Brake\/Disc Brake Rim Brake\/Disc Brake Disc Brake Rim Brake\/Disc Brake Weight\/g 400\/340 420\/320 340 465\/360 485\/385 415 530\/450 Size 700C 700C 700C 700C 700C 700C 700C Width 28mm 28mm 28mm 28mm 28mm 28mm 28mm Depth 30mm 35mm 35mm 45mm 50mm 55mm 62mm<\/p>","protected":false},"featured_media":1757,"comment_status":"open","ping_status":"closed","template":"","meta":[],"product_brand":[],"product_cat":[53],"product_tag":[127],"class_list":{"0":"post-1085","1":"product","2":"type-product","3":"status-publish","4":"has-post-thumbnail","6":"product_cat-outer-width-26mm-road-rim","7":"product_tag-accessories","8":"product_shipping_class-rim","10":"first","11":"onbackorder","12":"shipping-taxable","13":"purchasable","14":"product-type-variable"},"jetpack_sharing_enabled":true,"_links":{"self":[{"href":"https:\/\/crossrim.com\/it\/wp-json\/wp\/v2\/product\/1085","targetHints":{"allow":["GET"]}}],"collection":[{"href":"https:\/\/crossrim.com\/it\/wp-json\/wp\/v2\/product"}],"about":[{"href":"https:\/\/crossrim.com\/it\/wp-json\/wp\/v2\/types\/product"}],"replies":[{"embeddable":true,"href":"https:\/\/crossrim.com\/it\/wp-json\/wp\/v2\/comments?post=1085"}],"wp:featuredmedia":[{"embeddable":true,"href":"https:\/\/crossrim.com\/it\/wp-json\/wp\/v2\/media\/1757"}],"wp:attachment":[{"href":"https:\/\/crossrim.com\/it\/wp-json\/wp\/v2\/media?parent=1085"}],"wp:term":[{"taxonomy":"product_brand","embeddable":true,"href":"https:\/\/crossrim.com\/it\/wp-json\/wp\/v2\/product_brand?post=1085"},{"taxonomy":"product_cat","embeddable":true,"href":"https:\/\/crossrim.com\/it\/wp-json\/wp\/v2\/product_cat?post=1085"},{"taxonomy":"product_tag","embeddable":true,"href":"https:\/\/crossrim.com\/it\/wp-json\/wp\/v2\/product_tag?post=1085"}],"curies":[{"name":"wp","href":"https:\/\/api.w.org\/{rel}","templated":true}]}}