{"id":1129,"date":"2025-08-24T08:55:21","date_gmt":"2025-08-24T08:55:21","guid":{"rendered":"https:\/\/crossrim.com\/?post_type=product&#038;p=1129"},"modified":"2025-11-18T06:09:55","modified_gmt":"2025-11-18T06:09:55","slug":"road-bike-wavy-rim-internal-width-21mm","status":"publish","type":"product","link":"https:\/\/crossrim.com\/it\/prodotto\/road-bike-wavy-rim-internal-width-21mm\/","title":{"rendered":"Cerchi ondulati per bici da corsa Larghezza esterna 28 mm"},"content":{"rendered":"<h6>Cerchi ondulati per bici da corsa Larghezza esterna 28 mm<\/h6>\n<ul>\n<li><strong>Personalizzazione della finitura disponibile<\/strong>: UD, 3K, 12K, finitura marmo o altre finiture che conoscete. Si prega di lasciare le proprie esigenze e le informazioni di contatto al momento dell'ordine.<\/li>\n<li><strong>Materiale del cerchio<\/strong>: Costruito in fibra di carbonio ad alto modulo Toray T700 + T800.<\/li>\n<li><strong>Profondit\u00e0 del cerchio opzionale<\/strong>25 mm - 88 mm (sono disponibili pi\u00f9 opzioni).<\/li>\n<li><strong>Compatibilit\u00e0 dei pneumatici<\/strong>: Funziona sia con pneumatici tubeless che con copertoncini.<\/li>\n<li><strong>Versioni dei prodotti<\/strong>: Nel negozio \u00e8 esposta solo la versione pi\u00f9 leggera; sono disponibili anche versioni pi\u00f9 pesanti ed economiche. Contattateci per l'acquisto, se necessario.<\/li>\n<li><strong>Personalizzazione e distribuzione di grandi quantit\u00e0<\/strong>: Per la personalizzazione di grandi quantit\u00e0 o per diventare un distributore, consultare la pagina OEM.<\/li>\n<\/ul>\n<p>&nbsp;<\/p>\n<h6>Cerchi per bici da corsa Profondit\u00e0 45 mm - 60 mm<\/h6>\n<table width=\"1107\">\n<tbody>\n<tr>\n<td width=\"189\">Modello<\/td>\n<td width=\"459\">CRB2850<\/td>\n<td width=\"459\">CRB2860<\/td>\n<\/tr>\n<tr>\n<td width=\"189\">Tipo di pneumatico<\/td>\n<td>Tubeless\/Clincher<\/td>\n<td>Tubeless\/Clincher<\/td>\n<\/tr>\n<tr>\n<td width=\"189\">Tipo di freno<\/td>\n<td>Freno a disco<\/td>\n<td>Freno a disco<\/td>\n<\/tr>\n<tr>\n<td>Peso\/g<\/td>\n<td>430<\/td>\n<td>490<\/td>\n<\/tr>\n<tr>\n<td>Dimensione<\/td>\n<td>700C<\/td>\n<td>700C<\/td>\n<\/tr>\n<tr>\n<td>Larghezza<\/td>\n<td>28 mm<\/td>\n<td>28 mm<\/td>\n<\/tr>\n<tr>\n<td>Profondit\u00e0<\/td>\n<td>45 mm-50 mm<\/td>\n<td>55 mm-60 mm<\/td>\n<\/tr>\n<\/tbody>\n<\/table>","protected":false},"excerpt":{"rendered":"<p>Road Bike Wavy Rims Outer Width 28mm Finish Customization Available: UD, 3K, 12K, marble finish, or other finishes you are familiar with. Please note to leave your requirements and contact information when placing an order. Rim Material: Constructed from Toray T700 + T800 high-modulus carbon fiber. Optional Rim Depths: 25mm &#8211; 88mm (multiple options available). Tire Compatibility: Works with both tubeless tires and clincher tires. Product Versions: Only the lightest version is displayed in the store; there are also heavier and more cost-effective versions available. Contact us for purchase if needed. Bulk Customization &amp; Distribution: For bulk customization or becoming a distributor, please refer to the OEM page. &nbsp; Road Bike Rims Depth 45mm- 60mm Model CRB2850 CRB2860 Tire Type Tubeless\/Clincher Tubeless\/Clincher Brake Type Disc Brake Disc Brake Weight\/g 430 490 Size 700C 700C Width 28mm 28mm Depth 45mm-50mm 55mm-60mm<\/p>","protected":false},"featured_media":1760,"comment_status":"open","ping_status":"closed","template":"","meta":[],"product_brand":[],"product_cat":[53],"product_tag":[127],"class_list":{"0":"post-1129","1":"product","2":"type-product","3":"status-publish","4":"has-post-thumbnail","6":"product_cat-outer-width-26mm-road-rim","7":"product_tag-accessories","8":"product_shipping_class-rim","10":"first","11":"onbackorder","12":"shipping-taxable","13":"purchasable","14":"product-type-variable"},"jetpack_sharing_enabled":true,"_links":{"self":[{"href":"https:\/\/crossrim.com\/it\/wp-json\/wp\/v2\/product\/1129","targetHints":{"allow":["GET"]}}],"collection":[{"href":"https:\/\/crossrim.com\/it\/wp-json\/wp\/v2\/product"}],"about":[{"href":"https:\/\/crossrim.com\/it\/wp-json\/wp\/v2\/types\/product"}],"replies":[{"embeddable":true,"href":"https:\/\/crossrim.com\/it\/wp-json\/wp\/v2\/comments?post=1129"}],"wp:featuredmedia":[{"embeddable":true,"href":"https:\/\/crossrim.com\/it\/wp-json\/wp\/v2\/media\/1760"}],"wp:attachment":[{"href":"https:\/\/crossrim.com\/it\/wp-json\/wp\/v2\/media?parent=1129"}],"wp:term":[{"taxonomy":"product_brand","embeddable":true,"href":"https:\/\/crossrim.com\/it\/wp-json\/wp\/v2\/product_brand?post=1129"},{"taxonomy":"product_cat","embeddable":true,"href":"https:\/\/crossrim.com\/it\/wp-json\/wp\/v2\/product_cat?post=1129"},{"taxonomy":"product_tag","embeddable":true,"href":"https:\/\/crossrim.com\/it\/wp-json\/wp\/v2\/product_tag?post=1129"}],"curies":[{"name":"wp","href":"https:\/\/api.w.org\/{rel}","templated":true}]}}