{"id":1136,"date":"2025-08-24T09:37:48","date_gmt":"2025-08-24T09:37:48","guid":{"rendered":"https:\/\/crossrim.com\/?post_type=product&#038;p=1136"},"modified":"2025-11-09T00:04:58","modified_gmt":"2025-11-09T00:04:58","slug":"gravel-all-road-bike-rim-external-width-36mm","status":"publish","type":"product","link":"https:\/\/crossrim.com\/it\/prodotto\/gravel-all-road-bike-rim-external-width-36mm\/","title":{"rendered":"Cerchioni per bici da corsa e da strada Larghezza esterna 36 mm"},"content":{"rendered":"<h6>Cerchioni per bici da corsa e da strada Larghezza esterna 36 mm<\/h6>\n<ul>\n<li><strong>Finiture personalizzabili<\/strong>: UD, 3K, 12K, finitura marmo o altre finiture che avete in mente. Al momento dell'ordine, ricordatevi di indicare le vostre esigenze e le informazioni di contatto.<\/li>\n<li><strong>Materiale del cerchio<\/strong>: Costruito in fibra di carbonio ad alto modulo Toray T700 + T800.<\/li>\n<li><strong>Profondit\u00e0 del cerchio opzionale<\/strong>25 mm - 88 mm (sono disponibili pi\u00f9 opzioni).<\/li>\n<li><strong>Opzioni di compatibilit\u00e0 degli pneumatici<\/strong>: Offriamo modelli compatibili con pneumatici tubeless e copertoncino, nonch\u00e9 modelli progettati per pneumatici tubolari.<\/li>\n<li><strong>Versioni dei prodotti<\/strong>: Nel negozio online \u00e8 esposta solo la versione pi\u00f9 leggera; sono disponibili anche versioni pi\u00f9 pesanti ed economiche. Contattateci per l'acquisto se avete queste esigenze.<\/li>\n<li><strong>Personalizzazione e distribuzione di grandi quantit\u00e0<\/strong>: Per le richieste di personalizzazione di grandi quantit\u00e0 o di diventare distributore, consultare la pagina OEM.<\/li>\n<\/ul>\n<p>&nbsp;<\/p>\n<h6>Cerchi per bici da corsa Profondit\u00e0 32 mm - 52 mm<\/h6>\n<table width=\"1089\">\n<tbody>\n<tr>\n<td width=\"252\">Modello<\/td>\n<td width=\"279\">CR3632<\/td>\n<td width=\"279\">CR3642<\/td>\n<td width=\"279\">CR3652<\/td>\n<\/tr>\n<tr>\n<td>Tipo di pneumatico<\/td>\n<td>Tubeless\/Clincher<\/td>\n<td>Tubeless\/Clincher<\/td>\n<td>Tubeless\/Clincher<\/td>\n<\/tr>\n<tr>\n<td>Tipo di freno<\/td>\n<td>Freno a disco<\/td>\n<td>Freno a disco<\/td>\n<td>Freno a disco<\/td>\n<\/tr>\n<tr>\n<td width=\"252\">Peso\/g<\/td>\n<td>370g<\/td>\n<td>405g<\/td>\n<td>445g<\/td>\n<\/tr>\n<tr>\n<td>Dimensione<\/td>\n<td>700C<\/td>\n<td>700C<\/td>\n<td>700C<\/td>\n<\/tr>\n<tr>\n<td>Larghezza<\/td>\n<td>36 mm<\/td>\n<td>36 mm<\/td>\n<td>36 mm<\/td>\n<\/tr>\n<tr>\n<td>Profondit\u00e0<\/td>\n<td>32 mm<\/td>\n<td>42 mm<\/td>\n<td>52 mm<\/td>\n<\/tr>\n<\/tbody>\n<\/table>","protected":false},"excerpt":{"rendered":"<p>Gravel \/ All Road Bike Rims Outer Width 36mm Customizable Finishes: UD, 3K, 12K, marble finish, or other finishes you have in mind. Please remember to leave your requirements and contact information when placing an order. Rim Material: Constructed from Toray T700 + T800 high-modulus carbon fiber. Optional Rim Depths: 25mm &#8211; 88mm (multiple options available). Tire Compatibility Options: We offer models compatible with both tubeless and clincher tires, as well as models designed for tubular tires. Product Versions: Only the lightest version is displayed in the online store; there are also heavier and more cost-effective versions available. Contact us to purchase if you have such needs. Bulk Customization &amp; Distribution: For bulk customization requests or inquiries about becoming a distributor, please refer to the OEM page. &nbsp; Road Bike Rims Depth 32mm- 52mm Model CR3632 CR3642 CR3652 Tire Type Tubeless\/Clincher Tubeless\/Clincher Tubeless\/Clincher Brake Type Disc Brake Disc Brake Disc Brake Weight\/g 370g 405g 445g Size 700C 700C 700C Width 36mm 36mm 36mm Depth 32mm 42mm 52mm<\/p>","protected":false},"featured_media":1754,"comment_status":"open","ping_status":"closed","template":"","meta":[],"product_brand":[],"product_cat":[57],"product_tag":[127],"class_list":{"0":"post-1136","1":"product","2":"type-product","3":"status-publish","4":"has-post-thumbnail","6":"product_cat-outer-width-36mm-gravel-rim","7":"product_tag-accessories","8":"product_shipping_class-rim","10":"first","11":"onbackorder","12":"shipping-taxable","13":"purchasable","14":"product-type-variable"},"jetpack_sharing_enabled":true,"_links":{"self":[{"href":"https:\/\/crossrim.com\/it\/wp-json\/wp\/v2\/product\/1136","targetHints":{"allow":["GET"]}}],"collection":[{"href":"https:\/\/crossrim.com\/it\/wp-json\/wp\/v2\/product"}],"about":[{"href":"https:\/\/crossrim.com\/it\/wp-json\/wp\/v2\/types\/product"}],"replies":[{"embeddable":true,"href":"https:\/\/crossrim.com\/it\/wp-json\/wp\/v2\/comments?post=1136"}],"wp:featuredmedia":[{"embeddable":true,"href":"https:\/\/crossrim.com\/it\/wp-json\/wp\/v2\/media\/1754"}],"wp:attachment":[{"href":"https:\/\/crossrim.com\/it\/wp-json\/wp\/v2\/media?parent=1136"}],"wp:term":[{"taxonomy":"product_brand","embeddable":true,"href":"https:\/\/crossrim.com\/it\/wp-json\/wp\/v2\/product_brand?post=1136"},{"taxonomy":"product_cat","embeddable":true,"href":"https:\/\/crossrim.com\/it\/wp-json\/wp\/v2\/product_cat?post=1136"},{"taxonomy":"product_tag","embeddable":true,"href":"https:\/\/crossrim.com\/it\/wp-json\/wp\/v2\/product_tag?post=1136"}],"curies":[{"name":"wp","href":"https:\/\/api.w.org\/{rel}","templated":true}]}}