{"id":1438,"date":"2025-09-03T13:06:45","date_gmt":"2025-09-03T13:06:45","guid":{"rendered":"https:\/\/crossrim.com\/?post_type=product&#038;p=1438"},"modified":"2025-11-09T00:04:57","modified_gmt":"2025-11-09T00:04:57","slug":"rw-c45-road-bike-carbon-wheelset-1300g%c2%b13","status":"publish","type":"product","link":"https:\/\/crossrim.com\/it\/prodotto\/rw-c45-road-bike-carbon-wheelset-1300g%c2%b13\/","title":{"rendered":"Ruote in carbonio per bici da corsa (1300g\u00b13%)"},"content":{"rendered":"<h6 class=\"header-vfC6AV auto-hide-last-sibling-br\">Set di ruote con freni a disco in fibra di carbonio Riding Wind C45 Series<\/h6>\n<ul>\n<li>Il set di ruote con altezza del cerchio di 45 mm \u00e8 una scelta \u201ctuttofare\u201d, in quanto soddisfa le esigenze di aerodinamica e rigidit\u00e0 senza compromettere eccessivamente le propriet\u00e0 di leggerezza e stabilit\u00e0 al vento laterale, rendendolo adatto ai corridori che perseguono prestazioni a tutto tondo.<\/li>\n<li>I cerchi sono realizzati a mano in fibra di carbonio Toray di alta qualit\u00e0, con larghezze interne opzionali di 21 mm e 24 mm. Sono compatibili con diverse specifiche di telai e pneumatici, compresi i copertoncini e i tubeless.<\/li>\n<\/ul>\n<p><img fetchpriority=\"high\" decoding=\"async\" class=\"alignnone wp-image-1666\" src=\"https:\/\/crossrim.com\/wp-content\/uploads\/2025\/09\/29R45C28Z-Model_012-300x300.jpg\" alt=\"\" width=\"299\" height=\"299\" \/><img decoding=\"async\" class=\"alignnone size-medium wp-image-1664\" src=\"https:\/\/crossrim.com\/wp-content\/uploads\/2025\/09\/29R45C30Z-Model_0111-300x300.jpg\" alt=\"\" width=\"300\" height=\"300\" \/><\/p>\n<ul>\n<li class=\"auto-hide-last-sibling-br paragraph-JOTKXA paragraph-element br-paragraph-space\">I raggi in fibra di carbonio piatti larghi 5 mm offrono una migliore aerodinamica, con un'ottimizzazione completa che bilancia leggerezza, rigidit\u00e0 e stabilit\u00e0, oltre a essere esteticamente pi\u00f9 gradevoli. I nippli dei raggi sono in acciaio speciale e ogni raggio (compreso il nipplo) pesa solo 3,05 g.<\/li>\n<li class=\"auto-hide-last-sibling-br paragraph-JOTKXA paragraph-element br-paragraph-space\">Con 21 raggi all'anteriore e 24 al posteriore e uno schema di allacciatura 2:1 per la ruota posteriore, migliora il bilanciamento delle forze, ottimizza l'efficienza di guida e la rigidit\u00e0 ed \u00e8 adatta a corse ad alta intensit\u00e0.<\/li>\n<\/ul>\n<p><img decoding=\"async\" class=\"alignnone wp-image-1642 size-large\" src=\"https:\/\/crossrim.com\/wp-content\/uploads\/2025\/09\/carbon-spokes-for-bike-3-1024x484.png\" alt=\"\" width=\"640\" height=\"303\" \/><\/p>\n<ul>\n<li>Il mozzo H-WORKS, progettato esclusivamente per i raggi in carbonio con una struttura a cricchetto planetario, vanta i vantaggi di un'elevatissima reattivit\u00e0, durata e scorrevolezza, che lo rendono adatto a scenari di guida ad alta rotazione. \u00c8 dotato di un mozzo per freni a disco con bloccaggio centrale e di una flangia pi\u00f9 grande, che ottimizza la disposizione dei raggi, rendendo il set di ruote pi\u00f9 rigido, pi\u00f9 stabile e pi\u00f9 duraturo.<\/li>\n<\/ul>\n<p><img loading=\"lazy\" decoding=\"async\" class=\"alignnone wp-image-1943 size-large\" src=\"https:\/\/crossrim.com\/wp-content\/uploads\/2025\/10\/H-Works-SR360-795x1024.jpg\" alt=\"H-Works- SR360\" width=\"640\" height=\"824\" \/><\/p>","protected":false},"excerpt":{"rendered":"<p>Riding Wind C45 Series Carbon Fiber Spoke Disc Brake Wheelset The 45mm rim height wheelset is an &#8220;all-rounder&#8221; choice, as it meets the needs for aerodynamics and rigidity without excessively compromising lightweight properties and crosswind stability, making it suitable for riders pursuing all-round performance. The rims are handcrafted from high-quality Toray carbon fiber, with optional inner widths of 21mm and 24mm. They are compatible with various specifications of frames and tires, including clincher tires and tubeless tires. The 5mm-wide flat wide flat carbon fiber spokes offer better aerodynamics, with comprehensive optimization balancing lightweight, rigidity and stability, while being more aesthetically pleasing. The spoke nipples are made of special stainless steel, and each spoke (including the nipple) weighs only 3.05g. With 21 spokes at the front and 24 at the rear, and a 2:1 lacing pattern for the rear wheel, it improves force balance, optimizes driving efficiency and rigidity, and is suitable for high-intensity riding. The H-WORKS hub, exclusively designed for carbon spokes with a planetary ratchet structure, boasts the advantages of ultra-high responsiveness, durability, and smoothness, making it suitable for high-rotation riding scenarios. It features a center-lock disc brake hub and a larger flange, which optimizes the spoke layout, rendering the wheelset stiffer, more stable, and more durable.<\/p>","protected":false},"featured_media":1887,"comment_status":"open","ping_status":"closed","template":"","meta":[],"product_brand":[],"product_cat":[31],"product_tag":[128],"class_list":{"0":"post-1438","1":"product","2":"type-product","3":"status-publish","4":"has-post-thumbnail","6":"product_cat-31","7":"product_tag-wheels","8":"product_shipping_class-wheelset","10":"first","11":"onbackorder","12":"shipping-taxable","13":"purchasable","14":"product-type-variable"},"jetpack_sharing_enabled":true,"_links":{"self":[{"href":"https:\/\/crossrim.com\/it\/wp-json\/wp\/v2\/product\/1438","targetHints":{"allow":["GET"]}}],"collection":[{"href":"https:\/\/crossrim.com\/it\/wp-json\/wp\/v2\/product"}],"about":[{"href":"https:\/\/crossrim.com\/it\/wp-json\/wp\/v2\/types\/product"}],"replies":[{"embeddable":true,"href":"https:\/\/crossrim.com\/it\/wp-json\/wp\/v2\/comments?post=1438"}],"wp:featuredmedia":[{"embeddable":true,"href":"https:\/\/crossrim.com\/it\/wp-json\/wp\/v2\/media\/1887"}],"wp:attachment":[{"href":"https:\/\/crossrim.com\/it\/wp-json\/wp\/v2\/media?parent=1438"}],"wp:term":[{"taxonomy":"product_brand","embeddable":true,"href":"https:\/\/crossrim.com\/it\/wp-json\/wp\/v2\/product_brand?post=1438"},{"taxonomy":"product_cat","embeddable":true,"href":"https:\/\/crossrim.com\/it\/wp-json\/wp\/v2\/product_cat?post=1438"},{"taxonomy":"product_tag","embeddable":true,"href":"https:\/\/crossrim.com\/it\/wp-json\/wp\/v2\/product_tag?post=1438"}],"curies":[{"name":"wp","href":"https:\/\/api.w.org\/{rel}","templated":true}]}}