{"id":1451,"date":"2025-09-04T12:44:06","date_gmt":"2025-09-04T12:44:06","guid":{"rendered":"https:\/\/crossrim.com\/?post_type=product&#038;p=1451"},"modified":"2025-11-09T18:24:09","modified_gmt":"2025-11-09T18:24:09","slug":"%e3%80%90rw-c35%e3%80%91road-bike-carbon-wheelset-1240g%c2%b125g","status":"publish","type":"product","link":"https:\/\/crossrim.com\/it\/prodotto\/%e3%80%90rw-c35%e3%80%91road-bike-carbon-wheelset-1240g%c2%b125g\/","title":{"rendered":"\u3010RW-C35\u3011Ruota da strada in carbonio (1240g\u00b13%)"},"content":{"rendered":"<h6>Set di ruote con freni a disco in fibra di carbonio Riding Wind C35 Series<\/h6>\n<ul>\n<li>L'altezza del cerchio di 35 mm bilancia la leggerezza e l'aerodinamica, garantendo l'assenza di lentezza in salita e l'efficienza su strade pianeggianti, con la compatibilit\u00e0 con diverse condizioni stradali. Ha una bassa sensibilit\u00e0 al vento laterale, che consente una maneggevolezza pi\u00f9 stabile, e offre prestazioni complessive complete, che lo rendono adatto agli utenti che cercano un'esperienza di guida in tutti gli scenari.<\/li>\n<li>I cerchi sono realizzati a mano in fibra di carbonio Toray di alta qualit\u00e0, con larghezze interne opzionali di 21 mm e 24 mm. Sono compatibili con diverse specifiche di telaio e pneumatici, compresi i copertoncini e i tubeless.<\/li>\n<\/ul>\n<p><img fetchpriority=\"high\" decoding=\"async\" class=\"alignnone wp-image-1595 size-medium\" src=\"https:\/\/crossrim.com\/wp-content\/uploads\/2025\/08\/29R35C28Z-Model_011-300x300.jpg\" alt=\"\" width=\"300\" height=\"300\" \/><img decoding=\"async\" class=\"alignnone wp-image-1641\" src=\"https:\/\/crossrim.com\/wp-content\/uploads\/2025\/09\/29R35C30Z-Model_011-300x300.jpg\" alt=\"\" width=\"320\" height=\"320\" \/><\/p>\n<ul>\n<li>I raggi piatti in fibra di carbonio, larghi 5 mm, offrono una migliore aerodinamica, con un'ottimizzazione completa che bilancia leggerezza, rigidit\u00e0 e stabilit\u00e0, oltre a essere esteticamente pi\u00f9 gradevoli. I nippli dei raggi sono in acciaio inossidabile speciale e ogni raggio (compreso il nipplo) pesa solo 3,05g.<\/li>\n<li>Con 21 raggi all'anteriore e 24 al posteriore e uno schema di allacciatura 2:1 per la ruota posteriore, migliora il bilanciamento delle forze, ottimizza l'efficienza di guida e la rigidit\u00e0 ed \u00e8 adatta a corse ad alta intensit\u00e0.<\/li>\n<\/ul>\n<p><img decoding=\"async\" class=\"alignnone wp-image-1642 size-large\" src=\"https:\/\/crossrim.com\/wp-content\/uploads\/2025\/09\/carbon-spokes-for-bike-3-1024x484.png\" alt=\"\" width=\"640\" height=\"303\" \/><\/p>\n<ul>\n<li>Il mozzo H-WORKS, progettato esclusivamente per raggi in carbonio con una struttura a cricchetto planetario, vanta vantaggi di altissima reattivit\u00e0, durata e scorrevolezza, che lo rendono adatto a scenari di guida ad alta rotazione. \u00c8 dotato di un mozzo per freni a disco con bloccaggio centrale e di una flangia pi\u00f9 grande, che ottimizza la disposizione dei raggi, rendendo il set di ruote pi\u00f9 rigido, pi\u00f9 stabile e pi\u00f9 duraturo.<\/li>\n<\/ul>\n<figure id=\"attachment_1943\" aria-describedby=\"caption-attachment-1943\" style=\"width: 640px\" class=\"wp-caption alignnone\"><img loading=\"lazy\" decoding=\"async\" class=\"wp-image-1943 size-large\" src=\"https:\/\/crossrim.com\/wp-content\/uploads\/2025\/10\/H-Works-SR360-795x1024.jpg\" alt=\"H-Works- SR360\" width=\"640\" height=\"824\" \/><figcaption id=\"caption-attachment-1943\" class=\"wp-caption-text\">H-Works- SR360<\/figcaption><\/figure>","protected":false},"excerpt":{"rendered":"<p>Riding Wind C35 Series Carbon Fiber Spoke Disc Brake Wheelset The 35mm rim height balances lightweight and aerodynamics, ensuring no sluggishness during climbs and efficiency on flat roads, with compatibility for various road conditions. It has low sensitivity to crosswinds, enabling more stable handling, and features well-rounded overall performance, making it suitable for users seeking an all-scenario riding experience. The rims are handcrafted from high-quality Toray carbon fiber, with optional inner widths of 21mm and 24mm. They are compatible with various frame and tire specifications, including clincher tires and tubeless tires. The 5mm-wide-wide flat carbon fiber spokes offer better aerodynamics, with comprehensive optimization balancing lightweight, rigidity, and stability, while being more aesthetically pleasing. The spoke nipples are made of special stainless steel, and each spoke (including the nipple) weighs only 3.05g. With 21 spokes at the front and 24 at the rear, and a 2:1 lacing pattern for the rear wheel, it enhances force balance, optimizes driving efficiency and rigidity, and is suitable for high-intensity riding. The H-WORKS hub, exclusively designed for carbon spokes with a planetary ratchet structure, boasts advantages of ultra-high responsiveness, durability, and smoothness, making it suitable for high-rotation riding scenarios. It features a center-lock disc brake hub and a larger flange, which optimizes the spoke layout, rendering the wheelset stiffer, more stable, and more durable.<\/p>","protected":false},"featured_media":1879,"comment_status":"open","ping_status":"closed","template":"","meta":[],"product_brand":[],"product_cat":[31],"product_tag":[128],"class_list":{"0":"post-1451","1":"product","2":"type-product","3":"status-publish","4":"has-post-thumbnail","6":"product_cat-31","7":"product_tag-wheels","8":"product_shipping_class-wheelset","10":"first","11":"onbackorder","12":"shipping-taxable","13":"purchasable","14":"product-type-variable"},"jetpack_sharing_enabled":true,"_links":{"self":[{"href":"https:\/\/crossrim.com\/it\/wp-json\/wp\/v2\/product\/1451","targetHints":{"allow":["GET"]}}],"collection":[{"href":"https:\/\/crossrim.com\/it\/wp-json\/wp\/v2\/product"}],"about":[{"href":"https:\/\/crossrim.com\/it\/wp-json\/wp\/v2\/types\/product"}],"replies":[{"embeddable":true,"href":"https:\/\/crossrim.com\/it\/wp-json\/wp\/v2\/comments?post=1451"}],"wp:featuredmedia":[{"embeddable":true,"href":"https:\/\/crossrim.com\/it\/wp-json\/wp\/v2\/media\/1879"}],"wp:attachment":[{"href":"https:\/\/crossrim.com\/it\/wp-json\/wp\/v2\/media?parent=1451"}],"wp:term":[{"taxonomy":"product_brand","embeddable":true,"href":"https:\/\/crossrim.com\/it\/wp-json\/wp\/v2\/product_brand?post=1451"},{"taxonomy":"product_cat","embeddable":true,"href":"https:\/\/crossrim.com\/it\/wp-json\/wp\/v2\/product_cat?post=1451"},{"taxonomy":"product_tag","embeddable":true,"href":"https:\/\/crossrim.com\/it\/wp-json\/wp\/v2\/product_tag?post=1451"}],"curies":[{"name":"wp","href":"https:\/\/api.w.org\/{rel}","templated":true}]}}