{"id":1513,"date":"2025-09-09T03:43:03","date_gmt":"2025-09-09T03:43:03","guid":{"rendered":"https:\/\/crossrim.com\/?post_type=product&#038;p=1513"},"modified":"2025-11-09T00:04:57","modified_gmt":"2025-11-09T00:04:57","slug":"%e3%80%90br-29c%e3%80%91mtb-xc-carbon-spokes-wheelset-29er-asymmetric","status":"publish","type":"product","link":"https:\/\/crossrim.com\/it\/prodotto\/%e3%80%90br-29c%e3%80%91mtb-xc-carbon-spokes-wheelset-29er-asymmetric\/","title":{"rendered":"\u3010BR-29c\u3011MTB (XC) Ruote a raggi in carbonio 29ER Asimmetriche (1180g\u00b13%)"},"content":{"rendered":"<h6>Breeze Rise 29c Serie Carbon Fiber Spoke Disc BrakeRuote per mountain bike Cross Country<\/h6>\n<ul>\n<li>La serie 29c in carbonioCross Country in fibra di carbonio \u00e8 una ruota a raggi in carbonio progettata appositamente per le gare di mountain cross-country. Il suo concetto di design si concentra su leggerezza, rigidit\u00e0 e reattivit\u00e0, tenendo conto anche di un certo livello di resistenza agli urti.<\/li>\n<li>I cerchi sono realizzati a mano in fibra di carbonio Toray di alta qualit\u00e0, con una larghezza interna di 26 mm e una larghezza esterna di 33 mm, per garantire una forte compatibilit\u00e0 con i pneumatici. Il design asimmetrico del cerchio bilancia la tensione e ottimizza la distribuzione della forza, migliorando significativamente la stabilit\u00e0, la rigidit\u00e0, la durata e la maneggevolezza del set di ruote. Grazie a materie prime di alta qualit\u00e0 combinate con una precisa e scientifica laminazione del tessuto di carbonio, ogni cerchio pesa solo 340 g ed \u00e8 compatibile sia con i copertoncini che con i tubeless.<\/li>\n<\/ul>\n<p><img fetchpriority=\"high\" decoding=\"async\" class=\"alignnone wp-image-1653 size-medium\" src=\"https:\/\/crossrim.com\/wp-content\/uploads\/2025\/09\/29H25C33P_011-300x200.jpg\" alt=\"\" width=\"300\" height=\"200\" \/><\/p>\n<ul>\n<li>I raggi sono in carbonio da 3,8 mm di larghezza, sviluppati in proprio, per bilanciare leggerezza, rigidit\u00e0 e prestazioni aerodinamiche. Il materiale principale \u00e8 la fibra di carbonio ad alto modulo, con acciaio inossidabile speciale alle due estremit\u00e0. Questi raggi a trazione diretta consentono una trasmissione pi\u00f9 diretta della forza e la configurazione di 24 raggi per le ruote anteriori e posteriori garantisce la massima resistenza.<\/li>\n<\/ul>\n<p><img decoding=\"async\" class=\"alignnone wp-image-1643 size-large\" src=\"https:\/\/crossrim.com\/wp-content\/uploads\/2025\/09\/carbon-spokes-for-bike-2-1024x473.png\" alt=\"\" width=\"640\" height=\"296\" \/><\/p>\n<ul>\n<li>Un set di ruote ad alte prestazioni richiede un mozzo robusto. Il mozzo H-WORKS, progettato specificamente per le mountain bike con razze in carbonio, presenta una struttura a cricchetto planetario. Vanta un'elevatissima reattivit\u00e0, durata e fluidit\u00e0 di funzionamento, che lo rendono adatto a scenari di guida ad alta rotazione. Dotato di una struttura per freni a disco con bloccaggio centrale e realizzato con una lavorazione ultraprecisa, \u00e8 ottimizzato per il design leggero e le prestazioni, con un peso di soli 330 g per coppia.<\/li>\n<\/ul>\n<p><img decoding=\"async\" class=\"wp-image-1937 size-large\" src=\"https:\/\/crossrim.com\/wp-content\/uploads\/2025\/10\/H-Works-CM300-770x1024.jpg\" alt=\"H-Works- CM300\" width=\"640\" height=\"851\" \/><\/p>","protected":false},"excerpt":{"rendered":"<p>Breeze Rise 29c Series Carbon Fiber Spoke Disc BrakeMountain Bike Cross Country Wheelset The 29c series carbon carbonCross Country carbon fiber wheelset is a carbon spoke wheelset specially designed for mountain cross-country racing. Its core design concept focuses on lightweight, rigidity and responsiveness, while also taking into account a certain level of impact resistance. The rims are handcrafted from high-quality Toray carbon fiber, with an inner width of 26mm and an outer width of 33mm, ensuring strong tire compatibility. The asymmetric rim design balances tension and optimizes force distribution, significantly enhancing the stability, rigidity, durability and handling of the wheelset. Thanks to high-spec raw materials combined with precise and scientific carbon cloth lamination, each rim weighs only 340g and is compatible with both clincher tires and tubeless tires. The spokes are self-developed 3.8mm-wide carbon spokes, which balance lightweight, rigidity, and aerodynamic performance. The main material is high-modulus carbon fiber, with special stainless steel at both ends. These straight-pull spokes enable more direct force transmission, and the configuration of 24 spokes for both the front and rear wheels ensures maximum strength. A high-performance wheelset requires a robust hub. The H-WORKS hub, specifically designed for carbon-spoke mountain bikes, features a planetary ratchet structure. It boasts ultra-high responsiveness, durability, and smooth operation, making it suitable for high-rotation riding scenarios. Equipped with a center-lock disc brake structure and crafted with ultra-precision machining, it is optimized for lightweight design and performance\u2014weighing only 330g per pair.<\/p>","protected":false},"featured_media":1871,"comment_status":"open","ping_status":"closed","template":"","meta":[],"product_brand":[],"product_cat":[33],"product_tag":[128],"class_list":{"0":"post-1513","1":"product","2":"type-product","3":"status-publish","4":"has-post-thumbnail","6":"product_cat-mtb-wheelset","7":"product_tag-wheels","8":"product_shipping_class-wheelset","10":"first","11":"onbackorder","12":"featured","13":"shipping-taxable","14":"purchasable","15":"product-type-variable"},"jetpack_sharing_enabled":true,"_links":{"self":[{"href":"https:\/\/crossrim.com\/it\/wp-json\/wp\/v2\/product\/1513","targetHints":{"allow":["GET"]}}],"collection":[{"href":"https:\/\/crossrim.com\/it\/wp-json\/wp\/v2\/product"}],"about":[{"href":"https:\/\/crossrim.com\/it\/wp-json\/wp\/v2\/types\/product"}],"replies":[{"embeddable":true,"href":"https:\/\/crossrim.com\/it\/wp-json\/wp\/v2\/comments?post=1513"}],"wp:featuredmedia":[{"embeddable":true,"href":"https:\/\/crossrim.com\/it\/wp-json\/wp\/v2\/media\/1871"}],"wp:attachment":[{"href":"https:\/\/crossrim.com\/it\/wp-json\/wp\/v2\/media?parent=1513"}],"wp:term":[{"taxonomy":"product_brand","embeddable":true,"href":"https:\/\/crossrim.com\/it\/wp-json\/wp\/v2\/product_brand?post=1513"},{"taxonomy":"product_cat","embeddable":true,"href":"https:\/\/crossrim.com\/it\/wp-json\/wp\/v2\/product_cat?post=1513"},{"taxonomy":"product_tag","embeddable":true,"href":"https:\/\/crossrim.com\/it\/wp-json\/wp\/v2\/product_tag?post=1513"}],"curies":[{"name":"wp","href":"https:\/\/api.w.org\/{rel}","templated":true}]}}