{"id":644,"date":"2025-08-20T10:07:22","date_gmt":"2025-08-20T10:07:22","guid":{"rendered":"https:\/\/crossrim.com\/?post_type=product&#038;p=644"},"modified":"2025-11-09T00:04:58","modified_gmt":"2025-11-09T00:04:58","slug":"%e3%80%90rw-aero-40%e3%80%91road-bike-ultra-light-carbon-wheelset","status":"publish","type":"product","link":"https:\/\/crossrim.com\/it\/prodotto\/%e3%80%90rw-aero-40%e3%80%91road-bike-ultra-light-carbon-wheelset\/","title":{"rendered":"RW-Aero 40\u3011Ruota in carbonio ultraleggera per bici da corsa (1075g\/ 1125g \u00b13%)"},"content":{"rendered":"<h6>Set di ruote con freno a disco a raggi in fibra di carbonio ultraleggero Riding Wind Aero Series<\/h6>\n<ul>\n<li>La serie di ruote Aero40 \u00e8 un set di ruote a raggi in carbonio ultraleggero progettato da CROSSRIM con un'attenzione particolare alla leggerezza e alle prestazioni a tutto tondo. Il cerchio alto 40 mm offre prestazioni eccezionali a tutto tondo, raggiungendo un ottimo equilibrio in termini di peso, aerodinamica, rigidit\u00e0 e sensibilit\u00e0 al vento laterale. In particolare, il set di ruote con larghezza interna di 21 mm pesa solo 1075 g \u00b1 3%, mentre la versione con larghezza interna di 24 mm \u00e8 leggera fino a 1125 g \u00b1 3%. Offre una risposta estremamente rapida all'accelerazione e una maneggevolezza estremamente sensibile, che vi far\u00e0 sentire come se steste pedalando sul vento.<\/li>\n<li>I cerchi sono realizzati a mano in fibra di carbonio Toray di alta qualit\u00e0, con larghezze interne opzionali di 21 mm e 24 mm. Grazie a materie prime di alta qualit\u00e0 combinate con una precisa e scientifica laminazione del tessuto di carbonio, ogni cerchio da 21 mm di larghezza interna pesa solo 340 g e ogni cerchio da 24 mm di larghezza interna 365 g, pur mantenendo requisiti di resistenza superiori agli standard industriali, ottenendo cos\u00ec un migliore equilibrio tra peso, prestazioni e resistenza. Con due opzioni di larghezza disponibili, sono compatibili con diverse specifiche di telai e pneumatici, compresi i copertoncini e i tubeless.<\/li>\n<\/ul>\n<p><img fetchpriority=\"high\" decoding=\"async\" class=\"alignnone size-medium wp-image-1596\" src=\"https:\/\/crossrim.com\/wp-content\/uploads\/2025\/08\/29R40C28Z-Model_011-300x300.jpg\" alt=\"\" width=\"300\" height=\"300\" \/><img decoding=\"async\" class=\"alignnone size-medium wp-image-1674\" src=\"https:\/\/crossrim.com\/wp-content\/uploads\/2025\/08\/29R40C30Z-Model_011-300x300.jpg\" alt=\"\" width=\"300\" height=\"300\" \/><\/p>\n<ul>\n<li>I raggi adottano i raggi in carbonio CROSSING T1, raggi in carbonio ultraleggeri appositamente progettati per garantire leggerezza, rigidit\u00e0 e prestazioni. Ogni raggio pesa solo 2,15 g, con il corpo principale in fibra di carbonio ad alto modulo ed entrambe le estremit\u00e0 dei raggi in lega di titanio: una combinazione perfetta di materiali moderni ad alte prestazioni.<\/li>\n<li>Con 20 raggi all'anteriore e 20 al posteriore, fornisce un supporto sufficiente alle prestazioni, bilanciando peso e rigidit\u00e0.<\/li>\n<\/ul>\n<p><img decoding=\"async\" class=\"alignnone wp-image-1644 size-large\" src=\"https:\/\/crossrim.com\/wp-content\/uploads\/2025\/09\/crossing-carbon-spokes-T1-1024x566.jpg\" alt=\"crossing carbon spokes T1\" width=\"640\" height=\"354\" \/><\/p>\n<ul>\n<li>Il mozzo H-WORKS, progettato esclusivamente per raggi in carbonio con una struttura a cricchetto planetario, vanta vantaggi di altissima reattivit\u00e0, durata e scorrevolezza, che lo rendono adatto a scenari di guida ad alta rotazione. \u00c8 dotato di un mozzo per freni a disco con bloccaggio centrale, \u00e8 sottoposto a una lavorazione ultraprecisa ed \u00e8 appositamente ottimizzato per garantire leggerezza e prestazioni, con una coppia che pesa solo 283 g.<\/li>\n<\/ul>\n<figure id=\"attachment_1941\" aria-describedby=\"caption-attachment-1941\" style=\"width: 640px\" class=\"wp-caption alignnone\"><img loading=\"lazy\" decoding=\"async\" class=\"wp-image-1941 size-large\" src=\"https:\/\/crossrim.com\/wp-content\/uploads\/2025\/10\/H-Works-SR288A-802x1024.jpg\" alt=\"H-Works- SR288A\" width=\"640\" height=\"817\" \/><figcaption id=\"caption-attachment-1941\" class=\"wp-caption-text\">\u00a0<\/figcaption><\/figure>","protected":false},"excerpt":{"rendered":"<p>Riding Wind Aero Series Ultra-light Carbon Fiber Spoke Disc Brake Wheelset The Aero40 series wheelset is an ultra-light carbon-spoke wheelset designed by CROSSRIM with a focus on lightweight and all-round performance. The 40mm-tall rim delivers exceptional all-round performance, achieving a fine balance in terms of weight, aerodynamics, rigidity, and crosswind sensitivity. Most notably, the wheelset with a 21mm inner width weighs as little as 1075g \u00b1 3%, while the 24mm inner width version is as light as 1125g \u00b1 3%. It offers extremely quick acceleration response and highly sensitive handling, making you feel like you&#8217;re riding on the wind. The rims are handcrafted from high-quality Toray carbon fiber, with optional inner widths of 21mm and 24mm. Thanks to high-grade raw materials combined with precise and scientific carbon cloth lamination, each 21mm inner width rim weighs as little as 340g, and each 24mm inner width rim as little as 365g, while maintaining strength requirements higher than industry standards, thus achieving a better balance of weight, performance and strength. With two width options available, they are compatible with various specifications of frames and tires, including clincher tires and tubeless tires. The spokes adopt CROSSING T1 carbon spokes, which are ultra-light carbon spokes specially designed for lightweight, rigidity and performance. Each spoke weighs only 2.15g, with the main body made of high-modulus carbon fiber and both ends of the spokes made of titanium alloy\u2014representing a perfect combination of modern high-performance materials. With 20 spokes at the front and 20 at the rear, it provides sufficient performance support while balancing weight and rigidity. The H-WORKS hub, exclusively designed for carbon spokes with a planetary ratchet structure, boasts advantages of ultra-high responsiveness, durability, and smoothness, making it suitable for high-rotation riding scenarios. It features a center-lock disc brake hub, undergoes ultra-precision machining, and is specially optimized for lightweight and performance\u2014with a pair weighing only 283g.<\/p>","protected":false},"featured_media":1741,"comment_status":"open","ping_status":"closed","template":"","meta":[],"product_brand":[],"product_cat":[31],"product_tag":[128],"class_list":{"0":"post-644","1":"product","2":"type-product","3":"status-publish","4":"has-post-thumbnail","6":"product_cat-31","7":"product_tag-wheels","8":"product_shipping_class-wheelset","10":"first","11":"onbackorder","12":"featured","13":"shipping-taxable","14":"purchasable","15":"product-type-variable"},"jetpack_sharing_enabled":true,"_links":{"self":[{"href":"https:\/\/crossrim.com\/it\/wp-json\/wp\/v2\/product\/644","targetHints":{"allow":["GET"]}}],"collection":[{"href":"https:\/\/crossrim.com\/it\/wp-json\/wp\/v2\/product"}],"about":[{"href":"https:\/\/crossrim.com\/it\/wp-json\/wp\/v2\/types\/product"}],"replies":[{"embeddable":true,"href":"https:\/\/crossrim.com\/it\/wp-json\/wp\/v2\/comments?post=644"}],"wp:featuredmedia":[{"embeddable":true,"href":"https:\/\/crossrim.com\/it\/wp-json\/wp\/v2\/media\/1741"}],"wp:attachment":[{"href":"https:\/\/crossrim.com\/it\/wp-json\/wp\/v2\/media?parent=644"}],"wp:term":[{"taxonomy":"product_brand","embeddable":true,"href":"https:\/\/crossrim.com\/it\/wp-json\/wp\/v2\/product_brand?post=644"},{"taxonomy":"product_cat","embeddable":true,"href":"https:\/\/crossrim.com\/it\/wp-json\/wp\/v2\/product_cat?post=644"},{"taxonomy":"product_tag","embeddable":true,"href":"https:\/\/crossrim.com\/it\/wp-json\/wp\/v2\/product_tag?post=644"}],"curies":[{"name":"wp","href":"https:\/\/api.w.org\/{rel}","templated":true}]}}