{"id":255,"date":"2025-08-18T05:26:53","date_gmt":"2025-08-18T05:26:53","guid":{"rendered":"https:\/\/green-penguin-944113.hostingersite.com\/?page_id=255"},"modified":"2025-10-27T09:25:52","modified_gmt":"2025-10-27T09:25:52","slug":"about-us","status":"publish","type":"page","link":"https:\/\/crossrim.com\/pt\/about-us\/","title":{"rendered":"Sobre n\u00f3s"},"content":{"rendered":"<div data-elementor-type=\"wp-page\" data-elementor-id=\"255\" class=\"elementor elementor-255\" data-elementor-post-type=\"page\">\n\t\t\t\t<div class=\"elementor-element elementor-element-ca6a45a e-flex e-con-boxed e-con e-parent\" data-id=\"ca6a45a\" data-element_type=\"container\" data-e-type=\"container\" data-settings=\"{&quot;background_background&quot;:&quot;classic&quot;}\">\n\t\t\t\t\t<div class=\"e-con-inner\">\n\t\t\t\t<div class=\"elementor-element elementor-element-5e78497 elementor-widget elementor-widget-heading\" data-id=\"5e78497\" data-element_type=\"widget\" data-e-type=\"widget\" data-widget_type=\"heading.default\">\n\t\t\t\t\t<h2 class=\"elementor-heading-title elementor-size-default\">Sobre n\u00f3s<\/h2>\t\t\t\t<\/div>\n\t\t\t\t\t<\/div>\n\t\t\t\t<\/div>\n\t\t<div class=\"elementor-element elementor-element-54f34da e-flex e-con-boxed e-con e-parent\" data-id=\"54f34da\" data-element_type=\"container\" data-e-type=\"container\">\n\t\t\t\t\t<div class=\"e-con-inner\">\n\t\t\t\t<div class=\"elementor-element elementor-element-90123e7 elementor-widget elementor-widget-text-editor\" data-id=\"90123e7\" data-element_type=\"widget\" data-e-type=\"widget\" data-widget_type=\"text-editor.default\">\n\t\t\t\t\t\t\t\t\t<div class=\"ace-line\" dir=\"auto\" data-node=\"true\"><span data-leaf=\"true\"><span class=\"lb\">O antecessor da CROSSRIM SPORTS era um fabricante de aros em fibra de carbono com uma d\u00e9cada de experi\u00eancia dedicada ao design e \u00e0 produ\u00e7\u00e3o. Ao longo desses anos, n\u00e3o nos limit\u00e1mos a acumular conhecimentos t\u00e9cnicos - aperfei\u00e7o\u00e1mos uma profunda compreens\u00e3o do que os ciclistas realmente precisam do seu equipamento, desde a sensa\u00e7\u00e3o de um aro em longas pedaladas at\u00e9 \u00e0 durabilidade necess\u00e1ria para a utiliza\u00e7\u00e3o di\u00e1ria.<\/span><\/span><\/div><div class=\"ace-line\" dir=\"auto\" data-node=\"true\"><span data-leaf=\"true\"><span class=\"lb\"><br><\/span><\/span><\/div>\n<p><\/p>\n<div class=\"ace-line\" dir=\"auto\" data-node=\"true\"><span data-leaf=\"true\"><span class=\"lb\">Os nossos fundadores acreditavam que o dom\u00ednio do design industrial e do fabrico, por si s\u00f3, n\u00e3o era suficiente para criar excelentes produtos para ciclismo. Por isso, o ciclismo tornou-se uma parte inegoci\u00e1vel da nossa rotina semanal: passeios de grupo ao fim de semana em terrenos variados, desloca\u00e7\u00f5es di\u00e1rias para testar o desempenho no mundo real e at\u00e9 mesmo voltas casuais para aperfei\u00e7oar a forma como as nossas rodas lidam com cada pequeno solavanco. Isto n\u00e3o foi apenas \u201cinvestiga\u00e7\u00e3o\u201d - foi a forma como infundimos alma no nosso processo de fabrico, assegurando que cada produto que fabricamos parece ter sido constru\u00eddo <\/span><\/span><span data-leaf=\"true\"><span class=\"lb\">para ciclistas, por ciclistas<\/span><\/span><span data-leaf=\"true\"><span class=\"lb\">.<\/span><\/span><\/div>\n<div class=\"ace-line\" dir=\"auto\" data-node=\"true\"><span data-leaf=\"true\"><span class=\"lb\">Durante anos, defendemos uma cren\u00e7a simples: o ciclismo n\u00e3o deve ser um desporto reservado \u00e0 elite. Mas os conjuntos de rodas de fibra de carbono de alto desempenho estiveram durante muito tempo fora do alcance do ciclista m\u00e9dio - travados pelos pre\u00e7os elevad\u00edssimos dos materiais de carbono de primeira qualidade, pelos elevados custos de I&amp;D e pelas margens inflacionadas das marcas que pouco acrescentam ao desempenho real.<\/span><\/span><\/div>\n<div class=\"ace-line\" dir=\"auto\" data-node=\"true\"><span data-leaf=\"true\"><span class=\"lb\">&nbsp;<\/span><\/span><\/div>\n<div class=\"ace-line\" dir=\"auto\" data-node=\"true\">&nbsp;<\/div>\n<div class=\"ace-line\" dir=\"auto\" data-node=\"true\"><span data-leaf=\"true\"><span class=\"lb\">Depois, \u00e0 medida que a tecnologia dos materiais de fibra de carbono avan\u00e7ava e a ind\u00fastria amadurecia, vimos uma oportunidade de mudar isso. Foi ent\u00e3o que nasceu a CROSSRIM. Dedicamo-nos a aproveitar as mais recentes tend\u00eancias t\u00e9cnicas - desde t\u00e9cnicas optimizadas de coloca\u00e7\u00e3o de carbono a designs de componentes leves e resistentes - para criar conjuntos de rodas de fibra de carbono de alto desempenho que todos podem pagar. Porque, no final do dia, queremos ajud\u00e1-lo a alcan\u00e7ar o que mais importa: <\/span><\/span><span data-leaf=\"true\"><span class=\"lb\">liberdade de ciclismo<\/span><\/span><span data-leaf=\"true\"><span class=\"lb\">.<\/span><\/span><\/div>\t\t\t\t\t\t\t\t<\/div>\n\t\t\t\t\t<\/div>\n\t\t\t\t<\/div>\n\t\t<div class=\"elementor-element elementor-element-bc1d195 e-flex e-con-boxed e-con e-parent\" data-id=\"bc1d195\" data-element_type=\"container\" data-e-type=\"container\">\n\t\t\t\t\t<div class=\"e-con-inner\">\n\t\t<div class=\"elementor-element elementor-element-931712d e-con-full e-flex e-con e-child\" data-id=\"931712d\" data-element_type=\"container\" data-e-type=\"container\">\n\t\t\t\t<div class=\"elementor-element elementor-element-2ee1dc0 elementor-widget elementor-widget-heading\" data-id=\"2ee1dc0\" data-element_type=\"widget\" data-e-type=\"widget\" data-widget_type=\"heading.default\">\n\t\t\t\t\t<h4 class=\"elementor-heading-title elementor-size-default\">As jantes de alta qualidade s\u00e3o fabricadas em fibra de carbono de alta qualidade.<\/h4>\t\t\t\t<\/div>\n\t\t\t\t<div class=\"elementor-element elementor-element-08db956 elementor-widget elementor-widget-text-editor\" data-id=\"08db956\" data-element_type=\"widget\" data-e-type=\"widget\" data-widget_type=\"text-editor.default\">\n\t\t\t\t\t\t\t\t\t<div class=\"auto-hide-last-sibling-br paragraph-JOTKXA paragraph-element br-paragraph-space\">Todos os conjuntos de rodas da CROSSRIM s\u00e3o fabricados em fibra de carbono Toray.<\/div>\t\t\t\t\t\t\t\t<\/div>\n\t\t\t\t<\/div>\n\t\t<div class=\"elementor-element elementor-element-2ccef01 e-con-full e-flex e-con e-child\" data-id=\"2ccef01\" data-element_type=\"container\" data-e-type=\"container\">\n\t\t\t\t<div class=\"elementor-element elementor-element-83eb492 elementor-widget elementor-widget-image\" data-id=\"83eb492\" data-element_type=\"widget\" data-e-type=\"widget\" data-widget_type=\"image.default\">\n\t\t\t\t\t\t\t\t\t\t\t\t\t\t\t<img decoding=\"async\" src=\"https:\/\/green-penguin-944113.hostingersite.com\/wp-content\/uploads\/2025\/08\/b3c9d3e79c3a97ec7d5f584add489691.jpg\" title=\"Filamento de fibra de carbono\" alt=\"Carbon fiber filament\" loading=\"lazy\" \/>\t\t\t\t\t\t\t\t\t\t\t\t\t\t\t<\/div>\n\t\t\t\t<\/div>\n\t\t\t\t\t<\/div>\n\t\t\t\t<\/div>\n\t\t<div class=\"elementor-element elementor-element-695caf8 e-flex e-con-boxed e-con e-parent\" data-id=\"695caf8\" data-element_type=\"container\" data-e-type=\"container\">\n\t\t\t\t\t<div class=\"e-con-inner\">\n\t\t<div class=\"elementor-element elementor-element-4eda9fc e-con-full e-flex e-con e-child\" data-id=\"4eda9fc\" data-element_type=\"container\" data-e-type=\"container\">\n\t\t\t\t<div class=\"elementor-element elementor-element-6c20549 elementor-widget elementor-widget-heading\" data-id=\"6c20549\" data-element_type=\"widget\" data-e-type=\"widget\" data-widget_type=\"heading.default\">\n\t\t\t\t\t<h4 class=\"elementor-heading-title elementor-size-default\">O controlo de qualidade est\u00e1vel resulta de sistemas normalizados e da gest\u00e3o de toda a cadeia.\n<\/h4>\t\t\t\t<\/div>\n\t\t\t\t<div class=\"elementor-element elementor-element-47d882c elementor-widget elementor-widget-text-editor\" data-id=\"47d882c\" data-element_type=\"widget\" data-e-type=\"widget\" data-widget_type=\"text-editor.default\">\n\t\t\t\t\t\t\t\t\t<div class=\"auto-hide-last-sibling-br paragraph-JOTKXA paragraph-element br-paragraph-space\"><div class=\"auto-hide-last-sibling-br paragraph-JOTKXA paragraph-element br-paragraph-space\">Desde a qualifica\u00e7\u00e3o das mat\u00e9rias-primas de fibra de carbono, \u00e0 normaliza\u00e7\u00e3o dos processos de produ\u00e7\u00e3o e, por fim, \u00e0 otimiza\u00e7\u00e3o impulsionada pelo feedback dos clientes, refor\u00e7amos todos os elos da cadeia. Integramos o controlo de qualidade em todos os detalhes das nossas opera\u00e7\u00f5es comerciais, com o objetivo de maximizar a qualidade consistente da produ\u00e7\u00e3o em massa e a estabilidade do desempenho a longo prazo.<\/div><div class=\"container-utlnW2 md-box-line-break wrapper-d0Cc1k undefined\">\u00a0<\/div><\/div>\t\t\t\t\t\t\t\t<\/div>\n\t\t\t\t<\/div>\n\t\t<div class=\"elementor-element elementor-element-3790d03 e-con-full e-flex e-con e-child\" data-id=\"3790d03\" data-element_type=\"container\" data-e-type=\"container\">\n\t\t\t\t<div class=\"elementor-element elementor-element-cec40d7 elementor-widget elementor-widget-image\" data-id=\"cec40d7\" data-element_type=\"widget\" data-e-type=\"widget\" data-widget_type=\"image.default\">\n\t\t\t\t\t\t\t\t\t\t\t\t\t\t\t<img decoding=\"async\" src=\"https:\/\/green-penguin-944113.hostingersite.com\/wp-content\/uploads\/2025\/08\/ASDASDASD-A1.jpg\" title=\"ASDASDASD A(1)\" alt=\"ASDASDASD A(1)\" loading=\"lazy\" \/>\t\t\t\t\t\t\t\t\t\t\t\t\t\t\t<\/div>\n\t\t\t\t<\/div>\n\t\t\t\t\t<\/div>\n\t\t\t\t<\/div>\n\t\t<div class=\"elementor-element elementor-element-e1d45ec e-flex e-con-boxed e-con e-parent\" data-id=\"e1d45ec\" data-element_type=\"container\" data-e-type=\"container\">\n\t\t\t\t\t<div class=\"e-con-inner\">\n\t\t<div class=\"elementor-element elementor-element-ae6b6a4 e-con-full e-flex e-con e-child\" data-id=\"ae6b6a4\" data-element_type=\"container\" data-e-type=\"container\">\n\t\t\t\t<div class=\"elementor-element elementor-element-a20e8bd elementor-widget elementor-widget-heading\" data-id=\"a20e8bd\" data-element_type=\"widget\" data-e-type=\"widget\" data-widget_type=\"heading.default\">\n\t\t\t\t\t<h4 class=\"elementor-heading-title elementor-size-default\">A elevada durabilidade resulta de testes que excedem largamente as normas da ind\u00fastria.\n<\/h4>\t\t\t\t<\/div>\n\t\t\t\t<div class=\"elementor-element elementor-element-a5442d5 elementor-widget elementor-widget-text-editor\" data-id=\"a5442d5\" data-element_type=\"widget\" data-e-type=\"widget\" data-widget_type=\"text-editor.default\">\n\t\t\t\t\t\t\t\t\t<div class=\"auto-hide-last-sibling-br paragraph-JOTKXA paragraph-element br-paragraph-space\">A raz\u00e3o pela qual os produtos CROSSRIM alcan\u00e7am uma durabilidade a longo prazo, est\u00e1vel e elevada \u00e9 o facto de serem submetidos a testes e valida\u00e7\u00f5es mais rigorosos e abrangentes durante a fase de I&amp;D do que os requisitos gerais da ind\u00fastria e de passarem por v\u00e1rias rondas de inspe\u00e7\u00e3o antes de sa\u00edrem da f\u00e1brica.<\/div><div class=\"container-utlnW2 md-box-line-break wrapper-d0Cc1k undefined\">\u00a0<\/div>\t\t\t\t\t\t\t\t<\/div>\n\t\t\t\t<\/div>\n\t\t<div class=\"elementor-element elementor-element-c87eb39 e-con-full e-flex e-con e-child\" data-id=\"c87eb39\" data-element_type=\"container\" data-e-type=\"container\">\n\t\t\t\t<div class=\"elementor-element elementor-element-2f643a8 elementor-widget elementor-widget-image\" data-id=\"2f643a8\" data-element_type=\"widget\" data-e-type=\"widget\" data-widget_type=\"image.default\">\n\t\t\t\t\t\t\t\t\t\t\t\t\t\t\t<img decoding=\"async\" src=\"https:\/\/green-penguin-944113.hostingersite.com\/wp-content\/uploads\/2025\/08\/7fade07d0cc9f461e4147c1d42fb47121.jpg\" title=\"7fade07d0cc9f461e4147c1d42fb4712(1)\" alt=\"7fade07d0cc9f461e4147c1d42fb4712(1)\" loading=\"lazy\" \/>\t\t\t\t\t\t\t\t\t\t\t\t\t\t\t<\/div>\n\t\t\t\t<\/div>\n\t\t\t\t\t<\/div>\n\t\t\t\t<\/div>\n\t\t<div class=\"elementor-element elementor-element-2a40ff6 e-flex e-con-boxed e-con e-parent\" data-id=\"2a40ff6\" data-element_type=\"container\" data-e-type=\"container\">\n\t\t\t\t\t<div class=\"e-con-inner\">\n\t\t<div class=\"elementor-element elementor-element-0a138d5 e-con-full e-flex e-con e-child\" data-id=\"0a138d5\" data-element_type=\"container\" data-e-type=\"container\">\n\t\t\t\t<div class=\"elementor-element elementor-element-19e7ec7 elementor-widget elementor-widget-heading\" data-id=\"19e7ec7\" data-element_type=\"widget\" data-e-type=\"widget\" data-widget_type=\"heading.default\">\n\t\t\t\t\t<h4 class=\"elementor-heading-title elementor-size-default\">Servi\u00e7o de alta qualidade centrado no utilizador.\n<\/h4>\t\t\t\t<\/div>\n\t\t\t\t<div class=\"elementor-element elementor-element-ae03cf7 elementor-widget elementor-widget-text-editor\" data-id=\"ae03cf7\" data-element_type=\"widget\" data-e-type=\"widget\" data-widget_type=\"text-editor.default\">\n\t\t\t\t\t\t\t\t\t<div class=\"auto-hide-last-sibling-br paragraph-JOTKXA paragraph-element br-paragraph-space\"><div class=\"auto-hide-last-sibling-br paragraph-JOTKXA paragraph-element br-paragraph-space\">O melhor servi\u00e7o p\u00f3s-venda \u00e9 evitar que os problemas p\u00f3s-venda aconte\u00e7am em primeiro lugar. Dedicamo-nos a criar rodas que sejam seguras, duradouras e sem preocupa\u00e7\u00f5es. Se surgir algum problema, a nossa garantia de 3 anos protege os seus direitos e assegura a sua paz de esp\u00edrito. Certificamo-nos de que pode comprar com confian\u00e7a e andar de bicicleta com apoio garantido.<\/div><div class=\"container-utlnW2 md-box-line-break wrapper-d0Cc1k undefined\">\u00a0<\/div><\/div>\t\t\t\t\t\t\t\t<\/div>\n\t\t\t\t<\/div>\n\t\t<div class=\"elementor-element elementor-element-ef839cb e-con-full e-flex e-con e-child\" data-id=\"ef839cb\" data-element_type=\"container\" data-e-type=\"container\">\n\t\t\t\t<div class=\"elementor-element elementor-element-e9f88f5 elementor-widget elementor-widget-image\" data-id=\"e9f88f5\" data-element_type=\"widget\" data-e-type=\"widget\" data-widget_type=\"image.default\">\n\t\t\t\t\t\t\t\t\t\t\t\t\t\t\t<img decoding=\"async\" src=\"https:\/\/green-penguin-944113.hostingersite.com\/wp-content\/uploads\/2025\/08\/b20630b851a769bbeb22b260095c8edf1.jpg\" title=\"b20630b851a769bbeb22b260095c8edf(1)\" alt=\"b20630b851a769bbeb22b260095c8edf(1)\" loading=\"lazy\" \/>\t\t\t\t\t\t\t\t\t\t\t\t\t\t\t<\/div>\n\t\t\t\t<\/div>\n\t\t\t\t\t<\/div>\n\t\t\t\t<\/div>\n\t\t<div class=\"elementor-element elementor-element-8ab05fc e-flex e-con-boxed e-con e-parent\" data-id=\"8ab05fc\" data-element_type=\"container\" data-e-type=\"container\">\n\t\t\t\t\t<div class=\"e-con-inner\">\n\t\t\t\t<div class=\"elementor-element elementor-element-3fbdb1b fluentform-widget-submit-button-custom elementor-widget elementor-widget-fluent-form-widget\" data-id=\"3fbdb1b\" data-element_type=\"widget\" data-e-type=\"widget\" data-widget_type=\"fluent-form-widget.default\">\n\t\t\t\t<div class=\"elementor-widget-container\">\n\t\t\t\t\t\n            <div class=\"fluentform-widget-wrapper fluentform-widget-align-default\">\n\n            \n            <div class='fluentform ff-default fluentform_wrapper_2 ffs_default_wrap'><form data-form_id=\"2\" id=\"fluentform_2\" class=\"frm-fluent-form fluent_form_2 ff-el-form-top ff_form_instance_2_1 ff-form-loading ffs_default\" data-form_instance=\"ff_form_instance_2_1\" method=\"POST\" action=\"\" ><fieldset  style=\"border: none!important;margin: 0!important;padding: 0!important;background-color: transparent!important;box-shadow: none!important;outline: none!important; min-inline-size: 100%;\">\n                    <legend class=\"ff_screen_reader_title\" style=\"display: block; margin: 0!important;padding: 0!important;height: 0!important;text-indent: -999999px;width: 0!important;overflow:hidden;\">Formul\u00e1rio de subscri\u00e7\u00e3o<\/legend><input type='hidden' name='__fluent_form_embded_post_id' value='255' \/><input type=\"hidden\" id=\"_fluentform_2_fluentformnonce\" name=\"_fluentform_2_fluentformnonce\" value=\"1320538012\" \/><input type=\"hidden\" name=\"_wp_http_referer\" value=\"\/pt\/wp-json\/wp\/v2\/pages\/255\" \/><div data-name=\"ff_cn_id_1\"  class='ff-t-container ff-column-container ff_columns_total_2'><div class='ff-t-cell ff-t-column-1' style='flex-basis: 31.38%;'><div class='ff-el-group'><div class=\"ff-el-input--label ff-el-is-required asterisk-right\"><label for='ff_2_email' id='label_ff_2_email' aria-label=\"Endere\u00e7o de correio eletr\u00f3nico\">Endere\u00e7o de correio eletr\u00f3nico<\/label><\/div><div class='ff-el-input--content'><input type=\"email\" name=\"email\" id=\"ff_2_email\" class=\"ff-el-form-control\" placeholder=\"O seu endere\u00e7o de correio eletr\u00f3nico\" data-name=\"email\"  aria-invalid=\"false\" aria-required=\"true\"><\/div><\/div><\/div><div class='ff-t-cell ff-t-column-2' style='flex-basis: 68.62%;'><div class='ff-el-group'><div class=\"ff-el-input--label ff-el-is-required asterisk-right\"><label for='ff_2_input_text' id='label_ff_2_input_text' aria-label=\"Massagem\">Massagem<\/label><\/div><div class='ff-el-input--content'><input type=\"text\" name=\"input_text\" class=\"ff-el-form-control\" placeholder=\"Massagem\" data-name=\"input_text\" id=\"ff_2_input_text\"  aria-invalid=\"false\" aria-required=\"true\"><\/div><\/div><\/div><\/div><div class='ff-el-group ff-text-left ff_submit_btn_wrapper ff_submit_btn_wrapper_custom'><button class=\"ff-btn ff-btn-submit ff-btn-md ff_btn_style wpf_has_custom_css\" type=\"submit\" name=\"custom_submit_button-2_1\" data-name=\"custom_submit_button-2_1\"  aria-label=\"Subscrever\">Subscrever<\/button><style>form.fluent_form_2 .wpf_has_custom_css.ff-btn-submit { background-color:#1a7efb;border-color:#1a7efb;color:#ffffff;min-width:100%; }form.fluent_form_2 .wpf_has_custom_css.ff-btn-submit:hover { background-color:#ffffff;border-color:#1a7efb;color:#1a7efb;min-width:100%; } <\/style><\/div><\/fieldset><input type=\"hidden\" name=\"trp-form-language\" value=\"pt\"\/><\/form><div id='fluentform_2_errors' class='ff-errors-in-stack ff_form_instance_2_1 ff-form-loading_errors ff_form_instance_2_1_errors'><\/div><\/div>            <script type=\"text\/javascript\">\n                window.fluent_form_ff_form_instance_2_1 = {\"id\":\"2\",\"ajaxUrl\":\"https:\\\/\\\/crossrim.com\\\/wp-admin\\\/admin-ajax.php\",\"settings\":{\"layout\":{\"labelPlacement\":\"top\",\"helpMessagePlacement\":\"with_label\",\"errorMessagePlacement\":\"inline\",\"asteriskPlacement\":\"asterisk-right\"},\"restrictions\":{\"denyEmptySubmission\":{\"enabled\":false}}},\"form_instance\":\"ff_form_instance_2_1\",\"form_id_selector\":\"fluentform_2\",\"rules\":{\"email\":{\"required\":{\"value\":true,\"message\":\"This field is required\",\"global\":false,\"global_message\":\"\\u8fd9\\u662f\\u5fc5\\u586b\\u680f\"},\"email\":{\"value\":true,\"message\":\"This field must contain a valid email\",\"global\":false,\"global_message\":\"\\u6b64\\u5b57\\u6bb5\\u5fc5\\u987b\\u5305\\u542b\\u6709\\u6548\\u7684\\u7535\\u5b50\\u90ae\\u7bb1\\u5730\\u5740\"}},\"input_text\":{\"required\":{\"value\":true,\"message\":\"This field is required\",\"global_message\":\"\\u8fd9\\u662f\\u5fc5\\u586b\\u680f\",\"global\":true}}},\"debounce_time\":300};\n                            <\/script>\n                        <\/div>\n\n            \t\t\t\t<\/div>\n\t\t\t\t<\/div>\n\t\t\t\t\t<\/div>\n\t\t\t\t<\/div>\n\t\t\t\t<\/div>","protected":false},"excerpt":{"rendered":"<p>About Us The predecessor of CROSSRIM SPORTS was a carbon fiber rim manufacturer with a decade of dedicated design and production experience. Over those years, we didn\u2019t just accumulate technical expertise\u2014we honed a deep understanding of what cyclists truly need from their gear, from the feel of a rim on long rides to the durability required for daily use. Our founders believed that mastery of industrial design and manufacturing alone wasn\u2019t enough to create great cycling products. So cycling became a non-negotiable part of our weekly routine: weekend group rides in varying terrain, daily commutes to test real-world performance, and even casual spins to refine how our wheels handle every little bump. This wasn\u2019t just \u201cresearch\u201d\u2014it was how we infuse soul into our manufacturing process, ensuring every product we make feels like it\u2019s built for cyclists, by cyclists. For years, we\u2019ve held a simple belief: cycling shouldn\u2019t be a sport reserved for the elite. But high-performance carbon fiber wheelsets have long been out of reach for the average cyclist\u2014held back by sky-high prices of premium carbon materials, heavy costs of R&amp;D, and inflated brand markups that add little to actual performance. &nbsp; &nbsp; Then, as carbon fiber material technology advanced and the industry matured, we saw an opportunity to change that. That\u2019s when CROSSRIM was born. We\u2019re dedicated to leveraging the latest technical trends\u2014from optimized carbon layup techniques to lightweight yet strong component designs\u2014to craft high-performance carbon fiber wheelsets that everyone can afford. Because at the end of the day, we want to help you achieve what matters most: cycling freedom. High-quality wheels originate from high-quality carbon fiber. All wheelsets of CROSSRIM are made from Toray carbon fiber. Stable quality control stems from standardized systems and end-to-end chain management. From the qualification of carbon fiber raw materials, to the standardization of production processes, and finally to the optimization driven by customer feedback, we strengthen every link in the chain. We integrate quality control into every detail of our business operations, aiming to maximize consistent mass-production quality and long-term performance stability.\u00a0 High durability comes from testing that far exceeds industry standards. The reason CROSSRIM products achieve long-term, stable, and high durability is that they undergo more rigorous and comprehensive testing and validation during the R&amp;D phase than the general industry requirements, and they go through multiple rounds of inspection before leaving the factory.\u00a0 High-quality service\u2014user-centered. The best after-sales service is to prevent after-sales issues from happening in the first place. We put our heart into creating wheels that are safe, durable, and worry-free. If any problems do arise, our 3-year warranty protects your rights and ensures your peace of mind. We make sure you can buy with confidence and ride with guaranteed support.\u00a0 Subscription Form Email AddressMassageSubscribe<\/p>","protected":false},"author":1,"featured_media":0,"parent":0,"menu_order":0,"comment_status":"closed","ping_status":"closed","template":"","meta":{"footnotes":""},"class_list":["post-255","page","type-page","status-publish","hentry","post-no-thumbnail"],"jetpack_sharing_enabled":true,"_links":{"self":[{"href":"https:\/\/crossrim.com\/pt\/wp-json\/wp\/v2\/pages\/255","targetHints":{"allow":["GET"]}}],"collection":[{"href":"https:\/\/crossrim.com\/pt\/wp-json\/wp\/v2\/pages"}],"about":[{"href":"https:\/\/crossrim.com\/pt\/wp-json\/wp\/v2\/types\/page"}],"author":[{"embeddable":true,"href":"https:\/\/crossrim.com\/pt\/wp-json\/wp\/v2\/users\/1"}],"replies":[{"embeddable":true,"href":"https:\/\/crossrim.com\/pt\/wp-json\/wp\/v2\/comments?post=255"}],"version-history":[{"count":55,"href":"https:\/\/crossrim.com\/pt\/wp-json\/wp\/v2\/pages\/255\/revisions"}],"predecessor-version":[{"id":1972,"href":"https:\/\/crossrim.com\/pt\/wp-json\/wp\/v2\/pages\/255\/revisions\/1972"}],"wp:attachment":[{"href":"https:\/\/crossrim.com\/pt\/wp-json\/wp\/v2\/media?parent=255"}],"curies":[{"name":"wp","href":"https:\/\/api.w.org\/{rel}","templated":true}]}}