{"id":1030,"date":"2025-08-23T16:06:49","date_gmt":"2025-08-23T16:06:49","guid":{"rendered":"https:\/\/crossrim.com\/?post_type=product&#038;p=1030"},"modified":"2025-11-09T00:04:58","modified_gmt":"2025-11-09T00:04:58","slug":"outer-width-26mm-road-rim","status":"publish","type":"product","link":"https:\/\/crossrim.com\/pt\/produto\/outer-width-26mm-road-rim\/","title":{"rendered":"Jantes de bicicleta de estrada Largura exterior 26mm"},"content":{"rendered":"<h6>Jantes de bicicleta de estrada Largura exterior 26mm<\/h6>\n<ul>\n<li><strong>Acabamentos personaliz\u00e1veis<\/strong>: UD, 3K, 12K, acabamento em m\u00e1rmore, ou outros acabamentos que tenha em mente. N\u00e3o se esque\u00e7a de deixar as suas necessidades e informa\u00e7\u00f5es de contacto quando fizer uma encomenda.<\/li>\n<li><strong>Material do aro<\/strong>: Fabricado em fibra de carbono Toray T700 + T800 de alto m\u00f3dulo.<\/li>\n<li><strong>Profundidades opcionais da jante<\/strong>: 25mm - 88mm (v\u00e1rias op\u00e7\u00f5es dispon\u00edveis).<\/li>\n<li><strong>Op\u00e7\u00f5es de compatibilidade de pneus<\/strong>: Est\u00e3o dispon\u00edveis modelos compat\u00edveis com pneus sem c\u00e2mara de ar e com pneus clincher, bem como modelos compat\u00edveis com pneus tubulares.<\/li>\n<li><strong>Vers\u00f5es do produto<\/strong>: Apenas a vers\u00e3o mais leve \u00e9 apresentada na loja; existem tamb\u00e9m vers\u00f5es mais pesadas e mais econ\u00f3micas. Se necess\u00e1rio, contactar-nos para aquisi\u00e7\u00e3o.<\/li>\n<li><strong>Personaliza\u00e7\u00e3o e distribui\u00e7\u00e3o em massa<\/strong>: Para personaliza\u00e7\u00e3o em massa ou pedidos de informa\u00e7\u00e3o sobre como se tornar um distribuidor, consulte a p\u00e1gina OEM.<\/li>\n<\/ul>\n<p>&nbsp;<\/p>\n<h6>Profundidade das jantes de bicicleta de estrada 25mm- 45mm<\/h6>\n<table width=\"1356\">\n<tbody>\n<tr>\n<td width=\"186\">Modelo<\/td>\n<td width=\"234\">CR2625<\/td>\n<td width=\"234\">CR2636<\/td>\n<td width=\"234\">CR2640<\/td>\n<td width=\"234\">CRP2640<\/td>\n<td width=\"234\">CR2645<\/td>\n<\/tr>\n<tr>\n<td>Tamanho<\/td>\n<td>700C<\/td>\n<td>700C<\/td>\n<td>700C<\/td>\n<td>700C<\/td>\n<td>700C<\/td>\n<\/tr>\n<tr>\n<td>Largura<\/td>\n<td>26 mm<\/td>\n<td>26 mm<\/td>\n<td>26 mm<\/td>\n<td>26 mm<\/td>\n<td>26 mm<\/td>\n<\/tr>\n<tr>\n<td>Profundidade<\/td>\n<td>25 mm<\/td>\n<td>36 mm<\/td>\n<td>40 mm<\/td>\n<td>40 mm<\/td>\n<td>45 mm<\/td>\n<\/tr>\n<tr>\n<td width=\"186\">Tipo de pneu<\/td>\n<td>Tubeless\/Clincher<\/td>\n<td>Tubeless\/Clincher<\/td>\n<td>Tubeless\/Clincher<\/td>\n<td>Tubeless\/Clincher<\/td>\n<td>Tubeless\/Clincher<\/td>\n<\/tr>\n<tr>\n<td width=\"186\">Tipo de trav\u00e3o<\/td>\n<td>Trav\u00e3o de jante\/trav\u00e3o de disco<\/td>\n<td>Trav\u00e3o de jante\/trav\u00e3o de disco<\/td>\n<td>Trav\u00e3o de jante\/trav\u00e3o de disco<\/td>\n<td>Trav\u00e3o de jante\/trav\u00e3o de disco<\/td>\n<td>Trav\u00e3o de jante\/trav\u00e3o de disco<\/td>\n<\/tr>\n<tr>\n<td>Peso\/g<\/td>\n<td>365\/330<\/td>\n<td>410\/335<\/td>\n<td>435\/360<\/td>\n<td>435\/360<\/td>\n<td>455\/375<\/td>\n<\/tr>\n<tr>\n<td width=\"186\">Tipo de pneu<\/td>\n<td>Pneu tubular<\/td>\n<td>Pneu tubular<\/td>\n<td>Pneu tubular<\/td>\n<td>Pneu tubular<\/td>\n<td>Pneu tubular<\/td>\n<\/tr>\n<tr>\n<td width=\"186\">Tipo de trav\u00e3o<\/td>\n<td>Trav\u00e3o de jante\/trav\u00e3o de disco<\/td>\n<td>Trav\u00e3o de jante\/trav\u00e3o de disco<\/td>\n<td>Trav\u00e3o de jante\/trav\u00e3o de disco<\/td>\n<td>Trav\u00e3o de jante\/trav\u00e3o de disco<\/td>\n<td>Trav\u00e3o de jante\/trav\u00e3o de disco<\/td>\n<\/tr>\n<tr>\n<td>Peso\/g<\/td>\n<td>230\/220<\/td>\n<td>280\/270<\/td>\n<td>310\/300<\/td>\n<td>310\/300<\/td>\n<td>330\/320<\/td>\n<\/tr>\n<\/tbody>\n<\/table>\n<h6>Profundidade das jantes de bicicleta de estrada 50mm- 88mm<\/h6>\n<table width=\"1122\">\n<tbody>\n<tr>\n<td width=\"186\">Modelo<\/td>\n<td width=\"234\">CR2650<\/td>\n<td width=\"234\">CRP2650<\/td>\n<td width=\"234\">CR2655<\/td>\n<td width=\"234\">CR2688<\/td>\n<\/tr>\n<tr>\n<td>Tamanho<\/td>\n<td>700C<\/td>\n<td>700C<\/td>\n<td>700C<\/td>\n<td>700C<\/td>\n<\/tr>\n<tr>\n<td>Largura<\/td>\n<td>26 mm<\/td>\n<td>26 mm<\/td>\n<td>26 mm<\/td>\n<td>26 mm<\/td>\n<\/tr>\n<tr>\n<td>Profundidade<\/td>\n<td>50mm<\/td>\n<td>50mm<\/td>\n<td>55 mm<\/td>\n<td>88 mm<\/td>\n<\/tr>\n<tr>\n<td width=\"186\">Tipo de pneu<\/td>\n<td>Tubeless\/Clincher<\/td>\n<td>Tubeless\/Clincher<\/td>\n<td>Tubeless\/Clincher<\/td>\n<td>Tubeless\/Clincher<\/td>\n<\/tr>\n<tr>\n<td width=\"186\">Tipo de trav\u00e3o<\/td>\n<td>Trav\u00e3o de jante\/trav\u00e3o de disco<\/td>\n<td>Trav\u00e3o de jante\/trav\u00e3o de disco<\/td>\n<td>Trav\u00e3o de jante\/trav\u00e3o de disco<\/td>\n<td>Trav\u00e3o de jante\/trav\u00e3o de disco<\/td>\n<\/tr>\n<tr>\n<td>Peso\/g<\/td>\n<td>475\/400<\/td>\n<td>475\/400<\/td>\n<td>505\/420<\/td>\n<td>640\/620<\/td>\n<\/tr>\n<tr>\n<td width=\"186\">Tipo de pneu<\/td>\n<td>Pneu tubular<\/td>\n<td>Pneu tubular<\/td>\n<td>Pneu tubular<\/td>\n<td>Pneu tubular<\/td>\n<\/tr>\n<tr>\n<td width=\"186\">Tipo de trav\u00e3o<\/td>\n<td>Trav\u00e3o de jante\/trav\u00e3o de disco<\/td>\n<td>Trav\u00e3o de jante\/trav\u00e3o de disco<\/td>\n<td>Trav\u00e3o de jante\/trav\u00e3o de disco<\/td>\n<td>Trav\u00e3o de jante\/trav\u00e3o de disco<\/td>\n<\/tr>\n<tr>\n<td>Peso\/g<\/td>\n<td>375\/375<\/td>\n<td>375\/375<\/td>\n<td>395\/395<\/td>\n<td>550\/560<\/td>\n<\/tr>\n<\/tbody>\n<\/table>\n<p>&nbsp;<\/p>","protected":false},"excerpt":{"rendered":"<p>Road Bike Rims Outer Width 26mm Customizable Finishes: UD, 3K, 12K, marble finish, or other finishes you have in mind. Please remember to leave your requirements and contact information when placing an order. Rim Material: Made of Toray T700 + T800 high-modulus carbon fiber. Optional Rim Depths: 25mm &#8211; 88mm (multiple options available). Tire Compatibility Options: Models compatible with tubeless tires &amp; clincher tires, as well as tubular tire-compatible models are available. Product Versions: Only the lightest version is displayed in the store; there are also heavier and more cost-effective versions. Contact us for purchase if needed. Bulk Customization &amp; Distribution: For bulk customization or inquiries about becoming a distributor, please refer to the OEM page. &nbsp; Road Bike Rims Depth 25mm- 45mm Model CR2625 CR2636 CR2640 CRP2640 CR2645 Size 700C 700C 700C 700C 700C Width 26mm 26mm 26mm 26mm 26mm Depth 25mm 36mm 40mm 40mm 45mm Tire Type Tubeless\/Clincher Tubeless\/Clincher Tubeless\/Clincher Tubeless\/Clincher Tubeless\/Clincher Brake Type Rim Brake\/Disc Brake Rim Brake\/Disc Brake Rim Brake\/Disc Brake Rim Brake\/Disc Brake Rim Brake\/Disc Brake Weight\/g 365\/330 410\/335 435\/360 435\/360 455\/375 Tire Type Tubular Tire Tubular Tire Tubular Tire Tubular Tire Tubular Tire Brake Type Rim Brake\/Disc Brake Rim Brake\/Disc Brake Rim Brake\/Disc Brake Rim Brake\/Disc Brake Rim Brake\/Disc Brake Weight\/g 230\/220 280\/270 310\/300 310\/300 330\/320 Road Bike Rims Depth 50mm- 88mm Model CR2650 CRP2650 CR2655 CR2688 Size 700C 700C 700C 700C Width 26mm 26mm 26mm 26mm Depth 50mm 50mm 55mm 88mm Tire Type Tubeless\/Clincher Tubeless\/Clincher Tubeless\/Clincher Tubeless\/Clincher Brake Type Rim Brake\/Disc Brake Rim Brake\/Disc Brake Rim Brake\/Disc Brake Rim Brake\/Disc Brake Weight\/g 475\/400 475\/400 505\/420 640\/620 Tire Type Tubular Tire Tubular Tire Tubular Tire Tubular Tire Brake Type Rim Brake\/Disc Brake Rim Brake\/Disc Brake Rim Brake\/Disc Brake Rim Brake\/Disc Brake Weight\/g 375\/375 375\/375 395\/395 550\/560 &nbsp;<\/p>","protected":false},"featured_media":1757,"comment_status":"open","ping_status":"closed","template":"","meta":[],"product_brand":[],"product_cat":[53],"product_tag":[127],"class_list":{"0":"post-1030","1":"product","2":"type-product","3":"status-publish","4":"has-post-thumbnail","6":"product_cat-outer-width-26mm-road-rim","7":"product_tag-accessories","8":"product_shipping_class-rim","10":"first","11":"onbackorder","12":"shipping-taxable","13":"purchasable","14":"product-type-variable"},"jetpack_sharing_enabled":true,"_links":{"self":[{"href":"https:\/\/crossrim.com\/pt\/wp-json\/wp\/v2\/product\/1030","targetHints":{"allow":["GET"]}}],"collection":[{"href":"https:\/\/crossrim.com\/pt\/wp-json\/wp\/v2\/product"}],"about":[{"href":"https:\/\/crossrim.com\/pt\/wp-json\/wp\/v2\/types\/product"}],"replies":[{"embeddable":true,"href":"https:\/\/crossrim.com\/pt\/wp-json\/wp\/v2\/comments?post=1030"}],"wp:featuredmedia":[{"embeddable":true,"href":"https:\/\/crossrim.com\/pt\/wp-json\/wp\/v2\/media\/1757"}],"wp:attachment":[{"href":"https:\/\/crossrim.com\/pt\/wp-json\/wp\/v2\/media?parent=1030"}],"wp:term":[{"taxonomy":"product_brand","embeddable":true,"href":"https:\/\/crossrim.com\/pt\/wp-json\/wp\/v2\/product_brand?post=1030"},{"taxonomy":"product_cat","embeddable":true,"href":"https:\/\/crossrim.com\/pt\/wp-json\/wp\/v2\/product_cat?post=1030"},{"taxonomy":"product_tag","embeddable":true,"href":"https:\/\/crossrim.com\/pt\/wp-json\/wp\/v2\/product_tag?post=1030"}],"curies":[{"name":"wp","href":"https:\/\/api.w.org\/{rel}","templated":true}]}}