{"id":1085,"date":"2025-08-24T03:07:44","date_gmt":"2025-08-24T03:07:44","guid":{"rendered":"https:\/\/crossrim.com\/?post_type=product&#038;p=1085"},"modified":"2025-11-09T00:04:58","modified_gmt":"2025-11-09T00:04:58","slug":"outer-width-28mm-road-rim","status":"publish","type":"product","link":"https:\/\/crossrim.com\/pt\/produto\/outer-width-28mm-road-rim\/","title":{"rendered":"Jantes de bicicleta de estrada Largura exterior 28mm"},"content":{"rendered":"<h6>Jantes de bicicleta de estrada Largura exterior 28mm<\/h6>\n<ul>\n<li><strong>Acabamentos personaliz\u00e1veis<\/strong>: UD, 3K, 12K, acabamento em m\u00e1rmore, ou outros acabamentos que tenha em mente. N\u00e3o se esque\u00e7a de deixar as suas necessidades e informa\u00e7\u00f5es de contacto quando fizer uma encomenda.<\/li>\n<li><strong>Material do aro<\/strong>: Fabricado em fibra de carbono Toray T700 + T800 de alto m\u00f3dulo.<\/li>\n<li><strong>Profundidades opcionais da jante<\/strong>: 30mm - 62mm (v\u00e1rias op\u00e7\u00f5es dispon\u00edveis).<\/li>\n<li><strong>Compatibilidade de pneus<\/strong>: Compat\u00edvel com pneus sem c\u00e2mara de ar e com pneus clincher.<\/li>\n<li><strong>Vers\u00f5es do produto<\/strong>: Apenas a vers\u00e3o mais leve \u00e9 apresentada na loja; existem tamb\u00e9m vers\u00f5es mais pesadas e mais econ\u00f3micas. Se necess\u00e1rio, contacte-nos para adquirir.<\/li>\n<li><strong>Personaliza\u00e7\u00e3o e distribui\u00e7\u00e3o em massa<\/strong>: Para personaliza\u00e7\u00e3o em massa ou pedidos de informa\u00e7\u00e3o sobre como se tornar um distribuidor, consulte a p\u00e1gina OEM.<\/li>\n<\/ul>\n<p>&nbsp;<\/p>\n<h6>Profundidade das jantes de bicicleta de estrada 30mm- 62mm<\/h6>\n<table style=\"height: 356px;\" width=\"1053\">\n<tbody>\n<tr>\n<td width=\"189\">Modelo<\/td>\n<td width=\"249\">CR2830<\/td>\n<td width=\"249\">CR2835<\/td>\n<td width=\"249\">CR2840<\/td>\n<td width=\"249\">CR2845<\/td>\n<td width=\"249\">CR2850<\/td>\n<td width=\"249\">CR2855<\/td>\n<td width=\"249\">CR2862<\/td>\n<\/tr>\n<tr>\n<td width=\"189\">Tipo de pneu<\/td>\n<td>Tubeless\/Clincher<\/td>\n<td>Tubeless\/Clincher<\/td>\n<td>Tubeless\/Clincher<\/td>\n<td>Tubeless\/Clincher<\/td>\n<td>Tubeless\/Clincher<\/td>\n<td>Tubeless\/Clincher<\/td>\n<td>Tubeless\/Clincher<\/td>\n<\/tr>\n<tr>\n<td width=\"189\">Tipo de trav\u00e3o<\/td>\n<td>Trav\u00e3o de jante\/trav\u00e3o de disco<\/td>\n<td>Trav\u00e3o de jante\/trav\u00e3o de disco<\/td>\n<td>Trav\u00e3o de disco<\/td>\n<td>Trav\u00e3o de jante\/trav\u00e3o de disco<\/td>\n<td>Trav\u00e3o de jante\/trav\u00e3o de disco<\/td>\n<td>Trav\u00e3o de disco<\/td>\n<td>Trav\u00e3o de jante\/trav\u00e3o de disco<\/td>\n<\/tr>\n<tr>\n<td>Peso\/g<\/td>\n<td>400\/340<\/td>\n<td>420\/320<\/td>\n<td>340<\/td>\n<td>465\/360<\/td>\n<td width=\"249\">485\/385<\/td>\n<td>415<\/td>\n<td>530\/450<\/td>\n<\/tr>\n<tr>\n<td>Tamanho<\/td>\n<td>700C<\/td>\n<td>700C<\/td>\n<td>700C<\/td>\n<td>700C<\/td>\n<td>700C<\/td>\n<td>700C<\/td>\n<td>700C<\/td>\n<\/tr>\n<tr>\n<td>Largura<\/td>\n<td>28 mm<\/td>\n<td>28 mm<\/td>\n<td>28 mm<\/td>\n<td>28 mm<\/td>\n<td>28 mm<\/td>\n<td>28 mm<\/td>\n<td>28 mm<\/td>\n<\/tr>\n<tr>\n<td>Profundidade<\/td>\n<td>30 mm<\/td>\n<td>35mm<\/td>\n<td>35mm<\/td>\n<td>45 mm<\/td>\n<td>50mm<\/td>\n<td>55 mm<\/td>\n<td>62 mm<\/td>\n<\/tr>\n<\/tbody>\n<\/table>","protected":false},"excerpt":{"rendered":"<p>Road Bike Rims Outer Width 28mm Customizable Finishes: UD, 3K, 12K, marble finish, or other finishes you have in mind. Please remember to leave your requirements and contact information when placing an order. Rim Material: Crafted from Toray T700 + T800 high-modulus carbon fiber. Optional Rim Depths: 30mm &#8211; 62mm (multiple options available). Tire Compatibility: Compatible with both tubeless tires and clincher tires. Product Versions: Only the lightest version is displayed in the store; there are also heavier and more cost-effective versions available. Contact us to purchase if needed. Bulk Customization &amp; Distribution: For bulk customization or inquiries about becoming a distributor, please refer to the OEM page. &nbsp; Road Bike Rims Depth 30mm- 62mm Model CR2830 CR2835 CR2840 CR2845 CR2850 CR2855 CR2862 Tire Type Tubeless\/Clincher Tubeless\/Clincher Tubeless\/Clincher Tubeless\/Clincher Tubeless\/Clincher Tubeless\/Clincher Tubeless\/Clincher Brake Type Rim Brake\/Disc Brake Rim Brake\/Disc Brake Disc Brake Rim Brake\/Disc Brake Rim Brake\/Disc Brake Disc Brake Rim Brake\/Disc Brake Weight\/g 400\/340 420\/320 340 465\/360 485\/385 415 530\/450 Size 700C 700C 700C 700C 700C 700C 700C Width 28mm 28mm 28mm 28mm 28mm 28mm 28mm Depth 30mm 35mm 35mm 45mm 50mm 55mm 62mm<\/p>","protected":false},"featured_media":1757,"comment_status":"open","ping_status":"closed","template":"","meta":[],"product_brand":[],"product_cat":[53],"product_tag":[127],"class_list":{"0":"post-1085","1":"product","2":"type-product","3":"status-publish","4":"has-post-thumbnail","6":"product_cat-outer-width-26mm-road-rim","7":"product_tag-accessories","8":"product_shipping_class-rim","10":"first","11":"onbackorder","12":"shipping-taxable","13":"purchasable","14":"product-type-variable"},"jetpack_sharing_enabled":true,"_links":{"self":[{"href":"https:\/\/crossrim.com\/pt\/wp-json\/wp\/v2\/product\/1085","targetHints":{"allow":["GET"]}}],"collection":[{"href":"https:\/\/crossrim.com\/pt\/wp-json\/wp\/v2\/product"}],"about":[{"href":"https:\/\/crossrim.com\/pt\/wp-json\/wp\/v2\/types\/product"}],"replies":[{"embeddable":true,"href":"https:\/\/crossrim.com\/pt\/wp-json\/wp\/v2\/comments?post=1085"}],"wp:featuredmedia":[{"embeddable":true,"href":"https:\/\/crossrim.com\/pt\/wp-json\/wp\/v2\/media\/1757"}],"wp:attachment":[{"href":"https:\/\/crossrim.com\/pt\/wp-json\/wp\/v2\/media?parent=1085"}],"wp:term":[{"taxonomy":"product_brand","embeddable":true,"href":"https:\/\/crossrim.com\/pt\/wp-json\/wp\/v2\/product_brand?post=1085"},{"taxonomy":"product_cat","embeddable":true,"href":"https:\/\/crossrim.com\/pt\/wp-json\/wp\/v2\/product_cat?post=1085"},{"taxonomy":"product_tag","embeddable":true,"href":"https:\/\/crossrim.com\/pt\/wp-json\/wp\/v2\/product_tag?post=1085"}],"curies":[{"name":"wp","href":"https:\/\/api.w.org\/{rel}","templated":true}]}}