{"id":1107,"date":"2025-08-24T03:28:50","date_gmt":"2025-08-24T03:28:50","guid":{"rendered":"https:\/\/crossrim.com\/?post_type=product&#038;p=1107"},"modified":"2025-11-09T00:04:58","modified_gmt":"2025-11-09T00:04:58","slug":"road-bike-rim-outer-width-30mm","status":"publish","type":"product","link":"https:\/\/crossrim.com\/pt\/produto\/road-bike-rim-outer-width-30mm\/","title":{"rendered":"Jantes de bicicleta de estrada Largura exterior 30mm"},"content":{"rendered":"<h6>Jantes de bicicleta de estrada Largura exterior 30mm<\/h6>\n<ul>\n<li><strong>Acabamentos personaliz\u00e1veis<\/strong>: UD, 3K, 12K, acabamento em m\u00e1rmore, ou outros acabamentos da sua prefer\u00eancia. N\u00e3o se esque\u00e7a de deixar as suas necessidades e informa\u00e7\u00f5es de contacto quando fizer uma encomenda.<\/li>\n<li><strong>Material do aro<\/strong>: Fabricado em fibra de carbono Toray T700 + T800 de alto m\u00f3dulo.<\/li>\n<li><strong>Profundidades opcionais da jante<\/strong>: 30mm - 65mm (v\u00e1rias op\u00e7\u00f5es dispon\u00edveis).<\/li>\n<li><strong>Compatibilidade de pneus<\/strong>: Compat\u00edvel com pneus sem c\u00e2mara de ar e com pneus clincher.<\/li>\n<li><strong>Vers\u00f5es do produto<\/strong>: Apenas a vers\u00e3o mais leve \u00e9 apresentada na loja; existem tamb\u00e9m vers\u00f5es mais pesadas e mais econ\u00f3micas. Se necess\u00e1rio, contacte-nos para aquisi\u00e7\u00e3o.<\/li>\n<li><strong>Personaliza\u00e7\u00e3o e distribui\u00e7\u00e3o em massa<\/strong>: Para personaliza\u00e7\u00e3o em massa ou pedidos de informa\u00e7\u00e3o sobre como se tornar um distribuidor, consulte a p\u00e1gina OEM.<\/li>\n<\/ul>\n<p>&nbsp;<\/p>\n<h6>Profundidade das jantes de bicicleta de estrada 30mm- 65mm<\/h6>\n<table width=\"2145\">\n<tbody>\n<tr>\n<td width=\"222\">Modelo<\/td>\n<td width=\"279\">CR3030<\/td>\n<td width=\"279\">CR3035<\/td>\n<td width=\"279\">CR3040<\/td>\n<td width=\"279\">CRB3040<\/td>\n<td width=\"279\">CR3045<\/td>\n<td width=\"279\">CR3050<\/td>\n<td width=\"249\">CR3065<\/td>\n<\/tr>\n<tr>\n<td width=\"222\">Tipo de pneu<\/td>\n<td>Tubeless\/Clincher<\/td>\n<td>Tubeless\/Clincher<\/td>\n<td>Tubeless\/Clincher<\/td>\n<td>Tubeless\/Clincher<\/td>\n<td>Tubeless\/Clincher<\/td>\n<td>Tubeless\/Clincher<\/td>\n<td>Tubeless\/Clincher<\/td>\n<\/tr>\n<tr>\n<td width=\"222\">Tipo de trav\u00e3o<\/td>\n<td>Trav\u00e3o de disco<\/td>\n<td>Trav\u00e3o de disco<\/td>\n<td>Trav\u00e3o de disco<\/td>\n<td>Trav\u00e3o de disco<\/td>\n<td>Trav\u00e3o de disco<\/td>\n<td>Trav\u00e3o de disco<\/td>\n<td>Trav\u00e3o de disco<\/td>\n<\/tr>\n<tr>\n<td width=\"222\">Com gancho \/ Sem gancho<\/td>\n<td width=\"279\">Com gancho \/ Sem gancho<\/td>\n<td width=\"279\">Com gancho \/ Sem gancho<\/td>\n<td width=\"279\">Com gancho \/ Sem gancho<\/td>\n<td width=\"279\">Com gancho \/ Sem gancho<\/td>\n<td width=\"279\">Com gancho \/ Sem gancho<\/td>\n<td width=\"279\">Com gancho \/ Sem gancho<\/td>\n<td width=\"249\">Sem gancho<\/td>\n<\/tr>\n<tr>\n<td>Peso\/g<\/td>\n<td>330\/345<\/td>\n<td>350\/350<\/td>\n<td>365\/365<\/td>\n<td width=\"279\">365\/390<\/td>\n<td>385\/400<\/td>\n<td>400\/420<\/td>\n<td>500<\/td>\n<\/tr>\n<tr>\n<td>Tamanho<\/td>\n<td>700C<\/td>\n<td>700C<\/td>\n<td>700C<\/td>\n<td>600B<\/td>\n<td>700C<\/td>\n<td>700C<\/td>\n<td>700C<\/td>\n<\/tr>\n<tr>\n<td>Largura<\/td>\n<td>30 mm<\/td>\n<td>30 mm<\/td>\n<td>30 mm<\/td>\n<td>30 mm<\/td>\n<td>30 mm<\/td>\n<td>30 mm<\/td>\n<td>30 mm<\/td>\n<\/tr>\n<tr>\n<td>Profundidade<\/td>\n<td>30 mm<\/td>\n<td>35mm<\/td>\n<td>40 mm<\/td>\n<td>40 mm<\/td>\n<td>45 mm<\/td>\n<td>50mm<\/td>\n<td>65 mm<\/td>\n<\/tr>\n<\/tbody>\n<\/table>","protected":false},"excerpt":{"rendered":"<p>Road Bike Rims Outer Width 30mm Customizable Finishes: UD, 3K, 12K, marble finish, or other finishes you prefer. Please remember to leave your requirements and contact information when placing an order. Rim Material: Made of Toray T700 + T800 high-modulus carbon fiber. Optional Rim Depths: 30mm &#8211; 65mm (multiple options available). Tire Compatibility: Compatible with both tubeless tires and clincher tires. Product Versions: Only the lightest version is displayed in the store; there are also heavier and more budget-friendly versions. Contact us for purchase if needed. Bulk Customization &amp; Distribution: For bulk customization or inquiries about becoming a distributor, please refer to the OEM page. &nbsp; Road Bike Rims Depth 30mm- 65mm Model CR3030 CR3035 CR3040 CRB3040 CR3045 CR3050 CR3065 Tire Type Tubeless\/Clincher Tubeless\/Clincher Tubeless\/Clincher Tubeless\/Clincher Tubeless\/Clincher Tubeless\/Clincher Tubeless\/Clincher Brake Type Disc Brake Disc Brake Disc Brake Disc Brake Disc Brake Disc Brake Disc Brake Hooked \/ Hookless Hooked\u00a0\/\u00a0Hookless Hooked\u00a0\/\u00a0Hookless Hooked\u00a0\/\u00a0Hookless Hooked\u00a0\/\u00a0Hookless Hooked\u00a0\/\u00a0Hookless Hooked\u00a0\/\u00a0Hookless Hookless Weight\/g 330\/345 350\/350 365\/365 365\/390 385\/400 400\/420 500 Size 700C 700C 700C 600B 700C 700C 700C Width 30mm 30mm 30mm 30mm 30mm 30mm 30mm Depth 30mm 35mm 40mm 40mm 45mm 50mm 65mm<\/p>","protected":false},"featured_media":1757,"comment_status":"open","ping_status":"closed","template":"","meta":[],"product_brand":[],"product_cat":[53],"product_tag":[127],"class_list":{"0":"post-1107","1":"product","2":"type-product","3":"status-publish","4":"has-post-thumbnail","6":"product_cat-outer-width-26mm-road-rim","7":"product_tag-accessories","8":"product_shipping_class-rim","10":"first","11":"onbackorder","12":"shipping-taxable","13":"purchasable","14":"product-type-variable"},"jetpack_sharing_enabled":true,"_links":{"self":[{"href":"https:\/\/crossrim.com\/pt\/wp-json\/wp\/v2\/product\/1107","targetHints":{"allow":["GET"]}}],"collection":[{"href":"https:\/\/crossrim.com\/pt\/wp-json\/wp\/v2\/product"}],"about":[{"href":"https:\/\/crossrim.com\/pt\/wp-json\/wp\/v2\/types\/product"}],"replies":[{"embeddable":true,"href":"https:\/\/crossrim.com\/pt\/wp-json\/wp\/v2\/comments?post=1107"}],"wp:featuredmedia":[{"embeddable":true,"href":"https:\/\/crossrim.com\/pt\/wp-json\/wp\/v2\/media\/1757"}],"wp:attachment":[{"href":"https:\/\/crossrim.com\/pt\/wp-json\/wp\/v2\/media?parent=1107"}],"wp:term":[{"taxonomy":"product_brand","embeddable":true,"href":"https:\/\/crossrim.com\/pt\/wp-json\/wp\/v2\/product_brand?post=1107"},{"taxonomy":"product_cat","embeddable":true,"href":"https:\/\/crossrim.com\/pt\/wp-json\/wp\/v2\/product_cat?post=1107"},{"taxonomy":"product_tag","embeddable":true,"href":"https:\/\/crossrim.com\/pt\/wp-json\/wp\/v2\/product_tag?post=1107"}],"curies":[{"name":"wp","href":"https:\/\/api.w.org\/{rel}","templated":true}]}}