{"id":1158,"date":"2025-08-25T14:22:39","date_gmt":"2025-08-25T14:22:39","guid":{"rendered":"https:\/\/crossrim.com\/?post_type=product&#038;p=1158"},"modified":"2025-11-09T00:04:58","modified_gmt":"2025-11-09T00:04:58","slug":"all-mountain-bike-rim-27-5er-am","status":"publish","type":"product","link":"https:\/\/crossrim.com\/pt\/produto\/all-mountain-bike-rim-27-5er-am\/","title":{"rendered":"Jantes MTB (AM) 27.5ER"},"content":{"rendered":"<h6>Jantes para bicicletas de montanha 27.5ER<\/h6>\n<ul>\n<li><strong>Personaliza\u00e7\u00e3o do acabamento da superf\u00edcie<\/strong>: As op\u00e7\u00f5es dispon\u00edveis incluem UD (Unidirecional), 3K, 12K, acabamento em m\u00e1rmore ou outros acabamentos que possa especificar. N\u00e3o se esque\u00e7a de fornecer os seus requisitos e informa\u00e7\u00f5es de contacto ao efetuar uma encomenda.<\/li>\n<li><strong>Material do aro<\/strong>: Fabricado em fibra de carbono Toray T700 + T800 de alto m\u00f3dulo.<\/li>\n<li><strong>Profundidades opcionais da jante<\/strong>: V\u00e1rias profundidades dispon\u00edveis, de 25 mm a 33 mm.<\/li>\n<li><strong>Compatibilidade de pneus<\/strong>: Compat\u00edvel com pneus sem c\u00e2mara de ar e com pneus clincher.<\/li>\n<li><strong>Personaliza\u00e7\u00e3o e distribui\u00e7\u00e3o em massa<\/strong>: Para necessidades de personaliza\u00e7\u00e3o em massa ou quest\u00f5es sobre como se tornar um distribuidor, consulte a p\u00e1gina OEM.<\/li>\n<\/ul>\n<p>&nbsp;<\/p>\n<h6>Profundidade das jantes 25mm- 33mm<\/h6>\n<table style=\"border-collapse: collapse; width: 313.90pt;\" border=\"0\" width=\"837\" cellspacing=\"0\" cellpadding=\"0\">\n<tbody>\n<tr style=\"height: 15.75pt;\">\n<td class=\"et3\" style=\"height: 15.75pt; width: 104.65pt;\" width=\"279\" height=\"42\">Modelo<\/td>\n<td class=\"et4\" style=\"width: 104.65pt;\" width=\"279\">CM3325<\/td>\n<td class=\"et5\" style=\"width: 104.65pt;\" width=\"279\">CM4030<\/td>\n<\/tr>\n<tr style=\"height: 15.75pt;\">\n<td class=\"et6\" style=\"height: 15.75pt;\" height=\"42\">Tamanho<\/td>\n<td class=\"et7\">27,5ER<\/td>\n<td class=\"et8\">27,5ER<\/td>\n<\/tr>\n<tr style=\"height: 15.75pt;\">\n<td class=\"et6\" style=\"height: 15.75pt;\" height=\"42\">Largura<\/td>\n<td class=\"et7\">33 mm<\/td>\n<td class=\"et8\">40 mm<\/td>\n<\/tr>\n<tr style=\"height: 16.50pt;\">\n<td class=\"et9\" style=\"height: 16.50pt;\" height=\"44\">Profundidade<\/td>\n<td class=\"et10\">25 mm<\/td>\n<td class=\"et11\">30 mm<\/td>\n<\/tr>\n<tr style=\"height: 14.00pt;\">\n<td class=\"et12\" style=\"height: 14.00pt; width: 104.65pt;\" width=\"279\" height=\"37\">Compatibilidade com o tipo de pneu<\/td>\n<td class=\"et13\">Tubeless\/Clincher<\/td>\n<td class=\"et14\">Tubeless\/Clincher<\/td>\n<\/tr>\n<tr style=\"height: 14.00pt;\">\n<td class=\"et6\" style=\"height: 14.00pt;\" height=\"37\">Tipo de trav\u00e3o<\/td>\n<td class=\"et7\">Trav\u00e3o de disco<\/td>\n<td class=\"et8\">Trav\u00e3o de disco<\/td>\n<\/tr>\n<tr style=\"height: 14.00pt;\">\n<td class=\"et15\" style=\"height: 14.00pt;\" height=\"37\">Utiliza\u00e7\u00e3o<\/td>\n<td class=\"et7\">AM<\/td>\n<td class=\"et7\">AM<\/td>\n<\/tr>\n<tr style=\"height: 14.00pt;\">\n<td class=\"et6\" style=\"height: 14.00pt;\" height=\"37\">Peso\/g<\/td>\n<td class=\"et7\">360<\/td>\n<td class=\"et16\" style=\"width: 104.65pt;\" width=\"279\">420<\/td>\n<\/tr>\n<\/tbody>\n<\/table>","protected":false},"excerpt":{"rendered":"<p>All mountain Bike Rims 27.5ER Surface Finish Customization: Available options include UD (Unidirectional), 3K, 12K, marble finish, or other finishes you may specify. Please be sure to provide your requirements and contact information when placing an order. Rim Material: Constructed from Toray T700 + T800 high-modulus carbon fiber. Optional Rim Depths: Multiple depths available, ranging from 25mm to 33mm. Tire Compatibility: Compatible with both tubeless tires and clincher tires. Bulk Customization &amp; Distribution: For bulk customization needs or inquiries about becoming a distributor, please refer to the OEM page. &nbsp; Rims Depth 25mm- 33mm Model CM3325 CM4030 Size 27.5ER 27.5ER Width 33mm 40mm Depth 25mm 30mm Tire Type Compatibility Tubeless\/Clincher Tubeless\/Clincher Brake Type Disc Brake Disc Brake Usage AM AM Weight\/g 360 420<\/p>","protected":false},"featured_media":1748,"comment_status":"open","ping_status":"closed","template":"","meta":[],"product_brand":[],"product_cat":[58],"product_tag":[127],"class_list":{"0":"post-1158","1":"product","2":"type-product","3":"status-publish","4":"has-post-thumbnail","6":"product_cat-27-5er-mtb-rim","7":"product_tag-accessories","8":"product_shipping_class-rim","10":"first","11":"onbackorder","12":"shipping-taxable","13":"purchasable","14":"product-type-variable"},"jetpack_sharing_enabled":true,"_links":{"self":[{"href":"https:\/\/crossrim.com\/pt\/wp-json\/wp\/v2\/product\/1158","targetHints":{"allow":["GET"]}}],"collection":[{"href":"https:\/\/crossrim.com\/pt\/wp-json\/wp\/v2\/product"}],"about":[{"href":"https:\/\/crossrim.com\/pt\/wp-json\/wp\/v2\/types\/product"}],"replies":[{"embeddable":true,"href":"https:\/\/crossrim.com\/pt\/wp-json\/wp\/v2\/comments?post=1158"}],"wp:featuredmedia":[{"embeddable":true,"href":"https:\/\/crossrim.com\/pt\/wp-json\/wp\/v2\/media\/1748"}],"wp:attachment":[{"href":"https:\/\/crossrim.com\/pt\/wp-json\/wp\/v2\/media?parent=1158"}],"wp:term":[{"taxonomy":"product_brand","embeddable":true,"href":"https:\/\/crossrim.com\/pt\/wp-json\/wp\/v2\/product_brand?post=1158"},{"taxonomy":"product_cat","embeddable":true,"href":"https:\/\/crossrim.com\/pt\/wp-json\/wp\/v2\/product_cat?post=1158"},{"taxonomy":"product_tag","embeddable":true,"href":"https:\/\/crossrim.com\/pt\/wp-json\/wp\/v2\/product_tag?post=1158"}],"curies":[{"name":"wp","href":"https:\/\/api.w.org\/{rel}","templated":true}]}}