{"id":1166,"date":"2025-08-25T14:43:34","date_gmt":"2025-08-25T14:43:34","guid":{"rendered":"https:\/\/crossrim.com\/?post_type=product&#038;p=1166"},"modified":"2025-11-09T00:04:58","modified_gmt":"2025-11-09T00:04:58","slug":"enduro-bike-rim-27-5er-en","status":"publish","type":"product","link":"https:\/\/crossrim.com\/pt\/produto\/enduro-bike-rim-27-5er-en\/","title":{"rendered":"MTB (EN) Jantes 27.5ER"},"content":{"rendered":"<h6>Jantes para bicicletas de enduro 27.5ER<\/h6>\n<ul>\n<li><strong>Acabamentos personaliz\u00e1veis<\/strong>: UD, 3K, 12K, acabamento em m\u00e1rmore, ou outros acabamentos que tenha em mente. N\u00e3o se esque\u00e7a de deixar as suas necessidades e informa\u00e7\u00f5es de contacto quando fizer uma encomenda.<\/li>\n<li><strong>Material do aro<\/strong>: Fabricado em fibra de carbono Toray T700 + T800 de alto m\u00f3dulo.<\/li>\n<li><strong>Profundidade do aro opcional<\/strong>: 30mm (dispon\u00edvel como op\u00e7\u00e3o).<\/li>\n<li><strong>Compatibilidade de pneus<\/strong>: Compat\u00edvel com pneus sem c\u00e2mara de ar e com pneus clincher.<\/li>\n<li><strong>Personaliza\u00e7\u00e3o e distribui\u00e7\u00e3o em massa<\/strong>: Para personaliza\u00e7\u00e3o em massa ou pedidos de informa\u00e7\u00e3o sobre como se tornar um distribuidor, consulte a p\u00e1gina OEM.<\/li>\n<\/ul>\n<p>&nbsp;<\/p>\n<h6>Profundidade das jantes 30mm<\/h6>\n<table style=\"border-collapse: collapse; width: 209.28pt;\" border=\"0\" width=\"558\" cellspacing=\"0\" cellpadding=\"0\">\n<tbody>\n<tr style=\"height: 15.75pt;\">\n<td class=\"et3\" style=\"height: 15.75pt; width: 104.65pt;\" width=\"279\" height=\"42\">Modelo<\/td>\n<td class=\"et4\" style=\"width: 104.65pt;\" width=\"279\">CM4030<\/td>\n<\/tr>\n<tr style=\"height: 15.75pt;\">\n<td class=\"et5\" style=\"height: 15.75pt;\" height=\"42\">Tamanho<\/td>\n<td class=\"et6\">27,5ER<\/td>\n<\/tr>\n<tr style=\"height: 15.75pt;\">\n<td class=\"et5\" style=\"height: 15.75pt;\" height=\"42\">Largura<\/td>\n<td class=\"et6\">40 mm<\/td>\n<\/tr>\n<tr style=\"height: 16.50pt;\">\n<td class=\"et7\" style=\"height: 16.50pt;\" height=\"44\">Profundidade<\/td>\n<td class=\"et8\">30 mm<\/td>\n<\/tr>\n<tr style=\"height: 14.00pt;\">\n<td class=\"et9\" style=\"height: 14.00pt; width: 104.65pt;\" width=\"279\" height=\"37\">Compatibilidade com o tipo de pneu<\/td>\n<td class=\"et10\">Tubeless\/Clincher<\/td>\n<\/tr>\n<tr style=\"height: 14.00pt;\">\n<td class=\"et5\" style=\"height: 14.00pt;\" height=\"37\">Tipo de trav\u00e3o<\/td>\n<td class=\"et6\">Trav\u00e3o de disco<\/td>\n<\/tr>\n<tr style=\"height: 14.00pt;\">\n<td class=\"et11\" style=\"height: 14.00pt;\" height=\"37\">Utiliza\u00e7\u00e3o<\/td>\n<td class=\"et12\" style=\"width: 104.65pt;\" width=\"279\">PT<\/td>\n<\/tr>\n<tr style=\"height: 14.00pt;\">\n<td class=\"et5\" style=\"height: 14.00pt;\" height=\"37\">Peso\/g<\/td>\n<td class=\"et12\" style=\"width: 104.65pt;\" width=\"279\">460<\/td>\n<\/tr>\n<\/tbody>\n<\/table>","protected":false},"excerpt":{"rendered":"<p>Enduro Bike Rims 27.5ER Customizable Finishes: UD, 3K, 12K, marble finish, or other finishes you have in mind. Please remember to leave your requirements and contact information when placing an order. Rim Material: Made of Toray T700 + T800 high-modulus carbon fiber. Optional Rim Depth: 30mm (available as an option). Tire Compatibility: Compatible with both tubeless tires and clincher tires. Bulk Customization &amp; Distribution: For bulk customization or inquiries about becoming a distributor, please refer to the OEM page. &nbsp; Rims Depth 30mm Model CM4030 Size 27.5ER Width 40mm Depth 30mm Tire Type Compatibility Tubeless\/Clincher Brake Type Disc Brake Usage EN Weight\/g 460<\/p>","protected":false},"featured_media":1748,"comment_status":"open","ping_status":"closed","template":"","meta":[],"product_brand":[],"product_cat":[58],"product_tag":[127],"class_list":{"0":"post-1166","1":"product","2":"type-product","3":"status-publish","4":"has-post-thumbnail","6":"product_cat-27-5er-mtb-rim","7":"product_tag-accessories","8":"product_shipping_class-rim","10":"first","11":"onbackorder","12":"shipping-taxable","13":"purchasable","14":"product-type-variable"},"jetpack_sharing_enabled":true,"_links":{"self":[{"href":"https:\/\/crossrim.com\/pt\/wp-json\/wp\/v2\/product\/1166","targetHints":{"allow":["GET"]}}],"collection":[{"href":"https:\/\/crossrim.com\/pt\/wp-json\/wp\/v2\/product"}],"about":[{"href":"https:\/\/crossrim.com\/pt\/wp-json\/wp\/v2\/types\/product"}],"replies":[{"embeddable":true,"href":"https:\/\/crossrim.com\/pt\/wp-json\/wp\/v2\/comments?post=1166"}],"wp:featuredmedia":[{"embeddable":true,"href":"https:\/\/crossrim.com\/pt\/wp-json\/wp\/v2\/media\/1748"}],"wp:attachment":[{"href":"https:\/\/crossrim.com\/pt\/wp-json\/wp\/v2\/media?parent=1166"}],"wp:term":[{"taxonomy":"product_brand","embeddable":true,"href":"https:\/\/crossrim.com\/pt\/wp-json\/wp\/v2\/product_brand?post=1166"},{"taxonomy":"product_cat","embeddable":true,"href":"https:\/\/crossrim.com\/pt\/wp-json\/wp\/v2\/product_cat?post=1166"},{"taxonomy":"product_tag","embeddable":true,"href":"https:\/\/crossrim.com\/pt\/wp-json\/wp\/v2\/product_tag?post=1166"}],"curies":[{"name":"wp","href":"https:\/\/api.w.org\/{rel}","templated":true}]}}