{"id":1438,"date":"2025-09-03T13:06:45","date_gmt":"2025-09-03T13:06:45","guid":{"rendered":"https:\/\/crossrim.com\/?post_type=product&#038;p=1438"},"modified":"2025-11-09T00:04:57","modified_gmt":"2025-11-09T00:04:57","slug":"rw-c45-road-bike-carbon-wheelset-1300g%c2%b13","status":"publish","type":"product","link":"https:\/\/crossrim.com\/pt\/produto\/rw-c45-road-bike-carbon-wheelset-1300g%c2%b13\/","title":{"rendered":"\u3010RW-C45\u3011Rodas de carbono para bicicletas de estrada (1300g\u00b13%)"},"content":{"rendered":"<h6 class=\"header-vfC6AV auto-hide-last-sibling-br\">Conjunto de rodas com trav\u00e3o de disco com raios em fibra de carbono Riding Wind C45 Series<\/h6>\n<ul>\n<li>O conjunto de rodas com aro de 45 mm de altura \u00e9 uma escolha \u201cpolivalente\u201d, uma vez que satisfaz as necessidades de aerodin\u00e2mica e rigidez sem comprometer excessivamente as propriedades de leveza e a estabilidade em caso de vento cruzado, tornando-o adequado para ciclistas que procuram um desempenho geral.<\/li>\n<li>As jantes s\u00e3o fabricadas \u00e0 m\u00e3o em fibra de carbono Toray de alta qualidade, com larguras interiores opcionais de 21 mm e 24 mm. S\u00e3o compat\u00edveis com v\u00e1rias especifica\u00e7\u00f5es de quadros e pneus, incluindo pneus clincher e pneus tubeless.<\/li>\n<\/ul>\n<p><img fetchpriority=\"high\" decoding=\"async\" class=\"alignnone wp-image-1666\" src=\"https:\/\/crossrim.com\/wp-content\/uploads\/2025\/09\/29R45C28Z-Model_012-300x300.jpg\" alt=\"\" width=\"299\" height=\"299\" \/><img decoding=\"async\" class=\"alignnone size-medium wp-image-1664\" src=\"https:\/\/crossrim.com\/wp-content\/uploads\/2025\/09\/29R45C30Z-Model_0111-300x300.jpg\" alt=\"\" width=\"300\" height=\"300\" \/><\/p>\n<ul>\n<li class=\"auto-hide-last-sibling-br paragraph-JOTKXA paragraph-element br-paragraph-space\">Os raios de fibra de carbono planos e largos de 5 mm de largura oferecem uma melhor aerodin\u00e2mica, com uma otimiza\u00e7\u00e3o abrangente que equilibra a leveza, a rigidez e a estabilidade, ao mesmo tempo que s\u00e3o esteticamente mais agrad\u00e1veis. As ponteiras dos raios s\u00e3o feitas de a\u00e7o inoxid\u00e1vel especial e cada raio (incluindo a ponteira) pesa apenas 3,05 g.<\/li>\n<li class=\"auto-hide-last-sibling-br paragraph-JOTKXA paragraph-element br-paragraph-space\">Com 21 raios na frente e 24 na traseira, e um padr\u00e3o de la\u00e7o 2:1 para a roda traseira, melhora o equil\u00edbrio de for\u00e7as, optimiza a efici\u00eancia de condu\u00e7\u00e3o e a rigidez, e \u00e9 adequado para uma condu\u00e7\u00e3o de alta intensidade.<\/li>\n<\/ul>\n<p><img decoding=\"async\" class=\"alignnone wp-image-1642 size-large\" src=\"https:\/\/crossrim.com\/wp-content\/uploads\/2025\/09\/carbon-spokes-for-bike-3-1024x484.png\" alt=\"\" width=\"640\" height=\"303\" \/><\/p>\n<ul>\n<li>O cubo H-WORKS, concebido exclusivamente para raios de carbono com uma estrutura de catraca planet\u00e1ria, apresenta as vantagens de uma capacidade de resposta, durabilidade e suavidade ultra-elevadas, tornando-o adequado para cen\u00e1rios de condu\u00e7\u00e3o de alta rota\u00e7\u00e3o. Possui um cubo de trav\u00e3o de disco de bloqueio central e uma flange maior, que optimiza a disposi\u00e7\u00e3o dos raios, tornando o conjunto de rodas mais r\u00edgido, mais est\u00e1vel e mais dur\u00e1vel.<\/li>\n<\/ul>\n<p><img loading=\"lazy\" decoding=\"async\" class=\"alignnone wp-image-1943 size-large\" src=\"https:\/\/crossrim.com\/wp-content\/uploads\/2025\/10\/H-Works-SR360-795x1024.jpg\" alt=\"H-Works- SR360\" width=\"640\" height=\"824\" \/><\/p>","protected":false},"excerpt":{"rendered":"<p>Riding Wind C45 Series Carbon Fiber Spoke Disc Brake Wheelset The 45mm rim height wheelset is an &#8220;all-rounder&#8221; choice, as it meets the needs for aerodynamics and rigidity without excessively compromising lightweight properties and crosswind stability, making it suitable for riders pursuing all-round performance. The rims are handcrafted from high-quality Toray carbon fiber, with optional inner widths of 21mm and 24mm. They are compatible with various specifications of frames and tires, including clincher tires and tubeless tires. The 5mm-wide flat wide flat carbon fiber spokes offer better aerodynamics, with comprehensive optimization balancing lightweight, rigidity and stability, while being more aesthetically pleasing. The spoke nipples are made of special stainless steel, and each spoke (including the nipple) weighs only 3.05g. With 21 spokes at the front and 24 at the rear, and a 2:1 lacing pattern for the rear wheel, it improves force balance, optimizes driving efficiency and rigidity, and is suitable for high-intensity riding. The H-WORKS hub, exclusively designed for carbon spokes with a planetary ratchet structure, boasts the advantages of ultra-high responsiveness, durability, and smoothness, making it suitable for high-rotation riding scenarios. It features a center-lock disc brake hub and a larger flange, which optimizes the spoke layout, rendering the wheelset stiffer, more stable, and more durable.<\/p>","protected":false},"featured_media":1887,"comment_status":"open","ping_status":"closed","template":"","meta":[],"product_brand":[],"product_cat":[31],"product_tag":[128],"class_list":{"0":"post-1438","1":"product","2":"type-product","3":"status-publish","4":"has-post-thumbnail","6":"product_cat-31","7":"product_tag-wheels","8":"product_shipping_class-wheelset","10":"first","11":"onbackorder","12":"shipping-taxable","13":"purchasable","14":"product-type-variable"},"jetpack_sharing_enabled":true,"_links":{"self":[{"href":"https:\/\/crossrim.com\/pt\/wp-json\/wp\/v2\/product\/1438","targetHints":{"allow":["GET"]}}],"collection":[{"href":"https:\/\/crossrim.com\/pt\/wp-json\/wp\/v2\/product"}],"about":[{"href":"https:\/\/crossrim.com\/pt\/wp-json\/wp\/v2\/types\/product"}],"replies":[{"embeddable":true,"href":"https:\/\/crossrim.com\/pt\/wp-json\/wp\/v2\/comments?post=1438"}],"wp:featuredmedia":[{"embeddable":true,"href":"https:\/\/crossrim.com\/pt\/wp-json\/wp\/v2\/media\/1887"}],"wp:attachment":[{"href":"https:\/\/crossrim.com\/pt\/wp-json\/wp\/v2\/media?parent=1438"}],"wp:term":[{"taxonomy":"product_brand","embeddable":true,"href":"https:\/\/crossrim.com\/pt\/wp-json\/wp\/v2\/product_brand?post=1438"},{"taxonomy":"product_cat","embeddable":true,"href":"https:\/\/crossrim.com\/pt\/wp-json\/wp\/v2\/product_cat?post=1438"},{"taxonomy":"product_tag","embeddable":true,"href":"https:\/\/crossrim.com\/pt\/wp-json\/wp\/v2\/product_tag?post=1438"}],"curies":[{"name":"wp","href":"https:\/\/api.w.org\/{rel}","templated":true}]}}