{"id":1451,"date":"2025-09-04T12:44:06","date_gmt":"2025-09-04T12:44:06","guid":{"rendered":"https:\/\/crossrim.com\/?post_type=product&#038;p=1451"},"modified":"2025-11-09T18:24:09","modified_gmt":"2025-11-09T18:24:09","slug":"%e3%80%90rw-c35%e3%80%91road-bike-carbon-wheelset-1240g%c2%b125g","status":"publish","type":"product","link":"https:\/\/crossrim.com\/pt\/produto\/%e3%80%90rw-c35%e3%80%91road-bike-carbon-wheelset-1240g%c2%b125g\/","title":{"rendered":"\u3010RW-C35\u3011Rodas de carbono para bicicletas de estrada (1240g\u00b13%)"},"content":{"rendered":"<h6>Conjunto de rodas com trav\u00e3o de disco com raios em fibra de carbono Riding Wind C35 Series<\/h6>\n<ul>\n<li>A altura do aro de 35 mm equilibra leveza e aerodin\u00e2mica, garantindo que n\u00e3o haja lentid\u00e3o durante as subidas e efici\u00eancia em estradas planas, com compatibilidade para v\u00e1rias condi\u00e7\u00f5es de estrada. Tem baixa sensibilidade a ventos cruzados, permitindo um manuseamento mais est\u00e1vel, e apresenta um desempenho geral completo, tornando-a adequada para utilizadores que procuram uma experi\u00eancia de condu\u00e7\u00e3o em todos os cen\u00e1rios.<\/li>\n<li>As jantes s\u00e3o fabricadas \u00e0 m\u00e3o em fibra de carbono Toray de alta qualidade, com larguras interiores opcionais de 21 mm e 24 mm. S\u00e3o compat\u00edveis com v\u00e1rias especifica\u00e7\u00f5es de quadros e pneus, incluindo pneus clincher e pneus tubeless.<\/li>\n<\/ul>\n<p><img fetchpriority=\"high\" decoding=\"async\" class=\"alignnone wp-image-1595 size-medium\" src=\"https:\/\/crossrim.com\/wp-content\/uploads\/2025\/08\/29R35C28Z-Model_011-300x300.jpg\" alt=\"\" width=\"300\" height=\"300\" \/><img decoding=\"async\" class=\"alignnone wp-image-1641\" src=\"https:\/\/crossrim.com\/wp-content\/uploads\/2025\/09\/29R35C30Z-Model_011-300x300.jpg\" alt=\"\" width=\"320\" height=\"320\" \/><\/p>\n<ul>\n<li>Os raios planos de fibra de carbono com 5 mm de largura oferecem uma melhor aerodin\u00e2mica, com uma otimiza\u00e7\u00e3o abrangente que equilibra a leveza, a rigidez e a estabilidade, ao mesmo tempo que s\u00e3o esteticamente mais agrad\u00e1veis. As ponteiras dos raios s\u00e3o feitas de a\u00e7o inoxid\u00e1vel especial e cada raio (incluindo a ponteira) pesa apenas 3,05 g.<\/li>\n<li>Com 21 raios na frente e 24 na traseira, e um padr\u00e3o de la\u00e7o 2:1 para a roda traseira, melhora o equil\u00edbrio de for\u00e7as, optimiza a efici\u00eancia de condu\u00e7\u00e3o e a rigidez, e \u00e9 adequado para uma condu\u00e7\u00e3o de alta intensidade.<\/li>\n<\/ul>\n<p><img decoding=\"async\" class=\"alignnone wp-image-1642 size-large\" src=\"https:\/\/crossrim.com\/wp-content\/uploads\/2025\/09\/carbon-spokes-for-bike-3-1024x484.png\" alt=\"\" width=\"640\" height=\"303\" \/><\/p>\n<ul>\n<li>O cubo H-WORKS, concebido exclusivamente para raios de carbono com uma estrutura de catraca planet\u00e1ria, apresenta as vantagens de uma capacidade de resposta, durabilidade e suavidade ultra-elevadas, tornando-o adequado para cen\u00e1rios de condu\u00e7\u00e3o de alta rota\u00e7\u00e3o. Possui um cubo de trav\u00e3o de disco de bloqueio central e uma flange maior, que optimiza a disposi\u00e7\u00e3o dos raios, tornando o conjunto de rodas mais r\u00edgido, mais est\u00e1vel e mais dur\u00e1vel.<\/li>\n<\/ul>\n<figure id=\"attachment_1943\" aria-describedby=\"caption-attachment-1943\" style=\"width: 640px\" class=\"wp-caption alignnone\"><img loading=\"lazy\" decoding=\"async\" class=\"wp-image-1943 size-large\" src=\"https:\/\/crossrim.com\/wp-content\/uploads\/2025\/10\/H-Works-SR360-795x1024.jpg\" alt=\"H-Works- SR360\" width=\"640\" height=\"824\" \/><figcaption id=\"caption-attachment-1943\" class=\"wp-caption-text\">H-Works- SR360<\/figcaption><\/figure>","protected":false},"excerpt":{"rendered":"<p>Riding Wind C35 Series Carbon Fiber Spoke Disc Brake Wheelset The 35mm rim height balances lightweight and aerodynamics, ensuring no sluggishness during climbs and efficiency on flat roads, with compatibility for various road conditions. It has low sensitivity to crosswinds, enabling more stable handling, and features well-rounded overall performance, making it suitable for users seeking an all-scenario riding experience. The rims are handcrafted from high-quality Toray carbon fiber, with optional inner widths of 21mm and 24mm. They are compatible with various frame and tire specifications, including clincher tires and tubeless tires. The 5mm-wide-wide flat carbon fiber spokes offer better aerodynamics, with comprehensive optimization balancing lightweight, rigidity, and stability, while being more aesthetically pleasing. The spoke nipples are made of special stainless steel, and each spoke (including the nipple) weighs only 3.05g. With 21 spokes at the front and 24 at the rear, and a 2:1 lacing pattern for the rear wheel, it enhances force balance, optimizes driving efficiency and rigidity, and is suitable for high-intensity riding. The H-WORKS hub, exclusively designed for carbon spokes with a planetary ratchet structure, boasts advantages of ultra-high responsiveness, durability, and smoothness, making it suitable for high-rotation riding scenarios. It features a center-lock disc brake hub and a larger flange, which optimizes the spoke layout, rendering the wheelset stiffer, more stable, and more durable.<\/p>","protected":false},"featured_media":1879,"comment_status":"open","ping_status":"closed","template":"","meta":[],"product_brand":[],"product_cat":[31],"product_tag":[128],"class_list":{"0":"post-1451","1":"product","2":"type-product","3":"status-publish","4":"has-post-thumbnail","6":"product_cat-31","7":"product_tag-wheels","8":"product_shipping_class-wheelset","10":"first","11":"onbackorder","12":"shipping-taxable","13":"purchasable","14":"product-type-variable"},"jetpack_sharing_enabled":true,"_links":{"self":[{"href":"https:\/\/crossrim.com\/pt\/wp-json\/wp\/v2\/product\/1451","targetHints":{"allow":["GET"]}}],"collection":[{"href":"https:\/\/crossrim.com\/pt\/wp-json\/wp\/v2\/product"}],"about":[{"href":"https:\/\/crossrim.com\/pt\/wp-json\/wp\/v2\/types\/product"}],"replies":[{"embeddable":true,"href":"https:\/\/crossrim.com\/pt\/wp-json\/wp\/v2\/comments?post=1451"}],"wp:featuredmedia":[{"embeddable":true,"href":"https:\/\/crossrim.com\/pt\/wp-json\/wp\/v2\/media\/1879"}],"wp:attachment":[{"href":"https:\/\/crossrim.com\/pt\/wp-json\/wp\/v2\/media?parent=1451"}],"wp:term":[{"taxonomy":"product_brand","embeddable":true,"href":"https:\/\/crossrim.com\/pt\/wp-json\/wp\/v2\/product_brand?post=1451"},{"taxonomy":"product_cat","embeddable":true,"href":"https:\/\/crossrim.com\/pt\/wp-json\/wp\/v2\/product_cat?post=1451"},{"taxonomy":"product_tag","embeddable":true,"href":"https:\/\/crossrim.com\/pt\/wp-json\/wp\/v2\/product_tag?post=1451"}],"curies":[{"name":"wp","href":"https:\/\/api.w.org\/{rel}","templated":true}]}}