{"id":1513,"date":"2025-09-09T03:43:03","date_gmt":"2025-09-09T03:43:03","guid":{"rendered":"https:\/\/crossrim.com\/?post_type=product&#038;p=1513"},"modified":"2025-11-09T00:04:57","modified_gmt":"2025-11-09T00:04:57","slug":"%e3%80%90br-29c%e3%80%91mtb-xc-carbon-spokes-wheelset-29er-asymmetric","status":"publish","type":"product","link":"https:\/\/crossrim.com\/pt\/produto\/%e3%80%90br-29c%e3%80%91mtb-xc-carbon-spokes-wheelset-29er-asymmetric\/","title":{"rendered":"\u3010BR-29c\u3011MTB (XC) Roda com raios de carbono 29ER Assim\u00e9trica (1180g\u00b13%)"},"content":{"rendered":"<h6>Breeze Rise 29c Series Carbon Fiber Spoke Disc BrakeMountain Bike Cross Country Wheelset<\/h6>\n<ul>\n<li>O conjunto de rodas de fibra de carbono Cross Country da s\u00e9rie 29c \u00e9 um conjunto de rodas com raios de carbono especialmente concebido para corridas de montanha de cross-country. O seu conceito de design central centra-se na leveza, rigidez e capacidade de resposta, tendo tamb\u00e9m em conta um certo n\u00edvel de resist\u00eancia ao impacto.<\/li>\n<li>As jantes s\u00e3o fabricadas \u00e0 m\u00e3o em fibra de carbono Toray de alta qualidade, com uma largura interior de 26 mm e uma largura exterior de 33 mm, assegurando uma forte compatibilidade com os pneus. O design assim\u00e9trico do aro equilibra a tens\u00e3o e optimiza a distribui\u00e7\u00e3o da for\u00e7a, aumentando significativamente a estabilidade, rigidez, durabilidade e manuseamento do conjunto de rodas. Gra\u00e7as \u00e0s mat\u00e9rias-primas de alta qualidade combinadas com uma lamina\u00e7\u00e3o precisa e cient\u00edfica do tecido de carbono, cada aro pesa apenas 340g e \u00e9 compat\u00edvel com pneus clincher e pneus tubeless.<\/li>\n<\/ul>\n<p><img fetchpriority=\"high\" decoding=\"async\" class=\"alignnone wp-image-1653 size-medium\" src=\"https:\/\/crossrim.com\/wp-content\/uploads\/2025\/09\/29H25C33P_011-300x200.jpg\" alt=\"\" width=\"300\" height=\"200\" \/><\/p>\n<ul>\n<li>Os raios s\u00e3o raios de carbono de 3,8 mm de largura desenvolvidos pelo pr\u00f3prio, que equilibram a leveza, a rigidez e o desempenho aerodin\u00e2mico. O material principal \u00e9 a fibra de carbono de alto m\u00f3dulo, com a\u00e7o inoxid\u00e1vel especial em ambas as extremidades. Estes raios de tra\u00e7\u00e3o direta permitem uma transmiss\u00e3o de for\u00e7a mais direta e a configura\u00e7\u00e3o de 24 raios para as rodas dianteiras e traseiras garante a m\u00e1xima resist\u00eancia.<\/li>\n<\/ul>\n<p><img decoding=\"async\" class=\"alignnone wp-image-1643 size-large\" src=\"https:\/\/crossrim.com\/wp-content\/uploads\/2025\/09\/carbon-spokes-for-bike-2-1024x473.png\" alt=\"\" width=\"640\" height=\"296\" \/><\/p>\n<ul>\n<li>Um conjunto de rodas de alto desempenho requer um cubo robusto. O cubo H-WORKS, especificamente concebido para bicicletas de montanha com raios de carbono, apresenta uma estrutura de catraca planet\u00e1ria. Apresenta uma capacidade de resposta ultra-elevada, durabilidade e funcionamento suave, tornando-o adequado para cen\u00e1rios de condu\u00e7\u00e3o de alta rota\u00e7\u00e3o. Equipado com uma estrutura de trav\u00e3o de disco de bloqueio central e fabricado com maquina\u00e7\u00e3o de ultra-precis\u00e3o, \u00e9 optimizado para um design e desempenho leves - pesando apenas 330 g por par.<\/li>\n<\/ul>\n<p><img decoding=\"async\" class=\"wp-image-1937 size-large\" src=\"https:\/\/crossrim.com\/wp-content\/uploads\/2025\/10\/H-Works-CM300-770x1024.jpg\" alt=\"H-Works- CM300\" width=\"640\" height=\"851\" \/><\/p>","protected":false},"excerpt":{"rendered":"<p>Breeze Rise 29c Series Carbon Fiber Spoke Disc BrakeMountain Bike Cross Country Wheelset The 29c series carbon carbonCross Country carbon fiber wheelset is a carbon spoke wheelset specially designed for mountain cross-country racing. Its core design concept focuses on lightweight, rigidity and responsiveness, while also taking into account a certain level of impact resistance. The rims are handcrafted from high-quality Toray carbon fiber, with an inner width of 26mm and an outer width of 33mm, ensuring strong tire compatibility. The asymmetric rim design balances tension and optimizes force distribution, significantly enhancing the stability, rigidity, durability and handling of the wheelset. Thanks to high-spec raw materials combined with precise and scientific carbon cloth lamination, each rim weighs only 340g and is compatible with both clincher tires and tubeless tires. The spokes are self-developed 3.8mm-wide carbon spokes, which balance lightweight, rigidity, and aerodynamic performance. The main material is high-modulus carbon fiber, with special stainless steel at both ends. These straight-pull spokes enable more direct force transmission, and the configuration of 24 spokes for both the front and rear wheels ensures maximum strength. A high-performance wheelset requires a robust hub. The H-WORKS hub, specifically designed for carbon-spoke mountain bikes, features a planetary ratchet structure. It boasts ultra-high responsiveness, durability, and smooth operation, making it suitable for high-rotation riding scenarios. Equipped with a center-lock disc brake structure and crafted with ultra-precision machining, it is optimized for lightweight design and performance\u2014weighing only 330g per pair.<\/p>","protected":false},"featured_media":1871,"comment_status":"open","ping_status":"closed","template":"","meta":[],"product_brand":[],"product_cat":[33],"product_tag":[128],"class_list":{"0":"post-1513","1":"product","2":"type-product","3":"status-publish","4":"has-post-thumbnail","6":"product_cat-mtb-wheelset","7":"product_tag-wheels","8":"product_shipping_class-wheelset","10":"first","11":"onbackorder","12":"featured","13":"shipping-taxable","14":"purchasable","15":"product-type-variable"},"jetpack_sharing_enabled":true,"_links":{"self":[{"href":"https:\/\/crossrim.com\/pt\/wp-json\/wp\/v2\/product\/1513","targetHints":{"allow":["GET"]}}],"collection":[{"href":"https:\/\/crossrim.com\/pt\/wp-json\/wp\/v2\/product"}],"about":[{"href":"https:\/\/crossrim.com\/pt\/wp-json\/wp\/v2\/types\/product"}],"replies":[{"embeddable":true,"href":"https:\/\/crossrim.com\/pt\/wp-json\/wp\/v2\/comments?post=1513"}],"wp:featuredmedia":[{"embeddable":true,"href":"https:\/\/crossrim.com\/pt\/wp-json\/wp\/v2\/media\/1871"}],"wp:attachment":[{"href":"https:\/\/crossrim.com\/pt\/wp-json\/wp\/v2\/media?parent=1513"}],"wp:term":[{"taxonomy":"product_brand","embeddable":true,"href":"https:\/\/crossrim.com\/pt\/wp-json\/wp\/v2\/product_brand?post=1513"},{"taxonomy":"product_cat","embeddable":true,"href":"https:\/\/crossrim.com\/pt\/wp-json\/wp\/v2\/product_cat?post=1513"},{"taxonomy":"product_tag","embeddable":true,"href":"https:\/\/crossrim.com\/pt\/wp-json\/wp\/v2\/product_tag?post=1513"}],"curies":[{"name":"wp","href":"https:\/\/api.w.org\/{rel}","templated":true}]}}